{"id":9,"date":"2022-10-20T21:46:12","date_gmt":"2022-10-20T19:46:12","guid":{"rendered":"https:\/\/husweg.eu\/cz\/?page_id=9"},"modified":"2022-12-15T00:03:27","modified_gmt":"2022-12-14T23:03:27","slug":"zazitky-s-dalkovou-turistikou","status":"publish","type":"page","link":"https:\/\/husweg.eu\/cz\/zazitky-s-dalkovou-turistikou\/","title":{"rendered":"Z\u00e1\u017eitky s d\u00e1lkovou turistikou"},"content":{"rendered":"\r\n\r\n\r\n<div id=\"metaslider-id-84\" style=\"width: 100%;\" class=\"ml-slider-3-108-0 metaslider metaslider-flex metaslider-84 ml-slider has-dots-nav ms-theme-default\" role=\"region\" aria-label=\"Fernwanderung\" data-height=\"370\" data-width=\"820\">\n    <div id=\"metaslider_container_84\">\n        <div id=\"metaslider_84\">\n            <ul class='slides'>\n                <li style=\"display: block; width: 100%;\" class=\"slide-87 ms-image \" aria-roledescription=\"slide\" data-date=\"2022-11-11 21:21:18\" data-filename=\"fernwanderung-01-1.jpg\" data-slide-type=\"image\"><img loading=\"lazy\" decoding=\"async\" src=\"https:\/\/husweg.eu\/cz\/wp-content\/uploads\/2022\/11\/fernwanderung-01-1.jpg\" height=\"370\" width=\"820\" alt=\"\" class=\"slider-84 slide-87 msDefaultImage\" title=\"D\u00e1lkov\u00e1 turistika\" \/><\/li>\n                <li style=\"display: none; width: 100%;\" class=\"slide-88 ms-image \" aria-roledescription=\"slide\" data-date=\"2022-11-11 21:21:18\" data-filename=\"fernwanderung-02.jpg\" data-slide-type=\"image\"><img loading=\"lazy\" decoding=\"async\" src=\"https:\/\/husweg.eu\/cz\/wp-content\/uploads\/2022\/11\/fernwanderung-02.jpg\" height=\"370\" width=\"820\" alt=\"\" class=\"slider-84 slide-88 msDefaultImage\" title=\"D\u00e1lkov\u00e1 turistika\" \/><\/li>\n                <li style=\"display: none; width: 100%;\" class=\"slide-197 ms-image \" aria-roledescription=\"slide\" data-date=\"2022-11-12 22:33:29\" data-filename=\"fernwanderung-12.jpg\" data-slide-type=\"image\"><img loading=\"lazy\" decoding=\"async\" src=\"https:\/\/husweg.eu\/cz\/wp-content\/uploads\/2022\/11\/fernwanderung-12.jpg\" height=\"370\" width=\"820\" alt=\"\" class=\"slider-84 slide-197 msDefaultImage\" title=\"d\u00e1lkov\u00e1 turistika-12\" \/><\/li>\n                <li style=\"display: none; width: 100%;\" class=\"slide-198 ms-image \" aria-roledescription=\"slide\" data-date=\"2022-11-12 22:33:30\" data-filename=\"fernwanderung-11.jpg\" data-slide-type=\"image\"><img loading=\"lazy\" decoding=\"async\" src=\"https:\/\/husweg.eu\/cz\/wp-content\/uploads\/2022\/11\/fernwanderung-11.jpg\" height=\"370\" width=\"820\" alt=\"\" class=\"slider-84 slide-198 msDefaultImage\" title=\"d\u00e1lkov\u00e1 turistika-11\" \/><\/li>\n                <li style=\"display: none; width: 100%;\" class=\"slide-199 ms-image \" aria-roledescription=\"slide\" data-date=\"2022-11-12 22:33:30\" data-filename=\"fernwanderung-10.jpg\" data-slide-type=\"image\"><img loading=\"lazy\" decoding=\"async\" src=\"https:\/\/husweg.eu\/cz\/wp-content\/uploads\/2022\/11\/fernwanderung-10.jpg\" height=\"370\" width=\"820\" alt=\"\" class=\"slider-84 slide-199 msDefaultImage\" title=\"d\u00e1lkov\u00e1 turistika-10\" \/><\/li>\n                <li style=\"display: none; width: 100%;\" class=\"slide-200 ms-image \" aria-roledescription=\"slide\" data-date=\"2022-11-12 22:33:30\" data-filename=\"fernwanderung-09.jpg\" data-slide-type=\"image\"><img loading=\"lazy\" decoding=\"async\" src=\"https:\/\/husweg.eu\/cz\/wp-content\/uploads\/2022\/11\/fernwanderung-09.jpg\" height=\"370\" width=\"820\" alt=\"\" class=\"slider-84 slide-200 msDefaultImage\" title=\"d\u00e1lkov\u00e1 turistika-09\" \/><\/li>\n                <li style=\"display: none; width: 100%;\" class=\"slide-201 ms-image \" aria-roledescription=\"slide\" data-date=\"2022-11-12 22:33:30\" data-filename=\"fernwanderung-08.jpg\" data-slide-type=\"image\"><img loading=\"lazy\" decoding=\"async\" src=\"https:\/\/husweg.eu\/cz\/wp-content\/uploads\/2022\/11\/fernwanderung-08.jpg\" height=\"370\" width=\"820\" alt=\"\" class=\"slider-84 slide-201 msDefaultImage\" title=\"d\u00e1lkov\u00e1 turistika-08\" \/><\/li>\n                <li style=\"display: none; width: 100%;\" class=\"slide-202 ms-image \" aria-roledescription=\"slide\" data-date=\"2022-11-12 22:33:30\" data-filename=\"fernwanderung-07.jpg\" data-slide-type=\"image\"><img loading=\"lazy\" decoding=\"async\" src=\"https:\/\/husweg.eu\/cz\/wp-content\/uploads\/2022\/11\/fernwanderung-07.jpg\" height=\"370\" width=\"820\" alt=\"\" class=\"slider-84 slide-202 msDefaultImage\" title=\"d\u00e1lkov\u00e1 turistika-07\" \/><\/li>\n                <li style=\"display: none; width: 100%;\" class=\"slide-203 ms-image \" aria-roledescription=\"slide\" data-date=\"2022-11-12 22:33:30\" data-filename=\"fernwanderung-06.jpg\" data-slide-type=\"image\"><img loading=\"lazy\" decoding=\"async\" src=\"https:\/\/husweg.eu\/cz\/wp-content\/uploads\/2022\/11\/fernwanderung-06.jpg\" height=\"370\" width=\"820\" alt=\"\" class=\"slider-84 slide-203 msDefaultImage\" title=\"d\u00e1lkov\u00e1 turistika-06\" \/><\/li>\n                <li style=\"display: none; width: 100%;\" class=\"slide-204 ms-image \" aria-roledescription=\"slide\" data-date=\"2022-11-12 22:33:30\" data-filename=\"fernwanderung-05.jpg\" data-slide-type=\"image\"><img loading=\"lazy\" decoding=\"async\" src=\"https:\/\/husweg.eu\/cz\/wp-content\/uploads\/2022\/11\/fernwanderung-05.jpg\" height=\"370\" width=\"820\" alt=\"\" class=\"slider-84 slide-204 msDefaultImage\" title=\"d\u00e1lkov\u00e1 turistika-05\" \/><\/li>\n                <li style=\"display: none; width: 100%;\" class=\"slide-205 ms-image \" aria-roledescription=\"slide\" data-date=\"2022-11-12 22:33:30\" data-filename=\"fernwanderung-04.jpg\" data-slide-type=\"image\"><img loading=\"lazy\" decoding=\"async\" src=\"https:\/\/husweg.eu\/cz\/wp-content\/uploads\/2022\/11\/fernwanderung-04.jpg\" height=\"370\" width=\"820\" alt=\"\" class=\"slider-84 slide-205 msDefaultImage\" title=\"d\u00e1lkov\u00e1 turistika-04\" \/><\/li>\n                <li style=\"display: none; width: 100%;\" class=\"slide-206 ms-image \" aria-roledescription=\"slide\" data-date=\"2022-11-12 22:33:30\" data-filename=\"fernwanderung-03.jpg\" data-slide-type=\"image\"><img loading=\"lazy\" decoding=\"async\" src=\"https:\/\/husweg.eu\/cz\/wp-content\/uploads\/2022\/11\/fernwanderung-03.jpg\" height=\"370\" width=\"820\" alt=\"\" class=\"slider-84 slide-206 msDefaultImage\" title=\"d\u00e1lkov\u00e1 turistika-03\" \/><\/li>\n            <\/ul>\n        <\/div>\n        \n    <\/div>\n<\/div>\r\n<p>Ka\u017ed\u00fd p\u011b\u0161\u00ed turista m\u00e1 sv\u016fj vlastn\u00ed individu\u00e1ln\u00ed \u017eivotopis a motivaci. Motivace k d\u00e1lkov\u00e9 turistice je stejn\u011b rozd\u00edln\u00e1 jako lid\u00e9 samotn\u00ed. V\u011bt\u0161ina z nich chce jednodu\u0161e vypnout od ka\u017edodenn\u00edho \u017eivota a naj\u00edt klid ve zvl\u00e1\u0161tn\u00ed atmosf\u00e9\u0159e b\u011bhem cesty. Jin\u00ed hledaj\u00ed sami sebe, du\u0161evn\u00ed v\u00fdzvu, duchovn\u00ed z\u00e1\u017eitek nebo vlastn\u00ed zp\u016fsob, jak se vyrovnat s ranami osudu. Zat\u00edmco mnoh\u00e9 turistick\u00e9 stezky ve st\u0159edn\u00ed Evrop\u011b jsou dnes p\u0159epln\u011bn\u00e9, Husova cesta nab\u00edz\u00ed ide\u00e1ln\u00ed p\u0159\u00edle\u017eitost, jak si b\u011bhem cesty odpo\u010dinout, na\u010derpat radost a skv\u011bl\u00e9 dojmy.<\/p>\r\n<p>D\u00e1lkov\u00e1 turistika m\u016f\u017ee b\u00fdt pln\u00e1 v\u00fdzev a pom\u011brn\u011b n\u00e1ro\u010dn\u00e1 jak po fyzick\u00e9, tak po psychick\u00e9 str\u00e1nce, proto je d\u016fle\u017eit\u00e9 nezapom\u00ednat na z\u00e1kladn\u00ed v\u011bci. Myslet by se m\u011blo proto na n\u00e1sleduj\u00edc\u00ed polo\u017eky:<\/p>\r\n\r\n\r\n\r\n<ul class=\"wp-block-list\">\r\n<li>pevn\u00e1, stabiln\u00ed, nepromokav\u00e1, prody\u0161n\u00e1 a pohodln\u00e1 obuv<\/li>\r\n\r\n\r\n\r\n<li>n\u00e1hradn\u00ed pono\u017eky a n\u00e1plasti na puch\u00fd\u0159e<\/li>\r\n\r\n\r\n\r\n<li>batoh s vyztu\u017een\u00fdmi z\u00e1dy a praktick\u00fdmi kapsami<\/li>\r\n\r\n\r\n\r\n<li>pohodln\u00e9 oble\u010den\u00ed (v\u010detn\u011b tri\u010dek, spodn\u00edho pr\u00e1dla, kalhot, kra\u0165as\u016f, svetru, v\u011btrovky, pl\u00e1\u0161t\u011bnky, pokr\u00fdvky hlavy), rychleschnouc\u00ed ru\u010dn\u00edk<\/li>\r\n\r\n\r\n\r\n<li>z\u00e1palky \/ zapalova\u010d, kapesn\u00ed n\u016f\u017e<\/li>\r\n\r\n\r\n\r\n<li>pen\u00edze \/ platebn\u00ed karta, doklady<\/li>\r\n\r\n\r\n\r\n<li>mobiln\u00ed telefon s funkc\u00ed navigace, nab\u00edje\u010dka, powerbanka, kabel<\/li>\r\n\r\n\r\n\r\n<li>potraviny a z\u00e1soby rychl\u00e9 energie, n\u00e1poje, l\u00e1hev na vodu<\/li>\r\n\r\n\r\n\r\n<li>l\u00e9k\u00e1rni\u010dka, l\u00e9ky (v\u010detn\u011b l\u00e9k\u016f proti bolesti, hore\u010dce, st\u0159evn\u00edm pot\u00ed\u017e\u00edm)<\/li>\r\n\r\n\r\n\r\n<li>repelent proti hmyzu, opalovac\u00ed kr\u00e9m, prost\u0159edky osobn\u00ed hygieny (v\u010detn\u011b zubn\u00edho kart\u00e1\u010dku a pasty, m\u00fddla, kapesn\u00edk\u016f, toaletn\u00edho pap\u00edru, dezinfek\u010dn\u00edho gelu, vlh\u010den\u00fdch ubrousk\u016f)<\/li>\r\n\r\n\r\n\r\n<li>cestovn\u00ed den\u00edk, n\u011bco na psan\u00ed, pas na raz\u00edtka<\/li>\r\n\r\n\r\n\r\n<li>v p\u0159\u00edpad\u011b pot\u0159eby stan, spac\u00ed pytel a plynov\u00fd va\u0159i\u010d<\/li>\r\n<\/ul>\r\n","protected":false},"excerpt":{"rendered":"<p>Ka\u017ed\u00fd p\u011b\u0161\u00ed turista m\u00e1 sv\u016fj vlastn\u00ed individu\u00e1ln\u00ed \u017eivotopis a motivaci. Motivace k d\u00e1lkov\u00e9 turistice je stejn\u011b rozd\u00edln\u00e1 jako lid\u00e9 samotn\u00ed. V\u011bt\u0161ina z nich chce jednodu\u0161e vypnout od ka\u017edodenn\u00edho \u017eivota a naj\u00edt klid ve zvl\u00e1\u0161tn\u00ed atmosf\u00e9\u0159e b\u011bhem cesty. Jin\u00ed hledaj\u00ed sami sebe, du\u0161evn\u00ed v\u00fdzvu, duchovn\u00ed z\u00e1\u017eitek nebo vlastn\u00ed zp\u016fsob, jak se&#8230;<\/p>\n<p> <a class=\"continue-reading-link\" href=\"https:\/\/husweg.eu\/cz\/zazitky-s-dalkovou-turistikou\/\"><span>Continue reading<\/span><i class=\"crycon-right-dir\"><\/i><\/a> <\/p>\n","protected":false},"author":1,"featured_media":0,"parent":0,"menu_order":0,"comment_status":"closed","ping_status":"closed","template":"","meta":{"ngg_post_thumbnail":0,"footnotes":""},"class_list":["post-9","page","type-page","status-publish","hentry"],"yoast_head":"<!-- This site is optimized with the Yoast SEO plugin v27.4 - https:\/\/yoast.com\/product\/yoast-seo-wordpress\/ -->\n<title>Z\u00e1\u017eitky s d\u00e1lkovou turistikou - Husova cesta<\/title>\n<meta name=\"robots\" content=\"index, follow, max-snippet:-1, max-image-preview:large, max-video-preview:-1\" \/>\n<link rel=\"canonical\" href=\"https:\/\/husweg.eu\/cz\/zazitky-s-dalkovou-turistikou\/\" \/>\n<meta property=\"og:locale\" content=\"de_DE\" \/>\n<meta property=\"og:type\" content=\"article\" \/>\n<meta property=\"og:title\" content=\"Z\u00e1\u017eitky s d\u00e1lkovou turistikou - Husova cesta\" \/>\n<meta property=\"og:description\" content=\"Ka\u017ed\u00fd p\u011b\u0161\u00ed turista m\u00e1 sv\u016fj vlastn\u00ed individu\u00e1ln\u00ed \u017eivotopis a motivaci. Motivace k d\u00e1lkov\u00e9 turistice je stejn\u011b rozd\u00edln\u00e1 jako lid\u00e9 samotn\u00ed. V\u011bt\u0161ina z nich chce jednodu\u0161e vypnout od ka\u017edodenn\u00edho \u017eivota a naj\u00edt klid ve zvl\u00e1\u0161tn\u00ed atmosf\u00e9\u0159e b\u011bhem cesty. Jin\u00ed hledaj\u00ed sami sebe, du\u0161evn\u00ed v\u00fdzvu, duchovn\u00ed z\u00e1\u017eitek nebo vlastn\u00ed zp\u016fsob, jak se... Continue reading\" \/>\n<meta property=\"og:url\" content=\"https:\/\/husweg.eu\/cz\/zazitky-s-dalkovou-turistikou\/\" \/>\n<meta property=\"og:site_name\" content=\"Husova cesta\" \/>\n<meta property=\"article:modified_time\" content=\"2022-12-14T23:03:27+00:00\" \/>\n<meta name=\"twitter:card\" content=\"summary_large_image\" \/>\n<meta name=\"twitter:label1\" content=\"Gesch\u00e4tzte Lesezeit\" \/>\n\t<meta name=\"twitter:data1\" content=\"2\u00a0Minuten\" \/>\n<script type=\"application\/ld+json\" class=\"yoast-schema-graph\">{\"@context\":\"https:\\\/\\\/schema.org\",\"@graph\":[{\"@type\":\"WebPage\",\"@id\":\"https:\\\/\\\/husweg.eu\\\/cz\\\/zazitky-s-dalkovou-turistikou\\\/\",\"url\":\"https:\\\/\\\/husweg.eu\\\/cz\\\/zazitky-s-dalkovou-turistikou\\\/\",\"name\":\"Z\u00e1\u017eitky s d\u00e1lkovou turistikou - Husova cesta\",\"isPartOf\":{\"@id\":\"https:\\\/\\\/husweg.eu\\\/cz\\\/#website\"},\"datePublished\":\"2022-10-20T19:46:12+00:00\",\"dateModified\":\"2022-12-14T23:03:27+00:00\",\"breadcrumb\":{\"@id\":\"https:\\\/\\\/husweg.eu\\\/cz\\\/zazitky-s-dalkovou-turistikou\\\/#breadcrumb\"},\"inLanguage\":\"de\",\"potentialAction\":[{\"@type\":\"ReadAction\",\"target\":[\"https:\\\/\\\/husweg.eu\\\/cz\\\/zazitky-s-dalkovou-turistikou\\\/\"]}]},{\"@type\":\"BreadcrumbList\",\"@id\":\"https:\\\/\\\/husweg.eu\\\/cz\\\/zazitky-s-dalkovou-turistikou\\\/#breadcrumb\",\"itemListElement\":[{\"@type\":\"ListItem\",\"position\":1,\"name\":\"Startseite\",\"item\":\"https:\\\/\\\/husweg.eu\\\/cz\\\/\"},{\"@type\":\"ListItem\",\"position\":2,\"name\":\"Z\u00e1\u017eitky s d\u00e1lkovou turistikou\"}]},{\"@type\":\"WebSite\",\"@id\":\"https:\\\/\\\/husweg.eu\\\/cz\\\/#website\",\"url\":\"https:\\\/\\\/husweg.eu\\\/cz\\\/\",\"name\":\"Husova cesta\",\"description\":\"Husova cesta symbolicky sleduje Husovo putov\u00e1n\u00ed z Prahy na bavorsko-\u010deskou hranici.\",\"potentialAction\":[{\"@type\":\"SearchAction\",\"target\":{\"@type\":\"EntryPoint\",\"urlTemplate\":\"https:\\\/\\\/husweg.eu\\\/cz\\\/?s={search_term_string}\"},\"query-input\":{\"@type\":\"PropertyValueSpecification\",\"valueRequired\":true,\"valueName\":\"search_term_string\"}}],\"inLanguage\":\"de\"}]}<\/script>\n<!-- \/ Yoast SEO plugin. -->","yoast_head_json":{"title":"Z\u00e1\u017eitky s d\u00e1lkovou turistikou - Husova cesta","robots":{"index":"index","follow":"follow","max-snippet":"max-snippet:-1","max-image-preview":"max-image-preview:large","max-video-preview":"max-video-preview:-1"},"canonical":"https:\/\/husweg.eu\/cz\/zazitky-s-dalkovou-turistikou\/","og_locale":"de_DE","og_type":"article","og_title":"Z\u00e1\u017eitky s d\u00e1lkovou turistikou - Husova cesta","og_description":"Ka\u017ed\u00fd p\u011b\u0161\u00ed turista m\u00e1 sv\u016fj vlastn\u00ed individu\u00e1ln\u00ed \u017eivotopis a motivaci. Motivace k d\u00e1lkov\u00e9 turistice je stejn\u011b rozd\u00edln\u00e1 jako lid\u00e9 samotn\u00ed. V\u011bt\u0161ina z nich chce jednodu\u0161e vypnout od ka\u017edodenn\u00edho \u017eivota a naj\u00edt klid ve zvl\u00e1\u0161tn\u00ed atmosf\u00e9\u0159e b\u011bhem cesty. Jin\u00ed hledaj\u00ed sami sebe, du\u0161evn\u00ed v\u00fdzvu, duchovn\u00ed z\u00e1\u017eitek nebo vlastn\u00ed zp\u016fsob, jak se... Continue reading","og_url":"https:\/\/husweg.eu\/cz\/zazitky-s-dalkovou-turistikou\/","og_site_name":"Husova cesta","article_modified_time":"2022-12-14T23:03:27+00:00","twitter_card":"summary_large_image","twitter_misc":{"Gesch\u00e4tzte Lesezeit":"2\u00a0Minuten"},"schema":{"@context":"https:\/\/schema.org","@graph":[{"@type":"WebPage","@id":"https:\/\/husweg.eu\/cz\/zazitky-s-dalkovou-turistikou\/","url":"https:\/\/husweg.eu\/cz\/zazitky-s-dalkovou-turistikou\/","name":"Z\u00e1\u017eitky s d\u00e1lkovou turistikou - Husova cesta","isPartOf":{"@id":"https:\/\/husweg.eu\/cz\/#website"},"datePublished":"2022-10-20T19:46:12+00:00","dateModified":"2022-12-14T23:03:27+00:00","breadcrumb":{"@id":"https:\/\/husweg.eu\/cz\/zazitky-s-dalkovou-turistikou\/#breadcrumb"},"inLanguage":"de","potentialAction":[{"@type":"ReadAction","target":["https:\/\/husweg.eu\/cz\/zazitky-s-dalkovou-turistikou\/"]}]},{"@type":"BreadcrumbList","@id":"https:\/\/husweg.eu\/cz\/zazitky-s-dalkovou-turistikou\/#breadcrumb","itemListElement":[{"@type":"ListItem","position":1,"name":"Startseite","item":"https:\/\/husweg.eu\/cz\/"},{"@type":"ListItem","position":2,"name":"Z\u00e1\u017eitky s d\u00e1lkovou turistikou"}]},{"@type":"WebSite","@id":"https:\/\/husweg.eu\/cz\/#website","url":"https:\/\/husweg.eu\/cz\/","name":"Husova cesta","description":"Husova cesta symbolicky sleduje Husovo putov\u00e1n\u00ed z Prahy na bavorsko-\u010deskou hranici.","potentialAction":[{"@type":"SearchAction","target":{"@type":"EntryPoint","urlTemplate":"https:\/\/husweg.eu\/cz\/?s={search_term_string}"},"query-input":{"@type":"PropertyValueSpecification","valueRequired":true,"valueName":"search_term_string"}}],"inLanguage":"de"}]}},"_links":{"self":[{"href":"https:\/\/husweg.eu\/cz\/wp-json\/wp\/v2\/pages\/9","targetHints":{"allow":["GET"]}}],"collection":[{"href":"https:\/\/husweg.eu\/cz\/wp-json\/wp\/v2\/pages"}],"about":[{"href":"https:\/\/husweg.eu\/cz\/wp-json\/wp\/v2\/types\/page"}],"author":[{"embeddable":true,"href":"https:\/\/husweg.eu\/cz\/wp-json\/wp\/v2\/users\/1"}],"replies":[{"embeddable":true,"href":"https:\/\/husweg.eu\/cz\/wp-json\/wp\/v2\/comments?post=9"}],"version-history":[{"count":11,"href":"https:\/\/husweg.eu\/cz\/wp-json\/wp\/v2\/pages\/9\/revisions"}],"predecessor-version":[{"id":547,"href":"https:\/\/husweg.eu\/cz\/wp-json\/wp\/v2\/pages\/9\/revisions\/547"}],"wp:attachment":[{"href":"https:\/\/husweg.eu\/cz\/wp-json\/wp\/v2\/media?parent=9"}],"curies":[{"name":"wp","href":"https:\/\/api.w.org\/{rel}","templated":true}]}}