{"id":816,"date":"2023-03-06T21:36:56","date_gmt":"2023-03-06T20:36:56","guid":{"rendered":"https:\/\/husweg.eu\/cz\/?page_id=816"},"modified":"2023-03-06T21:36:56","modified_gmt":"2023-03-06T20:36:56","slug":"jan-hus-zlata-cesta","status":"publish","type":"page","link":"https:\/\/husweg.eu\/cz\/jan-hus-zlata-cesta\/","title":{"rendered":"Jan Hus &#8211; Zlat\u00e1 cesta"},"content":{"rendered":"","protected":false},"excerpt":{"rendered":"<p> <a class=\"continue-reading-link\" href=\"https:\/\/husweg.eu\/cz\/jan-hus-zlata-cesta\/\"><span>Continue reading<\/span><i class=\"crycon-right-dir\"><\/i><\/a> <\/p>\n","protected":false},"author":1,"featured_media":0,"parent":0,"menu_order":0,"comment_status":"closed","ping_status":"closed","template":"","meta":{"ngg_post_thumbnail":0,"footnotes":""},"class_list":["post-816","page","type-page","status-publish","hentry"],"yoast_head":"<!-- This site is optimized with the Yoast SEO plugin v27.4 - https:\/\/yoast.com\/product\/yoast-seo-wordpress\/ -->\n<title>Jan Hus - Zlat\u00e1 cesta - Husova cesta<\/title>\n<meta name=\"robots\" content=\"index, follow, max-snippet:-1, max-image-preview:large, max-video-preview:-1\" \/>\n<link rel=\"canonical\" href=\"https:\/\/husweg.eu\/cz\/jan-hus-zlata-cesta\/\" \/>\n<meta property=\"og:locale\" content=\"de_DE\" \/>\n<meta property=\"og:type\" content=\"article\" \/>\n<meta property=\"og:title\" content=\"Jan Hus - Zlat\u00e1 cesta - Husova cesta\" \/>\n<meta property=\"og:description\" content=\"Continue reading\" \/>\n<meta property=\"og:url\" content=\"https:\/\/husweg.eu\/cz\/jan-hus-zlata-cesta\/\" \/>\n<meta property=\"og:site_name\" content=\"Husova cesta\" \/>\n<meta name=\"twitter:card\" content=\"summary_large_image\" \/>\n<script type=\"application\/ld+json\" class=\"yoast-schema-graph\">{\"@context\":\"https:\\\/\\\/schema.org\",\"@graph\":[{\"@type\":\"WebPage\",\"@id\":\"https:\\\/\\\/husweg.eu\\\/cz\\\/jan-hus-zlata-cesta\\\/\",\"url\":\"https:\\\/\\\/husweg.eu\\\/cz\\\/jan-hus-zlata-cesta\\\/\",\"name\":\"Jan Hus - Zlat\u00e1 cesta - Husova cesta\",\"isPartOf\":{\"@id\":\"https:\\\/\\\/husweg.eu\\\/cz\\\/#website\"},\"datePublished\":\"2023-03-06T20:36:56+00:00\",\"breadcrumb\":{\"@id\":\"https:\\\/\\\/husweg.eu\\\/cz\\\/jan-hus-zlata-cesta\\\/#breadcrumb\"},\"inLanguage\":\"de\",\"potentialAction\":[{\"@type\":\"ReadAction\",\"target\":[\"https:\\\/\\\/husweg.eu\\\/cz\\\/jan-hus-zlata-cesta\\\/\"]}]},{\"@type\":\"BreadcrumbList\",\"@id\":\"https:\\\/\\\/husweg.eu\\\/cz\\\/jan-hus-zlata-cesta\\\/#breadcrumb\",\"itemListElement\":[{\"@type\":\"ListItem\",\"position\":1,\"name\":\"Startseite\",\"item\":\"https:\\\/\\\/husweg.eu\\\/cz\\\/\"},{\"@type\":\"ListItem\",\"position\":2,\"name\":\"Jan Hus &#8211; Zlat\u00e1 cesta\"}]},{\"@type\":\"WebSite\",\"@id\":\"https:\\\/\\\/husweg.eu\\\/cz\\\/#website\",\"url\":\"https:\\\/\\\/husweg.eu\\\/cz\\\/\",\"name\":\"Husova cesta\",\"description\":\"Husova cesta symbolicky sleduje Husovo putov\u00e1n\u00ed z Prahy na bavorsko-\u010deskou hranici.\",\"potentialAction\":[{\"@type\":\"SearchAction\",\"target\":{\"@type\":\"EntryPoint\",\"urlTemplate\":\"https:\\\/\\\/husweg.eu\\\/cz\\\/?s={search_term_string}\"},\"query-input\":{\"@type\":\"PropertyValueSpecification\",\"valueRequired\":true,\"valueName\":\"search_term_string\"}}],\"inLanguage\":\"de\"}]}<\/script>\n<!-- \/ Yoast SEO plugin. -->","yoast_head_json":{"title":"Jan Hus - Zlat\u00e1 cesta - Husova cesta","robots":{"index":"index","follow":"follow","max-snippet":"max-snippet:-1","max-image-preview":"max-image-preview:large","max-video-preview":"max-video-preview:-1"},"canonical":"https:\/\/husweg.eu\/cz\/jan-hus-zlata-cesta\/","og_locale":"de_DE","og_type":"article","og_title":"Jan Hus - Zlat\u00e1 cesta - Husova cesta","og_description":"Continue reading","og_url":"https:\/\/husweg.eu\/cz\/jan-hus-zlata-cesta\/","og_site_name":"Husova cesta","twitter_card":"summary_large_image","schema":{"@context":"https:\/\/schema.org","@graph":[{"@type":"WebPage","@id":"https:\/\/husweg.eu\/cz\/jan-hus-zlata-cesta\/","url":"https:\/\/husweg.eu\/cz\/jan-hus-zlata-cesta\/","name":"Jan Hus - Zlat\u00e1 cesta - Husova cesta","isPartOf":{"@id":"https:\/\/husweg.eu\/cz\/#website"},"datePublished":"2023-03-06T20:36:56+00:00","breadcrumb":{"@id":"https:\/\/husweg.eu\/cz\/jan-hus-zlata-cesta\/#breadcrumb"},"inLanguage":"de","potentialAction":[{"@type":"ReadAction","target":["https:\/\/husweg.eu\/cz\/jan-hus-zlata-cesta\/"]}]},{"@type":"BreadcrumbList","@id":"https:\/\/husweg.eu\/cz\/jan-hus-zlata-cesta\/#breadcrumb","itemListElement":[{"@type":"ListItem","position":1,"name":"Startseite","item":"https:\/\/husweg.eu\/cz\/"},{"@type":"ListItem","position":2,"name":"Jan Hus &#8211; Zlat\u00e1 cesta"}]},{"@type":"WebSite","@id":"https:\/\/husweg.eu\/cz\/#website","url":"https:\/\/husweg.eu\/cz\/","name":"Husova cesta","description":"Husova cesta symbolicky sleduje Husovo putov\u00e1n\u00ed z Prahy na bavorsko-\u010deskou hranici.","potentialAction":[{"@type":"SearchAction","target":{"@type":"EntryPoint","urlTemplate":"https:\/\/husweg.eu\/cz\/?s={search_term_string}"},"query-input":{"@type":"PropertyValueSpecification","valueRequired":true,"valueName":"search_term_string"}}],"inLanguage":"de"}]}},"_links":{"self":[{"href":"https:\/\/husweg.eu\/cz\/wp-json\/wp\/v2\/pages\/816","targetHints":{"allow":["GET"]}}],"collection":[{"href":"https:\/\/husweg.eu\/cz\/wp-json\/wp\/v2\/pages"}],"about":[{"href":"https:\/\/husweg.eu\/cz\/wp-json\/wp\/v2\/types\/page"}],"author":[{"embeddable":true,"href":"https:\/\/husweg.eu\/cz\/wp-json\/wp\/v2\/users\/1"}],"replies":[{"embeddable":true,"href":"https:\/\/husweg.eu\/cz\/wp-json\/wp\/v2\/comments?post=816"}],"version-history":[{"count":1,"href":"https:\/\/husweg.eu\/cz\/wp-json\/wp\/v2\/pages\/816\/revisions"}],"predecessor-version":[{"id":817,"href":"https:\/\/husweg.eu\/cz\/wp-json\/wp\/v2\/pages\/816\/revisions\/817"}],"wp:attachment":[{"href":"https:\/\/husweg.eu\/cz\/wp-json\/wp\/v2\/media?parent=816"}],"curies":[{"name":"wp","href":"https:\/\/api.w.org\/{rel}","templated":true}]}}