{"id":65,"date":"2022-11-03T22:45:36","date_gmt":"2022-11-03T21:45:36","guid":{"rendered":"https:\/\/husweg.eu\/cz\/?page_id=65"},"modified":"2022-11-30T21:20:44","modified_gmt":"2022-11-30T20:20:44","slug":"kontakt","status":"publish","type":"page","link":"https:\/\/husweg.eu\/cz\/kontakt\/","title":{"rendered":"Kontakt"},"content":{"rendered":"\r\n<p>Verein Via Carolina \u2013 Goldene Stra\u00dfe e. V.<br \/>Naaber Stra\u00dfe 5 b<br \/>95671 B\u00e4rnau<br \/>E-Mail: info@geschichtspark.de<br \/>Tel.: +49 (0) 96 35 \/ 92 49 975<\/p>\r\n","protected":false},"excerpt":{"rendered":"<p>Verein Via Carolina \u2013 Goldene Stra\u00dfe e. V.Naaber Stra\u00dfe 5 b95671 B\u00e4rnauE-Mail: info@geschichtspark.deTel.: +49 (0) 96 35 \/ 92 49 975<\/p>\n<p> <a class=\"continue-reading-link\" href=\"https:\/\/husweg.eu\/cz\/kontakt\/\"><span>Continue reading<\/span><i class=\"crycon-right-dir\"><\/i><\/a> <\/p>\n","protected":false},"author":1,"featured_media":0,"parent":0,"menu_order":0,"comment_status":"closed","ping_status":"closed","template":"","meta":{"ngg_post_thumbnail":0,"footnotes":""},"class_list":["post-65","page","type-page","status-publish","hentry"],"yoast_head":"<!-- This site is optimized with the Yoast SEO plugin v27.4 - https:\/\/yoast.com\/product\/yoast-seo-wordpress\/ -->\n<title>Kontakt - Husova cesta<\/title>\n<meta name=\"robots\" content=\"index, follow, max-snippet:-1, max-image-preview:large, max-video-preview:-1\" \/>\n<link rel=\"canonical\" href=\"https:\/\/husweg.eu\/cz\/kontakt\/\" \/>\n<meta property=\"og:locale\" content=\"de_DE\" \/>\n<meta property=\"og:type\" content=\"article\" \/>\n<meta property=\"og:title\" content=\"Kontakt - Husova cesta\" \/>\n<meta property=\"og:description\" content=\"Verein Via Carolina \u2013 Goldene Stra\u00dfe e. V.Naaber Stra\u00dfe 5 b95671 B\u00e4rnauE-Mail: info@geschichtspark.deTel.: +49 (0) 96 35 \/ 92 49 975 Continue reading\" \/>\n<meta property=\"og:url\" content=\"https:\/\/husweg.eu\/cz\/kontakt\/\" \/>\n<meta property=\"og:site_name\" content=\"Husova cesta\" \/>\n<meta property=\"article:modified_time\" content=\"2022-11-30T20:20:44+00:00\" \/>\n<meta name=\"twitter:card\" content=\"summary_large_image\" \/>\n<meta name=\"twitter:label1\" content=\"Gesch\u00e4tzte Lesezeit\" \/>\n\t<meta name=\"twitter:data1\" content=\"1\u00a0Minute\" \/>\n<script type=\"application\/ld+json\" class=\"yoast-schema-graph\">{\"@context\":\"https:\\\/\\\/schema.org\",\"@graph\":[{\"@type\":\"WebPage\",\"@id\":\"https:\\\/\\\/husweg.eu\\\/cz\\\/kontakt\\\/\",\"url\":\"https:\\\/\\\/husweg.eu\\\/cz\\\/kontakt\\\/\",\"name\":\"Kontakt - Husova cesta\",\"isPartOf\":{\"@id\":\"https:\\\/\\\/husweg.eu\\\/cz\\\/#website\"},\"datePublished\":\"2022-11-03T21:45:36+00:00\",\"dateModified\":\"2022-11-30T20:20:44+00:00\",\"breadcrumb\":{\"@id\":\"https:\\\/\\\/husweg.eu\\\/cz\\\/kontakt\\\/#breadcrumb\"},\"inLanguage\":\"de\",\"potentialAction\":[{\"@type\":\"ReadAction\",\"target\":[\"https:\\\/\\\/husweg.eu\\\/cz\\\/kontakt\\\/\"]}]},{\"@type\":\"BreadcrumbList\",\"@id\":\"https:\\\/\\\/husweg.eu\\\/cz\\\/kontakt\\\/#breadcrumb\",\"itemListElement\":[{\"@type\":\"ListItem\",\"position\":1,\"name\":\"Startseite\",\"item\":\"https:\\\/\\\/husweg.eu\\\/cz\\\/\"},{\"@type\":\"ListItem\",\"position\":2,\"name\":\"Kontakt\"}]},{\"@type\":\"WebSite\",\"@id\":\"https:\\\/\\\/husweg.eu\\\/cz\\\/#website\",\"url\":\"https:\\\/\\\/husweg.eu\\\/cz\\\/\",\"name\":\"Husova cesta\",\"description\":\"Husova cesta symbolicky sleduje Husovo putov\u00e1n\u00ed z Prahy na bavorsko-\u010deskou hranici.\",\"potentialAction\":[{\"@type\":\"SearchAction\",\"target\":{\"@type\":\"EntryPoint\",\"urlTemplate\":\"https:\\\/\\\/husweg.eu\\\/cz\\\/?s={search_term_string}\"},\"query-input\":{\"@type\":\"PropertyValueSpecification\",\"valueRequired\":true,\"valueName\":\"search_term_string\"}}],\"inLanguage\":\"de\"}]}<\/script>\n<!-- \/ Yoast SEO plugin. -->","yoast_head_json":{"title":"Kontakt - Husova cesta","robots":{"index":"index","follow":"follow","max-snippet":"max-snippet:-1","max-image-preview":"max-image-preview:large","max-video-preview":"max-video-preview:-1"},"canonical":"https:\/\/husweg.eu\/cz\/kontakt\/","og_locale":"de_DE","og_type":"article","og_title":"Kontakt - Husova cesta","og_description":"Verein Via Carolina \u2013 Goldene Stra\u00dfe e. V.Naaber Stra\u00dfe 5 b95671 B\u00e4rnauE-Mail: info@geschichtspark.deTel.: +49 (0) 96 35 \/ 92 49 975 Continue reading","og_url":"https:\/\/husweg.eu\/cz\/kontakt\/","og_site_name":"Husova cesta","article_modified_time":"2022-11-30T20:20:44+00:00","twitter_card":"summary_large_image","twitter_misc":{"Gesch\u00e4tzte Lesezeit":"1\u00a0Minute"},"schema":{"@context":"https:\/\/schema.org","@graph":[{"@type":"WebPage","@id":"https:\/\/husweg.eu\/cz\/kontakt\/","url":"https:\/\/husweg.eu\/cz\/kontakt\/","name":"Kontakt - Husova cesta","isPartOf":{"@id":"https:\/\/husweg.eu\/cz\/#website"},"datePublished":"2022-11-03T21:45:36+00:00","dateModified":"2022-11-30T20:20:44+00:00","breadcrumb":{"@id":"https:\/\/husweg.eu\/cz\/kontakt\/#breadcrumb"},"inLanguage":"de","potentialAction":[{"@type":"ReadAction","target":["https:\/\/husweg.eu\/cz\/kontakt\/"]}]},{"@type":"BreadcrumbList","@id":"https:\/\/husweg.eu\/cz\/kontakt\/#breadcrumb","itemListElement":[{"@type":"ListItem","position":1,"name":"Startseite","item":"https:\/\/husweg.eu\/cz\/"},{"@type":"ListItem","position":2,"name":"Kontakt"}]},{"@type":"WebSite","@id":"https:\/\/husweg.eu\/cz\/#website","url":"https:\/\/husweg.eu\/cz\/","name":"Husova cesta","description":"Husova cesta symbolicky sleduje Husovo putov\u00e1n\u00ed z Prahy na bavorsko-\u010deskou hranici.","potentialAction":[{"@type":"SearchAction","target":{"@type":"EntryPoint","urlTemplate":"https:\/\/husweg.eu\/cz\/?s={search_term_string}"},"query-input":{"@type":"PropertyValueSpecification","valueRequired":true,"valueName":"search_term_string"}}],"inLanguage":"de"}]}},"_links":{"self":[{"href":"https:\/\/husweg.eu\/cz\/wp-json\/wp\/v2\/pages\/65","targetHints":{"allow":["GET"]}}],"collection":[{"href":"https:\/\/husweg.eu\/cz\/wp-json\/wp\/v2\/pages"}],"about":[{"href":"https:\/\/husweg.eu\/cz\/wp-json\/wp\/v2\/types\/page"}],"author":[{"embeddable":true,"href":"https:\/\/husweg.eu\/cz\/wp-json\/wp\/v2\/users\/1"}],"replies":[{"embeddable":true,"href":"https:\/\/husweg.eu\/cz\/wp-json\/wp\/v2\/comments?post=65"}],"version-history":[{"count":4,"href":"https:\/\/husweg.eu\/cz\/wp-json\/wp\/v2\/pages\/65\/revisions"}],"predecessor-version":[{"id":267,"href":"https:\/\/husweg.eu\/cz\/wp-json\/wp\/v2\/pages\/65\/revisions\/267"}],"wp:attachment":[{"href":"https:\/\/husweg.eu\/cz\/wp-json\/wp\/v2\/media?parent=65"}],"curies":[{"name":"wp","href":"https:\/\/api.w.org\/{rel}","templated":true}]}}