{"id":592,"date":"2022-12-13T22:41:36","date_gmt":"2022-12-13T21:41:36","guid":{"rendered":"https:\/\/husweg.eu\/cz\/?page_id=592"},"modified":"2023-02-24T00:41:14","modified_gmt":"2023-02-23T23:41:14","slug":"etapa-13","status":"publish","type":"page","link":"https:\/\/husweg.eu\/cz\/etapa-13\/","title":{"rendered":"Etapa 13"},"content":{"rendered":"<p><strong>Etapa 13: Tachov \u2013 B\u00e4rnau (DE)<\/strong><\/p>\n<p><strong><span style=\"color: #ff0000;\">ETAPA 13 <\/span><\/strong><span style=\"color: #ff0000;\">je z\u00e1v\u011bre\u010dn\u00fdm \u010desk\u00fdm \u00fasekem. P\u0159ekon\u00e1v\u00e1 hlubok\u00e9 hvozdy \u010cesk\u00e9ho lesa, ale i tak se jedn\u00e1 <\/span><span style=\"color: #ff0000;\">sp\u00ed\u0161e o m\u00edrn\u011b n\u00e1ro\u010dnou \u010d\u00e1st. T\u011bsn\u011b na \u010desko-n\u011bmeck\u00e9 hranici vystoup\u00e1me na nejvy\u0161\u0161\u00ed bod cel\u00e9 <\/span><span style=\"color: #ff0000;\">Husovy cesty, po\u010d\u00edt\u00e1no z&nbsp;Prahy a\u017e do samotn\u00e9 Kostnice, a to do v\u00fd\u0161ky 797 m n.m.<\/span><strong><span style=\"color: #ff0000;\"><br \/>\n<\/span><\/strong><br \/>\n<strong><span style=\"color: #ff0000;\">SLU\u017dBY: <\/span><\/strong><span style=\"color: #ff0000;\">Stravov\u00e1n\u00ed a ubytov\u00e1n\u00ed na trase je dostupn\u00e9 pouze v Tachov\u011b a v B\u00e4rnau. Autobusem zp\u011bt <\/span><span style=\"color: #ff0000;\">do \u010cech je mo\u017en\u00e9 dojet z&nbsp;osady Branka cca 4 km od hranic.<\/span><\/p>\n<p><strong>POPIS CESTY<\/strong><\/p>\n<p>Z <strong>tachovsk\u00e9ho n\u00e1m\u011bst\u00ed<\/strong> se vyd\u00e1v\u00e1me po modr\u00e9 zna\u010dce kolem <strong>Husmanova ml\u00fdna<\/strong> a <strong>Kn\u00ed\u017eec\u00ed alej\u00ed<\/strong> dojdeme do <strong>Sv\u011btc\u016f<\/strong>. Zde u rozcestn\u00edku m\u011bn\u00edme na zelenou, m\u00edj\u00edme v\u011bhlasnou budovu j\u00edzd\u00e1rny a p\u0159es les odch\u00e1z\u00edme do <strong>M\u00fdta<\/strong>. Touto osadou projdeme rovn\u011b po asfaltov\u00e9 cest\u011b, nedaleko za n\u00ed v\u0161ak zah\u00fdb\u00e1me doprava sm\u011brem ke vsi <strong>Mil\u00ed\u0159e<\/strong>. A\u017e do nich nedojdeme. M\u00edsto toho stoup\u00e1me st\u00e1le rovn\u011b po zelen\u00e9 kr\u00e1snou krajinou do srdce \u010cesk\u00e9ho lesa. Z\u00e1hy p\u0159ich\u00e1z\u00edme k <strong>Oborsk\u00e9 h\u00e1jence<\/strong>, kter\u00e1 kdysi b\u00fdvala v\u00fdstavn\u00ed budovou, v n\u00ed\u017e s\u00eddlil spr\u00e1vce okoln\u00edch les\u016f. Zde si m\u016f\u017eeme odpo\u010dinout v kryt\u00e9m alt\u00e1nku a z nau\u010dn\u00fdch cedul\u00edch z\u00edskat informace o st\u0159edov\u011bk\u00e9 obchodn\u00ed stezce, tzv. <strong>Zlat\u00e9 cest\u011b<\/strong>, kter\u00e1 tudy kdysi vedla. Stezka vznikala za c\u00edsa\u0159e <strong>Karla IV.<\/strong>, jeho\u017e snahou bylo p\u0159iv\u00e9st do geograficky uzav\u0159en\u00fdch \u010cech, kter\u00fdm se d\u00e1lkov\u00e9 obchodn\u00ed cesty vyh\u00fdbaly, mezin\u00e1rodn\u00ed obchod a t\u00edm podpo\u0159it ekonomiku zem\u011b.<\/p>\n<p>U m\u00edstn\u00edho rozcestn\u00edku se napojujeme na \u017elutou a spole\u010dn\u011b s cyklostezkou a <strong>nau\u010dnou stezkou Branka<\/strong> m\u00ed\u0159\u00edme vlevo pod\u00e9l <strong>Skl\u00e1\u0159sk\u00e9ho potoka<\/strong> k zanikl\u00e9 osad\u011b <strong>Pavlova Hu\u0165<\/strong>. Necel\u00fd kilometr za h\u00e1jenkou m\u016f\u017eeme odbo\u010dit na lesn\u00ed cestu k potoku, u n\u011bho\u017e nalezneme <strong>souso\u0161\u00ed Rusalky<\/strong>. Jedn\u00e1 se o jedno z kamenn\u00fdch d\u011bl, kter\u00e9 <strong>mezi Tachovem a B\u00e4rnau<\/strong> dopl\u0148uj\u00ed <strong>historickou trasu Zlat\u00e9 cesty<\/strong>, kterou m\u016f\u017eeme na <strong>\u010desko-bavorskou hranici<\/strong> doj\u00edt p\u0159\u00edm\u011bji. Tato stezka je ji\u017e z Tachova <strong>zna\u010den\u00e1 obr\u00e1zkem lva<\/strong>. Husova cesta ji n\u00e1sleduje a\u017e do rozcest\u00ed za Oborskou h\u00e1jenkou, kde se <strong>historick\u00e1 varianta<\/strong> vyd\u00e1v\u00e1 nap\u0159\u00ed\u010d lesy po m\u00e9n\u011b vyu\u017e\u00edvan\u00fdch cest\u00e1ch. Je proto vhodn\u00e1 sp\u00ed\u0161e pro turisty s dobrodru\u017en\u011bj\u0161\u00ed povahou a dobr\u00fdm smyslem pro orientaci. Odm\u011bnou jim v\u0161ak bude autentick\u00fd z\u00e1\u017eitek.<\/p>\n<p>Ofici\u00e1ln\u00ed trasa Husovy cesty pokra\u010duje st\u00e1le rovn\u011b. Na k\u0159i\u017eovatce v <strong>Pavlov\u011b Huti<\/strong> zah\u00fdb\u00e1 na \u010dervenou doprava a stoup\u00e1 po n\u00ed pod\u00e9l hranice sm\u011brem k b\u00fdval\u00e9 p\u0159\u00edhrani\u010dn\u00ed obci <strong>Pavl\u016fv Studenec<\/strong>. Z t\u00e9to osady se do dne\u0161n\u00ed doby na \u010desk\u00e9 stran\u011b zachoval pouze <strong>h\u0159bitov<\/strong>, kter\u00fd byl na konci 20. stolet\u00ed pietn\u011b upraven, a <strong>pam\u00e1tn\u00edk<\/strong> okresn\u00edho hejtmana <strong>B\u00f6ttgera<\/strong>.<\/p>\n<p>My v\u0161ak d\u0159\u00edve, ne\u017e ke Studenci dojde, z \u010derven\u00e9 cca po 2 km u informa\u010dn\u00ed cedule odbo\u010dujeme ost\u0159e vlevo na p\u011b\u0161inu, po kter\u00e9 <strong>p\u0159ech\u00e1z\u00edme st\u00e1tn\u00ed hranici<\/strong> k usedlosti <strong>Schmuckerhof.<\/strong> Zde si m\u016f\u017eeme na louce odpo\u010dinout na lavi\u010dce nebo si prohl\u00e9dnout <strong>kamenn\u00fd miln\u00edk<\/strong>, jeho\u017e pr\u016fzor je na jedn\u00e9 stran\u011b nasm\u011brov\u00e1n na <strong>Prahu<\/strong> a na druh\u00e9 stran\u011b na <strong>Norimberk<\/strong>. Odkazuje tak pr\u00e1v\u011b na <strong>st\u0159edov\u011bkou zemskou stezku<\/strong>, kter\u00e1 tudy proch\u00e1zela a tato dv\u011b v\u00fdznamn\u00e1 m\u011bsta spojovala.<\/p>\n<p>Pot\u00e9 se napojujeme na cyklostezku a pokra\u010dujeme po n\u00ed vpravo pod\u00e9l hranice, te\u010f ji\u017e N\u011bmeckem, p\u0159es nejvy\u0161\u0161\u00ed bod trasy, <strong>Studeneck\u00fd vrch<\/strong> (798 m n. m.). Proch\u00e1z\u00edme kolem b\u00fdval\u00e9 vyhl\u00eddkov\u00e9 v\u011b\u017ee s n\u00e1zvem<strong> Grenzlandturm<\/strong>, nedaleko n\u00ed\u017e se v lese nach\u00e1z\u00ed pam\u00e1tka na t\u0159icetiletou v\u00e1lku, takzvan\u00fd <strong>Tillyho val<\/strong>. Pot\u00e9 se setk\u00e1v\u00e1me s n\u011bmeck\u00fdm zna\u010den\u00edm Zlat\u00e9 cesty, <strong>b\u00edl\u00fdm lvem v \u010derven\u00e9m poli<\/strong>, kter\u00e9 n\u00e1s p\u0159iv\u00e1d\u00ed k poutn\u00edmu <strong>kostelu Spasitele Bo\u017e\u00edho u Steinbergu<\/strong>, vybudovan\u00e9mu v 2. polovin\u011b 18. stolet\u00ed na m\u00edst\u011b p\u016fvodn\u00ed d\u0159ev\u011bn\u00e9 kaple. Od n\u011bj odch\u00e1z\u00edme <strong>stromovou alej\u00ed s k\u0159\u00ed\u017eovou cestou<\/strong> a p\u0159ich\u00e1z\u00edme do m\u011bsta <strong>B\u00e4rnau<\/strong>. Projdeme jeho historick\u00fdm centrem sm\u011brem k ji\u017en\u00ed okrajov\u00e9 \u010d\u00e1sti, kde je v <strong>Historick\u00e9m parku<\/strong> c\u00edl&nbsp; posledn\u00ed \u010desk\u00e9 etapy <strong>Husovy cesty<\/strong>.<\/p>\n<p><strong>\u010cesk\u00fd les<\/strong><br \/>\nToto pohrani\u010dn\u00ed poho\u0159\u00ed s hlubok\u00fdmi lesy, mok\u0159ady a kv\u011btnat\u00fdmi loukami lemuje <strong>hranici s N\u011bmeckem<\/strong> v d\u00e9lce cca 80 km. Nejcenn\u011bj\u0161\u00ed \u010d\u00e1sti \u00fazem\u00ed, z nich\u017e v\u011bt\u0161ina le\u017eela do roku 1990 v hrani\u010dn\u00edm p\u00e1smu, jsou dnes <strong>chr\u00e1n\u011bn\u00e9<\/strong>. Nejvy\u0161\u0161\u00edm vrcholem je se sv\u00fdmi <strong>1042 m n. m. \u010cerchov<\/strong>. \u00dazem\u00ed je zn\u00e1mo pro svou pohnutou historii spjatou s&nbsp;odsunem n\u011bmeck\u00e9ho obyvatelstva a demolic\u00ed b\u00fdval\u00fdch vesnic.<\/p>\n<p><strong>M\u011bsto B\u00e4rnau<\/strong><br \/>\nKdy\u017e <strong>Jan Hus<\/strong> v roce 1414 p\u0159ech\u00e1zel na sv\u00e9 cest\u011b p\u0159es Norimberk do Kostnice hranice, z\u0159ejm\u011b ne\u010dekal v prvn\u00edm n\u011bmeck\u00e9m m\u011bst\u011b tak v\u0159el\u00e9 p\u0159ijet\u00ed, jak\u00e9ho se mu dostalo. \u201eA kdy\u017e jsem opustil \u010cechy,&nbsp;o\u010dek\u00e1val mne &#8211; je\u0161t\u011b ne\u017e jsem vstoupil do m\u011bsta B\u00e4rnau \u2013 far\u00e1\u0159 s duchovn\u00edmi, a kdy\u017e jsem vstoupil do sv\u011btnice, podal mi ihned velk\u00fd korbel v\u00edna k p\u0159\u00edpitku \u2026.\u201c, psal Hus sv\u00fdm p\u0159\u00e1tel\u016fm dopisem z <strong>24. 10.1414<\/strong>.<\/p>\n<p><strong>B\u00e4rnau<\/strong>, jemu\u017e z d\u00e1lky dominuje <strong>kostel sv. Mikul\u00e1\u0161e<\/strong> z 19. stolet\u00ed, byl ud\u011blen statut m\u011bsta v roce 1343. Za vl\u00e1dy <strong>Karla IV.<\/strong> pat\u0159ilo k panstv\u00edm, kter\u00e1 tvo\u0159ila takzvan\u00e9 <strong>Nov\u00e9 \u010cechy<\/strong>, tedy Hornofalck\u00e9 \u00fazem\u00ed inkorporov\u00e1no zvl\u00e1\u0161tn\u00ed listinou do <strong>\u010cesk\u00e9ho kr\u00e1lovstv\u00ed<\/strong>. Centrem tohoto celku byl <strong>hrad Rosenberg<\/strong> ve m\u011bst\u011b <strong>Sulzbach<\/strong>, kter\u00e9 se takt\u00e9\u017e nach\u00e1z\u00ed na trase Husovy cesty. A\u010dkoliv o Nov\u00e9 \u010cechy nakonec V\u00e1clav IV. v roce 1404 p\u0159i\u0161el, historick\u00fd odkaz na tuto dobu je v \u00fazem\u00ed st\u00e1le znateln\u00fd a n\u011bkter\u00e1 m\u00edsta jsou na n\u011bj dodnes hrd\u00e1.<\/p>\n<p>M\u011bsto B\u00e4rnau se v modern\u00ed dob\u011b proslavilo tradic\u00ed v\u00fdroby <strong>perle\u0165ov\u00fdch knofl\u00edk\u016f<\/strong>. Nav\u0161t\u00edvit zde m\u016f\u017eeme unik\u00e1tn\u00ed <strong>Muzeum knofl\u00edk\u016f<\/strong>, kde se sezn\u00e1m\u00ed nejen s v\u00fdrobn\u00edm procesem ale i mnoh\u00fdmi um\u011bleck\u00fdmi d\u00edly. P\u0159i v\u00fdjezdu z m\u011bsta sm\u011brem ke vsi Naab pak m\u016f\u017eeme naj\u00edt kamenn\u00fd pam\u00e1tn\u00edk, takzvan\u00fd <strong>miln\u00edk \u010dasu<\/strong>, v\u011bnovan\u00fd <strong>Janu Husovi<\/strong>. V B\u00e4rnau dnes \u017eije na t\u0159i tis\u00edce obyvatel.<\/p>\n<p><em><strong>Historick\u00fd park<\/strong><\/em><br \/>\nUnik\u00e1tn\u00ed <strong>Historick\u00fd park v B\u00e4rnau<\/strong> je s v\u00edce ne\u017e 30 budovami nejv\u011bt\u0161\u00edm <strong>archeoparkem<\/strong> sv\u00e9ho druhu na n\u011bmecky mluv\u00edc\u00edm \u00fazem\u00ed. P\u0159edstavuje <strong>repliky staveb z obdob\u00ed st\u0159edov\u011bku<\/strong>, kter\u00e9 vznikaj\u00ed v\u017edy jen s vyu\u017eit\u00edm dobov\u00fdch technik. Najdeme zde ran\u011b st\u0159edov\u011bkou slovanskou vesnici, hr\u00e1dek typu motte z 11. stolet\u00ed, osadu z obdob\u00ed vrcholn\u00e9ho st\u0159edov\u011bku a nov\u011b zde vznik\u00e1 i klasick\u00fd hr\u00e1dek Karla IV. Park je p\u0159edev\u0161\u00edm centrem <strong>experiment\u00e1ln\u00ed archeologie<\/strong>. Proto tak\u00e9 o v\u00edkendu ve stavb\u00e1ch pob\u00fdvaj\u00ed v dobov\u00fdch od\u011bvech dobrovoln\u00edci, kte\u0159\u00ed p\u0159in\u00e1\u0161ej\u00ed poznatky o tom, jak se v dan\u00e9 dob\u011b skute\u010dn\u011b \u017eilo. Are\u00e1l je pravideln\u011b otev\u0159en ve\u0159ejnosti, obl\u00edben\u00e9 jsou p\u0159edev\u0161\u00edm programy pro d\u011bti a tvo\u0159iv\u00e9 d\u00edlny. V&nbsp;hlavn\u00ed budov\u011b se nach\u00e1z\u00ed tak\u00e9 klasick\u00e1 muzejn\u00ed expozice.<\/p>\n","protected":false},"excerpt":{"rendered":"<p>Etapa 13: Tachov \u2013 B\u00e4rnau (DE) ETAPA 13 je z\u00e1v\u011bre\u010dn\u00fdm \u010desk\u00fdm \u00fasekem. P\u0159ekon\u00e1v\u00e1 hlubok\u00e9 hvozdy \u010cesk\u00e9ho lesa, ale i tak se jedn\u00e1 sp\u00ed\u0161e o m\u00edrn\u011b n\u00e1ro\u010dnou \u010d\u00e1st. T\u011bsn\u011b na \u010desko-n\u011bmeck\u00e9 hranici vystoup\u00e1me na nejvy\u0161\u0161\u00ed bod cel\u00e9 Husovy cesty, po\u010d\u00edt\u00e1no z&nbsp;Prahy a\u017e do samotn\u00e9 Kostnice, a to do v\u00fd\u0161ky 797 m&#8230;<\/p>\n<p> <a class=\"continue-reading-link\" href=\"https:\/\/husweg.eu\/cz\/etapa-13\/\"><span>Continue reading<\/span><i class=\"crycon-right-dir\"><\/i><\/a> <\/p>\n","protected":false},"author":1,"featured_media":0,"parent":0,"menu_order":0,"comment_status":"closed","ping_status":"closed","template":"","meta":{"ngg_post_thumbnail":0,"footnotes":""},"class_list":["post-592","page","type-page","status-publish","hentry"],"yoast_head":"<!-- This site is optimized with the Yoast SEO plugin v27.4 - https:\/\/yoast.com\/product\/yoast-seo-wordpress\/ -->\n<title>Etapa 13 - Husova cesta<\/title>\n<meta name=\"robots\" content=\"index, follow, max-snippet:-1, max-image-preview:large, max-video-preview:-1\" \/>\n<link rel=\"canonical\" href=\"https:\/\/husweg.eu\/cz\/etapa-13\/\" \/>\n<meta property=\"og:locale\" content=\"de_DE\" \/>\n<meta property=\"og:type\" content=\"article\" \/>\n<meta property=\"og:title\" content=\"Etapa 13 - Husova cesta\" \/>\n<meta property=\"og:description\" content=\"Etapa 13: Tachov \u2013 B\u00e4rnau (DE) ETAPA 13 je z\u00e1v\u011bre\u010dn\u00fdm \u010desk\u00fdm \u00fasekem. P\u0159ekon\u00e1v\u00e1 hlubok\u00e9 hvozdy \u010cesk\u00e9ho lesa, ale i tak se jedn\u00e1 sp\u00ed\u0161e o m\u00edrn\u011b n\u00e1ro\u010dnou \u010d\u00e1st. T\u011bsn\u011b na \u010desko-n\u011bmeck\u00e9 hranici vystoup\u00e1me na nejvy\u0161\u0161\u00ed bod cel\u00e9 Husovy cesty, po\u010d\u00edt\u00e1no z&nbsp;Prahy a\u017e do samotn\u00e9 Kostnice, a to do v\u00fd\u0161ky 797 m... Continue reading\" \/>\n<meta property=\"og:url\" content=\"https:\/\/husweg.eu\/cz\/etapa-13\/\" \/>\n<meta property=\"og:site_name\" content=\"Husova cesta\" \/>\n<meta property=\"article:modified_time\" content=\"2023-02-23T23:41:14+00:00\" \/>\n<meta name=\"twitter:card\" content=\"summary_large_image\" \/>\n<meta name=\"twitter:label1\" content=\"Gesch\u00e4tzte Lesezeit\" \/>\n\t<meta name=\"twitter:data1\" content=\"6\u00a0Minuten\" \/>\n<script type=\"application\/ld+json\" class=\"yoast-schema-graph\">{\"@context\":\"https:\\\/\\\/schema.org\",\"@graph\":[{\"@type\":\"WebPage\",\"@id\":\"https:\\\/\\\/husweg.eu\\\/cz\\\/etapa-13\\\/\",\"url\":\"https:\\\/\\\/husweg.eu\\\/cz\\\/etapa-13\\\/\",\"name\":\"Etapa 13 - Husova cesta\",\"isPartOf\":{\"@id\":\"https:\\\/\\\/husweg.eu\\\/cz\\\/#website\"},\"datePublished\":\"2022-12-13T21:41:36+00:00\",\"dateModified\":\"2023-02-23T23:41:14+00:00\",\"breadcrumb\":{\"@id\":\"https:\\\/\\\/husweg.eu\\\/cz\\\/etapa-13\\\/#breadcrumb\"},\"inLanguage\":\"de\",\"potentialAction\":[{\"@type\":\"ReadAction\",\"target\":[\"https:\\\/\\\/husweg.eu\\\/cz\\\/etapa-13\\\/\"]}]},{\"@type\":\"BreadcrumbList\",\"@id\":\"https:\\\/\\\/husweg.eu\\\/cz\\\/etapa-13\\\/#breadcrumb\",\"itemListElement\":[{\"@type\":\"ListItem\",\"position\":1,\"name\":\"Startseite\",\"item\":\"https:\\\/\\\/husweg.eu\\\/cz\\\/\"},{\"@type\":\"ListItem\",\"position\":2,\"name\":\"Etapa 13\"}]},{\"@type\":\"WebSite\",\"@id\":\"https:\\\/\\\/husweg.eu\\\/cz\\\/#website\",\"url\":\"https:\\\/\\\/husweg.eu\\\/cz\\\/\",\"name\":\"Husova cesta\",\"description\":\"Husova cesta symbolicky sleduje Husovo putov\u00e1n\u00ed z Prahy na bavorsko-\u010deskou hranici.\",\"potentialAction\":[{\"@type\":\"SearchAction\",\"target\":{\"@type\":\"EntryPoint\",\"urlTemplate\":\"https:\\\/\\\/husweg.eu\\\/cz\\\/?s={search_term_string}\"},\"query-input\":{\"@type\":\"PropertyValueSpecification\",\"valueRequired\":true,\"valueName\":\"search_term_string\"}}],\"inLanguage\":\"de\"}]}<\/script>\n<!-- \/ Yoast SEO plugin. -->","yoast_head_json":{"title":"Etapa 13 - Husova cesta","robots":{"index":"index","follow":"follow","max-snippet":"max-snippet:-1","max-image-preview":"max-image-preview:large","max-video-preview":"max-video-preview:-1"},"canonical":"https:\/\/husweg.eu\/cz\/etapa-13\/","og_locale":"de_DE","og_type":"article","og_title":"Etapa 13 - Husova cesta","og_description":"Etapa 13: Tachov \u2013 B\u00e4rnau (DE) ETAPA 13 je z\u00e1v\u011bre\u010dn\u00fdm \u010desk\u00fdm \u00fasekem. P\u0159ekon\u00e1v\u00e1 hlubok\u00e9 hvozdy \u010cesk\u00e9ho lesa, ale i tak se jedn\u00e1 sp\u00ed\u0161e o m\u00edrn\u011b n\u00e1ro\u010dnou \u010d\u00e1st. T\u011bsn\u011b na \u010desko-n\u011bmeck\u00e9 hranici vystoup\u00e1me na nejvy\u0161\u0161\u00ed bod cel\u00e9 Husovy cesty, po\u010d\u00edt\u00e1no z&nbsp;Prahy a\u017e do samotn\u00e9 Kostnice, a to do v\u00fd\u0161ky 797 m... Continue reading","og_url":"https:\/\/husweg.eu\/cz\/etapa-13\/","og_site_name":"Husova cesta","article_modified_time":"2023-02-23T23:41:14+00:00","twitter_card":"summary_large_image","twitter_misc":{"Gesch\u00e4tzte Lesezeit":"6\u00a0Minuten"},"schema":{"@context":"https:\/\/schema.org","@graph":[{"@type":"WebPage","@id":"https:\/\/husweg.eu\/cz\/etapa-13\/","url":"https:\/\/husweg.eu\/cz\/etapa-13\/","name":"Etapa 13 - Husova cesta","isPartOf":{"@id":"https:\/\/husweg.eu\/cz\/#website"},"datePublished":"2022-12-13T21:41:36+00:00","dateModified":"2023-02-23T23:41:14+00:00","breadcrumb":{"@id":"https:\/\/husweg.eu\/cz\/etapa-13\/#breadcrumb"},"inLanguage":"de","potentialAction":[{"@type":"ReadAction","target":["https:\/\/husweg.eu\/cz\/etapa-13\/"]}]},{"@type":"BreadcrumbList","@id":"https:\/\/husweg.eu\/cz\/etapa-13\/#breadcrumb","itemListElement":[{"@type":"ListItem","position":1,"name":"Startseite","item":"https:\/\/husweg.eu\/cz\/"},{"@type":"ListItem","position":2,"name":"Etapa 13"}]},{"@type":"WebSite","@id":"https:\/\/husweg.eu\/cz\/#website","url":"https:\/\/husweg.eu\/cz\/","name":"Husova cesta","description":"Husova cesta symbolicky sleduje Husovo putov\u00e1n\u00ed z Prahy na bavorsko-\u010deskou hranici.","potentialAction":[{"@type":"SearchAction","target":{"@type":"EntryPoint","urlTemplate":"https:\/\/husweg.eu\/cz\/?s={search_term_string}"},"query-input":{"@type":"PropertyValueSpecification","valueRequired":true,"valueName":"search_term_string"}}],"inLanguage":"de"}]}},"_links":{"self":[{"href":"https:\/\/husweg.eu\/cz\/wp-json\/wp\/v2\/pages\/592","targetHints":{"allow":["GET"]}}],"collection":[{"href":"https:\/\/husweg.eu\/cz\/wp-json\/wp\/v2\/pages"}],"about":[{"href":"https:\/\/husweg.eu\/cz\/wp-json\/wp\/v2\/types\/page"}],"author":[{"embeddable":true,"href":"https:\/\/husweg.eu\/cz\/wp-json\/wp\/v2\/users\/1"}],"replies":[{"embeddable":true,"href":"https:\/\/husweg.eu\/cz\/wp-json\/wp\/v2\/comments?post=592"}],"version-history":[{"count":10,"href":"https:\/\/husweg.eu\/cz\/wp-json\/wp\/v2\/pages\/592\/revisions"}],"predecessor-version":[{"id":813,"href":"https:\/\/husweg.eu\/cz\/wp-json\/wp\/v2\/pages\/592\/revisions\/813"}],"wp:attachment":[{"href":"https:\/\/husweg.eu\/cz\/wp-json\/wp\/v2\/media?parent=592"}],"curies":[{"name":"wp","href":"https:\/\/api.w.org\/{rel}","templated":true}]}}