{"id":590,"date":"2022-12-13T22:41:27","date_gmt":"2022-12-13T21:41:27","guid":{"rendered":"https:\/\/husweg.eu\/cz\/?page_id=590"},"modified":"2023-02-24T00:21:19","modified_gmt":"2023-02-23T23:21:19","slug":"etapa-12","status":"publish","type":"page","link":"https:\/\/husweg.eu\/cz\/etapa-12\/","title":{"rendered":"Etapa 12"},"content":{"rendered":"<p><strong>12 Plan\u00e1 \u2013 Tachov<br \/>\n<\/strong><br \/>\n<span style=\"color: #ff0000;\">ETAPA 12 je jedna z nejm\u00e9n\u011b fyzicky i \u010dasov\u011b n\u00e1ro\u010dn\u00fdch etap \u010desk\u00e9 \u010d\u00e1sti Husovy cesty. Vede <\/span><span style=\"color: #ff0000;\">p\u0159ev\u00e1\u017en\u011b otev\u0159enou krajinou s dalek\u00fdmi v\u00fdhledy. Zpo\u010d\u00e1tku proch\u00e1z\u00edme poli po p\u0159\u00edrodn\u00edch cest\u00e1ch, <\/span><span style=\"color: #ff0000;\">v&nbsp;druh\u00e9 \u010d\u00e1sti trasy n\u00e1s v\u0161ak ji\u017e \u010dekaj\u00ed p\u0159edev\u0161\u00edm cyklotrasy s&nbsp;asfaltov\u00fdm povrchem.<\/span><br \/>\n<span style=\"color: #ff0000;\">SLU\u017dBY: P\u0159\u00edle\u017eitost\u00ed k n\u00e1kupu \u010di ob\u010derstven\u00ed je po cest\u011b i v jej\u00edm c\u00edli dostatek. Ubytov\u00e1n\u00ed je mo\u017en\u00e9 <\/span><span style=\"color: #ff0000;\">hledat t\u00e9\u017e v&nbsp;men\u0161\u00edch vesnic\u00edch le\u017e\u00edc\u00edch d\u00e1le od trasy.<\/span><\/p>\n<p><strong>POPIS CESTY<\/strong><br \/>\nOd rozcestn\u00edku sch\u00e1z\u00edme z n\u00e1m\u011bst\u00ed v <strong>Plan\u00e9<\/strong> po modr\u00e9 turistick\u00e9 zna\u010dce. Jdeme kolem <strong>hornick\u00e9ho muzea<\/strong> sm\u011brem k <strong>vlakov\u00e9mu n\u00e1dra\u017e\u00ed<\/strong>, kde zastavuj\u00ed i mezin\u00e1rodn\u00ed spoje mezi Prahou a N\u011bmeckem. Na konci m\u011bsta, v \u010d\u00e1sti zvan\u00e9 <strong>Karl\u00edn<\/strong>, p\u0159ejdeme potok a zah\u00fdb\u00e1me doprava, pot\u00e9, za posledn\u00edmi obytn\u00fdmi domy, odch\u00e1z\u00edme st\u00e1le po modr\u00e9 do pol\u00ed vlevo.<\/p>\n<p>Je\u0161t\u011b p\u0159ed lesem m\u016f\u017eeme vpravo od cesty nav\u0161t\u00edvit poz\u016fstatky <strong>h\u0159bitova b\u00fdval\u00e9ho zajateck\u00e9ho t\u00e1bora z 1. sv\u011btov\u00e9 v\u00e1lky<\/strong>. Poln\u00ed cestou po modr\u00e9 dojdeme a\u017e do obce <strong>Nah\u00fd \u00dajezdec<\/strong>. Zde na za\u010d\u00e1tku vsi opou\u0161t\u00edme modrou a jdeme rovn\u011b po cyklostezce do <strong>Lomu u Tachova<\/strong>. Cca 300 m p\u0159ed n\u00ed m\u016f\u017eeme odbo\u010dit vlevo k mal\u00e9mu rem\u00edzku, kde je ukryta takzvan\u00e1 <strong>Lomsk\u00e1 borovice<\/strong>, nejmohutn\u011bj\u0161\u00ed borovice lesn\u00ed v \u010cesku.<\/p>\n<p>Proch\u00e1z\u00edme centrem Lomu, p\u0159ed \u017eelezni\u010dn\u00edm p\u0159ejezdem zahneme doleva. Proch\u00e1z\u00edme kolem vlakov\u00e9ho n\u00e1dra\u017e\u00ed a po asfaltov\u00e9 silni\u010dce pokra\u010dujeme p\u0159es osadu <strong>B\u00edlet\u00edn<\/strong> do <strong>Vil\u00e9mova<\/strong>. Zde u rozcestn\u00edku odbo\u010dujeme vlevo sm\u011brem na Old\u0159ichov a Tachov.<\/p>\n<p>V centru <strong>Old\u0159ichova<\/strong> se u rozcestn\u00edku napojujeme na zelen\u00e9 zna\u010den\u00ed, zah\u00fdb\u00e1me vpravo a m\u00ed\u0159\u00edme do Tachova. Jdeme pod\u00e9l silnice, n\u00e1sledn\u011b spolu se zelen\u00fdm zna\u010den\u00edm odbo\u010dujeme m\u00edrn\u011b vpravo na p\u0159\u00edjemnou cestu mezi stromy k m\u00edstn\u00edmu<strong> miner\u00e1ln\u00edmu prameni<\/strong>. N\u00e1sledn\u011b proch\u00e1z\u00edme historickou <strong>alej\u00ed<\/strong>, kter\u00e1 n\u00e1s p\u0159ivede do centra <strong>Tachova<\/strong>. Po chodn\u00edku p\u0159ejdeme <strong>\u0159eku M\u017ei<\/strong> a okolo <strong>Muzea \u010cesk\u00e9ho lesa<\/strong> doch\u00e1z\u00edme z&nbsp;doln\u00ed strany na<strong> tachovsk\u00e9 n\u00e1m\u011bst\u00ed<\/strong>, kde je c\u00edl t\u00e9to etapy.<\/p>\n<p><strong>ZAJ\u00cdMAVOSTI NA TRASE<\/strong><\/p>\n<p><strong>Tachov<\/strong><br \/>\n<strong>Tachov<\/strong> je jedn\u00edm z nejmen\u0161\u00edch kr\u00e1lovsk\u00fdch m\u011bst, ale i nejstar\u0161\u00edch s\u00eddel <strong>z\u00e1padn\u00edch \u010cech<\/strong>. Prvn\u00ed p\u00edsemn\u00e1 zm\u00ednka o n\u011bm poch\u00e1z\u00ed z roku 1126. P\u016fvodn\u00ed hrad, kolem n\u011bho\u017e brzy vyrostlo m\u011bste\u010dko, slou\u017eil d\u00edky sv\u00e9 poloze p\u0159edev\u0161\u00edm jako obrann\u00e1 pevnost. Z\u00e1sadn\u00ed rozvoj zaznamenalo p\u0159\u00edhrani\u010dn\u00ed m\u011bsto ve 13. stolet\u00ed za vl\u00e1dy <strong>P\u0159emysla Otakara II.<\/strong>, kter\u00fd nechal kolem rozr\u016fstaj\u00edc\u00edho se s\u00eddla vystav\u011bt hradby. Toto <strong>historick\u00e9 m\u011bstsk\u00e9 opevn\u011bn\u00ed<\/strong>, kter\u00e9 pat\u0159\u00ed mezi nejzachovalej\u0161\u00ed st\u0159edov\u011bk\u00e9 hradby na \u010desk\u00e9m \u00fazem\u00ed, m\u016f\u017eeme v Tachov\u011b obdivovat dodnes. M\u011bsto ve st\u0159edov\u011bku bohatlo i d\u00edky <strong>Zlat\u00e9 cest\u011b<\/strong>, zemsk\u00e9 obchodn\u00ed stezce spojuj\u00edc\u00ed <strong>Prahu s Norimberkem<\/strong>, kter\u00e1 kolem n\u011bj vedla.<\/p>\n<p>V dob\u011b <strong>husitsk\u00fdch v\u00e1lek<\/strong> se v Tachov\u011b t\u0159ikr\u00e1t st\u0159etli husit\u00e9 a jejich odp\u016frci, nejzn\u00e1m\u011bj\u0161\u00ed ud\u00e1lost\u00ed t\u00e9 doby je takzvan\u00e1 <strong>bitva u Tachova z roku 1427<\/strong>. Na tuto ud\u00e1lost dnes upozor\u0148uje n\u00e1padn\u00fd <strong>pam\u00e1tn\u00edk na vrchu Vysok\u00e1<\/strong>, kter\u00fd se nach\u00e1z\u00ed v okrajov\u00e9 \u010d\u00e1sti m\u011bsta a nab\u00edz\u00ed p\u0159\u00edjemn\u00fd v\u00fdhled na jeho historick\u00e9 j\u00e1dro. I v samotn\u00e9m centru najdeme mnoho pam\u00e1tek a zaj\u00edmavost\u00ed odkazuj\u00edc\u00edch na obdob\u00ed husitstv\u00ed. Kolem <strong>kostela Nanebevzet\u00ed Panny Marie<\/strong> vede <strong>Krvav\u00e1 ulice<\/strong>, \u00fazk\u00e1 uli\u010dka p\u0159ipom\u00ednaj\u00edc\u00ed vp\u00e1d husit\u016f do m\u011bsta. Prohl\u00e9dnout si m\u016f\u017eeme i drobn\u00fd pam\u00e1tn\u00edk v podob\u011b<strong> rud\u00e9ho kalichu<\/strong>, kter\u00fd je um\u00edst\u011bn\u00fd p\u0159ed m\u011bstsk\u00fdmi hradbami nedaleko z\u00e1meck\u00e9 br\u00e1ny, naproti barokn\u00edmu <strong>Husmannovu ml\u00fdnu<\/strong>. Ten naopak odkazuje na dobu rekatolizace. Byl toti\u017e vystav\u011bn v 17. stolet\u00ed po ni\u010div\u00fdch po\u017e\u00e1rech, a to na popud tehdej\u0161\u00edho majitele tachovsk\u00e9ho panstv\u00ed <strong>J. F. Husmana<\/strong>, kter\u00fd proslul jako drsn\u00fd podnikatel a rekatoliz\u00e1tor.<\/p>\n<p><strong>Po t\u0159icetilet\u00e9 v\u00e1lce<\/strong> bylo m\u011bsto prod\u00e1no <strong>rakousk\u00e9mu \u0161lechtick\u00e9mu rodu Windischgr\u00e4tz\u016f<\/strong>, za nich\u017e centrum i \u0161irok\u00e9 okol\u00ed vzkv\u00e9talo. V t\u00e9 dob\u011b z\u00edskala dne\u0161n\u00ed podobu v\u011bt\u0161ina m\u00edstn\u00edch hlavn\u00edch pam\u00e1tek, jako je <strong>z\u00e1mek<\/strong> \u010di <strong>j\u00edzd\u00e1rna ve Sv\u011btc\u00edch<\/strong>. Za <strong>2. sv\u011btov\u00e9 v\u00e1lky<\/strong> se m\u011bsto stalo sou\u010d\u00e1st\u00ed <strong>N\u011bmeck\u00e9 \u0159\u00ed\u0161e<\/strong>. Po roce 1945 pak do\u0161lo k odsunu v\u011bt\u0161inov\u00e9ho n\u011bmeck\u00e9ho obyvatelstva. V sou\u010dasn\u00e9 dob\u011b v tomto <strong>okresn\u00edm<\/strong> centru, kter\u00e9 t\u011b\u017e\u00ed nejen ze sv\u00e9 polohy u<strong> \u010desko-bavorsk\u00fdch hranic<\/strong> ale i z bl\u00edzkosti <strong>Chr\u00e1n\u011bn\u00e9 krajinn\u00e9 oblasti \u010cesk\u00fd les<\/strong>, \u017eije asi 13 000 obyvatel.<\/p>\n<p><em><strong>Windischgr\u00e4tz\u016fv pramen<\/strong><\/em><br \/>\nZ centra <strong>Tachova<\/strong> vede pod\u00e9l <strong>M\u017ee<\/strong> sm\u011brem na z\u00e1pad p\u0159\u00edjemn\u00e1 alej se stromy o st\u00e1\u0159\u00ed 150-200 let, kterou nechal ji\u017e na konci 18. stolet\u00ed vys\u00e1zet <strong>kn\u00ed\u017ee Windischgr\u00e4tz<\/strong>. Stejn\u011b jako v p\u0159\u00edpad\u011b aleje do <strong>Sv\u011btc\u016f<\/strong> se jednalo o obl\u00edben\u00e9 promen\u00e1dn\u00ed m\u00edsto. A to i d\u00edky tomu, \u017ee kon\u010d\u00ed u <strong>miner\u00e1ln\u00edho pramene<\/strong>, kter\u00e9mu se \u0159\u00edk\u00e1 <strong>Windischgr\u00e4tz\u016fv<\/strong>.<\/p>\n<p>Jedn\u00e1 se o nejji\u017en\u011bj\u0161\u00ed v\u00fdv\u011br uhli\u010dit\u00e9 miner\u00e1lky v \u010cech\u00e1ch, kter\u00fd se nach\u00e1z\u00ed pom\u011brn\u011b daleko od ostatn\u00edch z\u00e1pado\u010desk\u00fdch kyselek. Na rozd\u00edl od nich m\u00e1 i v\u00fdrazn\u011bj\u0161\u00ed slanou chu\u0165 a za\u010derstva je zcela bez z\u00e1pachu. Pramen byl upraven a zast\u0159e\u0161en alt\u00e1nem ji\u017e v polovin\u011b 19. stolet\u00ed. V sou\u010dasnosti je pitn\u00fd a hojn\u011b vyu\u017e\u00edvan\u00fd. Sediment, kter\u00fd se po nato\u010den\u00ed objevuje v l\u00e1hv\u00edch, je zdravotn\u011b i chu\u0165ov\u011b nez\u00e1vadn\u00fd.<\/p>\n<p><em><strong>Muzeum \u010cesk\u00e9ho lesa<\/strong><\/em><br \/>\nToto region\u00e1ln\u00ed muzeum se nach\u00e1z\u00ed v prostor\u00e1ch <strong>b\u00fdval\u00e9ho franti\u0161k\u00e1nsk\u00e9ho kl\u00e1\u0161tera<\/strong> zalo\u017een\u00e9ho v polovin\u011b 15. stolet\u00ed. Tuto barokn\u00ed stavbu, kter\u00e1 v minulosti slou\u017eila tak\u00e9 jako \u0161pit\u00e1l, tvo\u0159\u00ed \u010dty\u0159i k\u0159\u00eddla uzav\u00edraj\u00edc\u00ed rajsk\u00fd dv\u016fr a dopl\u0148uje ji rozlehl\u00e1 zahrada, kter\u00e1 je voln\u011b p\u0159\u00edstupn\u00e1 ve\u0159ejnosti. B\u00fdval\u00fd kl\u00e1\u0161tern\u00ed <strong>kostel svat\u00e9 Ma\u0159\u00ed Magdaleny<\/strong> byl postaven koncem 19. stolet\u00ed na m\u00edst\u011b p\u016fvodn\u00ed gotick\u00e9 stavby. Jeho vnit\u0159n\u00ed vybaven\u00ed je rokokov\u00e9 a dnes slou\u017e\u00ed jako svatost\u00e1nek pravoslavn\u00e9 c\u00edrkve. <strong>Muzeum \u010cesk\u00e9ho lesa<\/strong> v budov\u011b s\u00eddl\u00ed od 50. let minul\u00e9ho stolet\u00ed. V\u011bnuje se historii ale i p\u0159\u00edrod\u011b regionu. V&nbsp;muzeu si m\u016f\u017eete t\u00e9\u017e vyp\u016fj\u010dit kl\u00ed\u010de od br\u00e1ny nedalek\u00e9ho <strong>Star\u00e9ho \u017eidovsk\u00e9ho h\u0159bitova<\/strong>.<\/p>\n<p><em><strong>Kostel Nanebevzet\u00ed P. Marie<\/strong><\/em><\/p>\n<p>Tento gotick\u00fd chr\u00e1m, kter\u00fd je dominantou m\u011bsta a nach\u00e1z\u00ed se na severn\u00ed stran\u011b n\u00e1m\u011bst\u00ed, vzniknul za vl\u00e1dy <strong>Karla IV.<\/strong> U kostela najdeme <strong>pam\u00e1tn\u00edk<\/strong> p\u0159ipom\u00ednaj\u00edc\u00ed <strong>bombardov\u00e1n\u00ed<\/strong> Tachova v roce 1945. Kostel byl tehdy zasa\u017een dv\u011bma bombami, kter\u00e9 ale na\u0161t\u011bst\u00ed nevybuchly.<\/p>\n<p><em><strong>Z\u00e1mek Tachov<\/strong><\/em><br \/>\nZ\u00e1mek se nach\u00e1z\u00ed v centru Tachova, p\u0159\u00edstupn\u00fd je z ulice Z\u00e1meck\u00e1 nebo z ji\u017en\u00ed \u010d\u00e1sti n\u00e1m\u011bst\u00ed. Vznikl p\u0159estavbou <strong>gotick\u00e9ho hradu<\/strong> v 17. stolet\u00ed. Roku 1770 z\u00e1mek vyho\u0159el a <strong>Windischgr\u00e4tzov\u00e9<\/strong> jej nechali obnovit v klasicistn\u00edm slohu. V sou\u010dasn\u00e9 dob\u011b se v n\u011bm nach\u00e1z\u00ed <strong>informa\u010dn\u00ed centrum<\/strong> a n\u00e1v\u0161t\u011bvn\u00edk\u016fm nab\u00edz\u00ed <strong>expozice o historii m\u011bsta<\/strong> i prohl\u00eddku interi\u00e9r\u016f.<\/p>\n<p><em><strong>Rozhledna na Vysok\u00e9<\/strong><\/em><br \/>\nZ ji\u017en\u00ed \u010d\u00e1sti <strong>Tachova<\/strong> \u010di z osady <strong>Sv\u011btce<\/strong> m\u016f\u017eeme vystoupat na <strong>vrch Vysok\u00e1<\/strong>, na kter\u00e9m se nach\u00e1z\u00ed celoro\u010dn\u011b p\u0159\u00edstupn\u00e1 ocelov\u00e1 <strong>rozhledna<\/strong> ve tvaru p\u0159es\u00fdpac\u00edch hodin. V\u00fdhled nab\u00edz\u00ed p\u0159edev\u0161\u00edm na samotn\u00e9 m\u011bsto a krajinu za n\u00edm. Lokalita v\u0161ak stoj\u00ed za n\u00e1v\u0161t\u011bvu i d\u00edky <strong>husitsk\u00e9 bitv\u011b<\/strong>, kter\u00e1 se u vrchu v roce 1427 ud\u00e1la. P\u0159ipom\u00edn\u00e1 ji n\u00ed\u017ee polo\u017een\u00fd <strong>pam\u00e1tn\u00edk<\/strong> a&nbsp; detaily vysv\u011btluj\u00ed informa\u010dn\u00ed cedule.<\/p>\n<p><strong>Sv\u011btce<\/strong><br \/>\nMal\u00e1 osada le\u017e\u00edc\u00ed z\u00e1padn\u011b od <strong>Tachova<\/strong> je s centrem spojena takzvanou <strong>Kn\u00ed\u017eec\u00ed alej\u00ed<\/strong>, kter\u00e1 sleduje tok \u0159eky M\u017ee a je velmi obl\u00edbenou tachovskou vych\u00e1zkovou z\u00f3nou. Ze <strong>Sv\u011btc\u016f<\/strong> je pak d\u00e1le mo\u017en\u00e9 pokra\u010dovat na <strong>vrch Vysok\u00e1<\/strong> nebo proch\u00e1zkou po nau\u010dn\u00e9 stezce <strong>Sv\u011bteck\u00fd vrch<\/strong> na druh\u00e9 stran\u011b \u0159eky. V\u011bt\u0161ina turist\u016f v\u0161ak sm\u011b\u0159uje p\u0159edev\u0161\u00edm do budovy<strong> j\u00edzd\u00e1rny<\/strong>, kter\u00e1 je unik\u00e1tn\u00ed kulturn\u00ed pam\u00e1tkou.<\/p>\n<p>Tato novorom\u00e1nsk\u00e1 stavba je <strong>druhou nejv\u011bt\u0161\u00ed j\u00edzd\u00e1rnou ve st\u0159edn\u00ed Evrop\u011b<\/strong>. V polovin\u011b 19. stolet\u00ed ji nechal vybudovat kn\u00ed\u017ee <strong>Alfr\u00e9d I. Windischgr\u00e4tz<\/strong>. Po r. 1945 budova ch\u00e1trala, zachr\u00e1nila ji a\u017e velk\u00e1 rekonstrukce po roce 2000. <strong>J\u00edzd\u00e1rna ve Sv\u011btc\u00edch<\/strong> je p\u0159\u00edstupna ve\u0159ejnosti v r\u00e1mci pravideln\u00fdch komentovan\u00fdch prohl\u00eddek, kter\u00e9 v\u00e1s zavedou t\u00e9\u017e do expozice o \u017eivot\u011b m\u00edstn\u00edch kov\u00e1\u0159\u016f.<\/p>\n<p>Sou\u010dasn\u011b s j\u00edzd\u00e1rnou byl ve stejn\u00e9m stylu p\u0159estavov\u00e1n i nedalek\u00fd <strong>paul\u00e1nsk\u00fd kl\u00e1\u0161ter<\/strong> z 2. poloviny 17. stolet\u00ed. <strong>Kn\u00ed\u017ee Windischgr\u00e4tz<\/strong> nechal komplex i s p\u0159ilehl\u00fdm <strong>kostelem<\/strong> odsv\u011btit a ve sv\u00fdch 70 letech se zde rozhodl vystavit <strong>romantick\u00fd z\u00e1mek<\/strong>, kter\u00fd m\u011bl b\u00fdt velmi luxusn\u00edm rodinn\u00fdm s\u00eddlem. Tento \u0161lechtic v\u0161ak zanedlouho zem\u0159el a p\u0159estavba tak nebyla nikdy dokon\u010dena. Na konci 19. a v pr\u016fb\u011bhu 20. stolet\u00ed byl <strong>nedostav\u011bn\u00fd z\u00e1mek<\/strong> z v\u011bt\u0161\u00ed \u010d\u00e1sti rozebr\u00e1n, z\u016fst\u00e1valy z n\u011bj pouze ruiny, kter\u00e9 postupn\u011b pohlcuje p\u0159\u00edroda. \u010c\u00e1st p\u016fvodn\u00ed stavby kl\u00e1\u0161tera, kter\u00e1 m\u011bla slou\u017eit z\u00e1mku jako z\u00e1zem\u00ed, z\u016fstala dodnes funk\u010dn\u00ed a s\u00eddl\u00ed v&nbsp;n\u00ed st\u0159edn\u00ed \u0161kola.<\/p>\n","protected":false},"excerpt":{"rendered":"<p>12 Plan\u00e1 \u2013 Tachov ETAPA 12 je jedna z nejm\u00e9n\u011b fyzicky i \u010dasov\u011b n\u00e1ro\u010dn\u00fdch etap \u010desk\u00e9 \u010d\u00e1sti Husovy cesty. Vede p\u0159ev\u00e1\u017en\u011b otev\u0159enou krajinou s dalek\u00fdmi v\u00fdhledy. Zpo\u010d\u00e1tku proch\u00e1z\u00edme poli po p\u0159\u00edrodn\u00edch cest\u00e1ch, v&nbsp;druh\u00e9 \u010d\u00e1sti trasy n\u00e1s v\u0161ak ji\u017e \u010dekaj\u00ed p\u0159edev\u0161\u00edm cyklotrasy s&nbsp;asfaltov\u00fdm povrchem. SLU\u017dBY: P\u0159\u00edle\u017eitost\u00ed k n\u00e1kupu \u010di ob\u010derstven\u00ed je&#8230;<\/p>\n<p> <a class=\"continue-reading-link\" href=\"https:\/\/husweg.eu\/cz\/etapa-12\/\"><span>Continue reading<\/span><i class=\"crycon-right-dir\"><\/i><\/a> <\/p>\n","protected":false},"author":1,"featured_media":0,"parent":0,"menu_order":0,"comment_status":"closed","ping_status":"closed","template":"","meta":{"ngg_post_thumbnail":0,"footnotes":""},"class_list":["post-590","page","type-page","status-publish","hentry"],"yoast_head":"<!-- This site is optimized with the Yoast SEO plugin v27.4 - https:\/\/yoast.com\/product\/yoast-seo-wordpress\/ -->\n<title>Etapa 12 - Husova cesta<\/title>\n<meta name=\"robots\" content=\"index, follow, max-snippet:-1, max-image-preview:large, max-video-preview:-1\" \/>\n<link rel=\"canonical\" href=\"https:\/\/husweg.eu\/cz\/etapa-12\/\" \/>\n<meta property=\"og:locale\" content=\"de_DE\" \/>\n<meta property=\"og:type\" content=\"article\" \/>\n<meta property=\"og:title\" content=\"Etapa 12 - Husova cesta\" \/>\n<meta property=\"og:description\" content=\"12 Plan\u00e1 \u2013 Tachov ETAPA 12 je jedna z nejm\u00e9n\u011b fyzicky i \u010dasov\u011b n\u00e1ro\u010dn\u00fdch etap \u010desk\u00e9 \u010d\u00e1sti Husovy cesty. Vede p\u0159ev\u00e1\u017en\u011b otev\u0159enou krajinou s dalek\u00fdmi v\u00fdhledy. Zpo\u010d\u00e1tku proch\u00e1z\u00edme poli po p\u0159\u00edrodn\u00edch cest\u00e1ch, v&nbsp;druh\u00e9 \u010d\u00e1sti trasy n\u00e1s v\u0161ak ji\u017e \u010dekaj\u00ed p\u0159edev\u0161\u00edm cyklotrasy s&nbsp;asfaltov\u00fdm povrchem. SLU\u017dBY: P\u0159\u00edle\u017eitost\u00ed k n\u00e1kupu \u010di ob\u010derstven\u00ed je... Continue reading\" \/>\n<meta property=\"og:url\" content=\"https:\/\/husweg.eu\/cz\/etapa-12\/\" \/>\n<meta property=\"og:site_name\" content=\"Husova cesta\" \/>\n<meta property=\"article:modified_time\" content=\"2023-02-23T23:21:19+00:00\" \/>\n<meta name=\"twitter:card\" content=\"summary_large_image\" \/>\n<meta name=\"twitter:label1\" content=\"Gesch\u00e4tzte Lesezeit\" \/>\n\t<meta name=\"twitter:data1\" content=\"7\u00a0Minuten\" \/>\n<script type=\"application\/ld+json\" class=\"yoast-schema-graph\">{\"@context\":\"https:\\\/\\\/schema.org\",\"@graph\":[{\"@type\":\"WebPage\",\"@id\":\"https:\\\/\\\/husweg.eu\\\/cz\\\/etapa-12\\\/\",\"url\":\"https:\\\/\\\/husweg.eu\\\/cz\\\/etapa-12\\\/\",\"name\":\"Etapa 12 - Husova cesta\",\"isPartOf\":{\"@id\":\"https:\\\/\\\/husweg.eu\\\/cz\\\/#website\"},\"datePublished\":\"2022-12-13T21:41:27+00:00\",\"dateModified\":\"2023-02-23T23:21:19+00:00\",\"breadcrumb\":{\"@id\":\"https:\\\/\\\/husweg.eu\\\/cz\\\/etapa-12\\\/#breadcrumb\"},\"inLanguage\":\"de\",\"potentialAction\":[{\"@type\":\"ReadAction\",\"target\":[\"https:\\\/\\\/husweg.eu\\\/cz\\\/etapa-12\\\/\"]}]},{\"@type\":\"BreadcrumbList\",\"@id\":\"https:\\\/\\\/husweg.eu\\\/cz\\\/etapa-12\\\/#breadcrumb\",\"itemListElement\":[{\"@type\":\"ListItem\",\"position\":1,\"name\":\"Startseite\",\"item\":\"https:\\\/\\\/husweg.eu\\\/cz\\\/\"},{\"@type\":\"ListItem\",\"position\":2,\"name\":\"Etapa 12\"}]},{\"@type\":\"WebSite\",\"@id\":\"https:\\\/\\\/husweg.eu\\\/cz\\\/#website\",\"url\":\"https:\\\/\\\/husweg.eu\\\/cz\\\/\",\"name\":\"Husova cesta\",\"description\":\"Husova cesta symbolicky sleduje Husovo putov\u00e1n\u00ed z Prahy na bavorsko-\u010deskou hranici.\",\"potentialAction\":[{\"@type\":\"SearchAction\",\"target\":{\"@type\":\"EntryPoint\",\"urlTemplate\":\"https:\\\/\\\/husweg.eu\\\/cz\\\/?s={search_term_string}\"},\"query-input\":{\"@type\":\"PropertyValueSpecification\",\"valueRequired\":true,\"valueName\":\"search_term_string\"}}],\"inLanguage\":\"de\"}]}<\/script>\n<!-- \/ Yoast SEO plugin. -->","yoast_head_json":{"title":"Etapa 12 - Husova cesta","robots":{"index":"index","follow":"follow","max-snippet":"max-snippet:-1","max-image-preview":"max-image-preview:large","max-video-preview":"max-video-preview:-1"},"canonical":"https:\/\/husweg.eu\/cz\/etapa-12\/","og_locale":"de_DE","og_type":"article","og_title":"Etapa 12 - Husova cesta","og_description":"12 Plan\u00e1 \u2013 Tachov ETAPA 12 je jedna z nejm\u00e9n\u011b fyzicky i \u010dasov\u011b n\u00e1ro\u010dn\u00fdch etap \u010desk\u00e9 \u010d\u00e1sti Husovy cesty. Vede p\u0159ev\u00e1\u017en\u011b otev\u0159enou krajinou s dalek\u00fdmi v\u00fdhledy. Zpo\u010d\u00e1tku proch\u00e1z\u00edme poli po p\u0159\u00edrodn\u00edch cest\u00e1ch, v&nbsp;druh\u00e9 \u010d\u00e1sti trasy n\u00e1s v\u0161ak ji\u017e \u010dekaj\u00ed p\u0159edev\u0161\u00edm cyklotrasy s&nbsp;asfaltov\u00fdm povrchem. SLU\u017dBY: P\u0159\u00edle\u017eitost\u00ed k n\u00e1kupu \u010di ob\u010derstven\u00ed je... Continue reading","og_url":"https:\/\/husweg.eu\/cz\/etapa-12\/","og_site_name":"Husova cesta","article_modified_time":"2023-02-23T23:21:19+00:00","twitter_card":"summary_large_image","twitter_misc":{"Gesch\u00e4tzte Lesezeit":"7\u00a0Minuten"},"schema":{"@context":"https:\/\/schema.org","@graph":[{"@type":"WebPage","@id":"https:\/\/husweg.eu\/cz\/etapa-12\/","url":"https:\/\/husweg.eu\/cz\/etapa-12\/","name":"Etapa 12 - Husova cesta","isPartOf":{"@id":"https:\/\/husweg.eu\/cz\/#website"},"datePublished":"2022-12-13T21:41:27+00:00","dateModified":"2023-02-23T23:21:19+00:00","breadcrumb":{"@id":"https:\/\/husweg.eu\/cz\/etapa-12\/#breadcrumb"},"inLanguage":"de","potentialAction":[{"@type":"ReadAction","target":["https:\/\/husweg.eu\/cz\/etapa-12\/"]}]},{"@type":"BreadcrumbList","@id":"https:\/\/husweg.eu\/cz\/etapa-12\/#breadcrumb","itemListElement":[{"@type":"ListItem","position":1,"name":"Startseite","item":"https:\/\/husweg.eu\/cz\/"},{"@type":"ListItem","position":2,"name":"Etapa 12"}]},{"@type":"WebSite","@id":"https:\/\/husweg.eu\/cz\/#website","url":"https:\/\/husweg.eu\/cz\/","name":"Husova cesta","description":"Husova cesta symbolicky sleduje Husovo putov\u00e1n\u00ed z Prahy na bavorsko-\u010deskou hranici.","potentialAction":[{"@type":"SearchAction","target":{"@type":"EntryPoint","urlTemplate":"https:\/\/husweg.eu\/cz\/?s={search_term_string}"},"query-input":{"@type":"PropertyValueSpecification","valueRequired":true,"valueName":"search_term_string"}}],"inLanguage":"de"}]}},"_links":{"self":[{"href":"https:\/\/husweg.eu\/cz\/wp-json\/wp\/v2\/pages\/590","targetHints":{"allow":["GET"]}}],"collection":[{"href":"https:\/\/husweg.eu\/cz\/wp-json\/wp\/v2\/pages"}],"about":[{"href":"https:\/\/husweg.eu\/cz\/wp-json\/wp\/v2\/types\/page"}],"author":[{"embeddable":true,"href":"https:\/\/husweg.eu\/cz\/wp-json\/wp\/v2\/users\/1"}],"replies":[{"embeddable":true,"href":"https:\/\/husweg.eu\/cz\/wp-json\/wp\/v2\/comments?post=590"}],"version-history":[{"count":9,"href":"https:\/\/husweg.eu\/cz\/wp-json\/wp\/v2\/pages\/590\/revisions"}],"predecessor-version":[{"id":808,"href":"https:\/\/husweg.eu\/cz\/wp-json\/wp\/v2\/pages\/590\/revisions\/808"}],"wp:attachment":[{"href":"https:\/\/husweg.eu\/cz\/wp-json\/wp\/v2\/media?parent=590"}],"curies":[{"name":"wp","href":"https:\/\/api.w.org\/{rel}","templated":true}]}}