{"id":588,"date":"2022-12-13T22:41:17","date_gmt":"2022-12-13T21:41:17","guid":{"rendered":"https:\/\/husweg.eu\/cz\/?page_id=588"},"modified":"2023-02-23T23:59:06","modified_gmt":"2023-02-23T22:59:06","slug":"etapa-11","status":"publish","type":"page","link":"https:\/\/husweg.eu\/cz\/etapa-11\/","title":{"rendered":"Etapa 11"},"content":{"rendered":"<p><strong>Etapa 11: Bezdru\u017eice \u2013 Plan\u00e1<\/strong><\/p>\n<p><strong><span style=\"color: #ff0000;\">ETAPA 11 j<\/span><\/strong><span style=\"color: #ff0000;\">e d\u00edky \u010dast\u00e9mu stoup\u00e1n\u00ed a n\u00e1sledn\u00e9mu kles\u00e1n\u00ed n\u00e1ro\u010dn\u011bj\u0161\u00edm \u00fasekem. Vede p\u0159ev\u00e1\u017en\u011b <\/span><span style=\"color: #ff0000;\">pastvinami a lesy, a to \u00fazem\u00edm p\u0159\u00edrodn\u00edch park\u016f Hadovka a Kos\u00ed potok. Vstupujeme j\u00ed do \u00fazem\u00ed <\/span><span style=\"color: #ff0000;\">miner\u00e1ln\u00edch pramen\u016f a l\u00e1zn\u00ed.<\/span><strong><span style=\"color: #ff0000;\"><br \/>\n<\/span><\/strong><br \/>\n<strong><span style=\"color: #ff0000;\">SLU\u017dBY<\/span><\/strong><span style=\"color: #ff0000;\">: Mo\u017enost n\u00e1kupu a ob\u010derstven\u00ed je celoro\u010dn\u011b velmi dobr\u00e1 na za\u010d\u00e1tku i v c\u00edli cesty, ubytov\u00e1n\u00ed je <\/span><span style=\"color: #ff0000;\">nutn\u00e9 dop\u0159edu dob\u0159e pl\u00e1novat.<\/span><\/p>\n<p><strong>POPIS CESTY<\/strong><br \/>\nZ <strong>bezdru\u017eick\u00e9ho n\u00e1m\u011bst\u00ed<\/strong> se vyd\u00e1me po \u017elut\u00e9 sm\u011brem na <strong>Konstantinovy L\u00e1zn\u011b<\/strong>. Na jejich za\u010d\u00e1tku trasa odbo\u010duje v \u010d\u00e1sti <strong>Star\u00e9 L\u00e1zn\u011b<\/strong> vpravo na nau\u010dnou stezku, kter\u00e1 funguje tak\u00e9 jako inline dr\u00e1ha. U odpo\u010dinkov\u00e9ho m\u00edsta za lesoparkem potk\u00e1v\u00e1me modr\u00e9 zna\u010den\u00ed, kter\u00e9 n\u00e1s bude prov\u00e1zet po zbytek dne. Proch\u00e1z\u00edme obc\u00ed <strong>\u010celiv<\/strong> a jdeme do <strong>Kras\u00edkova<\/strong>. Zde m\u016f\u017eeme nav\u0161t\u00edvit <strong>Kras\u00edkovsk\u00fd dv\u016fr<\/strong> nab\u00edzej\u00edc\u00ed slu\u017eby v oblasti agroturistiky. M\u016f\u017eeme vystoupat odtud na vrch Kras\u00edkov <strong>se z\u0159\u00edceninou hradu \u0160vamberk<\/strong>. Odm\u011bnou za v\u00edce jak dvoukilometrovou zach\u00e1zku n\u00e1m budou v\u00fdhledy do \u0161irok\u00e9ho kraje.<br \/>\nZe stejn\u00e9ho d\u016fvodu doporu\u010dujeme zdolat tak\u00e9 prot\u011bj\u0161\u00ed <strong>Ov\u010d\u00ed vrch<\/strong>.<\/p>\n<p>Pokra\u010dujeme do <strong>Domaslavi<\/strong>, kam m\u016f\u017eeme doj\u00edt krat\u0161\u00ed, ale kv\u016fli doprav\u011b trochu nep\u0159\u00edjemnou cestou po silnici nebo del\u0161\u00ed, ale klidn\u011bj\u0161\u00ed <strong>p\u0159\u00edrodn\u00edm parkem Hadovka<\/strong> po modr\u00e9. Z Domaslavi dojdeme p\u0159es&nbsp;<strong>Doln\u00ed V\u00edsku<\/strong> do osady <strong>Ko\u0159en<\/strong>. Cestou na Ot\u00edn proch\u00e1z\u00edme \u00fadol\u00edm Kos\u00edho potoka. Od sk\u00e1ly <strong>\u010certovky<\/strong> prudce stoup\u00e1me vlevo kolem sez\u00f3nn\u00edho vodop\u00e1du a zanedlouho p\u0159ich\u00e1z\u00edme do <strong>Ot\u00edna<\/strong>. Odtud ji\u017e kles\u00e1me sm\u011brem k <strong>Plan\u00e9<\/strong> po klidn\u00e9 silnici asfaltov\u00e9 t\u0159\u00eddy. P\u0159ed Planou je\u0161t\u011b nav\u0161t\u00edv\u00edme <strong>Bohu\u0161\u016fv vrch<\/strong> s&nbsp;rozhlednou. Uprost\u0159ed n\u00e1m\u011bst\u00ed v&nbsp;Plan\u00e9 tato etapa kon\u010d\u00ed.<\/p>\n<p><strong>ZAJ\u00cdMAVOSTI NA TRASE<br \/>\n<\/strong><br \/>\n<strong>Konstantinovy L\u00e1zn\u011b<\/strong><br \/>\n<strong>Konstantinovy L\u00e1zn\u011b<\/strong> se mohou chlubit hned n\u011bkolika \u201enej\u201c. Zaprv\u00e9 pat\u0159\u00ed mezi na\u0161e nejmen\u0161\u00ed l\u00e1zn\u011b. L\u00e9\u010d\u00ed se zde poruchy kardiovaskul\u00e1rn\u00edho syst\u00e9mu pomoc\u00ed miner\u00e1ln\u00ed vody s nejv\u011bt\u0161\u00edm obsahem oxidu uhli\u010dit\u00e9ho v \u010cesku, d\u00edky \u010demu\u017e se m\u00edstn\u00edmu <strong>Prus\u00edkovu prameni<\/strong> d\u0159\u00edve p\u0159ezd\u00edvalo \u201eSmra\u010f\u00e1k\u201c. Sou\u010dasn\u011b se jedn\u00e1 o nejmlad\u0161\u00ed obec Plze\u0148sk\u00e9ho kraje, samostatnou a\u017e od roku 1924-<\/p>\n<p><strong>Kras\u00edkov<\/strong><br \/>\nVrch <strong>Kras\u00edkov<\/strong> le\u017e\u00edc\u00ed u stejnojmenn\u00e9 osady, nedaleko obce Koka\u0161ice, je bezesporu dominantou m\u00edstn\u00ed krajiny. Na jeho vrcholku nalezneme <strong>kostel sv. M\u00e1\u0159\u00ed Magdal\u00e9ny<\/strong>, odpo\u010dinkov\u00e9 m\u00edsto a o kus d\u00e1l tak\u00e9 <strong>z\u0159\u00edceninu hradu \u0160vamberk<\/strong>, na n\u00ed\u017e m\u016f\u017eeme vystoupat po kovov\u00fdch schodech a u\u017e\u00edt si kr\u00e1sn\u00e9 v\u00fdhledy.<\/p>\n<p><strong>Ov\u010d\u00ed vrch<\/strong><br \/>\n<strong>Ov\u010d\u00ed vrch<\/strong> zdob\u00ed zdaleka viditeln\u00e1 <strong>v\u00e1lcov\u00e1 kaple<\/strong> p\u0159ipom\u00ednaj\u00edc\u00ed rotundu a kamenn\u00e1 <strong>mohyla<\/strong>, pam\u00e1tn\u00edk selsk\u00e9ho povst\u00e1n\u00ed. Na\u0161e trasa p\u0159\u00edmo p\u0159es n\u011bj nevede, nab\u00edz\u00ed v\u0161ak unik\u00e1tn\u00ed v\u00fdhled na <strong>Kras\u00edkov<\/strong>.<\/p>\n<p><strong>Hadovka a Kos\u00ed potok<\/strong><br \/>\nJedn\u00e1 se o p\u0159\u00edrodn\u00ed parky s hluboce za\u0159\u00edznut\u00fdmi a p\u0159ev\u00e1\u017en\u011b zalesn\u011bn\u00fdmi \u00fadol\u00edmi kolem stejnojmenn\u00fdch potok\u016f se zachovalou p\u0159\u00edrodou. Tento davy opom\u00edjen\u00fd kout sv\u011bta vyhled\u00e1vaj\u00ed p\u0159edev\u0161\u00edm trampov\u00e9. Po trase potk\u00e1me i malebn\u00e9 v\u00edsky <strong>Domaslav, Ko\u0159en, K\u0159\u00ednov a Ot\u00edn<\/strong>, ve kter\u00fdch jako by se zastavil \u010das.<\/p>\n<p><strong>M\u011bsto Plan\u00e1<\/strong><br \/>\nPrvn\u00ed p\u00edsemn\u00e9 z\u00e1znamy o <strong>Plan\u00e9<\/strong> poch\u00e1zej\u00ed z roku 1251. M\u011bsto le\u017eelo na d\u016fle\u017eit\u00e9 obchodn\u00ed cest\u011b, kter\u00e1 vedla z Norimberka p\u0159es Cheb d\u00e1le do \u010cech. P\u016fvodn\u00ed osada st\u00e1vala na \u00fapat\u00ed <strong>Bohu\u0161ova vrchu<\/strong>. Nejstar\u0161\u00ed architektonickou pam\u00e1tkou v rom\u00e1nsko-gotick\u00e9ho stylu, odkazuj\u00edc\u00ed dodnes na toto obdob\u00ed je <strong>kostel sv. Petra a Pavla<\/strong>. Ten je cen\u011bn\u00fd tak\u00e9 d\u00edky fresk\u00e1m ze 13. stolet\u00ed a rom\u00e1nsk\u00e9mu port\u00e1lu s oblou\u010dkov\u00fdm vlysem. Na samotn\u00e9m Bohu\u0161ov\u011b vrchu, pojmenovan\u00e9m podle st\u0159edov\u011bk\u00e9ho ryt\u00ed\u0159e Bohu\u0161e, n\u011bkdy naz\u00fdvan\u00e9m t\u00e9\u017e \u201e\u0160ibeni\u010dn\u00ed\u201c, dnes stoj\u00ed zd\u011bn\u00e1 v\u011b\u017e se \u0161pi\u010datou st\u0159\u00ed\u0161kou z roku 1909. Celkov\u00e1 v\u00fd\u0161ka t\u00e9to <strong>rozhledny<\/strong> je 21 metr\u016f. Ve\u0159ejnosti je trvale otev\u0159ena, po vystoup\u00e1n\u00ed 73 schod\u016f se p\u0159ed n\u00e1mi rozprost\u0159e kruhov\u00fd v\u00fdhled na Planou, ale i vrcholky \u010cesk\u00e9ho a Slavkovsk\u00e9ho lesa.<\/p>\n<p>V Plan\u00e9 m\u016f\u017eeme d\u00e1le obdivovat <strong>n\u00e1m\u011bst\u00ed s m\u011b\u0161\u0165ansk\u00fdmi domy<\/strong>, pam\u00e1tkov\u011b chr\u00e1n\u011bnou <strong>radnic\u00ed<\/strong>, morov\u00fdm sloupem a p\u0159edev\u0161\u00edm <strong>ka\u0161nami<\/strong>. Nedaleko n\u00e1m\u011bst\u00ed m\u016f\u017eeme tak\u00e9 nav\u0161t\u00edvit barokn\u011b p\u0159estav\u011bn\u00fd kostel <strong>Nanebevzet\u00ed Panny Marie<\/strong>. V jeho v\u011b\u017ei se nach\u00e1z\u00ed v\u00fdstavn\u00ed galerie s vyhl\u00eddkou z ochozu. Odpo\u010dinout si pot\u00e9 m\u016f\u017eeme v rekrea\u010dn\u00edm parku u <strong>M\u011bstsk\u00e9ho rybn\u00edka<\/strong> nebo naopak vyrazit alej\u00ed za m\u011bsto k&nbsp;poutn\u00edmu <strong>kostelu Svat\u00e1 Anna<\/strong> s&nbsp;hrobkou rodu <strong>Nostic\u016f<\/strong> na n\u00e1vr\u0161\u00ed u <strong>Anensk\u00e9ho rybn\u00edka<\/strong>.<\/p>\n<p><em><strong>Hornick\u00e9 muzeum Plan\u00e1<\/strong><\/em><\/p>\n<p><strong>\u0160tola Ond\u0159ej \u0160lik<\/strong>, kde se nach\u00e1z\u00ed m\u00edstn\u00ed hornick\u00e9 muzeum, p\u0159ipom\u00edn\u00e1 nejv\u011bt\u0161\u00ed rozmach dolov\u00e1n\u00ed st\u0159\u00edbrn\u00fdch rud v Plan\u00e9 v 2. polovin\u011b 16. stolet\u00ed. Ru\u010dn\u011b ra\u017een\u00e1 \u0161tola m\u011bla zjistit v\u00fdskyt t\u011bchto rud. Jej\u00ed celkov\u00e1 d\u00e9lka \u010din\u00ed p\u0159ibli\u017en\u011b 200 metr\u016f.<\/p>\n<p><em><strong>B\u00fdval\u00fd zajateck\u00fd t\u00e1bor<\/strong><\/em><br \/>\nNa poli za <strong>Karl\u00ednem<\/strong>, ji\u017en\u00ed okrajov\u00e9 \u010d\u00e1sti <strong>m\u011bsta Plan\u00e1<\/strong>, byl za <strong>1. sv\u011btov\u00e9 v\u00e1lky<\/strong> vystav\u011bn\u00fd <strong>zajateck\u00fd t\u00e1bor<\/strong>, v n\u011bm\u017e v t\u00e9 dob\u011b \u017eilo \u010dty\u0159ikr\u00e1t v\u00edce lid\u00ed ne\u017eli v samotn\u00e9 m\u011bsta. V t\u00e1bo\u0159e st\u00e1lo na 400 dom\u016f a 4 vysok\u00e9 str\u00e1\u017en\u00ed v\u011b\u017e. Po v\u00e1lce v\u0161ak byl zbo\u0159en, a krom\u011b <strong>b\u00fdval\u00e9ho h\u0159bitova<\/strong> po n\u011bm nez\u016fstalo pam\u00e1tky. H\u0159bitov se nach\u00e1z\u00ed na konci poli u lesa, nedaleko <strong>Slatinn\u00e9ho potoka<\/strong>. Je zde poh\u0159beno 287 voj\u00e1k\u016f, kte\u0159\u00ed ve zdej\u0161\u00edm t\u00e1bo\u0159e zahynuli. Z v\u011bt\u0161\u00ed \u010d\u00e1sti se jednalo o \u010dleny rusk\u00e9 carsk\u00e9 arm\u00e1dy, proto se m\u00edstu n\u011bkdy \u0159\u00edk\u00e1 <strong>Rusk\u00fd h\u0159bitov<\/strong>. Prostor je dnes pietn\u011b upraven.<\/p>\n","protected":false},"excerpt":{"rendered":"<p>Etapa 11: Bezdru\u017eice \u2013 Plan\u00e1 ETAPA 11 je d\u00edky \u010dast\u00e9mu stoup\u00e1n\u00ed a n\u00e1sledn\u00e9mu kles\u00e1n\u00ed n\u00e1ro\u010dn\u011bj\u0161\u00edm \u00fasekem. Vede p\u0159ev\u00e1\u017en\u011b pastvinami a lesy, a to \u00fazem\u00edm p\u0159\u00edrodn\u00edch park\u016f Hadovka a Kos\u00ed potok. Vstupujeme j\u00ed do \u00fazem\u00ed miner\u00e1ln\u00edch pramen\u016f a l\u00e1zn\u00ed. SLU\u017dBY: Mo\u017enost n\u00e1kupu a ob\u010derstven\u00ed je celoro\u010dn\u011b velmi dobr\u00e1 na za\u010d\u00e1tku i&#8230;<\/p>\n<p> <a class=\"continue-reading-link\" href=\"https:\/\/husweg.eu\/cz\/etapa-11\/\"><span>Continue reading<\/span><i class=\"crycon-right-dir\"><\/i><\/a> <\/p>\n","protected":false},"author":1,"featured_media":0,"parent":0,"menu_order":0,"comment_status":"closed","ping_status":"closed","template":"","meta":{"ngg_post_thumbnail":0,"footnotes":""},"class_list":["post-588","page","type-page","status-publish","hentry"],"yoast_head":"<!-- This site is optimized with the Yoast SEO plugin v27.4 - https:\/\/yoast.com\/product\/yoast-seo-wordpress\/ -->\n<title>Etapa 11 - Husova cesta<\/title>\n<meta name=\"robots\" content=\"index, follow, max-snippet:-1, max-image-preview:large, max-video-preview:-1\" \/>\n<link rel=\"canonical\" href=\"https:\/\/husweg.eu\/cz\/etapa-11\/\" \/>\n<meta property=\"og:locale\" content=\"de_DE\" \/>\n<meta property=\"og:type\" content=\"article\" \/>\n<meta property=\"og:title\" content=\"Etapa 11 - Husova cesta\" \/>\n<meta property=\"og:description\" content=\"Etapa 11: Bezdru\u017eice \u2013 Plan\u00e1 ETAPA 11 je d\u00edky \u010dast\u00e9mu stoup\u00e1n\u00ed a n\u00e1sledn\u00e9mu kles\u00e1n\u00ed n\u00e1ro\u010dn\u011bj\u0161\u00edm \u00fasekem. Vede p\u0159ev\u00e1\u017en\u011b pastvinami a lesy, a to \u00fazem\u00edm p\u0159\u00edrodn\u00edch park\u016f Hadovka a Kos\u00ed potok. Vstupujeme j\u00ed do \u00fazem\u00ed miner\u00e1ln\u00edch pramen\u016f a l\u00e1zn\u00ed. SLU\u017dBY: Mo\u017enost n\u00e1kupu a ob\u010derstven\u00ed je celoro\u010dn\u011b velmi dobr\u00e1 na za\u010d\u00e1tku i... Continue reading\" \/>\n<meta property=\"og:url\" content=\"https:\/\/husweg.eu\/cz\/etapa-11\/\" \/>\n<meta property=\"og:site_name\" content=\"Husova cesta\" \/>\n<meta property=\"article:modified_time\" content=\"2023-02-23T22:59:06+00:00\" \/>\n<meta name=\"twitter:card\" content=\"summary_large_image\" \/>\n<meta name=\"twitter:label1\" content=\"Gesch\u00e4tzte Lesezeit\" \/>\n\t<meta name=\"twitter:data1\" content=\"5\u00a0Minuten\" \/>\n<script type=\"application\/ld+json\" class=\"yoast-schema-graph\">{\"@context\":\"https:\\\/\\\/schema.org\",\"@graph\":[{\"@type\":\"WebPage\",\"@id\":\"https:\\\/\\\/husweg.eu\\\/cz\\\/etapa-11\\\/\",\"url\":\"https:\\\/\\\/husweg.eu\\\/cz\\\/etapa-11\\\/\",\"name\":\"Etapa 11 - Husova cesta\",\"isPartOf\":{\"@id\":\"https:\\\/\\\/husweg.eu\\\/cz\\\/#website\"},\"datePublished\":\"2022-12-13T21:41:17+00:00\",\"dateModified\":\"2023-02-23T22:59:06+00:00\",\"breadcrumb\":{\"@id\":\"https:\\\/\\\/husweg.eu\\\/cz\\\/etapa-11\\\/#breadcrumb\"},\"inLanguage\":\"de\",\"potentialAction\":[{\"@type\":\"ReadAction\",\"target\":[\"https:\\\/\\\/husweg.eu\\\/cz\\\/etapa-11\\\/\"]}]},{\"@type\":\"BreadcrumbList\",\"@id\":\"https:\\\/\\\/husweg.eu\\\/cz\\\/etapa-11\\\/#breadcrumb\",\"itemListElement\":[{\"@type\":\"ListItem\",\"position\":1,\"name\":\"Startseite\",\"item\":\"https:\\\/\\\/husweg.eu\\\/cz\\\/\"},{\"@type\":\"ListItem\",\"position\":2,\"name\":\"Etapa 11\"}]},{\"@type\":\"WebSite\",\"@id\":\"https:\\\/\\\/husweg.eu\\\/cz\\\/#website\",\"url\":\"https:\\\/\\\/husweg.eu\\\/cz\\\/\",\"name\":\"Husova cesta\",\"description\":\"Husova cesta symbolicky sleduje Husovo putov\u00e1n\u00ed z Prahy na bavorsko-\u010deskou hranici.\",\"potentialAction\":[{\"@type\":\"SearchAction\",\"target\":{\"@type\":\"EntryPoint\",\"urlTemplate\":\"https:\\\/\\\/husweg.eu\\\/cz\\\/?s={search_term_string}\"},\"query-input\":{\"@type\":\"PropertyValueSpecification\",\"valueRequired\":true,\"valueName\":\"search_term_string\"}}],\"inLanguage\":\"de\"}]}<\/script>\n<!-- \/ Yoast SEO plugin. -->","yoast_head_json":{"title":"Etapa 11 - Husova cesta","robots":{"index":"index","follow":"follow","max-snippet":"max-snippet:-1","max-image-preview":"max-image-preview:large","max-video-preview":"max-video-preview:-1"},"canonical":"https:\/\/husweg.eu\/cz\/etapa-11\/","og_locale":"de_DE","og_type":"article","og_title":"Etapa 11 - Husova cesta","og_description":"Etapa 11: Bezdru\u017eice \u2013 Plan\u00e1 ETAPA 11 je d\u00edky \u010dast\u00e9mu stoup\u00e1n\u00ed a n\u00e1sledn\u00e9mu kles\u00e1n\u00ed n\u00e1ro\u010dn\u011bj\u0161\u00edm \u00fasekem. Vede p\u0159ev\u00e1\u017en\u011b pastvinami a lesy, a to \u00fazem\u00edm p\u0159\u00edrodn\u00edch park\u016f Hadovka a Kos\u00ed potok. Vstupujeme j\u00ed do \u00fazem\u00ed miner\u00e1ln\u00edch pramen\u016f a l\u00e1zn\u00ed. SLU\u017dBY: Mo\u017enost n\u00e1kupu a ob\u010derstven\u00ed je celoro\u010dn\u011b velmi dobr\u00e1 na za\u010d\u00e1tku i... Continue reading","og_url":"https:\/\/husweg.eu\/cz\/etapa-11\/","og_site_name":"Husova cesta","article_modified_time":"2023-02-23T22:59:06+00:00","twitter_card":"summary_large_image","twitter_misc":{"Gesch\u00e4tzte Lesezeit":"5\u00a0Minuten"},"schema":{"@context":"https:\/\/schema.org","@graph":[{"@type":"WebPage","@id":"https:\/\/husweg.eu\/cz\/etapa-11\/","url":"https:\/\/husweg.eu\/cz\/etapa-11\/","name":"Etapa 11 - Husova cesta","isPartOf":{"@id":"https:\/\/husweg.eu\/cz\/#website"},"datePublished":"2022-12-13T21:41:17+00:00","dateModified":"2023-02-23T22:59:06+00:00","breadcrumb":{"@id":"https:\/\/husweg.eu\/cz\/etapa-11\/#breadcrumb"},"inLanguage":"de","potentialAction":[{"@type":"ReadAction","target":["https:\/\/husweg.eu\/cz\/etapa-11\/"]}]},{"@type":"BreadcrumbList","@id":"https:\/\/husweg.eu\/cz\/etapa-11\/#breadcrumb","itemListElement":[{"@type":"ListItem","position":1,"name":"Startseite","item":"https:\/\/husweg.eu\/cz\/"},{"@type":"ListItem","position":2,"name":"Etapa 11"}]},{"@type":"WebSite","@id":"https:\/\/husweg.eu\/cz\/#website","url":"https:\/\/husweg.eu\/cz\/","name":"Husova cesta","description":"Husova cesta symbolicky sleduje Husovo putov\u00e1n\u00ed z Prahy na bavorsko-\u010deskou hranici.","potentialAction":[{"@type":"SearchAction","target":{"@type":"EntryPoint","urlTemplate":"https:\/\/husweg.eu\/cz\/?s={search_term_string}"},"query-input":{"@type":"PropertyValueSpecification","valueRequired":true,"valueName":"search_term_string"}}],"inLanguage":"de"}]}},"_links":{"self":[{"href":"https:\/\/husweg.eu\/cz\/wp-json\/wp\/v2\/pages\/588","targetHints":{"allow":["GET"]}}],"collection":[{"href":"https:\/\/husweg.eu\/cz\/wp-json\/wp\/v2\/pages"}],"about":[{"href":"https:\/\/husweg.eu\/cz\/wp-json\/wp\/v2\/types\/page"}],"author":[{"embeddable":true,"href":"https:\/\/husweg.eu\/cz\/wp-json\/wp\/v2\/users\/1"}],"replies":[{"embeddable":true,"href":"https:\/\/husweg.eu\/cz\/wp-json\/wp\/v2\/comments?post=588"}],"version-history":[{"count":8,"href":"https:\/\/husweg.eu\/cz\/wp-json\/wp\/v2\/pages\/588\/revisions"}],"predecessor-version":[{"id":797,"href":"https:\/\/husweg.eu\/cz\/wp-json\/wp\/v2\/pages\/588\/revisions\/797"}],"wp:attachment":[{"href":"https:\/\/husweg.eu\/cz\/wp-json\/wp\/v2\/media?parent=588"}],"curies":[{"name":"wp","href":"https:\/\/api.w.org\/{rel}","templated":true}]}}