{"id":586,"date":"2022-12-13T22:41:03","date_gmt":"2022-12-13T21:41:03","guid":{"rendered":"https:\/\/husweg.eu\/cz\/?page_id=586"},"modified":"2023-02-23T23:54:36","modified_gmt":"2023-02-23T22:54:36","slug":"etapa-10","status":"publish","type":"page","link":"https:\/\/husweg.eu\/cz\/etapa-10\/","title":{"rendered":"Etapa 10"},"content":{"rendered":"<p><strong>Etapa 10: Ne\u010dtiny \u2013 Bezdru\u017eice<br \/>\n<\/strong><br \/>\n<strong><span style=\"color: #ff0000;\">ETAPA 10<\/span><\/strong><span style=\"color: #ff0000;\"> je m\u00edrn\u011b n\u00e1ro\u010dn\u00e1, jak svoj\u00ed d\u00e9lkou, tak p\u0159ev\u00fd\u0161en\u00edm. \u010cekaj\u00ed n\u00e1s p\u0159edev\u0161\u00edm hlubok\u00e9 lesy, ale i <\/span><span style=\"color: #ff0000;\">\u00fadol\u00ed potok\u016f a vyhl\u00eddky, d\u00edky n\u00edm\u017e dohl\u00e9dneme a\u017e do p\u0159\u00edhrani\u010dn\u00edch hor. Projdeme p\u0159\u00edrodn\u00edmi parky <\/span><span style=\"color: #ff0000;\">Man\u011bt\u00ednsk\u00e1 a \u00datersk\u00fd potok, i zde se budeme moci kochat tmavou no\u010dn\u00ed oblohou.<br \/>\n<\/span><br \/>\n<strong><span style=\"color: #ff0000;\">SLU\u017dBY: <\/span><\/strong><span style=\"color: #ff0000;\">Nab\u00eddka obchod\u016f, stravov\u00e1n\u00ed a ubytov\u00e1n\u00ed na trase je dosta\u010duj\u00edc\u00ed. V c\u00edli lze nav\u00edc vyu\u017e\u00edt z\u00e1zem\u00ed <\/span><span style=\"color: #ff0000;\">v&nbsp;Konstantinov\u00fdch L\u00e1zn\u00edch.<\/span><\/p>\n<p><strong>POPIS CESTY<br \/>\n<\/strong><br \/>\nOd infocentra v Ne\u010dtinech jdeme po modr\u00e9 nau\u010dn\u00e9 stezce do \u010d\u00e1st\u00ed s n\u00e1zvem <strong>Nov\u00e9 M\u011bste\u010dko<\/strong> a <strong>Hrad Ne\u010dtiny<\/strong>. Projdeme pod n\u00e1vr\u0161\u00edm se z\u0159\u00edceninou <strong>Preitenstein<\/strong> a kolem <strong>are\u00e1lu z\u00e1mku<\/strong>. Za n\u00edm se napoj\u00edme na hlavn\u00ed silnici, po n\u00ed\u017e odch\u00e1z\u00edme z Ne\u010dtin. Hned na konci z\u00e1stavby odbo\u010dujeme vpravo na nezna\u010denou cestu a jdeme mezi pastvinami do lesa. Po cca 1,5 km se napojujeme na \u017elut\u00e9 zna\u010den\u00ed a m\u00ed\u0159\u00edme k <strong>osad\u011b Um\u00ed\u0159<\/strong>, kde se nach\u00e1z\u00ed poz\u016fstatky b\u00fdval\u00e9 obce s krat\u0161\u00ed nau\u010dnou stezkou a p\u0159\u00edst\u0159e\u0161kem pro bivakov\u00e1n\u00ed.<\/p>\n<p>Z Um\u00ed\u0159e odch\u00e1z\u00edme d\u00e1le po \u017elut\u00e9, kter\u00e1 z na\u0161\u00ed trasy z\u00e1hy za <strong>Karlov\u00fdm Dvorem<\/strong> odbo\u010duje vpravo. My jdeme rovn\u011b po cyklostezce a\u017e k hlavn\u00ed silnici s pom\u011brn\u011b siln\u00fdm provozem. Opatrn\u011b silnici p\u0159ejdeme a pokra\u010dujeme po asfaltov\u00e9 cest\u011b a\u017e k m\u00edstu <strong>\u201eNa Hol\u00e9\u201c<\/strong>. Zde odbo\u010dujeme z cyklostezky vlevo, m\u00edj\u00edme <strong>zatopen\u00fd lom<\/strong> a jdeme poln\u00ed cestou, kter\u00e1 se postupn\u011b st\u00e1\u010d\u00ed doprava. Dojdeme na n\u00e1ves obce <strong>Krsy<\/strong>, kter\u00e9 projdeme a na severn\u00edm okraji u <strong>enviroment\u00e1ln\u00edho centra<\/strong> odbo\u010dujeme vlevo na nezna\u010denou poln\u00ed cestu. Proch\u00e1z\u00edme poli a\u017e na okraj lesa. Za k\u0159\u00ed\u017ekem dojdeme k rozcest\u00ed, odkud se d\u00e1me vlevo dol\u016f p\u0159es louku a kles\u00e1me&nbsp;lesem k <strong>Dolsk\u00e9mu potoku<\/strong>.<\/p>\n<p>Pokra\u010dujeme vlevo pod\u00e9l potoka, n\u00e1sledn\u011b jej po silni\u010dn\u00edm most\u011b potok p\u0159ejdeme. Z\u00e1hy od rozcestn\u00edku u <strong>h\u00e1jenky<\/strong> zah\u00fdb\u00e1me vlevo a stoup\u00e1me vzh\u016fru do lesa. Po cca 1 km dojdeme k p\u0159\u00edjemn\u00e9mu odpo\u010dinkov\u00e9mu m\u00edstu na kraji lesa, zna\u010den\u00e9mu jako bod z\u00e1chrany. Odtud se vyd\u00e1v\u00e1me spole\u010dn\u011b s cyklostezkou do \u00fadol\u00ed <strong>\u00datersk\u00e9ho potoka<\/strong>. Milovn\u00edci romantick\u00fdch proch\u00e1zek se odtud mohou jeho \u00fadol\u00edm vydat po zelen\u00e9 bu\u010f do <strong>\u00dater\u00fd<\/strong> nebo na druhou stranu k <strong>hradi\u0161ti \u0160ip\u00edn<\/strong>. My jej v\u0161ak k\u0159\u00ed\u017e\u00edme a n\u00e1sledujeme do kopce cyklostezku. Od potoka n\u00e1s \u010dek\u00e1 posledn\u00edch cca 1,5 km stoup\u00e1n\u00ed z hlubok\u00e9ho \u00fadol\u00ed, pot\u00e9 vych\u00e1z\u00edme z lesa do pol\u00ed a za dal\u0161\u00edch, ji\u017e rovinat\u00fdch 1,5 km p\u0159ich\u00e1z\u00edme na <strong>n\u00e1m\u011bst\u00ed v&nbsp;Bezdru\u017eic\u00edch<\/strong>, kde je c\u00edl na\u0161\u00ed etapy.<\/p>\n<p><strong>ZAJ\u00cdMAVOSTI NA TRASE<br \/>\n<\/strong><br \/>\n<strong>P\u0159\u00edrodn\u00ed park Man\u011bt\u00ednsk\u00e1<\/strong><br \/>\nTento souvisl\u00fd lesn\u00ed komplex s lokalitami p\u016fvodn\u00edch druh\u016f d\u0159evin a bylin se nach\u00e1z\u00ed mezi <strong>Man\u011bt\u00ednem<\/strong> a <strong>\u00dan\u011b\u0161ovem<\/strong>. \u00dazem\u00ed bylo v&nbsp;minulosti vyu\u017e\u00edv\u00e1no t\u00e9\u017e jako vojensk\u00fd v\u00fdcvikov\u00fd prostor.<\/p>\n<p><strong>Man\u011bt\u00ednsk\u00e1 oblast tmav\u00e9 oblohy<\/strong><br \/>\nOblast se nach\u00e1z\u00ed na pomez\u00ed <strong>Plze\u0148sk\u00e9ho a Karlovarsk\u00e9ho kraje<\/strong> a zahrnuje katastry 10 obc\u00ed. D\u00edky \u0159\u00eddk\u00e9mu os\u00eddlen\u00ed a venkovsk\u00e9mu charakteru se vyzna\u010duje <strong>mal\u00fdm mno\u017estv\u00edm sv\u011bteln\u00e9ho smogu<\/strong> a velmi dobr\u00fdmi podm\u00ednkami pro <strong>pozorov\u00e1n\u00ed no\u010dn\u00ed oblohy<\/strong>. V roce 2014 vzniklo <strong>spole\u010dn\u00e9 memorandum<\/strong>, v n\u011bm\u017e se z\u00fa\u010dastn\u011bn\u00e9 strany zav\u00e1zaly db\u00e1t z\u00e1sad \u0161etrn\u00e9ho osv\u011btlov\u00e1n\u00ed, chr\u00e1nit zachoval\u00e9 no\u010dn\u00ed prost\u0159ed\u00ed a \u0161\u00ed\u0159it osv\u011btu v\u016f\u010di ve\u0159ejnosti. Husova cesta t\u00edmto \u00fazem\u00edm proch\u00e1z\u00ed od Rab\u0161tejna a\u017e po Krsy.<\/p>\n<p><strong>Um\u00ed\u0159<\/strong><br \/>\nNa t\u00e9to zanikl\u00e9 samot\u011b \u017eilo v\u017edy p\u0159ev\u00e1\u017en\u011b n\u011bmeck\u00e9 obyvatelstvo, n\u011bmecky se naz\u00fdvala <strong>Umirschen<\/strong>. Po 2. sv\u011btov\u00e9 v\u00e1lce byli p\u016fvodn\u00ed osadn\u00edci vys\u00eddleni a osada zanikla. V prostoru je vybudov\u00e1na kr\u00e1tk\u00e1 nau\u010dn\u00e1 stezka s 8 zastaven\u00edmi, pobl\u00ed\u017e opraven\u00e9 kapli\u010dky vznikl p\u0159\u00edst\u0159e\u0161ek pro posezen\u00ed s mo\u017enost\u00ed p\u0159esp\u00e1n\u00ed v prostoru pod st\u0159echou. V okol\u00ed najdeme poz\u016fstatky pevnostn\u00ed linie z r. 1937, takzvan\u00e9 \u0159op\u00edky.<\/p>\n<p><strong>Lom na Hol\u00e9<\/strong><br \/>\nMal\u00fd nen\u00e1padn\u00fd zatopen\u00fd <strong>lom<\/strong>, kter\u00fd m\u00edj\u00edme po odbo\u010den\u00ed ze silnice p\u0159ed <strong>Krsy<\/strong>, m\u016f\u017eeme vyu\u017e\u00edt k osv\u011b\u017een\u00ed. Naskytne se n\u00e1m od n\u011bj v\u00fdhled nejen na okoln\u00ed krajinu, ale i na vrcholky \u010cesk\u00e9ho lesa a \u0160umavy. Dal\u0161\u00ed m\u00edsto vhodn\u00e9 k pozorov\u00e1n\u00ed krajiny nalezneme d\u00e1le po poln\u00ed cest\u011b u rem\u00edzku p\u0159ed samotnou obc\u00ed Krsy.<\/p>\n<p><strong>Krsy<\/strong><br \/>\n<strong>Krsy<\/strong> jsou po\u010dtem obyvatel sp\u00ed\u0161e st\u0159edn\u00edm s\u00eddlem, pod n\u011bj\u017e spad\u00e1 hned n\u011bkolik okoln\u00edch vs\u00ed. Jedn\u00e1 se v\u0161ak o velmi pokrokovou obec. Na n\u00e1vsi u obecn\u00edho \u00fa\u0159adu m\u016f\u017eeme naj\u00edt sol\u00e1rn\u011b nab\u00edjen\u00e9 lavi\u010dky s mo\u017enost\u00ed dobit\u00ed telefonu a interaktivn\u00ed \u00fa\u0159edn\u00ed desku. N\u00e1ves je lemov\u00e1na skupinou <strong>empirov\u00fdch statk\u016f<\/strong>. Uprost\u0159ed n\u00e1vsi stoj\u00ed gotick\u00fd <strong>kostel sv. Vav\u0159ince<\/strong> z po\u010d. 14. stolet\u00ed s barokn\u00edmi a klasicistn\u00edmi \u00fapravami. U zadn\u00ed \u010d\u00e1sti kostela le\u017e\u00ed v tr\u00e1v\u011b dva podlouhl\u00e9 kameny, kter\u00e9 d\u0159\u00edve slou\u017eily jako obdoba slune\u010dn\u00edch hodin a ukazovaly prav\u00e9 poledne.<\/p>\n<p>V obci se v modern\u00ed d\u0159evostavb\u011b nach\u00e1z\u00ed <strong>enviroment\u00e1ln\u00ed centrum<\/strong> zam\u011b\u0159en\u00e9 na p\u0159\u00edrodu, obnoviteln\u00e9 zdroje energie a mo\u017enosti sledov\u00e1n\u00ed tmav\u00e9 oblohy. V\u00fdstavn\u00ed prostor se otev\u00edr\u00e1 pouze pro objednan\u00e9&nbsp; skupiny. Vyhled\u00e1van\u00fdm m\u00edstem horolezc\u016f je pak nedalek\u00fd <strong>Pol\u00ednsk\u00fd vrch<\/strong>. Jedn\u00e1 se o p\u0159\u00edrodn\u011b hodnotn\u00e9 m\u00edsto s nutnost\u00ed dodr\u017eov\u00e1n\u00ed z\u00e1kladn\u00ed z\u00e1sad&nbsp; ochrany.<\/p>\n<p><strong>P\u0159\u00edrodn\u00ed park \u00datersk\u00fd potok<\/strong><br \/>\nLesnat\u00e9 \u00fadol\u00ed mezi <strong>Bezdru\u017eicemi<\/strong> a <strong>Trp\u00edsty<\/strong> nab\u00edz\u00ed krom\u011b kr\u00e1sn\u00e9 p\u0159\u00edrody i \u0159adu historick\u00fdch pam\u00e1tek, jakou je nap\u0159\u00edklad z\u0159\u00edcenina <strong>hradu Gut\u0161tejn<\/strong>.<\/p>\n<p><strong>\u00dater\u00fd<\/strong><br \/>\nN\u00e1v\u0161t\u011bva<strong> m\u011bste\u010dka \u00dater\u00fd<\/strong> le\u017e\u00edc\u00edho na stejnojmenn\u00e9m potoce vy\u017eaduje odbo\u010dku cca 5 km z na\u0161\u00ed trasy. Zn\u00e1m\u00e9 je p\u0159edev\u0161\u00edm d\u00edky malebn\u00e9mu historick\u00e9mu centru s <strong>renesan\u010dn\u00edmi m\u011b\u0161\u0165ansk\u00fdmi domy<\/strong>. V&nbsp;obci se nach\u00e1z\u00ed <strong>kostel Narozen\u00ed sv. Jana K\u0159titele<\/strong> s&nbsp;cenn\u00fdmi varhany.<\/p>\n<p><strong>Bezdru\u017eice<\/strong><br \/>\nPrvn\u00ed p\u00edsemn\u00e1 zm\u00ednka o <strong>Bezdru\u017eic\u00edch<\/strong> poch\u00e1z\u00ed z roku 1227. M\u011bsto ve\u0161lo ve v\u0161eobecnou zn\u00e1most, stejn\u011b jako nedalek\u00e9 Pol\u017eice, p\u0159edev\u0161\u00edm d\u00edky renesan\u010dn\u00edmu \u0161lechtici, <strong>Kry\u0161tofovi Harantovi z Pol\u017eic a Bezdru\u017eic<\/strong>, kter\u00fd byl jedn\u00edm z 27 \u010desk\u00fdch p\u00e1n\u016f popraven\u00fdch v roce <strong>1621 na Starom\u011bstsk\u00e9m n\u00e1m\u011bst\u00ed v Praze<\/strong>.<\/p>\n<p>Na n\u00e1m\u011bst\u00ed v Bezdru\u017eic\u00edch si na\u0161i pozornost zaslou\u017e\u00ed <strong>d\u016fm U Haranta<\/strong>, kde s\u00eddl\u00ed knihovna a kter\u00fd poskytuje z\u00e1zem\u00ed kulturn\u00edm a komunitn\u00edm aktivit\u00e1m, ale i barokn\u00ed <strong>kostel Nanebevzet\u00ed Panny Marie<\/strong>. Dominantou m\u011bsta je <strong>z\u00e1mek<\/strong>, kter\u00fd vznikl na m\u00edst\u011b p\u016fvodn\u00edho st\u0159edov\u011bk\u00e9ho hradu a jeho\u017e aktu\u00e1ln\u00ed podoba poch\u00e1z\u00ed z klasicistn\u00ed p\u0159estavby v 18. stolet\u00ed. Aktu\u00e1ln\u011b je bohu\u017eel jeho interi\u00e9r ve\u0159ejnosti nep\u0159\u00edstupn\u00fd. Milovn\u00edci dr\u00e1hy pak ur\u010dit\u011b r\u00e1di nav\u0161t\u00edv\u00ed m\u00edstn\u00ed <strong>\u017eelezni\u010dn\u00ed muzeum<\/strong>, kter\u00fd nach\u00e1z\u00ed u vlakov\u00e9ho n\u00e1dra\u017e\u00ed.<\/p>\n","protected":false},"excerpt":{"rendered":"<p>Etapa 10: Ne\u010dtiny \u2013 Bezdru\u017eice ETAPA 10 je m\u00edrn\u011b n\u00e1ro\u010dn\u00e1, jak svoj\u00ed d\u00e9lkou, tak p\u0159ev\u00fd\u0161en\u00edm. \u010cekaj\u00ed n\u00e1s p\u0159edev\u0161\u00edm hlubok\u00e9 lesy, ale i \u00fadol\u00ed potok\u016f a vyhl\u00eddky, d\u00edky n\u00edm\u017e dohl\u00e9dneme a\u017e do p\u0159\u00edhrani\u010dn\u00edch hor. Projdeme p\u0159\u00edrodn\u00edmi parky Man\u011bt\u00ednsk\u00e1 a \u00datersk\u00fd potok, i zde se budeme moci kochat tmavou no\u010dn\u00ed oblohou. SLU\u017dBY:&#8230;<\/p>\n<p> <a class=\"continue-reading-link\" href=\"https:\/\/husweg.eu\/cz\/etapa-10\/\"><span>Continue reading<\/span><i class=\"crycon-right-dir\"><\/i><\/a> <\/p>\n","protected":false},"author":1,"featured_media":0,"parent":0,"menu_order":0,"comment_status":"closed","ping_status":"closed","template":"","meta":{"ngg_post_thumbnail":0,"footnotes":""},"class_list":["post-586","page","type-page","status-publish","hentry"],"yoast_head":"<!-- This site is optimized with the Yoast SEO plugin v27.4 - https:\/\/yoast.com\/product\/yoast-seo-wordpress\/ -->\n<title>Etapa 10 - Husova cesta<\/title>\n<meta name=\"robots\" content=\"index, follow, max-snippet:-1, max-image-preview:large, max-video-preview:-1\" \/>\n<link rel=\"canonical\" href=\"https:\/\/husweg.eu\/cz\/etapa-10\/\" \/>\n<meta property=\"og:locale\" content=\"de_DE\" \/>\n<meta property=\"og:type\" content=\"article\" \/>\n<meta property=\"og:title\" content=\"Etapa 10 - Husova cesta\" \/>\n<meta property=\"og:description\" content=\"Etapa 10: Ne\u010dtiny \u2013 Bezdru\u017eice ETAPA 10 je m\u00edrn\u011b n\u00e1ro\u010dn\u00e1, jak svoj\u00ed d\u00e9lkou, tak p\u0159ev\u00fd\u0161en\u00edm. \u010cekaj\u00ed n\u00e1s p\u0159edev\u0161\u00edm hlubok\u00e9 lesy, ale i \u00fadol\u00ed potok\u016f a vyhl\u00eddky, d\u00edky n\u00edm\u017e dohl\u00e9dneme a\u017e do p\u0159\u00edhrani\u010dn\u00edch hor. Projdeme p\u0159\u00edrodn\u00edmi parky Man\u011bt\u00ednsk\u00e1 a \u00datersk\u00fd potok, i zde se budeme moci kochat tmavou no\u010dn\u00ed oblohou. SLU\u017dBY:... Continue reading\" \/>\n<meta property=\"og:url\" content=\"https:\/\/husweg.eu\/cz\/etapa-10\/\" \/>\n<meta property=\"og:site_name\" content=\"Husova cesta\" \/>\n<meta property=\"article:modified_time\" content=\"2023-02-23T22:54:36+00:00\" \/>\n<meta name=\"twitter:card\" content=\"summary_large_image\" \/>\n<meta name=\"twitter:label1\" content=\"Gesch\u00e4tzte Lesezeit\" \/>\n\t<meta name=\"twitter:data1\" content=\"6\u00a0Minuten\" \/>\n<script type=\"application\/ld+json\" class=\"yoast-schema-graph\">{\"@context\":\"https:\\\/\\\/schema.org\",\"@graph\":[{\"@type\":\"WebPage\",\"@id\":\"https:\\\/\\\/husweg.eu\\\/cz\\\/etapa-10\\\/\",\"url\":\"https:\\\/\\\/husweg.eu\\\/cz\\\/etapa-10\\\/\",\"name\":\"Etapa 10 - Husova cesta\",\"isPartOf\":{\"@id\":\"https:\\\/\\\/husweg.eu\\\/cz\\\/#website\"},\"datePublished\":\"2022-12-13T21:41:03+00:00\",\"dateModified\":\"2023-02-23T22:54:36+00:00\",\"breadcrumb\":{\"@id\":\"https:\\\/\\\/husweg.eu\\\/cz\\\/etapa-10\\\/#breadcrumb\"},\"inLanguage\":\"de\",\"potentialAction\":[{\"@type\":\"ReadAction\",\"target\":[\"https:\\\/\\\/husweg.eu\\\/cz\\\/etapa-10\\\/\"]}]},{\"@type\":\"BreadcrumbList\",\"@id\":\"https:\\\/\\\/husweg.eu\\\/cz\\\/etapa-10\\\/#breadcrumb\",\"itemListElement\":[{\"@type\":\"ListItem\",\"position\":1,\"name\":\"Startseite\",\"item\":\"https:\\\/\\\/husweg.eu\\\/cz\\\/\"},{\"@type\":\"ListItem\",\"position\":2,\"name\":\"Etapa 10\"}]},{\"@type\":\"WebSite\",\"@id\":\"https:\\\/\\\/husweg.eu\\\/cz\\\/#website\",\"url\":\"https:\\\/\\\/husweg.eu\\\/cz\\\/\",\"name\":\"Husova cesta\",\"description\":\"Husova cesta symbolicky sleduje Husovo putov\u00e1n\u00ed z Prahy na bavorsko-\u010deskou hranici.\",\"potentialAction\":[{\"@type\":\"SearchAction\",\"target\":{\"@type\":\"EntryPoint\",\"urlTemplate\":\"https:\\\/\\\/husweg.eu\\\/cz\\\/?s={search_term_string}\"},\"query-input\":{\"@type\":\"PropertyValueSpecification\",\"valueRequired\":true,\"valueName\":\"search_term_string\"}}],\"inLanguage\":\"de\"}]}<\/script>\n<!-- \/ Yoast SEO plugin. -->","yoast_head_json":{"title":"Etapa 10 - Husova cesta","robots":{"index":"index","follow":"follow","max-snippet":"max-snippet:-1","max-image-preview":"max-image-preview:large","max-video-preview":"max-video-preview:-1"},"canonical":"https:\/\/husweg.eu\/cz\/etapa-10\/","og_locale":"de_DE","og_type":"article","og_title":"Etapa 10 - Husova cesta","og_description":"Etapa 10: Ne\u010dtiny \u2013 Bezdru\u017eice ETAPA 10 je m\u00edrn\u011b n\u00e1ro\u010dn\u00e1, jak svoj\u00ed d\u00e9lkou, tak p\u0159ev\u00fd\u0161en\u00edm. \u010cekaj\u00ed n\u00e1s p\u0159edev\u0161\u00edm hlubok\u00e9 lesy, ale i \u00fadol\u00ed potok\u016f a vyhl\u00eddky, d\u00edky n\u00edm\u017e dohl\u00e9dneme a\u017e do p\u0159\u00edhrani\u010dn\u00edch hor. Projdeme p\u0159\u00edrodn\u00edmi parky Man\u011bt\u00ednsk\u00e1 a \u00datersk\u00fd potok, i zde se budeme moci kochat tmavou no\u010dn\u00ed oblohou. SLU\u017dBY:... Continue reading","og_url":"https:\/\/husweg.eu\/cz\/etapa-10\/","og_site_name":"Husova cesta","article_modified_time":"2023-02-23T22:54:36+00:00","twitter_card":"summary_large_image","twitter_misc":{"Gesch\u00e4tzte Lesezeit":"6\u00a0Minuten"},"schema":{"@context":"https:\/\/schema.org","@graph":[{"@type":"WebPage","@id":"https:\/\/husweg.eu\/cz\/etapa-10\/","url":"https:\/\/husweg.eu\/cz\/etapa-10\/","name":"Etapa 10 - Husova cesta","isPartOf":{"@id":"https:\/\/husweg.eu\/cz\/#website"},"datePublished":"2022-12-13T21:41:03+00:00","dateModified":"2023-02-23T22:54:36+00:00","breadcrumb":{"@id":"https:\/\/husweg.eu\/cz\/etapa-10\/#breadcrumb"},"inLanguage":"de","potentialAction":[{"@type":"ReadAction","target":["https:\/\/husweg.eu\/cz\/etapa-10\/"]}]},{"@type":"BreadcrumbList","@id":"https:\/\/husweg.eu\/cz\/etapa-10\/#breadcrumb","itemListElement":[{"@type":"ListItem","position":1,"name":"Startseite","item":"https:\/\/husweg.eu\/cz\/"},{"@type":"ListItem","position":2,"name":"Etapa 10"}]},{"@type":"WebSite","@id":"https:\/\/husweg.eu\/cz\/#website","url":"https:\/\/husweg.eu\/cz\/","name":"Husova cesta","description":"Husova cesta symbolicky sleduje Husovo putov\u00e1n\u00ed z Prahy na bavorsko-\u010deskou hranici.","potentialAction":[{"@type":"SearchAction","target":{"@type":"EntryPoint","urlTemplate":"https:\/\/husweg.eu\/cz\/?s={search_term_string}"},"query-input":{"@type":"PropertyValueSpecification","valueRequired":true,"valueName":"search_term_string"}}],"inLanguage":"de"}]}},"_links":{"self":[{"href":"https:\/\/husweg.eu\/cz\/wp-json\/wp\/v2\/pages\/586","targetHints":{"allow":["GET"]}}],"collection":[{"href":"https:\/\/husweg.eu\/cz\/wp-json\/wp\/v2\/pages"}],"about":[{"href":"https:\/\/husweg.eu\/cz\/wp-json\/wp\/v2\/types\/page"}],"author":[{"embeddable":true,"href":"https:\/\/husweg.eu\/cz\/wp-json\/wp\/v2\/users\/1"}],"replies":[{"embeddable":true,"href":"https:\/\/husweg.eu\/cz\/wp-json\/wp\/v2\/comments?post=586"}],"version-history":[{"count":6,"href":"https:\/\/husweg.eu\/cz\/wp-json\/wp\/v2\/pages\/586\/revisions"}],"predecessor-version":[{"id":803,"href":"https:\/\/husweg.eu\/cz\/wp-json\/wp\/v2\/pages\/586\/revisions\/803"}],"wp:attachment":[{"href":"https:\/\/husweg.eu\/cz\/wp-json\/wp\/v2\/media?parent=586"}],"curies":[{"name":"wp","href":"https:\/\/api.w.org\/{rel}","templated":true}]}}