{"id":584,"date":"2022-12-13T22:40:53","date_gmt":"2022-12-13T21:40:53","guid":{"rendered":"https:\/\/husweg.eu\/cz\/?page_id=584"},"modified":"2023-02-23T23:52:07","modified_gmt":"2023-02-23T22:52:07","slug":"etapa-9","status":"publish","type":"page","link":"https:\/\/husweg.eu\/cz\/etapa-9\/","title":{"rendered":"Etapa 9"},"content":{"rendered":"<p><strong>Etapa 9: Rab\u0161tejn nad St\u0159elou \u2013 Ne\u010dtiny<br \/>\n<\/strong><br \/>\n<strong><span style=\"color: #ff0000;\">ETAPA 9 <\/span><\/strong><span style=\"color: #ff0000;\">je m\u00edrn\u011b n\u00e1ro\u010dn\u00fd \u00fasek. Vede p\u0159ev\u00e1\u017en\u011b lesy a loukami, \u00fazem\u00edm v\u00fdznamn\u00fdch p\u0159\u00edrodn\u00edch <\/span><span style=\"color: #ff0000;\">park\u016f. Na sv\u00e9 si v\u0161ak p\u0159ijdou i milovn\u00edci historie a kulturn\u00edch pam\u00e1tek. Spojuje t\u0159i turistick\u00e1 centra, <\/span><span style=\"color: #ff0000;\">z&nbsp;nich\u017e ka\u017ed\u00e9 nab\u00edz\u00ed rozmanit\u00fd celodenn\u00ed program.<\/span><br \/>\n<strong><span style=\"color: #ff0000;\">SLU\u017dBY: <\/span><\/strong><span style=\"color: #ff0000;\">Pod\u00e9l trasy se nach\u00e1z\u00ed obchody, penziony i restaurace. P\u0159edev\u0161\u00edm v jej\u00ed druh\u00e9 polovin\u011b nen\u00ed <\/span><span style=\"color: #ff0000;\">jejich nab\u00eddka omezena letn\u00ed sez\u00f3nou.<\/span><\/p>\n<p><strong>POPIS CESTY<\/strong><br \/>\nZ centra <strong>Rab\u0161tejna nad St\u0159elou<\/strong> odch\u00e1z\u00edme po modr\u00e9 do kopce kolem <strong>z\u00e1mku, kostela a poz\u016fstatk\u016f v\u011b\u017e\u00ed m\u00edstn\u00edch hrad\u016f<\/strong>. Za <strong>h\u0159bitovem<\/strong> odbo\u010d\u00edme ze silnice vlevo a okolo <strong>\u017eidovsk\u00e9ho h\u0159bitova<\/strong> kles\u00e1me&nbsp;st\u00e1le po modr\u00e9 do <strong>\u00fadol\u00ed \u0159eky St\u0159ely<\/strong>. D\u0159\u00edve ne\u017e k n\u00ed dojdeme, zah\u00fdb\u00e1 modr\u00e1 doprava a stoup\u00e1 do les\u016f <strong>P\u0159\u00edrodn\u00edho parku Horn\u00ed St\u0159ela<\/strong>. Kolem <strong>vyhl\u00eddkov\u00e9ho m\u00edsta nad Horov\u00fdm ml\u00fdnem<\/strong> pokra\u010dujeme po p\u0159\u00edjemn\u00fdch lesn\u00edch cest\u00e1ch nedaleko v\u00edsky <strong>Hr\u00e1dek<\/strong> a\u017e do osady <strong>Brdo<\/strong>, p\u0159ed n\u00ed\u017e je mo\u017en\u00e9 porozhl\u00e9dnout se po okol\u00ed z mnoha dob\u0159e p\u0159\u00edstupn\u00fdch zalesn\u011bn\u00fdch <strong>skalisek<\/strong>. Jdeme d\u00e1l po modr\u00e9 po m\u00e1lo vyu\u017e\u00edvan\u00e9 silnici do <strong>Man\u011bt\u00edna<\/strong>, kde n\u00e1s od <strong>h\u0159bitova<\/strong> a\u017e do centra doprov\u00e1zej\u00ed <strong>barokn\u00ed sochy<\/strong>.<\/p>\n<p>Z <strong>man\u011bt\u00ednsk\u00e9ho n\u00e1m\u011bst\u00ed<\/strong> sejdeme k br\u00e1n\u011b turisty velmi obl\u00edben\u00e9ho <strong>barokn\u00edho z\u00e1mku<\/strong>. P\u0159ed n\u00edm zahneme vpravo, podejdeme krytou chodbu spojuj\u00edc\u00ed z\u00e1mek s <strong>kostelem sv. Jana K\u0159titele<\/strong> a pod\u00e9l kosteln\u00ed zdi pokra\u010dujeme rovn\u011b po m\u00edstn\u00ed, mod\u0159e zna\u010den\u00e9 nau\u010dn\u00e9 stezce. Ta n\u00e1s kolem <strong>Man\u011bt\u00ednsk\u00e9ho potoka<\/strong> dovede do <strong>Le\u0161ovic<\/strong>, kde vstupujeme do <strong>P\u0159\u00edrodn\u00edho parku Man\u011bt\u00ednsk\u00e1<\/strong>. Odtud odch\u00e1z\u00edme po zelen\u00e9, kter\u00e1 vede soub\u011b\u017en\u011b s nau\u010dnou <strong>Ml\u00fdnskou stezkou<\/strong> \u00fadol\u00edm <strong>Star\u00e9ho potoka<\/strong> a\u017e do<strong> Ne\u010dtin<\/strong>. Zde na n\u00e1m\u011bst\u00ed u <strong>informa\u010dn\u00edho centra<\/strong> tato etapa kon\u010d\u00ed.<\/p>\n<p><strong>ZAJ\u00cdMAVOSTI NA TRASE<br \/>\n<\/strong><br \/>\n<strong>Man\u011bt\u00edn<\/strong><br \/>\n<strong>Man\u011bt\u00edn<\/strong> se nach\u00e1z\u00ed uprost\u0159ed hlubok\u00fdch les\u016f. Je centrem takzvan\u00e9 Man\u011bt\u00ednsk\u00e9 oblasti tmav\u00e9 oblohy, m\u00e1lo os\u00eddlen\u00e9ho \u00fazem\u00ed s unik\u00e1tn\u00edmi mo\u017enostmi sledov\u00e1n\u00ed hv\u011bzd. M\u011bsto je pro velk\u00e9 mno\u017estv\u00ed barokn\u00edch pam\u00e1tek a soch ozna\u010dov\u00e1no za <strong>barokn\u00ed perlu z\u00e1padn\u00edch \u010cech<\/strong>. Prvn\u00ed zm\u00ednka o Man\u011bt\u00edn\u011b poch\u00e1z\u00ed z roku 1169. M\u011bste\u010dko tehdy le\u017eelo na <strong>zemsk\u00e9 stezce z Prahy do Chebu<\/strong>. O jeho rozvoj se n\u00e1sledn\u011b zaslou\u017eil ryt\u00ed\u0159sk\u00fd \u0159\u00e1d <strong>johanit\u016f<\/strong>, kte\u0159\u00ed zde z\u0159\u00eddili tvrz s kl\u00e1\u0161terem, takzvanou komendu. Barokn\u00ed podobu z\u00edskal Man\u011bt\u00edn a jeho <strong>vyhl\u00e1\u0161en\u00fd z\u00e1mek<\/strong> po mohutn\u00e9m po\u017e\u00e1ru v roce 1712 d\u00edky <strong>rodu La\u017eansk\u00fdch<\/strong>, kte\u0159\u00ed se stali mecen\u00e1\u0161i mnoha um\u011blc\u016f. Pl\u00e1ny pro renovaci z\u00e1mku zpracoval dokonce <strong>J. B. Santini, Petr Brandl<\/strong> z\u00edskal zak\u00e1zku malby obrazu pro hlavn\u00ed olt\u00e1\u0159 kostela <strong>sv. Jana K\u0159titele<\/strong> na n\u00e1m\u011bst\u00ed.<\/p>\n<p>Historick\u00e9 j\u00e1dro Man\u011bt\u00edna se z\u00e1mkem a <strong>socha\u0159skou v\u00fdzdobou<\/strong> vedouc\u00ed a\u017e ke h\u0159bitovu s <strong>barokn\u00edm kostelem sv. Barbory<\/strong> je vyhl\u00e1\u0161eno m\u011bstskou pam\u00e1tkovou z\u00f3nou.<\/p>\n<p><em><strong>Z\u00e1mek Man\u011bt\u00edn<\/strong><\/em><br \/>\nSrdcem Man\u011bt\u00edna je m\u00edstn\u00ed <strong>z\u00e1mek s rozs\u00e1hl\u00fdm parkem<\/strong>. Z\u00e1mek vznikl p\u0159estavbou p\u016fvodn\u00ed st\u0159edov\u011bk\u00e9 tvrze na konci 16. stolet\u00ed. K velk\u00e9 barokn\u00ed p\u0159estavb\u011b do\u0161lo po po\u017e\u00e1ru v roce 1712. Jedn\u00e1 se o jednopatrovou budovu o p\u016fdorysu p\u00edsmena L. Do are\u00e1lu se vstupuje p\u0159\u00edmo z man\u011bt\u00ednsk\u00e9ho n\u00e1m\u011bst\u00ed port\u00e1lem, kter\u00fd je asymetricky um\u00edst\u011bn\u00fd v severn\u00edm pr\u016f\u010del\u00ed.<\/p>\n<p>K z\u00e1mku p\u0159il\u00e9h\u00e1 <strong>francouzsk\u00e1 kv\u011btinov\u00e1 zahrada<\/strong>, do n\u00ed\u017e se otev\u00edr\u00e1 ji\u017en\u00ed strana stavby, v\u00fdhled do n\u00ed umo\u017e\u0148uje <strong>zdoben\u00fd balk\u00f3n<\/strong> podep\u0159en\u00fd sochami. V t\u00e9to \u010d\u00e1sti zahrady se nach\u00e1z\u00ed i <strong>oran\u017eerie<\/strong> z po\u010d\u00e1tku 18. stol., kter\u00e1 dlouh\u00e1 desetilet\u00ed ch\u00e1trala, a\u017e v ned\u00e1vn\u00e9 dob\u011b byla obnovena a zp\u0159\u00edstupn\u011bna. V zadn\u00ed \u010d\u00e1sti zahrady prot\u00e9k\u00e1 <strong>Man\u011bt\u00ednsk\u00fd potok<\/strong>, za n\u00edm\u017e na are\u00e1l navazuje rozlehl\u00fd <strong>anglick\u00fd park<\/strong>, kter\u00fd je obl\u00edben\u00fdm m\u00edstem odpo\u010dinku p\u0159edev\u0161\u00edm pro m\u00edstn\u00ed.<\/p>\n<p><em><strong>Kostel sv. Jana K\u0159titele<\/strong><\/em><br \/>\nP\u016fvodn\u011b gotick\u00fd kostel stoj\u00edc\u00ed na okraji <strong>n\u00e1m\u011bst\u00ed<\/strong> vedle man\u011bt\u00ednsk\u00e9ho z\u00e1mku vyho\u0159el p\u0159i po\u017e\u00e1ru v roce 1712. Bezprost\u0159edn\u011b pot\u00e9 byl p\u0159estav\u011bn do barokn\u00ed podoby. Se z\u00e1mkem jej propojen <strong>krytou nadzemn\u00ed chodbou<\/strong>, kterou na bohoslu\u017eby doch\u00e1zelo panstvo. Na hlavn\u00edm olt\u00e1\u0159i kostela najdeme obraz <strong>K\u0159est Krist\u016fv od Petra Brandla<\/strong>.<\/p>\n<p><strong>Lukov\u00e1 &#8211; kostel sv. Ji\u0159\u00ed<\/strong><\/p>\n<p>Mal\u00e1 ves s nemnoha obyvateli, <strong>Lukov\u00e1<\/strong>, le\u017e\u00ed stranou na\u0161\u00ed trasy, av\u0161ak i tak se ji nem\u00e1lo poutn\u00edk\u016f vyd\u00e1v\u00e1 z <strong>Man\u011bt\u00edna<\/strong> p\u0159es <strong>Chlumovou horu<\/strong> prozkoumat. Najdeme zde <strong>kostel sv. Ji\u0159\u00ed<\/strong>, kter\u00fd v posledn\u00edch deseti letech za\u017e\u00edv\u00e1 znovuobjevenou sl\u00e1vu. Kostel z pol. 14 stol. po dlouhou dobu ch\u00e1tral. V roce 2012 jej v\u0161ak o\u017eivilo um\u011bn\u00ed. S pomoc\u00ed figurant\u016f usazen\u00fdch do lavic zde z pl\u00e1tna a z\u00e1clon namo\u010den\u00fdch v s\u00e1d\u0159e vznikla t\u0159ic\u00edtka <strong>soch<\/strong>, kter\u00e9 p\u0159edstavuj\u00ed p\u016fvodn\u00ed obyvatele vesnice p\u0159i bohoslu\u017eb\u011b. D\u00edky t\u011bmto <strong>\u201educh\u016fm\u201c<\/strong> se kostel stal vyhled\u00e1van\u00fdm c\u00edlem turist\u016f. Mimo jin\u00e9 i z jejich finan\u010dn\u00edch p\u0159\u00edsp\u011bvk\u016f je<br \/>\nkostel postupn\u011b opravov\u00e1n.<\/p>\n<p><strong>Ml\u00fdnsk\u00e1 stezka<\/strong><br \/>\nAsi 3 km dlouh\u00e1 stezka s 9 zast\u00e1vkami vede pod\u00e9l <strong>Star\u00e9ho potoka<\/strong> oblast\u00ed, kde se d\u0159\u00edve nach\u00e1zelo \u0161est <strong>ml\u00fdn\u016f a vodn\u00ed hamr<\/strong>. Za\u010d\u00e1tek stezky je v <strong>Ne\u010dtinech<\/strong> a vede sm\u011brem k&nbsp;<strong>Man\u011bt\u00ednu<\/strong>.<\/p>\n<p><strong>P\u0159\u00edrodn\u00ed rezervace Kozelka<\/strong><br \/>\nTuto p\u0159\u00edrodn\u00ed rezervaci tvo\u0159\u00ed <strong>stolov\u00e1 hora<\/strong> vulkanick\u00e9ho p\u016fvodu a jej\u00ed okol\u00ed. Najdeme zde n\u011bkolik <strong>skaln\u00edch v\u011b\u017e\u00ed<\/strong>, proto je oblast obl\u00edbena horolezci. Nejvy\u0161\u0161\u00edm bodem je <strong>vrch Kozelka<\/strong> s v\u00fd\u0161kou 659,6 m.n.m., nedaleko n\u011bho\u017e se otev\u00edr\u00e1 dalek\u00fd v\u00fdhled do okoln\u00ed krajiny. K m\u00edstu je nutn\u00e9 z trasy Husovy cesty odbo\u010dit, ide\u00e1ln\u00ed t\u0159\u00edkilometrov\u00e1 cesta vede&nbsp;po \u010derven\u00e9 zna\u010dce ze severn\u00edho okraje&nbsp;<strong>Ne\u010dtin<\/strong>.<\/p>\n<p><strong>Ne\u010dtiny<\/strong><br \/>\n<strong>Ne\u010dtiny<\/strong> jsou dnes d\u00edky okoln\u00edm les\u016fm p\u0159edev\u0161\u00edm rekrea\u010dn\u00ed oblast\u00ed se zachovalou p\u0159\u00edrodou, ale i se zaj\u00edmav\u00fdmi pam\u00e1tkami. A\u010dkoliv se nach\u00e1z\u00ed necel\u00fdch 6 km od tradi\u010dn\u00edho \u010desk\u00e9ho m\u011bsta <strong>Man\u011bt\u00edna<\/strong>, jedn\u00e1 se o s\u00eddlo s p\u0159ev\u00e1\u017en\u011b n\u011bmeck\u00fdm p\u016fvodn\u00edm obyvatelstvem. S Ne\u010dtinami Husova cesta vstupuje do \u00fazem\u00ed <strong>Sudet<\/strong>, kter\u00e9 se zde zakous\u00e1vaj\u00ed hluboko do vnitrozem\u00ed <strong>Plze\u0148sk\u00e9ho kraje<\/strong>. V t\u00e9to \u010d\u00e1sti stezky tak m\u00e1me mo\u017enost sledovat, jak d\u011bjinn\u00e9 ud\u00e1losti prvn\u00ed poloviny 20. stolet\u00ed ovlivnily nejen osudy lid\u00ed, ale i krajinu.<\/p>\n<p>V centru <strong>Ne\u010dtin<\/strong> k historii obce odkazuje nejen kdysi nejhonosn\u011bj\u0161\u00ed <strong>budova b\u00fdval\u00e9 radnice<\/strong>, nyn\u00ed hostince, ale i z n\u00e1vr\u0161\u00ed shl\u00ed\u017eej\u00edc\u00ed kostel <strong>sv. Jakuba V\u011bt\u0161\u00edho<\/strong>, a p\u0159edev\u0161\u00edm za v\u00e1lky zdevastovan\u00fd <strong>\u017eidovsk\u00fd h\u0159bitov<\/strong> na okraji lesa. Protiv\u00e1hou nelehk\u00fdm osud\u016fm z t\u00e9to doby je d\u016fraz na um\u011bn\u00ed v dob\u011b dne\u0161n\u00ed. D\u016fkazem jsou nejen <strong>sochy<\/strong> um\u00edst\u011bn\u00e9 na n\u00e1m\u011bst\u00ed, ale p\u0159edev\u0161\u00edm takzvan\u00e1 <strong>Cesta and\u011bl\u016f<\/strong>, kter\u00e1 je v\u00fdsledkem mezin\u00e1rodn\u00edho socha\u0159sk\u00e9ho sympozia na t\u00e9ma rozmanitosti podoby and\u011bl\u016f v r\u016fzn\u00fdch sv\u011btov\u00fdch kultur\u00e1ch. Stezka vede z obce na jih a\u017e ke <strong>kostelu sv. Anny<\/strong> a b\u00fdval\u00e9mu chudinsk\u00e9mu <strong>\u0161pit\u00e1lu<\/strong>, kter\u00fd svou funkci plnil od konce 19. stolet\u00ed po t\u00e9m\u011b\u0159 dv\u011b stolet\u00ed a ve kter\u00e9m dnes obec nab\u00edz\u00ed mo\u017enost ubytov\u00e1n\u00ed.<\/p>\n<p><em><strong>Region\u00e1ln\u00ed muzeum Ne\u010dtiny<\/strong><\/em><br \/>\nV tradi\u010dn\u00ed venkovsk\u00e9 budov\u011b<strong> b\u00fdval\u00e9ho z\u00e1jezdn\u00edho hostince<\/strong> na n\u00e1vsi v <strong>Ne\u010dtinech<\/strong> m\u016f\u017eeme nav\u0161t\u00edvit <strong>muzeum<\/strong>, kter\u00e9 se v\u011bnuje <strong>historii, n\u00e1rodopisu a p\u0159\u00edrod\u011b regionu<\/strong><span style=\"font-family: 'Source Sans Pro';\">. Zaujmou n\u00e1s p\u0159edev\u0161\u00edm velmi \u017eiv\u00e9 v\u00fdjevy ze \u017eivota v obci. Dominuj\u00ed realistick\u00e9 figur\u00edny, kter\u00fdm dokonce st\u00e1li modely m\u00edstn\u00ed obyvatel\u00e9. N\u00e1v\u0161t\u011bvn\u00edci se tak nap\u0159\u00edklad ocitnou uprost\u0159ed v\u00fdslechu na prvorepublikov\u00e9 \u010detnick\u00e9 stanici a d\u00edky tomu i l\u00e9pe vn\u00edmaj\u00ed, jak se zde kdysi \u017eilo. Muzeum vedle<strong> informa\u010dn\u00edho centra<\/strong> a prostoru pro kr\u00e1tkodob\u00e9 v\u00fdstavy nab\u00edz\u00ed i dal\u0161\u00ed aktivity, jak\u00fdmi jsou nap\u0159\u00edklad tvo\u0159iv\u00e9 d\u00edlny.<\/span><\/p>\n<p><em><strong>Z\u0159\u00edcenina hradu Preitenstein<\/strong><\/em><br \/>\n<strong>Hrad Preitenstein<\/strong> byl vystav\u011bn po roce 1330 <strong>Janem Lucembursk\u00fdm<\/strong>. Nach\u00e1z\u00ed se na kopci nade vs\u00ed <strong>Nov\u00e9 M\u011bste\u010dko<\/strong>, kter\u00e1 je sou\u010d\u00e1st\u00ed <strong>Ne\u010dtin<\/strong>. Kr\u00e1l v\u0161ak hrad brzy zastavil <strong>Pluh\u016fm z Rab\u0161tejna<\/strong>, jeho syn, <strong>Karel IV<\/strong>, jej v\u0161ak z\u00e1hy op\u011bt vykoupil. Hrad byl v polovin\u011b 16. stolet\u00ed vyp\u00e1len, pot\u00e9 jej od kr\u00e1le z\u00edskal <strong>Flori\u00e1n Gryspek<\/strong>, kter\u00fd se zaslou\u017eil nap\u0159\u00edklad i o rozvoj <strong>Kralovic<\/strong>. Tento \u0161lechtic ji\u017e hrad neobnovil.<\/p>\n<p>Svou pozornost naopak zam\u011b\u0159il na okoln\u00ed hospod\u00e1\u0159stv\u00ed a nedaleko ch\u00e1traj\u00edc\u00edho s\u00eddla si postavil <strong>renesan\u010dn\u00ed z\u00e1mek<\/strong>, na n\u011bj\u017e je dnes od Preitensteina kr\u00e1sn\u00fd v\u00fdhled. Z b\u00fdval\u00e9ho hradu se do dne\u0161ka na kopci dochovaly valy, p\u0159\u00edkopy, obvodov\u00e1 hradba a zbytky zd\u00ed.<\/p>\n<p><em><strong>Z\u00e1mek Ne\u010dtiny s&nbsp;parkem a rybn\u00edkem<\/strong><\/em><br \/>\nP\u016fvodn\u00ed <strong>renesan\u010dn\u00ed z\u00e1mek<\/strong>, vedle n\u011bj\u017e jeho zakladatel, <strong>Flori\u00e1n Gryspek<\/strong>, nechal postavit i <strong>rybn\u00edk<\/strong>, byl dostav\u011bn barokn\u00edmi budovami. V 19. stolet\u00ed pak pro\u0161el p\u0159estavbou ve stylu takzvan\u00e9 <strong>tudorovsk\u00e9 gotiky<\/strong>, pro kterou jsou typick\u00e1 <strong>cimbu\u0159\u00ed a n\u00e1ro\u017en\u00ed v\u011b\u017ei\u010dky<\/strong>. V \u010cesku je tento styl zn\u00e1m\u00fd p\u0159edev\u0161\u00edm d\u00edky z\u00e1mku Hlubok\u00e1. Pro <strong>ne\u010dtinsk\u00fd z\u00e1mek<\/strong> je typick\u00e1 \u017elut\u00e1 barva. Jedn\u00e1 se o jednopatrovou budovu, kter\u00e9 v\u00e9vod\u00ed mohutn\u00e1 t\u0159\u00edpatrov\u00e1 v\u011b\u017e ukon\u010duj\u00edc\u00ed ji\u017en\u00ed k\u0159\u00eddlo. Z\u00e1mek bohu\u017eel v polovin\u011b 20. stolet\u00ed zachv\u00e1til po\u017e\u00e1r. Do p\u016fvodn\u00ed podoby byl pot\u00e9 opraven jeho exteri\u00e9r, zachov\u00e1ny z\u016fstaly t\u00e9\u017e n\u011bkter\u00e9 m\u00edstnosti, jako nap\u0159\u00edklad <strong>z\u00e1meck\u00e1 kaple<\/strong>, kter\u00e1 dnes slou\u017e\u00ed jako ob\u0159adn\u00ed m\u00edstnost.<\/p>\n<p>Budova dnes funguje jako \u0161kolic\u00ed a ubytovac\u00ed za\u0159\u00edzen\u00ed <strong>Z\u00e1pado\u010desk\u00e9 univerzity v Plzni<\/strong>, z\u00e1zem\u00ed v\u0161ak b\u011b\u017en\u011b nab\u00edz\u00ed t\u00e9\u017e turist\u016fm. Nav\u0161t\u00edvit zde vedle z\u00e1meck\u00e9 kaple m\u016f\u017eeme i <strong>galerii<\/strong> o jeho historii. Komplex obklopuje<strong> rozs\u00e1hl\u00fd anglick\u00fd park<\/strong>. Klasick\u00fdm symbolem stavby je <strong>socha jelena<\/strong> um\u00edst\u011bn\u00e1 uprost\u0159ed n\u00e1dvo\u0159\u00ed.<\/p>\n<p>P\u0159es silnici, v r\u00e1mci are\u00e1lu hospod\u00e1\u0159sk\u00e9ho dvora, se nach\u00e1z\u00ed v\u00fdznamn\u00e1 krajinn\u00e1 dominanta, pseudorom\u00e1nsk\u00e1 <strong>kaple sv. Terezie<\/strong>. Ta byla postavena na konci 19. stolet\u00ed jako poh\u0159ebn\u00ed kaple rodu <strong>Mendsdorf-Pouilly<\/strong>, kter\u00fd z\u00e1mku vtiskl jeho nezam\u011bniteln\u00fd vzhled.<\/p>\n","protected":false},"excerpt":{"rendered":"<p>Etapa 9: Rab\u0161tejn nad St\u0159elou \u2013 Ne\u010dtiny ETAPA 9 je m\u00edrn\u011b n\u00e1ro\u010dn\u00fd \u00fasek. Vede p\u0159ev\u00e1\u017en\u011b lesy a loukami, \u00fazem\u00edm v\u00fdznamn\u00fdch p\u0159\u00edrodn\u00edch park\u016f. Na sv\u00e9 si v\u0161ak p\u0159ijdou i milovn\u00edci historie a kulturn\u00edch pam\u00e1tek. Spojuje t\u0159i turistick\u00e1 centra, z&nbsp;nich\u017e ka\u017ed\u00e9 nab\u00edz\u00ed rozmanit\u00fd celodenn\u00ed program. SLU\u017dBY: Pod\u00e9l trasy se nach\u00e1z\u00ed obchody, penziony&#8230;<\/p>\n<p> <a class=\"continue-reading-link\" href=\"https:\/\/husweg.eu\/cz\/etapa-9\/\"><span>Continue reading<\/span><i class=\"crycon-right-dir\"><\/i><\/a> <\/p>\n","protected":false},"author":1,"featured_media":0,"parent":0,"menu_order":0,"comment_status":"closed","ping_status":"closed","template":"","meta":{"ngg_post_thumbnail":0,"footnotes":""},"class_list":["post-584","page","type-page","status-publish","hentry"],"yoast_head":"<!-- This site is optimized with the Yoast SEO plugin v27.4 - https:\/\/yoast.com\/product\/yoast-seo-wordpress\/ -->\n<title>Etapa 9 - Husova cesta<\/title>\n<meta name=\"robots\" content=\"index, follow, max-snippet:-1, max-image-preview:large, max-video-preview:-1\" \/>\n<link rel=\"canonical\" href=\"https:\/\/husweg.eu\/cz\/etapa-9\/\" \/>\n<meta property=\"og:locale\" content=\"de_DE\" \/>\n<meta property=\"og:type\" content=\"article\" \/>\n<meta property=\"og:title\" content=\"Etapa 9 - Husova cesta\" \/>\n<meta property=\"og:description\" content=\"Etapa 9: Rab\u0161tejn nad St\u0159elou \u2013 Ne\u010dtiny ETAPA 9 je m\u00edrn\u011b n\u00e1ro\u010dn\u00fd \u00fasek. Vede p\u0159ev\u00e1\u017en\u011b lesy a loukami, \u00fazem\u00edm v\u00fdznamn\u00fdch p\u0159\u00edrodn\u00edch park\u016f. Na sv\u00e9 si v\u0161ak p\u0159ijdou i milovn\u00edci historie a kulturn\u00edch pam\u00e1tek. Spojuje t\u0159i turistick\u00e1 centra, z&nbsp;nich\u017e ka\u017ed\u00e9 nab\u00edz\u00ed rozmanit\u00fd celodenn\u00ed program. SLU\u017dBY: Pod\u00e9l trasy se nach\u00e1z\u00ed obchody, penziony... Continue reading\" \/>\n<meta property=\"og:url\" content=\"https:\/\/husweg.eu\/cz\/etapa-9\/\" \/>\n<meta property=\"og:site_name\" content=\"Husova cesta\" \/>\n<meta property=\"article:modified_time\" content=\"2023-02-23T22:52:07+00:00\" \/>\n<meta name=\"twitter:card\" content=\"summary_large_image\" \/>\n<meta name=\"twitter:label1\" content=\"Gesch\u00e4tzte Lesezeit\" \/>\n\t<meta name=\"twitter:data1\" content=\"8\u00a0Minuten\" \/>\n<script type=\"application\/ld+json\" class=\"yoast-schema-graph\">{\"@context\":\"https:\\\/\\\/schema.org\",\"@graph\":[{\"@type\":\"WebPage\",\"@id\":\"https:\\\/\\\/husweg.eu\\\/cz\\\/etapa-9\\\/\",\"url\":\"https:\\\/\\\/husweg.eu\\\/cz\\\/etapa-9\\\/\",\"name\":\"Etapa 9 - Husova cesta\",\"isPartOf\":{\"@id\":\"https:\\\/\\\/husweg.eu\\\/cz\\\/#website\"},\"datePublished\":\"2022-12-13T21:40:53+00:00\",\"dateModified\":\"2023-02-23T22:52:07+00:00\",\"breadcrumb\":{\"@id\":\"https:\\\/\\\/husweg.eu\\\/cz\\\/etapa-9\\\/#breadcrumb\"},\"inLanguage\":\"de\",\"potentialAction\":[{\"@type\":\"ReadAction\",\"target\":[\"https:\\\/\\\/husweg.eu\\\/cz\\\/etapa-9\\\/\"]}]},{\"@type\":\"BreadcrumbList\",\"@id\":\"https:\\\/\\\/husweg.eu\\\/cz\\\/etapa-9\\\/#breadcrumb\",\"itemListElement\":[{\"@type\":\"ListItem\",\"position\":1,\"name\":\"Startseite\",\"item\":\"https:\\\/\\\/husweg.eu\\\/cz\\\/\"},{\"@type\":\"ListItem\",\"position\":2,\"name\":\"Etapa 9\"}]},{\"@type\":\"WebSite\",\"@id\":\"https:\\\/\\\/husweg.eu\\\/cz\\\/#website\",\"url\":\"https:\\\/\\\/husweg.eu\\\/cz\\\/\",\"name\":\"Husova cesta\",\"description\":\"Husova cesta symbolicky sleduje Husovo putov\u00e1n\u00ed z Prahy na bavorsko-\u010deskou hranici.\",\"potentialAction\":[{\"@type\":\"SearchAction\",\"target\":{\"@type\":\"EntryPoint\",\"urlTemplate\":\"https:\\\/\\\/husweg.eu\\\/cz\\\/?s={search_term_string}\"},\"query-input\":{\"@type\":\"PropertyValueSpecification\",\"valueRequired\":true,\"valueName\":\"search_term_string\"}}],\"inLanguage\":\"de\"}]}<\/script>\n<!-- \/ Yoast SEO plugin. -->","yoast_head_json":{"title":"Etapa 9 - Husova cesta","robots":{"index":"index","follow":"follow","max-snippet":"max-snippet:-1","max-image-preview":"max-image-preview:large","max-video-preview":"max-video-preview:-1"},"canonical":"https:\/\/husweg.eu\/cz\/etapa-9\/","og_locale":"de_DE","og_type":"article","og_title":"Etapa 9 - Husova cesta","og_description":"Etapa 9: Rab\u0161tejn nad St\u0159elou \u2013 Ne\u010dtiny ETAPA 9 je m\u00edrn\u011b n\u00e1ro\u010dn\u00fd \u00fasek. Vede p\u0159ev\u00e1\u017en\u011b lesy a loukami, \u00fazem\u00edm v\u00fdznamn\u00fdch p\u0159\u00edrodn\u00edch park\u016f. Na sv\u00e9 si v\u0161ak p\u0159ijdou i milovn\u00edci historie a kulturn\u00edch pam\u00e1tek. Spojuje t\u0159i turistick\u00e1 centra, z&nbsp;nich\u017e ka\u017ed\u00e9 nab\u00edz\u00ed rozmanit\u00fd celodenn\u00ed program. SLU\u017dBY: Pod\u00e9l trasy se nach\u00e1z\u00ed obchody, penziony... Continue reading","og_url":"https:\/\/husweg.eu\/cz\/etapa-9\/","og_site_name":"Husova cesta","article_modified_time":"2023-02-23T22:52:07+00:00","twitter_card":"summary_large_image","twitter_misc":{"Gesch\u00e4tzte Lesezeit":"8\u00a0Minuten"},"schema":{"@context":"https:\/\/schema.org","@graph":[{"@type":"WebPage","@id":"https:\/\/husweg.eu\/cz\/etapa-9\/","url":"https:\/\/husweg.eu\/cz\/etapa-9\/","name":"Etapa 9 - Husova cesta","isPartOf":{"@id":"https:\/\/husweg.eu\/cz\/#website"},"datePublished":"2022-12-13T21:40:53+00:00","dateModified":"2023-02-23T22:52:07+00:00","breadcrumb":{"@id":"https:\/\/husweg.eu\/cz\/etapa-9\/#breadcrumb"},"inLanguage":"de","potentialAction":[{"@type":"ReadAction","target":["https:\/\/husweg.eu\/cz\/etapa-9\/"]}]},{"@type":"BreadcrumbList","@id":"https:\/\/husweg.eu\/cz\/etapa-9\/#breadcrumb","itemListElement":[{"@type":"ListItem","position":1,"name":"Startseite","item":"https:\/\/husweg.eu\/cz\/"},{"@type":"ListItem","position":2,"name":"Etapa 9"}]},{"@type":"WebSite","@id":"https:\/\/husweg.eu\/cz\/#website","url":"https:\/\/husweg.eu\/cz\/","name":"Husova cesta","description":"Husova cesta symbolicky sleduje Husovo putov\u00e1n\u00ed z Prahy na bavorsko-\u010deskou hranici.","potentialAction":[{"@type":"SearchAction","target":{"@type":"EntryPoint","urlTemplate":"https:\/\/husweg.eu\/cz\/?s={search_term_string}"},"query-input":{"@type":"PropertyValueSpecification","valueRequired":true,"valueName":"search_term_string"}}],"inLanguage":"de"}]}},"_links":{"self":[{"href":"https:\/\/husweg.eu\/cz\/wp-json\/wp\/v2\/pages\/584","targetHints":{"allow":["GET"]}}],"collection":[{"href":"https:\/\/husweg.eu\/cz\/wp-json\/wp\/v2\/pages"}],"about":[{"href":"https:\/\/husweg.eu\/cz\/wp-json\/wp\/v2\/types\/page"}],"author":[{"embeddable":true,"href":"https:\/\/husweg.eu\/cz\/wp-json\/wp\/v2\/users\/1"}],"replies":[{"embeddable":true,"href":"https:\/\/husweg.eu\/cz\/wp-json\/wp\/v2\/comments?post=584"}],"version-history":[{"count":8,"href":"https:\/\/husweg.eu\/cz\/wp-json\/wp\/v2\/pages\/584\/revisions"}],"predecessor-version":[{"id":802,"href":"https:\/\/husweg.eu\/cz\/wp-json\/wp\/v2\/pages\/584\/revisions\/802"}],"wp:attachment":[{"href":"https:\/\/husweg.eu\/cz\/wp-json\/wp\/v2\/media?parent=584"}],"curies":[{"name":"wp","href":"https:\/\/api.w.org\/{rel}","templated":true}]}}