{"id":582,"date":"2022-12-13T22:40:43","date_gmt":"2022-12-13T21:40:43","guid":{"rendered":"https:\/\/husweg.eu\/cz\/?page_id=582"},"modified":"2023-02-22T22:07:47","modified_gmt":"2023-02-22T21:07:47","slug":"etapa-8","status":"publish","type":"page","link":"https:\/\/husweg.eu\/cz\/etapa-8\/","title":{"rendered":"Etapa 8"},"content":{"rendered":"<p><strong>Etapa 8: Kralovice \u2013 Rab\u0161tejn nad St\u0159elou<br \/>\n<\/strong><br \/>\n<strong><span style=\"color: #ff0000;\">ETAPA 8<\/span><\/strong><span style=\"color: #ff0000;\"> je st\u0159edn\u011b n\u00e1ro\u010dn\u00e1, zavede n\u00e1s do hlubok\u00fdch les\u016f v okol\u00ed \u0159eky St\u0159ely, naz\u00fdvan\u00e9 \u010dasto Post\u0159el\u00ed, kter\u00e9 je i dnes r\u00e1jem tramp\u016f. \u010cekaj\u00ed n\u00e1s lesy, v\u00fdhledy, \u00fadol\u00ed tvarovan\u00e1 vodn\u00edmi \u017eivly, sk\u00e1ly a v z\u00e1v\u011bru historick\u00e9 m\u011bste\u010dko Rab\u0161tejn.<\/span><\/p>\n<p><strong><span style=\"color: #ff0000;\">SLU\u017dBY<\/span><\/strong><span style=\"color: #ff0000;\">: Na trase je dosta\u010duj\u00edc\u00ed nab\u00eddka turistick\u00fdch slu\u017eeb, kter\u00e9 zaji\u0161tuj\u00ed p\u0159edev\u0161\u00edm Kralovice, \u017dihle a Rab\u0161tejn nad St\u0159elou. Mimo letn\u00ed sez\u00f3nu je v\u0161ak vhodn\u00e9 si z\u00e1zem\u00ed v Rab\u0161tejn\u011b zajistit p\u0159edem.<\/span><\/p>\n<p><strong>POPIS CESTY<\/strong><br \/>\nZ centra <strong>Kralovic<\/strong> odch\u00e1z\u00edme po modr\u00e9, rekrea\u010dn\u00ed \u010d\u00e1st\u00ed m\u011bsta kolem <strong>koupali\u0161t\u011b<\/strong> dojdeme do <strong>Mari\u00e1nsk\u00e9ho T\u00fdnce<\/strong> k are\u00e1lu <strong>b\u00fdval\u00e9ho kl\u00e1\u0161tera s muzeem<\/strong>. Po prohl\u00eddce pokra\u010dujeme k lesu po \u010derven\u00e9, kter\u00e1 za <strong>Volesk\u00fdm rybn\u00edkem<\/strong> odbo\u010duje ze silnice vpravo. Za necel\u00fd kilometr se od n\u00ed na\u0161e trasa odpojuje na m\u00edst\u011b, kudy jsme p\u0159edchoz\u00edho dne proch\u00e1zeli do Kralovic. Pokra\u010dujeme vlevo do lesa po <strong>nau\u010dn\u00e9 stezce Cesta jedin\u00e9ho boha<\/strong>. Po n\u00ed jdeme p\u0159es poklidn\u00fd <strong>B\u00edlov<\/strong> a\u017e do <strong>Potvorova<\/strong>. Proch\u00e1z\u00edme kolem rom\u00e1nsk\u00e9ho kostela a\u017e k rozcestn\u00edku v centru obce, od n\u011bho m\u00e1me mo\u017enost odbo\u010dit z trasy k <strong>Odlezelsk\u00e9mu jezeru<\/strong> (odtud 2,5 km).<\/p>\n<p>Trasa pokra\u010duje vpravo a\u017e k nedalek\u00fdm dv\u011bma k\u0159\u00ed\u017e\u016fm za obc\u00ed, u nich\u017e odbo\u010dujeme ze silnice m\u00edrn\u011b vlevo na zna\u010denou <strong>cyklostezku Baroko I<\/strong> vedouc\u00ed po poln\u00ed cest\u011b. Za necel\u00fd 1,5 km se k n\u00e1m u <strong>P\u0159eho\u0159ova<\/strong> p\u0159ipojuje modr\u00e9 zna\u010den\u00ed, kter\u00e9 n\u00e1s vede a\u017e do <strong>\u017dihle<\/strong>. Po modr\u00e9 proch\u00e1z\u00edme \u017dihl\u00ed kolem rozcestn\u00edku u vlakov\u00e9ho n\u00e1dra\u017e\u00ed, kde pokra\u010dujeme vlevo sm\u011brem na <strong>Rab\u0161tejn nad St\u0159elou<\/strong>. Kousek za \u017eelezni\u010dn\u00edm p\u0159ejezdem v \u017dihli m\u016f\u017eeme odbo\u010dit k p\u0159\u00edrodn\u00ed pam\u00e1tce, kamenn\u00fdm velik\u00e1n\u016fm s n\u00e1zvem <strong>B\u00e1ba a D\u011bdek<\/strong>, pop\u0159\u00edpad\u011b doj\u00edt a\u017e ke <strong>skaln\u00edmu m\u011bste\u010dku s viklanem<\/strong>.<\/p>\n<p>I ze \u017dihle vede Husova cesta st\u00e1le po modr\u00e9. Jdeme 2 km do m\u00edrn\u00e9ho kopce p\u0159\u00edjemnou lesn\u00ed cestou a\u017e se p\u0159ed <strong>Nov\u00fdm Dvorem<\/strong> napojujeme na v sez\u00f3n\u011b ru\u0161n\u011bj\u0161\u00ed silnici vedouc\u00ed okolo poz\u016fstatk\u016f b\u00fdval\u00e9ho z\u00e1mku. Ze silnice po p\u0159ibli\u017en\u011b 600 m odbo\u010dujeme vlevo a kolem <strong>ko\u0148sk\u00e9ho ran\u010de<\/strong> m\u00ed\u0159\u00edme d\u00e1le po modr\u00e9 do <strong>\u00fadol\u00ed \u0159eky St\u0159ely<\/strong>. Od rozcestn\u00edku p\u0159es sestupem k \u0159ece vede odbo\u010dka na kr\u00e1snou vyhl\u00eddku <strong>Hrab\u011bc\u00ed k\u0159\u00ed\u017e<\/strong> (0,5 km z trasy), z n\u00ed\u017e je mo\u017en\u00e9 prohl\u00e9dnout si cel\u00e9 m\u011bste\u010dko. N\u00e1sledn\u011b jdeme proti proudu \u0159eky, p\u0159es historick\u00fd most a vystoup\u00e1me do <strong>centra Rab\u0161tejna<\/strong>, kde je u<strong> infocentra<\/strong> c\u00edl etapy.<\/p>\n<p><strong>ZAJ\u00cdMAVOSTI NA TRASE<br \/>\n<\/strong><br \/>\n<strong>B\u00edlov<\/strong><br \/>\nV t\u00e9to mal\u00e9 vesni\u010dce \u017eije t\u00e9m\u011b\u0159 osmdes\u00e1t st\u00e1l\u00fdch obyvatel. Najdeme zde historickou n\u00e1ves se dv\u011bma rybn\u00edky a <strong>kapl\u00ed sv. Jana Nepomuck\u00e9ho<\/strong>.<\/p>\n<p><strong>Potvorov<\/strong><br \/>\nPrvn\u00ed zm\u00ednka o obci poch\u00e1z\u00ed z roku 1204. M\u00edstn\u00ed dominantou je <strong>kostel sv. Mikul\u00e1\u0161e<\/strong>, pozdn\u011b rom\u00e1nsk\u00e1 pam\u00e1tka s p\u0159\u00edstavbou z 18. stolet\u00ed a z\u00e1padn\u00ed v\u011b\u017e\u00ed z roku 1825, kter\u00fd pat\u0159\u00ed k nejstar\u0161\u00edm stavb\u00e1m v regionu.<\/p>\n<p><strong>N\u00e1rodn\u00ed p\u0159\u00edrodn\u00ed pam\u00e1tka Odlezelsk\u00e9 jezero<\/strong><br \/>\nJezero najdeme na <strong>Mladotick\u00e9m potoce<\/strong> nedaleko vsi <strong>Odlezly<\/strong>. Jedn\u00e1 se o nejmlad\u0161\u00ed jezero p\u0159\u00edrodn\u00edho p\u016fvodu v \u010cesku. Vzniklo sesuvem svahu a p\u0159ehrazen\u00edm potoka po mimo\u0159\u00e1dn\u00fdch de\u0161t\u00edch v roce 1872. Sou\u010d\u00e1st\u00ed oblasti jsou i <strong>Odlezelsk\u00e9 vodop\u00e1dy<\/strong> a nov\u00e1 nau\u010dn\u00e1 stezka. Jezero uvid\u00edme, kdy\u017e v Potvorov\u011b u rozcestn\u00edku p\u016fjdeme rovn\u011b po modr\u00e9 zna\u010dce sm\u011br Odlezly. Zp\u011bt na na\u0161i trasu se m\u016f\u017eeme napojit po 1,5 kilometru p\u0159ed obc\u00ed <strong>P\u0159eho\u0159ov<\/strong>.<\/p>\n<p><strong>P\u0159eho\u0159ov<\/strong><br \/>\nHlavn\u00ed pam\u00e1tkou obce je barokn\u00ed <strong>kaple Nejsv\u011bt\u011bj\u0161\u00ed Trojice<\/strong> \u0161estibok\u00e9ho tvaru z prvn\u00ed poloviny 18. stol.<\/p>\n<p><strong>\u017dihle<\/strong><br \/>\nPrvn\u00ed p\u00edsemn\u00e1 zm\u00ednka o m\u00edstn\u00edm os\u00eddlen\u00ed poch\u00e1z\u00ed z roku 1238. D\u00edky okoln\u00edm les\u016fm a dobr\u00e9 \u017eelezni\u010dn\u00ed dostupnosti je \u017dihle centrem s dlouholetou trampskou tradic\u00ed. Najdeme zde b\u00fdval\u00fd <strong>z\u00e1mek<\/strong>, kter\u00fd aktu\u00e1ln\u011b proch\u00e1z\u00ed n\u00e1ro\u010dnou rekonstrukc\u00ed, a <strong>kostel sv. V\u00e1clava<\/strong> postaven\u00fd v m\u00edst\u011b star\u0161\u00edho men\u0161\u00edho kostela na za\u010d\u00e1tku 18. stolet\u00ed. Krom\u011b <strong>socha\u0159sk\u00e9 v\u00fdzdoby<\/strong> v obci za pozornost stoj\u00ed tak\u00e9 <strong>Pam\u00e1tn\u00edk ob\u011btem transportu smrti<\/strong> um\u00edst\u011bn\u00fd u m\u00edstn\u00edho h\u0159bitova. Upozor\u0148uje na hromadn\u00fd hrob, ve kter\u00e9m je zde pochov\u00e1no 273 v\u011bz\u0148\u016f, kte\u0159\u00ed na sklonku druh\u00e9 sv\u011btov\u00e9 v\u00e1lky v \u017dihli zem\u0159eli, kdy\u017e byli n\u011bmeckou arm\u00e1dou transportov\u00e1ni z jednotliv\u00fdch t\u00e1bor\u016f nama\u010dk\u00e1ni v nelidsk\u00fdch podm\u00ednk\u00e1ch v \u017eelezni\u010dn\u00edch vozech.<\/p>\n<p><strong>Skaln\u00ed pam\u00e1tky u \u017dihle<\/strong><br \/>\nV les\u00edch u \u017dihle najdeme skaln\u00ed \u00fatvary <strong>B\u00e1ba<\/strong> (v\u00fd\u0161ka 6m, \u0161\u00ed\u0159ka 12m) a <strong>D\u011bdek<\/strong> (v\u00fd\u0161ka 5m, \u0161\u00ed\u0159ka 8m), kter\u00e9 jsou vyhled\u00e1van\u00fdm m\u00edstem nejen v\u00fdletn\u00edk\u016f, ale i horolezc\u016f. D\u00e1le m\u016f\u017eeme nav\u0161t\u00edvit <strong>skaln\u00ed m\u011bste\u010dko s Viklanem<\/strong>, je\u017e je r\u00e1jem p\u0159edev\u0161\u00edm pro d\u011bti. K prvn\u00edm dv\u011bma dojdeme ze \u017dihle po \u017elut\u00e9 za cca 1 km. N\u00e1sledn\u011b se m\u016f\u017eeme bu\u010f vr\u00e1tit na p\u016fvodn\u00ed trasu nebo pokra\u010dovat po \u017elut\u00e9 k Viklanu a na p\u016fvodn\u00ed trasu se napojit a\u017e p\u0159ed Nov\u00fdm Dvorem.<\/p>\n<p><strong>P\u0159\u00edrodn\u00ed park Horn\u00ed St\u0159ela<\/strong><br \/>\nMezi <strong>\u017dihl\u00ed, \u017dluticemi, Blatnem, Man\u011bt\u00ednem a Mladoticemi<\/strong> se na sever i na jih od Husovy cesty rozkl\u00e1d\u00e1 chr\u00e1n\u011bn\u00e1 oblast. Cen\u011bn\u00e1 je p\u0159edev\u0161\u00edm pro zachoval\u00e9 listnat\u00e9 bory. Dominuje j\u00ed <strong>\u0159eka St\u0159ela<\/strong>, jej\u00ed\u017e tok je v t\u00e9to \u010d\u00e1sti siln\u011b meandrovit\u00fd a vytv\u00e1\u0159\u00ed hlubok\u00e9 ka\u0148ony s lesnat\u00fdmi porosty na strm\u00fdch skalnat\u00fdch svaz\u00edch.<\/p>\n<p><strong>Z\u0159\u00edcenina z\u00e1mku Nov\u00fd Dv\u016fr<\/strong><br \/>\nZ\u00e1mek ze 17. stolet\u00ed, kter\u00fd byl novorenesan\u010dn\u011b p\u0159estav\u011bn. Dlouho slou\u017eil jako letn\u00ed loveck\u00e9 s\u00eddlo, po po\u017e\u00e1ru se prom\u011bnil v ruinu. Kolem se nach\u00e1z\u00ed parkov\u011b upraven\u00fd les.<\/p>\n<p><strong>Vyhl\u00eddka Hrab\u011bc\u00ed k\u0159\u00ed\u017e<\/strong><br \/>\nKdy\u017e na n\u00ed t\u011bsn\u011b p\u0159ed <strong>Rab\u0161tejnem<\/strong> vystoup\u00e1me od \u0159eky, naskytne se n\u00e1m \u00fachvatn\u00fd v\u00fdhled na \u00fadol\u00ed \u0159eky i na rab\u0161tejnsk\u00fd z\u00e1mek a kl\u00e1\u0161ter. Na vyhl\u00eddku dojdeme po Nau\u010dn\u00e9 stezce Rab\u0161tejn, kdy\u017e u rozcestn\u00edku nad \u0159ekou odbo\u010d\u00edme vlevo (0,5 km z trasy Husovy cesty).<\/p>\n<p><strong>Rab\u0161tejn nad St\u0159elou<\/strong><br \/>\nToto historicky hodnotn\u00e9 malebn\u00e9 m\u011bste\u010dko je druh\u00fdm nejmen\u0161\u00edm m\u011bstem v Evrop\u011b. Prvn\u00ed p\u00edsemn\u00e1 zm\u00ednka o <strong>Rab\u0161tejnu<\/strong> poch\u00e1z\u00ed z roku 1269. Jeho vznik je spjat\u00fd s legendou o kn\u00ed\u017eeti, kter\u00fd zde zast\u0159elil havrana. V \u017ealudku zv\u00ed\u0159ete se skr\u00fdval prsten s kouzeln\u00fdm drahokamem, jeho\u017e moc\u00ed byl hrad na vysok\u00e9 sk\u00e1le nad \u0159ekou zaklet. Na p\u0159ipom\u00ednku t\u00e9to ud\u00e1losti pak byl hrad pojmenov\u00e1n Havran\u00ed k\u00e1men (n\u011bmecky <strong>Rabenstein<\/strong>) a \u0159eka, u n\u00ed\u017e se nach\u00e1z\u00ed, dostala n\u00e1zev St\u0159ela podle \u0161\u00edpu, kter\u00fdm byl havran st\u0159elen.<\/p>\n<p>O rozvoj hradu s m\u011bstem se ve 14. stolet\u00ed zaslou\u017eil <strong>Old\u0159ich z Pluhu<\/strong>. Jeho synov\u00e9 jej v\u0161ak prodali samotn\u00e9mu <strong>Karlu IV.<\/strong>, kter\u00fd zde pak \u00fadajn\u011b \u010dasto pob\u00fdval.<\/p>\n<p>M\u011bste\u010dko je pln\u00e9 historick\u00fdch, kulturn\u00edch i p\u0159\u00edrodn\u00edch zaj\u00edmavost\u00ed. Na n\u00e1m\u011bst\u00ed najdeme<strong> infocentrum<\/strong> v b\u00fdval\u00e9 \u010detnick\u00e9 stanici. V okol\u00ed obce se v minulosti t\u011b\u017eila <strong>b\u0159idlice<\/strong>, kter\u00e1 se vyv\u00e1\u017eela do cel\u00e9 zem\u011b. P\u0159\u00edmo v Rab\u0161tejn\u011b je dodnes mo\u017en\u00e9 nal\u00e9zt mnoho d\u016fkaz\u016f jej\u00ed t\u011b\u017eby. Cel\u00e9 m\u011bsto m\u016f\u017eeme poznat d\u00edky <strong>nau\u010dn\u00e9 stezce<\/strong> v\u011bnovan\u00e9 m\u00edstn\u00ed historii a p\u0159\u00edrod\u011b.<\/p>\n<p><em><strong>Kamenn\u00fd most<\/strong><\/em><br \/>\nTento historick\u00fd, ale st\u00e1le funk\u010dn\u00ed <strong>most p\u0159es \u0159eku St\u0159elu<\/strong> je jedn\u00edm z nejstar\u0161\u00edch most\u016f ve st\u0159edn\u00ed Evrop\u011b. Byl zbudov\u00e1n na <strong>zemsk\u00e9 stezce z Chebu do Prahy<\/strong> z\u0159ejm\u011b v letech 1335-1340. Po most\u011b v P\u00edsku by tak byl druh\u00fdm nejstar\u0161\u00edm dosud stoj\u00edc\u00edm mostem v \u010cesku, je\u0161t\u011b star\u0161\u00ed ne\u017e <strong>Karl\u016fv most v Praze<\/strong>, jeho\u017e stavba byla zah\u00e1jena v roce 1357. Rab\u0161tejnsk\u00fd most je postaven z p\u00edskovce, kter\u00fd dopl\u0148uj\u00ed b\u0159idlicov\u00e9 a \u017eulov\u00e9 \u010d\u00e1sti.<\/p>\n<p><em><strong>Muzeum Rab\u0161tejn<\/strong><\/em><br \/>\nRab\u0161tejnsk\u00e9 muzeum je zam\u011b\u0159eno na m\u00edstn\u00ed historii a p\u0159\u00edrodu, obl\u00edb\u00ed si jej p\u0159edev\u0161\u00edm milovn\u00edci loveck\u00fdch trofej\u00ed. Nab\u00edz\u00ed t\u00e9\u017e kr\u00e1tkodob\u011bj\u0161\u00ed v\u00fdstavy.<\/p>\n<p><em><strong>Z\u00e1mek Rab\u0161tejn nad St\u0159elou<\/strong><\/em><br \/>\nP\u016fvodn\u00ed <strong>gotick\u00fd hrad<\/strong> byl p\u0159estav\u011bn\u00fd v obdob\u00ed baroka na z\u00e1mek. Vzniknul jako n\u00e1hradn\u00ed s\u00eddlo v t\u00e9 dob\u011b ji\u017e se\u0161l\u00e9ho hradu, z n\u011bho\u017e je dnes mo\u017en\u00e9 v jihov\u00fdchodn\u00ed \u010d\u00e1sti m\u011bsta nal\u00e9zt pouze ruiny. Z\u00e1mek je obvykle turisticky p\u0159\u00edstupn\u00fd v letn\u00edch m\u011bs\u00edc\u00edch a slou\u017e\u00ed i ke svatebn\u00edm ob\u0159ad\u016fm.<\/p>\n<p><em><strong>Poz\u016fstatky p\u016fvodn\u00edho hradu<\/strong><\/em><br \/>\nVoln\u011b p\u0159\u00edstupn\u00e1 <strong>z\u0159\u00edcenina<\/strong> p\u016fvodn\u00edho <strong>hradu Rab\u0161tejn<\/strong> se nach\u00e1z\u00ed na n\u00e1vr\u0161\u00ed v jihov\u00fdchodn\u00edm konci obce. Hrad poch\u00e1z\u00ed ze 14. stolet\u00ed. V pr\u016fb\u011bhu stalet\u00ed n\u011bkolikr\u00e1t zm\u011bnil majitele, v 16. stol. byl opu\u0161t\u011bn a za\u010dal ch\u00e1trat. Dochovaly se jen zbytky v\u00e1lcovit\u00e9 v\u011b\u017ee a poz\u016fstatky hradn\u00edho zdiva.<\/p>\n<p>Jen n\u011bkolik m\u00e1lo metr\u016f d\u00e1le je naproti n\u011bmu mo\u017en\u00e9 nal\u00e9zt <strong>poz\u016fstatky hradu Sychrov<\/strong>, kter\u00fd z\u0159ejm\u011b vznikl a\u017e v 15. stolet\u00ed. N\u011bkte\u0159\u00ed auto\u0159i jej pokl\u00e1daj\u00ed za samostatn\u00e9 s\u00eddlo, jin\u00ed za p\u0159edsunut\u00e9 opevn\u011bn\u00ed rab\u0161tejnsk\u00e9ho hradu. N\u011bkdy se tak\u00e9 mluv\u00ed o takzvan\u00e9m dvojhrad\u00ed, v jeho\u017e r\u00e1mci by ob\u011b stavby spole\u010dn\u011b tvo\u0159ily jeden celek.<\/p>\n<p><em><strong>Rab\u0161tejnsk\u00e9 c\u00edrkevn\u00ed pam\u00e1tky<\/strong><\/em><br \/>\n<strong>Barokn\u00ed kl\u00e1\u0161ter s kostelem Panny Marie Sedmibolestn\u00e9<\/strong> poch\u00e1z\u00ed z druh\u00e9 pol. 17.stol. V roce 1730 za\u010dala v\u00fdstavba nov\u00e9ho v\u00fdchodn\u00edho k\u0159\u00eddla. Po zru\u0161en\u00ed \u0159\u00e1du v roce 1787 prostory vyu\u017e\u00edvala fara a \u0161kola, pozd\u011bji zde byl hotel. Kl\u00e1\u0161tern\u00ed budova je dnes nep\u0159\u00edstupn\u00e1, kostel se v\u0161ak stal centrem \u017eivota m\u00edstn\u00edch. Jeho zaj\u00edmavost\u00ed je d\u0159ev\u011bn\u00e1 <strong>so\u0161ka madony<\/strong>, kter\u00e1 je vy\u0159ez\u00e1na i s funk\u010dn\u00edmi klouby. Je ji tedy mo\u017en\u00e9 p\u0159evl\u00e9kat do r\u016fzn\u00fdch \u0161it\u00fdch svr\u0161k\u016f a z\u00e1rove\u0148 i nastavovat do pozice piety.<\/p>\n<p>Mezi dal\u0161\u00ed c\u00edrkevn\u00ed pam\u00e1tky Rab\u0161tejna nad St\u0159elou pat\u0159\u00ed <strong>loreta<\/strong>, kter\u00e1 je jednou z nejmen\u0161\u00edch loret\u00e1nsk\u00fdch kapl\u00ed v \u010cesku. Kl\u00ed\u010de k n\u00ed jsou k zap\u016fj\u010den\u00ed v informa\u010dn\u00edm centru. Za pozornost stoj\u00ed t\u00e9\u017e m\u00edstn\u00ed <strong>h\u0159bitovy<\/strong>, kter\u00e9 jsou situovan\u00e9 na svahu kopce s v\u00fdhledem na \u00fadol\u00ed \u0159eky St\u0159ely.<\/p>\n","protected":false},"excerpt":{"rendered":"<p>Etapa 8: Kralovice \u2013 Rab\u0161tejn nad St\u0159elou ETAPA 8 je st\u0159edn\u011b n\u00e1ro\u010dn\u00e1, zavede n\u00e1s do hlubok\u00fdch les\u016f v okol\u00ed \u0159eky St\u0159ely, naz\u00fdvan\u00e9 \u010dasto Post\u0159el\u00ed, kter\u00e9 je i dnes r\u00e1jem tramp\u016f. \u010cekaj\u00ed n\u00e1s lesy, v\u00fdhledy, \u00fadol\u00ed tvarovan\u00e1 vodn\u00edmi \u017eivly, sk\u00e1ly a v z\u00e1v\u011bru historick\u00e9 m\u011bste\u010dko Rab\u0161tejn. SLU\u017dBY: Na trase je dosta\u010duj\u00edc\u00ed&#8230;<\/p>\n<p> <a class=\"continue-reading-link\" href=\"https:\/\/husweg.eu\/cz\/etapa-8\/\"><span>Continue reading<\/span><i class=\"crycon-right-dir\"><\/i><\/a> <\/p>\n","protected":false},"author":1,"featured_media":0,"parent":0,"menu_order":0,"comment_status":"closed","ping_status":"closed","template":"","meta":{"ngg_post_thumbnail":0,"footnotes":""},"class_list":["post-582","page","type-page","status-publish","hentry"],"yoast_head":"<!-- This site is optimized with the Yoast SEO plugin v27.4 - https:\/\/yoast.com\/product\/yoast-seo-wordpress\/ -->\n<title>Etapa 8 - Husova cesta<\/title>\n<meta name=\"robots\" content=\"index, follow, max-snippet:-1, max-image-preview:large, max-video-preview:-1\" \/>\n<link rel=\"canonical\" href=\"https:\/\/husweg.eu\/cz\/etapa-8\/\" \/>\n<meta property=\"og:locale\" content=\"de_DE\" \/>\n<meta property=\"og:type\" content=\"article\" \/>\n<meta property=\"og:title\" content=\"Etapa 8 - Husova cesta\" \/>\n<meta property=\"og:description\" content=\"Etapa 8: Kralovice \u2013 Rab\u0161tejn nad St\u0159elou ETAPA 8 je st\u0159edn\u011b n\u00e1ro\u010dn\u00e1, zavede n\u00e1s do hlubok\u00fdch les\u016f v okol\u00ed \u0159eky St\u0159ely, naz\u00fdvan\u00e9 \u010dasto Post\u0159el\u00ed, kter\u00e9 je i dnes r\u00e1jem tramp\u016f. \u010cekaj\u00ed n\u00e1s lesy, v\u00fdhledy, \u00fadol\u00ed tvarovan\u00e1 vodn\u00edmi \u017eivly, sk\u00e1ly a v z\u00e1v\u011bru historick\u00e9 m\u011bste\u010dko Rab\u0161tejn. SLU\u017dBY: Na trase je dosta\u010duj\u00edc\u00ed... Continue reading\" \/>\n<meta property=\"og:url\" content=\"https:\/\/husweg.eu\/cz\/etapa-8\/\" \/>\n<meta property=\"og:site_name\" content=\"Husova cesta\" \/>\n<meta property=\"article:modified_time\" content=\"2023-02-22T21:07:47+00:00\" \/>\n<meta name=\"twitter:card\" content=\"summary_large_image\" \/>\n<meta name=\"twitter:label1\" content=\"Gesch\u00e4tzte Lesezeit\" \/>\n\t<meta name=\"twitter:data1\" content=\"8\u00a0Minuten\" \/>\n<script type=\"application\/ld+json\" class=\"yoast-schema-graph\">{\"@context\":\"https:\\\/\\\/schema.org\",\"@graph\":[{\"@type\":\"WebPage\",\"@id\":\"https:\\\/\\\/husweg.eu\\\/cz\\\/etapa-8\\\/\",\"url\":\"https:\\\/\\\/husweg.eu\\\/cz\\\/etapa-8\\\/\",\"name\":\"Etapa 8 - Husova cesta\",\"isPartOf\":{\"@id\":\"https:\\\/\\\/husweg.eu\\\/cz\\\/#website\"},\"datePublished\":\"2022-12-13T21:40:43+00:00\",\"dateModified\":\"2023-02-22T21:07:47+00:00\",\"breadcrumb\":{\"@id\":\"https:\\\/\\\/husweg.eu\\\/cz\\\/etapa-8\\\/#breadcrumb\"},\"inLanguage\":\"de\",\"potentialAction\":[{\"@type\":\"ReadAction\",\"target\":[\"https:\\\/\\\/husweg.eu\\\/cz\\\/etapa-8\\\/\"]}]},{\"@type\":\"BreadcrumbList\",\"@id\":\"https:\\\/\\\/husweg.eu\\\/cz\\\/etapa-8\\\/#breadcrumb\",\"itemListElement\":[{\"@type\":\"ListItem\",\"position\":1,\"name\":\"Startseite\",\"item\":\"https:\\\/\\\/husweg.eu\\\/cz\\\/\"},{\"@type\":\"ListItem\",\"position\":2,\"name\":\"Etapa 8\"}]},{\"@type\":\"WebSite\",\"@id\":\"https:\\\/\\\/husweg.eu\\\/cz\\\/#website\",\"url\":\"https:\\\/\\\/husweg.eu\\\/cz\\\/\",\"name\":\"Husova cesta\",\"description\":\"Husova cesta symbolicky sleduje Husovo putov\u00e1n\u00ed z Prahy na bavorsko-\u010deskou hranici.\",\"potentialAction\":[{\"@type\":\"SearchAction\",\"target\":{\"@type\":\"EntryPoint\",\"urlTemplate\":\"https:\\\/\\\/husweg.eu\\\/cz\\\/?s={search_term_string}\"},\"query-input\":{\"@type\":\"PropertyValueSpecification\",\"valueRequired\":true,\"valueName\":\"search_term_string\"}}],\"inLanguage\":\"de\"}]}<\/script>\n<!-- \/ Yoast SEO plugin. -->","yoast_head_json":{"title":"Etapa 8 - Husova cesta","robots":{"index":"index","follow":"follow","max-snippet":"max-snippet:-1","max-image-preview":"max-image-preview:large","max-video-preview":"max-video-preview:-1"},"canonical":"https:\/\/husweg.eu\/cz\/etapa-8\/","og_locale":"de_DE","og_type":"article","og_title":"Etapa 8 - Husova cesta","og_description":"Etapa 8: Kralovice \u2013 Rab\u0161tejn nad St\u0159elou ETAPA 8 je st\u0159edn\u011b n\u00e1ro\u010dn\u00e1, zavede n\u00e1s do hlubok\u00fdch les\u016f v okol\u00ed \u0159eky St\u0159ely, naz\u00fdvan\u00e9 \u010dasto Post\u0159el\u00ed, kter\u00e9 je i dnes r\u00e1jem tramp\u016f. \u010cekaj\u00ed n\u00e1s lesy, v\u00fdhledy, \u00fadol\u00ed tvarovan\u00e1 vodn\u00edmi \u017eivly, sk\u00e1ly a v z\u00e1v\u011bru historick\u00e9 m\u011bste\u010dko Rab\u0161tejn. SLU\u017dBY: Na trase je dosta\u010duj\u00edc\u00ed... Continue reading","og_url":"https:\/\/husweg.eu\/cz\/etapa-8\/","og_site_name":"Husova cesta","article_modified_time":"2023-02-22T21:07:47+00:00","twitter_card":"summary_large_image","twitter_misc":{"Gesch\u00e4tzte Lesezeit":"8\u00a0Minuten"},"schema":{"@context":"https:\/\/schema.org","@graph":[{"@type":"WebPage","@id":"https:\/\/husweg.eu\/cz\/etapa-8\/","url":"https:\/\/husweg.eu\/cz\/etapa-8\/","name":"Etapa 8 - Husova cesta","isPartOf":{"@id":"https:\/\/husweg.eu\/cz\/#website"},"datePublished":"2022-12-13T21:40:43+00:00","dateModified":"2023-02-22T21:07:47+00:00","breadcrumb":{"@id":"https:\/\/husweg.eu\/cz\/etapa-8\/#breadcrumb"},"inLanguage":"de","potentialAction":[{"@type":"ReadAction","target":["https:\/\/husweg.eu\/cz\/etapa-8\/"]}]},{"@type":"BreadcrumbList","@id":"https:\/\/husweg.eu\/cz\/etapa-8\/#breadcrumb","itemListElement":[{"@type":"ListItem","position":1,"name":"Startseite","item":"https:\/\/husweg.eu\/cz\/"},{"@type":"ListItem","position":2,"name":"Etapa 8"}]},{"@type":"WebSite","@id":"https:\/\/husweg.eu\/cz\/#website","url":"https:\/\/husweg.eu\/cz\/","name":"Husova cesta","description":"Husova cesta symbolicky sleduje Husovo putov\u00e1n\u00ed z Prahy na bavorsko-\u010deskou hranici.","potentialAction":[{"@type":"SearchAction","target":{"@type":"EntryPoint","urlTemplate":"https:\/\/husweg.eu\/cz\/?s={search_term_string}"},"query-input":{"@type":"PropertyValueSpecification","valueRequired":true,"valueName":"search_term_string"}}],"inLanguage":"de"}]}},"_links":{"self":[{"href":"https:\/\/husweg.eu\/cz\/wp-json\/wp\/v2\/pages\/582","targetHints":{"allow":["GET"]}}],"collection":[{"href":"https:\/\/husweg.eu\/cz\/wp-json\/wp\/v2\/pages"}],"about":[{"href":"https:\/\/husweg.eu\/cz\/wp-json\/wp\/v2\/types\/page"}],"author":[{"embeddable":true,"href":"https:\/\/husweg.eu\/cz\/wp-json\/wp\/v2\/users\/1"}],"replies":[{"embeddable":true,"href":"https:\/\/husweg.eu\/cz\/wp-json\/wp\/v2\/comments?post=582"}],"version-history":[{"count":6,"href":"https:\/\/husweg.eu\/cz\/wp-json\/wp\/v2\/pages\/582\/revisions"}],"predecessor-version":[{"id":777,"href":"https:\/\/husweg.eu\/cz\/wp-json\/wp\/v2\/pages\/582\/revisions\/777"}],"wp:attachment":[{"href":"https:\/\/husweg.eu\/cz\/wp-json\/wp\/v2\/media?parent=582"}],"curies":[{"name":"wp","href":"https:\/\/api.w.org\/{rel}","templated":true}]}}