{"id":580,"date":"2022-12-13T22:40:31","date_gmt":"2022-12-13T21:40:31","guid":{"rendered":"https:\/\/husweg.eu\/cz\/?page_id=580"},"modified":"2023-02-22T21:54:51","modified_gmt":"2023-02-22T20:54:51","slug":"etapa-7","status":"publish","type":"page","link":"https:\/\/husweg.eu\/cz\/etapa-7\/","title":{"rendered":"Etapa 7"},"content":{"rendered":"<p><strong>Etapa 7: Krakovec \u2013 Kralovice<br \/>\n<\/strong><br \/>\n<strong><span style=\"color: #ff0000;\">ETAPA 7 <\/span><\/strong><span style=\"color: #ff0000;\">nen\u00ed fyzicky n\u00e1ro\u010dn\u00e1, o to v\u011bt\u0161\u00ed n\u00e1roky klade na orientaci. Jej\u00ed prvn\u00ed kilometry sice vedou po silnici, pot\u00e9 n\u00e1s v\u0161ak prov\u00e1z\u00ed ji\u017e v\u00fdhradn\u011b lesn\u00edmi a poln\u00edmi cestami, a to krajinou plnou barokn\u00edch pam\u00e1tek a staveb v\u011bhlasn\u00e9ho architekta Santiniho.&nbsp;<\/span><br \/>\n<strong><span style=\"color: #ff0000;\">SLU\u017dBY: <\/span><\/strong><span style=\"color: #ff0000;\">Nab\u00eddka ob\u010derstven\u00ed a ubytov\u00e1n\u00ed po cest\u011b je velmi dobr\u00e1. Hlavn\u00edm centrem slu\u017eeb jsou Kralovice, kter\u00e9 t\u00e9\u017e funguj\u00ed jako dopravn\u00ed uzel regionu.<\/span><\/p>\n<p><strong>POPIS CESTY<br \/>\n<\/strong><br \/>\nCesta n\u00e1s od <strong>hradu Krakovec<\/strong> odv\u00e1d\u00ed pod\u00e9l m\u00edstn\u00edho hostince a obecn\u00edho \u00fa\u0159adu k turistick\u00e9mu rozcestn\u00edku. Zde&nbsp; odbo\u010dujeme vlevo a vyd\u00e1v\u00e1me se po asfaltov\u00e9 silnice zna\u010den\u00e9 symbolem cyklotrasy do <strong>\u0160\u00edp\u016f<\/strong> a d\u00e1le do <strong>Mil\u00ed\u010dova<\/strong> (celkem 3,5 km). Cestou se vyplat\u00ed ob\u010das oto\u010dit se zp\u011bt a u\u017e\u00edt si kr\u00e1sn\u00e9 <strong>v\u00fdhledy na z\u0159\u00edceninu<\/strong>. V Mil\u00ed\u010dov\u011b se p\u0159ipoj\u00edme k \u010derven\u00e9 turistick\u00e9 zna\u010dce. S n\u00ed se na konci vsi rozlou\u010d\u00edme a vyd\u00e1v\u00e1me se vpravo poln\u00ed cestou z kopce. Po 1 km se na \u010dervenou op\u011bt napoj\u00edme a jdeme po n\u00ed vpravo. Pokra\u010dujeme \u00fadol\u00edm<strong> potoka Javornice<\/strong> kolem <strong>Cukrovic ml\u00fdna<\/strong> a <strong>Hedecka<\/strong> a\u017e dojdeme k silnici \u010d. 229. Zde, nedaleko rybn\u00edku <strong>Vo\u017eeh\u00e1k<\/strong>, silnici p\u0159ejdeme a na louce zam\u00ed\u0159\u00edme vlevo po m\u00edstn\u00ed nau\u010dn\u00e9 stezce do centra m\u011bsta <strong>Ko\u017elany<\/strong>.<\/p>\n<p>Nedaleko <strong>muzea v Ko\u017elanech<\/strong> se u rozcestn\u00edku setk\u00e1v\u00e1me s modr\u00fdm zna\u010den\u00edm, kter\u00e9 sledujeme p\u0159es cel\u00e9 m\u011bsto a\u017e k m\u00edstn\u00edmu <strong>\u017eidovsk\u00e9mu h\u0159bitovu<\/strong>. Na n\u00e1sleduj\u00edc\u00ed k\u0159i\u017eovatce pokra\u010dujeme st\u00e1le po modr\u00e9 doprava, po lesn\u00edch p\u011b\u0161in\u00e1ch dojdeme a\u017e k rozcest\u00ed <strong>Strachovice<\/strong> u \u017eelezni\u010dn\u00ed zast\u00e1vky. Zde m\u016f\u017eeme pokra\u010dovat rovn\u011b a nav\u0161t\u00edvit m\u00edstn\u00ed unik\u00e1tn\u00ed <strong>\u017eelezni\u010dn\u00ed most<\/strong>. Husova cesta v\u0161ak odbo\u010duje vlevo na \u010dervenou, kter\u00e1 proch\u00e1z\u00ed obc\u00ed <strong>Hradecko<\/strong> a kolem usedlosti <strong>Hubenov<\/strong>. Za n\u00ed k\u0159\u00ed\u017e\u00edme silnici \u010d. 27 a st\u00e1le po \u010derven\u00e9 pokra\u010dujeme pod\u00e9l lesa. T\u011bsn\u011b p\u0159ed <strong>Kralovicemi<\/strong> \u010dervenou opou\u0161t\u00edme, odbo\u010d\u00edme vlevo na m\u00edstn\u00ed zna\u010denou nau\u010dnou stezku. Proch\u00e1z\u00edme ulicemi Kone\u010dn\u00e1, Na Palc\u00e1tech, Al\u0161ova a Bo\u017eeny N\u011bmcov\u00e9. Dojdeme a\u017e na <strong>n\u00e1m\u011bst\u00ed Osvobozen\u00ed<\/strong>, kde na\u0161e etapa kon\u010d\u00ed u <strong>turistick\u00e9ho informa\u010dn\u00edho centra<\/strong>.<\/p>\n<p><strong>ZAJ\u00cdMAVOSTI NA TRASE<br \/>\n<\/strong><br \/>\n<strong>\u0160\u00edpy<\/strong><br \/>\nObec <strong>\u0160\u00edpy<\/strong> m\u00e1 160 obyvatel. Prvn\u00ed p\u00edsemn\u00e1 zm\u00ednka o n\u00ed poch\u00e1z\u00ed ji\u017e z roku 1410. K obci n\u00e1le\u017e\u00ed i nedalek\u00fd <strong>Mil\u00ed\u010dov<\/strong> s malebnou n\u00e1vs\u00ed a kostelem.<\/p>\n<p><strong>M\u00e1jino \u00fadol\u00ed<\/strong><br \/>\nNa okraji <strong>Ko\u017elan<\/strong> m\u016f\u017eeme nav\u0161t\u00edvit <strong>centrum agro-environment\u00e1ln\u00edho vzd\u011bl\u00e1v\u00e1n\u00ed<\/strong>, kde najdete nejen mnoho <strong>v\u010del\u00edch \u00fal\u016f<\/strong>, ale i <strong>p\u0159\u00edrodn\u00ed kv\u011btinovou zahradu<\/strong>. Milovn\u00edci p\u0159\u00edrody zde mohou absolvovat komentovanou prohl\u00eddku \u010di se ob\u010derstvit m\u00edstn\u00edmi produkty.<\/p>\n<p><strong>Vo\u017eeh\u016fv rybn\u00edk<\/strong><br \/>\nTakzvan\u00fd <strong>Vo\u017eeh\u00e1k<\/strong> le\u017e\u00ed v\u00fdchodn\u011b od Ko\u017elan na potoce <strong>Javornici<\/strong>. Velk\u00fd rybn\u00edk nab\u00edz\u00ed mo\u017enost koup\u00e1n\u00ed a rekreace. Na jeho b\u0159ez\u00edch za\u010d\u00edn\u00e1 <strong>p\u0159\u00edrodn\u00ed park Jesenicko<\/strong>. A\u017e do roku 2012 bahno na dn\u011b rybn\u00edku ukr\u00fdvalo zbytky <strong>n\u011bmeck\u00e9 st\u00edha\u010dky<\/strong> z 2. sv. v\u00e1lky, kter\u00e9 jsou dnes k vid\u011bn\u00ed v ko\u017elansk\u00e9m muzeu. Nedaleko se nach\u00e1z\u00ed <strong>poz\u016fstatky hradu Angerbach<\/strong>, na kter\u00fd dnes ji\u017e upom\u00ednaj\u00ed pouze nerovnosti ter\u00e9nu.<\/p>\n<p><strong>Ko\u017elany<\/strong><br \/>\nM\u011bsto <strong>Ko\u017elany<\/strong> le\u017e\u00ed severov\u00fdchodn\u011b od <strong>Kralovic<\/strong>, jeho historie se p\u00ed\u0161e ji\u017e od dob P\u0159emysla Otakara I. V sou\u010dasnosti je zn\u00e1m\u00e9 p\u0159edev\u0161\u00edm jako <strong>rodi\u0161t\u011b Dr. Edvarda Bene\u0161e<\/strong>, na jeho\u017e rodn\u00fd d\u016fm \u010d. 101 upozor\u0148uje pam\u011btn\u00ed deska.<\/p>\n<p><em><strong>M\u011bstsk\u00e9 muzeum Ko\u017elany<\/strong><\/em><br \/>\nVe zdej\u0161\u00edm muzeu, kter\u00e9 s\u00eddl\u00ed v budov\u011b b\u00fdval\u00e9 \u0161koly, m\u016f\u017eeme bl\u00ed\u017ee poznat \u017eivot v dob\u011b <strong>Dr. Edvarda Bene\u0161e<\/strong>, ale i m\u00edstn\u00ed historii a \u0159emesla, mezi n\u011b\u017e se \u0159ad\u00ed p\u0159edev\u0161\u00edm zpracov\u00e1n\u00ed <strong>keramiky<\/strong>.<\/p>\n<p><em><strong>Kostel sv. Vav\u0159ince<\/strong><\/em><br \/>\nP\u016fvodn\u011b gotick\u00fd, barokn\u011b p\u0159estav\u011bn\u00fd jednolodn\u00ed <strong>farn\u00ed kostel<\/strong> se nach\u00e1z\u00ed hned vedle <strong>m\u011bstsk\u00e9ho muzea<\/strong>. Postaven byl pravd\u011bpodobn\u011b za\u010d\u00e1tkem 13. stolet\u00ed, barokn\u00ed p\u0159estavby se do\u010dkal po po\u017e\u00e1ru na konci 18. stolet\u00ed. Hlavn\u00ed novogotick\u00fd olt\u00e1\u0159 nese barokn\u00ed <strong>obraz sv. Vav\u0159ince od Petra Brandla<\/strong>. Barokn\u00ed bo\u010dn\u00ed olt\u00e1\u0159e byly do ko\u017elansk\u00e9ho kostela p\u0159eneseny ze zru\u0161en\u00e9ho dominik\u00e1nsk\u00e9ho kl\u00e1\u0161tera v&nbsp;Plzni.<\/p>\n<p><em><strong>K\u0159\u00ed\u017eov\u00e1 cesta<\/strong><\/em><br \/>\nNov\u011b vybudovan\u00e1 <strong>k\u0159\u00ed\u017eov\u00e1 cesta<\/strong> za\u010d\u00edn\u00e1 na parkovi\u0161ti v&nbsp;centru m\u011bsta a vede ke ko\u017elansk\u00e9mu <strong>h\u0159bitovu<\/strong>.<\/p>\n<p><em><strong>\u017didovsk\u00fd h\u0159bitov<\/strong><\/em><br \/>\nKo\u017elansk\u00fd \u017eidovsk\u00fd h\u0159bitov byl pravd\u011bpodobn\u011b zalo\u017een na za\u010d\u00e1tku 18. stolet\u00ed. Najdeme jej v lesnat\u00e9m rem\u00edzku za <strong>Ko\u017elany<\/strong>, nalevo od poln\u00ed cesty, v t\u011bsn\u00e9 bl\u00edzkosti b\u00fdval\u00e9ho lomu. Je chr\u00e1n\u011bn jako kulturn\u00ed pam\u00e1tka, a to nejen d\u00edky dochovan\u00fdm <strong>n\u00e1hrobk\u016fm<\/strong>, ale i <strong>m\u00e1rnici s ob\u0159adn\u00edm stolem<\/strong>. Do are\u00e1lu se vch\u00e1z\u00ed brankou v severov\u00fdchodn\u00ed \u010d\u00e1sti&nbsp; amenn\u00e9ho ohrazen\u00ed.<\/p>\n<p><strong>Strachovick\u00fd most<\/strong><br \/>\nAsi 1 km od na\u0161\u00ed trasy m\u016f\u017eeme obdivovat pam\u00e1tkov\u011b chr\u00e1n\u011bn\u00fd <strong>kamenn\u00fd \u017eelezni\u010dn\u00ed most s kovovou konstrukc\u00ed<\/strong> nesouc\u00ed tra\u0165. Jeho autorstv\u00ed je n\u011bkdy chybn\u011b p\u0159isuzov\u00e1no francouzsk\u00e9mu architektovi Eiffelovi.<\/p>\n<p><strong>Hubenov<\/strong><br \/>\nBarokn\u00ed hospod\u00e1\u0159sk\u00fd dv\u016fr byl postaven pro <strong>cisterci\u00e1ck\u00e9 opatstv\u00ed v Plas\u00edch<\/strong> v prvn\u00ed polovin\u011b 18. stolet\u00ed podle n\u00e1vrhu <strong>architekta Santiniho<\/strong>. V okol\u00ed Kralovic se nach\u00e1z\u00ed hned n\u011bkolik podobn\u00fdch statk\u016f, kter\u00e9 dodnes dokl\u00e1daj\u00ed vliv a bohatstv\u00ed plask\u00e9ho kl\u00e1\u0161tera v dob\u011b baroka. Are\u00e1l aktu\u00e1ln\u011b proch\u00e1z\u00ed rekonstrukc\u00ed.<\/p>\n<p><strong>Kralovice<\/strong><br \/>\nM\u011bsto Kralovice je spr\u00e1vn\u00edm centrem <strong>okresu Plze\u0148-sever<\/strong>. Z n\u00e1zvu lze odvozovat, \u017ee bylo zalo\u017eeno Hed\u010dany, polsk\u00fdmi koloniz\u00e1tory, kter\u00e9 do \u010cech pozval kn\u00ed\u017ee B\u0159etislav I. a o kter\u00fdch se zmi\u0148uje i Kosmas. V p\u0159edb\u011blohorsk\u00e9 dob\u011b byly Kralovice spjat\u00e9 s v\u00fdznamn\u00fdm n\u011bmeck\u00fdm rodem <strong>Gryspek\u016f<\/strong>, v 19. stolet\u00ed se m\u011bsto stalo sou\u010d\u00e1st\u00ed panstv\u00ed rakousk\u00e9ho politika <strong>K. W. Metternicha<\/strong>.<\/p>\n<p>Na n\u00e1m\u011bst\u00ed si v\u0161imn\u011bte men\u0161\u00edho, \u010d\u00e1ste\u010dn\u011b p\u0159edstoupen\u00e9ho domu s p\u016flkruhov\u00fdm gotick\u00fdm port\u00e1lem, kter\u00fd je nejstar\u0161\u00edm dochovan\u00fdm prvkem m\u00edstn\u00ed m\u011bstsk\u00e9 z\u00e1stavby. Turist\u00e9 v\u0161ak Kralovice v sou\u010dasnosti vyhled\u00e1vaj\u00ed p\u0159edev\u0161\u00edm d\u00edky poutn\u00edmu barokn\u00edmu are\u00e1lu <strong>Mair\u00e1nsk\u00e9 T\u00fdnice a muzeu<\/strong>.<\/p>\n<p><em><strong>\u010ceskobratrsk\u00fd kostel a Hus\u016fv pomn\u00edk<\/strong><\/em><\/p>\n<p>Nedaleko n\u00e1m\u011bst\u00ed v <strong>Kralovic\u00edch<\/strong> u hlavn\u00ed silnice sm\u011brem na Jesenici se nach\u00e1z\u00ed <strong>\u010ceskobratrsk\u00fd kostel<\/strong>, postaven\u00fd roku 1934 podle n\u00e1vrh\u016f uzn\u00e1van\u00e9ho architekta <strong>Hanu\u0161e Z\u00e1paly<\/strong>. P\u0159ed kostelem je um\u00edst\u011bn <strong>pomn\u00ed\u010dek mistra Jana Husa<\/strong> zhotoven\u00fd z\u0159ejm\u011b z kamen\u016f z Krakovce. Jeden z kamen\u016f byl z\u0159ejm\u011b p\u0159ivezen i z&nbsp;obce Lidice.<\/p>\n<p><em><strong>Kostel sv. Petra a Pavla<\/strong><\/em><br \/>\nPrvn\u00ed zm\u00ednky o kostele poch\u00e1z\u00ed z poloviny 13. stolet\u00ed. Do sou\u010dasn\u00e9 podoby byl p\u0159estav\u011bn v letech 1575\u20131581 tehdej\u0161\u00edm majitelem panstv\u00ed <strong>Flori\u00e1nem Gryspekem<\/strong>. Sou\u010d\u00e1st\u00ed kostela je h\u0159bitovn\u00ed kaple s hrobkou, kde se nach\u00e1z\u00ed <strong>mumifikovan\u00e1 t\u011bla<\/strong> \u010dlen\u016f tohoto v\u00fdznamn\u00e9ho \u0161lechtick\u00e9ho rodu. V\u011bnov\u00e1na je jim i v\u00fdstava um\u00edst\u011bn\u00e1 v kapli. Vedle olt\u00e1\u0159\u016f a v\u00fdzdoby kostela zaujmou t\u00e9\u017e historick\u00e9 podpisy na st\u011bn\u011b u bo\u010dn\u00edho vchodu.<\/p>\n<p><strong>Mari\u00e1nsk\u00e1 T\u00fdnice<\/strong><br \/>\nTento barokn\u00ed skvost se siln\u00fdm geniem loci tvo\u0159\u00ed nep\u0159ehl\u00e9dnutelnou dominantu severn\u00edho Plze\u0148ska. Nach\u00e1z\u00ed se na severoz\u00e1padn\u00edm okraji m\u011bsta Kralovice, v \u010d\u00e1sti zvan\u00e9 Mari\u00e1nsk\u00fd T\u00fdnec. Sest\u00e1v\u00e1 z kl\u00e1\u0161tern\u00ed budovy, kostela <strong>Zv\u011bstov\u00e1n\u00ed Panny Marie<\/strong> a na n\u011bj navazuj\u00edc\u00edch ambit\u016f.<\/p>\n<p>Rozs\u00e1hl\u00fd are\u00e1l byl postaven jako <strong>probo\u0161stv\u00ed cisterci\u00e1ck\u00e9ho kl\u00e1\u0161tera v Plas\u00edch<\/strong> v letech 1711-68 podle n\u00e1vrhu architekta <strong>Jana Bla\u017eeje Santiniho-Aichela<\/strong>. Santiniho p\u016fvodn\u00ed n\u00e1vrh byl ale ve sv\u00e9 plnosti zrealizov\u00e1n a\u017e po v\u00edce ne\u017e 300 letech od polo\u017een\u00ed z\u00e1kladn\u00edho kamene, a to dostavbou chyb\u011bj\u00edc\u00edho v\u00fdchodn\u00edho ambitu <strong>v roce 2020<\/strong>. Zaj\u00edmavost\u00ed nov\u00e9ho ambitu je jeho freskov\u00e1 v\u00fdmalba, kter\u00e1 odkazuje na um\u011bn\u00ed barokn\u00edch stavitel\u016f, av\u0161ak nen\u00ed historizuj\u00edc\u00ed napodobeninou. Udr\u017euje si i rysy modern\u00ed doby a p\u0159izn\u00e1v\u00e1 svou skute\u010dnou dobu vzniku nap\u0159\u00edklad i t\u00edm, \u017ee jako\u017eto modely poslou\u017eily tv\u00e1\u0159e skute\u010dn\u00fdch obyvatel Kralovicka.<\/p>\n<p>Novodob\u00e9mu rozkv\u011btu are\u00e1lu v\u0161ak p\u0159edch\u00e1zela l\u00e9ta zk\u00e1zy. Po zru\u0161en\u00ed plask\u00e9ho kl\u00e1\u0161tera nebyl komplex Mari\u00e1nsk\u00e9 T\u00fdnice t\u00e9m\u011b\u0159 udr\u017eov\u00e1n, v d\u016fsledku \u010deho\u017e se zhroutila i <strong>kopule<\/strong> d\u0159\u00edv\u011bj\u0161\u00edho v\u00fdznamn\u00e9ho poutn\u00edho kostela. Ta byla spolu s lucernou znovu vzty\u010dena a vymalov\u00e1na a\u017e po roce 2000 d\u00edky dlouhodob\u00fdm iniciativ\u00e1m m\u00edstn\u00edch odborn\u00edk\u016f a spolk\u016f. Dominantou interi\u00e9ru kostela, kter\u00fd aktu\u00e1ln\u011b slou\u017e\u00ed&nbsp; p\u0159edev\u0161\u00edm jako v\u00fdstavn\u00ed prostor, je dnes n\u00e1st\u011bnn\u00fd <strong>iluzivn\u00ed olt\u00e1\u0159<\/strong>. Ten kdysi tvo\u0159il pozad\u00ed velk\u00e9mu mramorov\u00e9mu olt\u00e1\u0159i, kter\u00fd byl po zru\u0161en\u00ed kl\u00e1\u0161tera p\u0159em\u00edst\u011bn do P\u0159\u00edbrami. I tak si d\u0159\u00edv\u011bj\u0161\u00ed poutn\u00ed m\u00edsto udr\u017eelo svou silnou atmosf\u00e9ru. Traduje se, \u017ee kdy\u017e si stoupnete pod korunu Panny Marie, ocitnete se v p\u0159\u00edm\u00e9m spojen\u00ed s nebem.<\/p>\n<p>V pades\u00e1t\u00fdch letech 20. stolet\u00ed v b\u00fdval\u00fdch kl\u00e1\u0161tern\u00edch prostor\u00e1ch vzniklo <strong>muzeum<\/strong>, kter\u00e9 se dnes v\u011bnuje p\u0159edev\u0161\u00edm t\u00e9matu baroka, ale nezapom\u00edn\u00e1 ani na m\u00edstopis a historii severn\u00edho Plze\u0148ska.<\/p>\n<p>Od hlavn\u00ed br\u00e1ny kl\u00e1\u0161tera vede mezi sochami <strong>nau\u010dn\u00e1 stezka Star\u00e1 cesta<\/strong> kop\u00edruj\u00edc\u00ed p\u016fvodn\u00ed cestu spojuj\u00edc\u00ed T\u00fdnici a kl\u00e1\u0161ter Plasy.<\/p>\n","protected":false},"excerpt":{"rendered":"<p>Etapa 7: Krakovec \u2013 Kralovice ETAPA 7 nen\u00ed fyzicky n\u00e1ro\u010dn\u00e1, o to v\u011bt\u0161\u00ed n\u00e1roky klade na orientaci. Jej\u00ed prvn\u00ed kilometry sice vedou po silnici, pot\u00e9 n\u00e1s v\u0161ak prov\u00e1z\u00ed ji\u017e v\u00fdhradn\u011b lesn\u00edmi a poln\u00edmi cestami, a to krajinou plnou barokn\u00edch pam\u00e1tek a staveb v\u011bhlasn\u00e9ho architekta Santiniho.&nbsp; SLU\u017dBY: Nab\u00eddka ob\u010derstven\u00ed a ubytov\u00e1n\u00ed&#8230;<\/p>\n<p> <a class=\"continue-reading-link\" href=\"https:\/\/husweg.eu\/cz\/etapa-7\/\"><span>Continue reading<\/span><i class=\"crycon-right-dir\"><\/i><\/a> <\/p>\n","protected":false},"author":1,"featured_media":0,"parent":0,"menu_order":0,"comment_status":"closed","ping_status":"closed","template":"","meta":{"ngg_post_thumbnail":0,"footnotes":""},"class_list":["post-580","page","type-page","status-publish","hentry"],"yoast_head":"<!-- This site is optimized with the Yoast SEO plugin v27.4 - https:\/\/yoast.com\/product\/yoast-seo-wordpress\/ -->\n<title>Etapa 7 - Husova cesta<\/title>\n<meta name=\"robots\" content=\"index, follow, max-snippet:-1, max-image-preview:large, max-video-preview:-1\" \/>\n<link rel=\"canonical\" href=\"https:\/\/husweg.eu\/cz\/etapa-7\/\" \/>\n<meta property=\"og:locale\" content=\"de_DE\" \/>\n<meta property=\"og:type\" content=\"article\" \/>\n<meta property=\"og:title\" content=\"Etapa 7 - Husova cesta\" \/>\n<meta property=\"og:description\" content=\"Etapa 7: Krakovec \u2013 Kralovice ETAPA 7 nen\u00ed fyzicky n\u00e1ro\u010dn\u00e1, o to v\u011bt\u0161\u00ed n\u00e1roky klade na orientaci. Jej\u00ed prvn\u00ed kilometry sice vedou po silnici, pot\u00e9 n\u00e1s v\u0161ak prov\u00e1z\u00ed ji\u017e v\u00fdhradn\u011b lesn\u00edmi a poln\u00edmi cestami, a to krajinou plnou barokn\u00edch pam\u00e1tek a staveb v\u011bhlasn\u00e9ho architekta Santiniho.&nbsp; SLU\u017dBY: Nab\u00eddka ob\u010derstven\u00ed a ubytov\u00e1n\u00ed... Continue reading\" \/>\n<meta property=\"og:url\" content=\"https:\/\/husweg.eu\/cz\/etapa-7\/\" \/>\n<meta property=\"og:site_name\" content=\"Husova cesta\" \/>\n<meta property=\"article:modified_time\" content=\"2023-02-22T20:54:51+00:00\" \/>\n<meta name=\"twitter:card\" content=\"summary_large_image\" \/>\n<meta name=\"twitter:label1\" content=\"Gesch\u00e4tzte Lesezeit\" \/>\n\t<meta name=\"twitter:data1\" content=\"7\u00a0Minuten\" \/>\n<script type=\"application\/ld+json\" class=\"yoast-schema-graph\">{\"@context\":\"https:\\\/\\\/schema.org\",\"@graph\":[{\"@type\":\"WebPage\",\"@id\":\"https:\\\/\\\/husweg.eu\\\/cz\\\/etapa-7\\\/\",\"url\":\"https:\\\/\\\/husweg.eu\\\/cz\\\/etapa-7\\\/\",\"name\":\"Etapa 7 - Husova cesta\",\"isPartOf\":{\"@id\":\"https:\\\/\\\/husweg.eu\\\/cz\\\/#website\"},\"datePublished\":\"2022-12-13T21:40:31+00:00\",\"dateModified\":\"2023-02-22T20:54:51+00:00\",\"breadcrumb\":{\"@id\":\"https:\\\/\\\/husweg.eu\\\/cz\\\/etapa-7\\\/#breadcrumb\"},\"inLanguage\":\"de\",\"potentialAction\":[{\"@type\":\"ReadAction\",\"target\":[\"https:\\\/\\\/husweg.eu\\\/cz\\\/etapa-7\\\/\"]}]},{\"@type\":\"BreadcrumbList\",\"@id\":\"https:\\\/\\\/husweg.eu\\\/cz\\\/etapa-7\\\/#breadcrumb\",\"itemListElement\":[{\"@type\":\"ListItem\",\"position\":1,\"name\":\"Startseite\",\"item\":\"https:\\\/\\\/husweg.eu\\\/cz\\\/\"},{\"@type\":\"ListItem\",\"position\":2,\"name\":\"Etapa 7\"}]},{\"@type\":\"WebSite\",\"@id\":\"https:\\\/\\\/husweg.eu\\\/cz\\\/#website\",\"url\":\"https:\\\/\\\/husweg.eu\\\/cz\\\/\",\"name\":\"Husova cesta\",\"description\":\"Husova cesta symbolicky sleduje Husovo putov\u00e1n\u00ed z Prahy na bavorsko-\u010deskou hranici.\",\"potentialAction\":[{\"@type\":\"SearchAction\",\"target\":{\"@type\":\"EntryPoint\",\"urlTemplate\":\"https:\\\/\\\/husweg.eu\\\/cz\\\/?s={search_term_string}\"},\"query-input\":{\"@type\":\"PropertyValueSpecification\",\"valueRequired\":true,\"valueName\":\"search_term_string\"}}],\"inLanguage\":\"de\"}]}<\/script>\n<!-- \/ Yoast SEO plugin. -->","yoast_head_json":{"title":"Etapa 7 - Husova cesta","robots":{"index":"index","follow":"follow","max-snippet":"max-snippet:-1","max-image-preview":"max-image-preview:large","max-video-preview":"max-video-preview:-1"},"canonical":"https:\/\/husweg.eu\/cz\/etapa-7\/","og_locale":"de_DE","og_type":"article","og_title":"Etapa 7 - Husova cesta","og_description":"Etapa 7: Krakovec \u2013 Kralovice ETAPA 7 nen\u00ed fyzicky n\u00e1ro\u010dn\u00e1, o to v\u011bt\u0161\u00ed n\u00e1roky klade na orientaci. Jej\u00ed prvn\u00ed kilometry sice vedou po silnici, pot\u00e9 n\u00e1s v\u0161ak prov\u00e1z\u00ed ji\u017e v\u00fdhradn\u011b lesn\u00edmi a poln\u00edmi cestami, a to krajinou plnou barokn\u00edch pam\u00e1tek a staveb v\u011bhlasn\u00e9ho architekta Santiniho.&nbsp; SLU\u017dBY: Nab\u00eddka ob\u010derstven\u00ed a ubytov\u00e1n\u00ed... Continue reading","og_url":"https:\/\/husweg.eu\/cz\/etapa-7\/","og_site_name":"Husova cesta","article_modified_time":"2023-02-22T20:54:51+00:00","twitter_card":"summary_large_image","twitter_misc":{"Gesch\u00e4tzte Lesezeit":"7\u00a0Minuten"},"schema":{"@context":"https:\/\/schema.org","@graph":[{"@type":"WebPage","@id":"https:\/\/husweg.eu\/cz\/etapa-7\/","url":"https:\/\/husweg.eu\/cz\/etapa-7\/","name":"Etapa 7 - Husova cesta","isPartOf":{"@id":"https:\/\/husweg.eu\/cz\/#website"},"datePublished":"2022-12-13T21:40:31+00:00","dateModified":"2023-02-22T20:54:51+00:00","breadcrumb":{"@id":"https:\/\/husweg.eu\/cz\/etapa-7\/#breadcrumb"},"inLanguage":"de","potentialAction":[{"@type":"ReadAction","target":["https:\/\/husweg.eu\/cz\/etapa-7\/"]}]},{"@type":"BreadcrumbList","@id":"https:\/\/husweg.eu\/cz\/etapa-7\/#breadcrumb","itemListElement":[{"@type":"ListItem","position":1,"name":"Startseite","item":"https:\/\/husweg.eu\/cz\/"},{"@type":"ListItem","position":2,"name":"Etapa 7"}]},{"@type":"WebSite","@id":"https:\/\/husweg.eu\/cz\/#website","url":"https:\/\/husweg.eu\/cz\/","name":"Husova cesta","description":"Husova cesta symbolicky sleduje Husovo putov\u00e1n\u00ed z Prahy na bavorsko-\u010deskou hranici.","potentialAction":[{"@type":"SearchAction","target":{"@type":"EntryPoint","urlTemplate":"https:\/\/husweg.eu\/cz\/?s={search_term_string}"},"query-input":{"@type":"PropertyValueSpecification","valueRequired":true,"valueName":"search_term_string"}}],"inLanguage":"de"}]}},"_links":{"self":[{"href":"https:\/\/husweg.eu\/cz\/wp-json\/wp\/v2\/pages\/580","targetHints":{"allow":["GET"]}}],"collection":[{"href":"https:\/\/husweg.eu\/cz\/wp-json\/wp\/v2\/pages"}],"about":[{"href":"https:\/\/husweg.eu\/cz\/wp-json\/wp\/v2\/types\/page"}],"author":[{"embeddable":true,"href":"https:\/\/husweg.eu\/cz\/wp-json\/wp\/v2\/users\/1"}],"replies":[{"embeddable":true,"href":"https:\/\/husweg.eu\/cz\/wp-json\/wp\/v2\/comments?post=580"}],"version-history":[{"count":7,"href":"https:\/\/husweg.eu\/cz\/wp-json\/wp\/v2\/pages\/580\/revisions"}],"predecessor-version":[{"id":775,"href":"https:\/\/husweg.eu\/cz\/wp-json\/wp\/v2\/pages\/580\/revisions\/775"}],"wp:attachment":[{"href":"https:\/\/husweg.eu\/cz\/wp-json\/wp\/v2\/media?parent=580"}],"curies":[{"name":"wp","href":"https:\/\/api.w.org\/{rel}","templated":true}]}}