{"id":578,"date":"2022-12-13T22:40:20","date_gmt":"2022-12-13T21:40:20","guid":{"rendered":"https:\/\/husweg.eu\/cz\/?page_id=578"},"modified":"2023-02-22T00:27:38","modified_gmt":"2023-02-21T23:27:38","slug":"etapa-6","status":"publish","type":"page","link":"https:\/\/husweg.eu\/cz\/etapa-6\/","title":{"rendered":"Etapa 6"},"content":{"rendered":"<p><strong>Etapa 6: Zv\u00edkovec \u2013 Krakovec<br \/>\n<\/strong><br \/>\n<strong><span style=\"color: #ff0000;\">ETAPA 6 <\/span><\/strong><span style=\"color: #ff0000;\">je krat\u0161\u00ed a nen\u00e1ro\u010dn\u00e1. Od \u0159eky <\/span><strong><span style=\"color: #ff0000;\">Berounky <\/span><\/strong><span style=\"color: #ff0000;\">m\u00edrn\u011b stoup\u00e1 \u00fadol\u00edm pod\u00e9l m\u00edrn\u00fdch, jindy divok\u00fdch <\/span><strong><span style=\"color: #ff0000;\">potok\u016f<\/span><\/strong><span style=\"color: #ff0000;\">. Vodu budete v t\u00e9to \u010d\u00e1sti mnohokr\u00e1t p\u0159ekra\u010dovat, proto je dobr\u00e1 obuv nezbytnost\u00ed. C\u00edlem cesty je <\/span><strong><span style=\"color: #ff0000;\">hrad Krakovec<\/span><\/strong><span style=\"color: #ff0000;\">, odkud <\/span><strong><span style=\"color: #ff0000;\">Jan Hus<\/span><\/strong><span style=\"color: #ff0000;\"> dle v\u011bt\u0161iny odborn\u00edk\u016f na svou cestku do Kostnice vyrazil.<br \/>\n<\/span><br \/>\n<strong><span style=\"color: #ff0000;\">SLU\u017dBY: <\/span><\/strong><span style=\"color: #ff0000;\">Ubytov\u00e1n\u00ed a stravov\u00e1n\u00ed na trase je zna\u010dn\u011b omezeno turistickou sez\u00f3nou. Celoro\u010dn\u00ed z\u00e1zem\u00ed je mo\u017en\u00e9 si zajistit ve Zv\u00edkovci \u010di v\u00a0nedalek\u00e9 Ch\u0159\u00ed\u010di, ne v\u0161ak ji\u017e v are\u00e1lu Machova ml\u00fdna a na Krakovci.<\/span><\/p>\n<p><strong>POPIS CESTY<br \/>\n<\/strong><br \/>\nTato etapa za\u010d\u00edn\u00e1 ve <strong>Zv\u00edkovci<\/strong> u rozcestn\u00edku v \u010d\u00e1sti<strong> Kalinova Ves<\/strong>. Po \u017elut\u00e9 turistick\u00e9 zna\u010dce p\u0159ejdeme most a za n\u00edm odbo\u010d\u00edme po silnici doprava. Prodlou\u017eit, zpest\u0159it, ale i zt\u00ed\u017eit si svou cestu m\u016f\u017eeme hned nyn\u00ed v\u00fdstupem na vyhl\u00eddku <strong>Na Plaz\u00edch<\/strong>, kter\u00e1 se nach\u00e1z\u00ed 3 km z trasy. Po n\u00e1ro\u010dn\u00e9m v\u00fdkonu se n\u00e1m za odm\u011bnu otev\u0159e dalek\u00fd rozhled, zaujme ale i samotn\u00e1 vyhl\u00eddkov\u00e1 plo\u0161ina. Pokud se pro v\u00fdstup nerozhodneme, na\u0161e cesta se s <strong>\u00fadol\u00edm Berounky<\/strong> ve Zv\u00edkovci definitivn\u011b lou\u010d\u00ed. Nicm\u00e9n\u011b dal\u0161\u00ed vodn\u00ed\u00a0toky n\u00e1s budou prov\u00e1zet i po zbytek dne. A\u017e do c\u00edle p\u016fjdeme p\u0159ev\u00e1\u017en\u011b hlubok\u00fdmi \u00fadol\u00edmi kolem potok\u016f, a to \u00fazem\u00edm <strong>CHKO K\u0159ivokl\u00e1tsko<\/strong>.<\/p>\n<p>Ze silnice za mostem zahneme vlevo do chatov\u00e9 osady a pokra\u010dujeme po \u017elut\u00e9 pod\u00e9l <strong>potoka Javornice<\/strong>. Jej\u00ed meandry obklopen\u00e9 lesy vytvo\u0159ily p\u016fsobivou krajinu s poz\u016fstatky ml\u00fdn\u016f a d\u016fln\u00ed \u010dinnosti. Cestou p\u0159ekov\u00e1v\u00e1me brody a d\u0159ev\u011bn\u00e9 l\u00e1vky, z nich\u017e n\u011bkter\u00e9 mohou b\u00fdt v hor\u0161\u00edm technick\u00e9m stavu. Dob\u0159e zde tedy vyu\u017eijeme i svoji kreativitu a vynal\u00e9zavost p\u0159i p\u0159ekov\u00e1v\u00e1n\u00ed t\u011bchto nesn\u00e1z\u00ed.<\/p>\n<p>Po \u017elut\u00e9 pak p\u0159ijdeme k rozcestn\u00edku u samoty <strong>\u010certovec<\/strong>, kter\u00e1 byla z\u0159ejm\u011b pojmenov\u00e1na podle sirn\u00e9ho z\u00e1pachu linouc\u00edho se zde v d\u016fsledky t\u011b\u017eby vitriolov\u00e9 b\u0159idlice. Potok v jeho bl\u00edzkosti vytv\u00e1\u0159\u00ed pe\u0159ej p\u0159epadem p\u0159es dva skaln\u00ed prahy. Za z\u00e1zem\u00edm p\u0159i nepohod\u011b m\u016f\u017eeme v t\u011bchto m\u00edstech odbo\u010dit vlevo na 3kilometrovou zach\u00e1zku do obce <strong>Ch\u0159\u00ed\u010d,<\/strong> do jeho\u017e katastru cel\u00e9 \u00fazem\u00ed spad\u00e1.<\/p>\n<p>D\u00e1le po trase Husovy cesty m\u00edj\u00edme <strong>b\u00fdval\u00fd Kub\u016fv ml\u00fdn<\/strong> a dojdeme k rozcest\u00ed u b\u00fdval\u00e9 osady <strong>Marek<\/strong>. Zde se k n\u00e1m na chv\u00edli p\u0159id\u00e1 zelen\u00e1 zna\u010dka, aby se od n\u00e1s po chv\u00edli op\u011bt odpojila. St\u00e1le pokra\u010dujeme po \u017elut\u00e9 a dojdeme k <strong>Machovu ml\u00fdnu<\/strong>, kde vzniklo rekrea\u010dn\u00ed centrum a v l\u00e9t\u011b p\u0159edstavuje jedinou mo\u017enost ob\u010derstven\u00ed p\u0159\u00edmo na trase.<\/p>\n<p>Kousek za Machov\u00fdm ml\u00fdnem pak na rozcest\u00ed opou\u0161t\u00edme \u017elut\u00e9 zna\u010den\u00ed i potok Javornici a vyd\u00e1v\u00e1me se po \u010derven\u00e9 proti proudu <strong>\u0160\u00edpsk\u00e9ho potoka<\/strong>. M\u00edj\u00edme Jankovic ml\u00fdn a za necel\u00fd kilometr p\u0159ich\u00e1z\u00edme do c\u00edle, k\u00a0majest\u00e1tn\u00ed z\u0159\u00edcenin\u011b <strong>hradu Krakovec<\/strong>.<\/p>\n<p><strong>ZAJ\u00cdMAVOSTI NA TRASE<br \/>\n<\/strong><br \/>\n<strong>P\u0159\u00edrodn\u00ed park Berounka<\/strong><br \/>\nTento p\u0159\u00edrodn\u00ed park vznikl v roce 2021 roz\u0161\u00ed\u0159en\u00edm p\u016fvodn\u00edho PP Horn\u00ed Berounka. Dominuje j\u00ed\u00a0 ka\u0148onovit\u00e9 \u00fadol\u00ed t\u00e9to dominantn\u00ed z\u00e1pado\u010desk\u00e9 \u0159eky, kter\u00e1 se za\u0159ez\u00e1v\u00e1 do les\u016f a pol\u00ed pokr\u00fdvaj\u00edc\u00edch Plze\u0148skou pahorkatinu. Oblast je \u00fato\u010di\u0161t\u011bm mnoha \u017eivo\u010di\u0161n\u00fdch druh\u016f, je hojn\u011b nav\u0161t\u011bvovan\u00e1 turisty, vod\u00e1ky i cyklisty.<\/p>\n<p><strong>Vyhl\u00eddka na Plaz\u00edch<\/strong><br \/>\nCelod\u0159ev\u011bn\u00e1 vyhl\u00eddka byla vybudovan\u00e1 v roce 2013 na svahu Plazy nad \u0159ekou Berounkou v bl\u00edzkosti osady Kostel\u00edk. D\u00edky tomu, \u017ee k m\u00edstu nen\u00ed mo\u017en\u00fd p\u0159\u00edstup pro techniku, prob\u00edhala stavba vyhl\u00eddky \u0161etrn\u00fdm zp\u016fsobem, jen s vyu\u017eit\u00edm kladek a lan. Na v\u00fdrobu bylo pou\u017eito d\u0159evo z okoln\u00edch les\u016f. Chceme-li vyhl\u00eddku nav\u0161t\u00edvit, mus\u00edme ve Zv\u00edkovci za \u0159ekou z na\u0161\u00ed trasy odbo\u010dit na silnici vedouc\u00ed kolem Ko\u010dkova ml\u00fdna sm\u011brem na obec Kostel\u00edk. Ze silnice pak za lesem vede na vyhl\u00eddku poln\u00ed cesta.<\/p>\n<p><strong>Potok Javornice<\/strong><br \/>\n\u00dadol\u00ed tohoto potoka je pln\u00e9 brod\u016f a l\u00e1vek. Obl\u00edbil si jej nejen mlok skvrnit\u00fd, ale i lid\u00e9. Trampsk\u00e9 osady a skautsk\u00e9 t\u00e1bory zde vznikaly ji\u017e za prvn\u00ed republiky. V prvn\u00ed \u010d\u00e1sti cesty m\u016f\u017eeme od Javornice vystoupat na lev\u00fd svah k p\u0159\u00edrodn\u00ed rezervaci Dubensko, kter\u00e1 je v\u00fdznamn\u00e1 po\u010dtem vyskytuj\u00edc\u00edho se vz\u00e1cn\u00e9ho tisu \u010derven\u00e9ho.<\/p>\n<p><strong>Ch\u0159\u00ed\u010d<\/strong><br \/>\nV posledn\u00edch letech je tato obec zn\u00e1m\u00e1 d\u00edky obnoven\u00e9 v\u00fdrob\u011b piva. Ch\u0159\u00ed\u010dsk\u00fd pivovar obnovil svoji \u010dinnost v roce 2015 a v p\u016fvodn\u00edch prostorech tak nav\u00e1zal na tradici zaznamenanou od roku 1567.<\/p>\n<p><strong>Z\u0159\u00edcenina hradu Krakovec<\/strong><\/p>\n<p>Pr\u00e1v\u011b na Krakovci, dle v\u011bt\u0161iny historick\u00fdch pramen\u016f, Hus pob\u00fdval p\u0159ed svou cestou do Kostnice. Proto tak\u00e9 m\u016f\u017eeme na n\u00e1dvo\u0159\u00ed objevit kalich a za hradem je um\u00edst\u011bn pomn\u00edk v podob\u011b velik\u00e9 sed\u00edc\u00ed, medituj\u00edc\u00ed postavy mistra Jana Husa. Jedn\u00e1 se o jedno z m\u00e1la vyobrazen\u00ed tohoto u\u010dence jako\u017eto mu\u017ee sp\u00ed\u0161e mal\u00e9ho, podsadit\u00e9ho a ple\u0161at\u00e9ho. Krakovec byl postaven kolem roku 1383 pro purkrab\u00edho hradu K\u0159ivokl\u00e1t, J\u00edru z Roztok, pozd\u011bji byl renesan\u010dn\u011b upraven. Od sv\u00e9ho vzniku m\u011bl sp\u00ed\u0161e charakter gotick\u00e9ho z\u00e1mku ne\u017eli hradu. Sna\u017eil se toti\u017e sv\u00fdm obyvatel\u016fm zajistit pohodl\u00ed a neplnil tolik obran\u00e9 funkce, jak bylo tehdy zvykem. Byl s\u00eddlem p\u0159edev\u0161\u00edm reprezentativn\u00edm s mnoh\u00fdmi technick\u00fdmi vymo\u017eenostmi, jako nap\u0159\u00edklad syst\u00e9mem vyt\u00e1p\u011bn\u00ed. To dodnes dokl\u00e1daj\u00ed i zbytky d\u016fmysln\u00fdch kleneb nebo p\u011btibok\u00fd presbyt\u00e1\u0159 v podob\u011b velik\u00e9ho ark\u00fd\u0159e, kter\u00fd je dodnes viditeln\u00fd na vn\u011bj\u0161\u00ed v\u00fdchodn\u00ed stran\u011b pam\u00e1tky. Z tohoto presbyt\u00e1\u0159e sm\u011brem do kaple pr\u00fd \u010dasto k\u00e1zal i samotn\u00fd Jan Hus. Zaj\u00edmavost\u00ed je i nov\u00fd, d\u0159ev\u011bn\u00fd, tradi\u010dn\u011b tesan\u00fd vstupn\u00ed most, kter\u00fd nahradil d\u0159\u00edv\u011bj\u0161\u00ed padac\u00ed. Ch\u00e1trat hrad za\u010dal po roce 1783, kdy po z\u00e1sahu bleskem vyho\u0159el a zbyly z n\u011bj pouze zdi, kter\u00e9 se staly zdrojem stavebn\u00edho materi\u00e1lu pro \u0161irok\u00e9 okol\u00ed. Z\u0159\u00edceninu je mo\u017en\u00e9 si prohl\u00e9dnout i zevnit\u0159, vstup je zpoplatn\u011bn\u00fd. Krakovec je p\u0159\u00edstupn\u00fd v\u00a0letn\u00ed sez\u00f3n\u011b, mimo ni pak po domluv\u011b.<\/p>\n<p><strong>Obec Krakovec<\/strong><br \/>\nHistorick\u00e1 obec obklopuj\u00edc\u00ed hrad Krakovec se rozkl\u00e1d\u00e1 na b\u0159ez\u00edch dvou potok\u016f. Je pln\u00e1 malebn\u00fdch chalup, trvale v\u00a0n\u00ed \u017eije pouze 68 obyvatel.<\/p>\n","protected":false},"excerpt":{"rendered":"<p>Etapa 6: Zv\u00edkovec \u2013 Krakovec ETAPA 6 je krat\u0161\u00ed a nen\u00e1ro\u010dn\u00e1. Od \u0159eky Berounky m\u00edrn\u011b stoup\u00e1 \u00fadol\u00edm pod\u00e9l m\u00edrn\u00fdch, jindy divok\u00fdch potok\u016f. Vodu budete v t\u00e9to \u010d\u00e1sti mnohokr\u00e1t p\u0159ekra\u010dovat, proto je dobr\u00e1 obuv nezbytnost\u00ed. C\u00edlem cesty je hrad Krakovec, odkud Jan Hus dle v\u011bt\u0161iny odborn\u00edk\u016f na svou cestku do Kostnice&#8230;<\/p>\n<p> <a class=\"continue-reading-link\" href=\"https:\/\/husweg.eu\/cz\/etapa-6\/\"><span>Continue reading<\/span><i class=\"crycon-right-dir\"><\/i><\/a> <\/p>\n","protected":false},"author":1,"featured_media":0,"parent":0,"menu_order":0,"comment_status":"closed","ping_status":"closed","template":"","meta":{"ngg_post_thumbnail":0,"footnotes":""},"class_list":["post-578","page","type-page","status-publish","hentry"],"yoast_head":"<!-- This site is optimized with the Yoast SEO plugin v27.4 - https:\/\/yoast.com\/product\/yoast-seo-wordpress\/ -->\n<title>Etapa 6 - Husova cesta<\/title>\n<meta name=\"robots\" content=\"index, follow, max-snippet:-1, max-image-preview:large, max-video-preview:-1\" \/>\n<link rel=\"canonical\" href=\"https:\/\/husweg.eu\/cz\/etapa-6\/\" \/>\n<meta property=\"og:locale\" content=\"de_DE\" \/>\n<meta property=\"og:type\" content=\"article\" \/>\n<meta property=\"og:title\" content=\"Etapa 6 - Husova cesta\" \/>\n<meta property=\"og:description\" content=\"Etapa 6: Zv\u00edkovec \u2013 Krakovec ETAPA 6 je krat\u0161\u00ed a nen\u00e1ro\u010dn\u00e1. Od \u0159eky Berounky m\u00edrn\u011b stoup\u00e1 \u00fadol\u00edm pod\u00e9l m\u00edrn\u00fdch, jindy divok\u00fdch potok\u016f. Vodu budete v t\u00e9to \u010d\u00e1sti mnohokr\u00e1t p\u0159ekra\u010dovat, proto je dobr\u00e1 obuv nezbytnost\u00ed. C\u00edlem cesty je hrad Krakovec, odkud Jan Hus dle v\u011bt\u0161iny odborn\u00edk\u016f na svou cestku do Kostnice... Continue reading\" \/>\n<meta property=\"og:url\" content=\"https:\/\/husweg.eu\/cz\/etapa-6\/\" \/>\n<meta property=\"og:site_name\" content=\"Husova cesta\" \/>\n<meta property=\"article:modified_time\" content=\"2023-02-21T23:27:38+00:00\" \/>\n<meta name=\"twitter:card\" content=\"summary_large_image\" \/>\n<meta name=\"twitter:label1\" content=\"Gesch\u00e4tzte Lesezeit\" \/>\n\t<meta name=\"twitter:data1\" content=\"5\u00a0Minuten\" \/>\n<script type=\"application\/ld+json\" class=\"yoast-schema-graph\">{\"@context\":\"https:\\\/\\\/schema.org\",\"@graph\":[{\"@type\":\"WebPage\",\"@id\":\"https:\\\/\\\/husweg.eu\\\/cz\\\/etapa-6\\\/\",\"url\":\"https:\\\/\\\/husweg.eu\\\/cz\\\/etapa-6\\\/\",\"name\":\"Etapa 6 - Husova cesta\",\"isPartOf\":{\"@id\":\"https:\\\/\\\/husweg.eu\\\/cz\\\/#website\"},\"datePublished\":\"2022-12-13T21:40:20+00:00\",\"dateModified\":\"2023-02-21T23:27:38+00:00\",\"breadcrumb\":{\"@id\":\"https:\\\/\\\/husweg.eu\\\/cz\\\/etapa-6\\\/#breadcrumb\"},\"inLanguage\":\"de\",\"potentialAction\":[{\"@type\":\"ReadAction\",\"target\":[\"https:\\\/\\\/husweg.eu\\\/cz\\\/etapa-6\\\/\"]}]},{\"@type\":\"BreadcrumbList\",\"@id\":\"https:\\\/\\\/husweg.eu\\\/cz\\\/etapa-6\\\/#breadcrumb\",\"itemListElement\":[{\"@type\":\"ListItem\",\"position\":1,\"name\":\"Startseite\",\"item\":\"https:\\\/\\\/husweg.eu\\\/cz\\\/\"},{\"@type\":\"ListItem\",\"position\":2,\"name\":\"Etapa 6\"}]},{\"@type\":\"WebSite\",\"@id\":\"https:\\\/\\\/husweg.eu\\\/cz\\\/#website\",\"url\":\"https:\\\/\\\/husweg.eu\\\/cz\\\/\",\"name\":\"Husova cesta\",\"description\":\"Husova cesta symbolicky sleduje Husovo putov\u00e1n\u00ed z Prahy na bavorsko-\u010deskou hranici.\",\"potentialAction\":[{\"@type\":\"SearchAction\",\"target\":{\"@type\":\"EntryPoint\",\"urlTemplate\":\"https:\\\/\\\/husweg.eu\\\/cz\\\/?s={search_term_string}\"},\"query-input\":{\"@type\":\"PropertyValueSpecification\",\"valueRequired\":true,\"valueName\":\"search_term_string\"}}],\"inLanguage\":\"de\"}]}<\/script>\n<!-- \/ Yoast SEO plugin. -->","yoast_head_json":{"title":"Etapa 6 - Husova cesta","robots":{"index":"index","follow":"follow","max-snippet":"max-snippet:-1","max-image-preview":"max-image-preview:large","max-video-preview":"max-video-preview:-1"},"canonical":"https:\/\/husweg.eu\/cz\/etapa-6\/","og_locale":"de_DE","og_type":"article","og_title":"Etapa 6 - Husova cesta","og_description":"Etapa 6: Zv\u00edkovec \u2013 Krakovec ETAPA 6 je krat\u0161\u00ed a nen\u00e1ro\u010dn\u00e1. Od \u0159eky Berounky m\u00edrn\u011b stoup\u00e1 \u00fadol\u00edm pod\u00e9l m\u00edrn\u00fdch, jindy divok\u00fdch potok\u016f. Vodu budete v t\u00e9to \u010d\u00e1sti mnohokr\u00e1t p\u0159ekra\u010dovat, proto je dobr\u00e1 obuv nezbytnost\u00ed. C\u00edlem cesty je hrad Krakovec, odkud Jan Hus dle v\u011bt\u0161iny odborn\u00edk\u016f na svou cestku do Kostnice... Continue reading","og_url":"https:\/\/husweg.eu\/cz\/etapa-6\/","og_site_name":"Husova cesta","article_modified_time":"2023-02-21T23:27:38+00:00","twitter_card":"summary_large_image","twitter_misc":{"Gesch\u00e4tzte Lesezeit":"5\u00a0Minuten"},"schema":{"@context":"https:\/\/schema.org","@graph":[{"@type":"WebPage","@id":"https:\/\/husweg.eu\/cz\/etapa-6\/","url":"https:\/\/husweg.eu\/cz\/etapa-6\/","name":"Etapa 6 - Husova cesta","isPartOf":{"@id":"https:\/\/husweg.eu\/cz\/#website"},"datePublished":"2022-12-13T21:40:20+00:00","dateModified":"2023-02-21T23:27:38+00:00","breadcrumb":{"@id":"https:\/\/husweg.eu\/cz\/etapa-6\/#breadcrumb"},"inLanguage":"de","potentialAction":[{"@type":"ReadAction","target":["https:\/\/husweg.eu\/cz\/etapa-6\/"]}]},{"@type":"BreadcrumbList","@id":"https:\/\/husweg.eu\/cz\/etapa-6\/#breadcrumb","itemListElement":[{"@type":"ListItem","position":1,"name":"Startseite","item":"https:\/\/husweg.eu\/cz\/"},{"@type":"ListItem","position":2,"name":"Etapa 6"}]},{"@type":"WebSite","@id":"https:\/\/husweg.eu\/cz\/#website","url":"https:\/\/husweg.eu\/cz\/","name":"Husova cesta","description":"Husova cesta symbolicky sleduje Husovo putov\u00e1n\u00ed z Prahy na bavorsko-\u010deskou hranici.","potentialAction":[{"@type":"SearchAction","target":{"@type":"EntryPoint","urlTemplate":"https:\/\/husweg.eu\/cz\/?s={search_term_string}"},"query-input":{"@type":"PropertyValueSpecification","valueRequired":true,"valueName":"search_term_string"}}],"inLanguage":"de"}]}},"_links":{"self":[{"href":"https:\/\/husweg.eu\/cz\/wp-json\/wp\/v2\/pages\/578","targetHints":{"allow":["GET"]}}],"collection":[{"href":"https:\/\/husweg.eu\/cz\/wp-json\/wp\/v2\/pages"}],"about":[{"href":"https:\/\/husweg.eu\/cz\/wp-json\/wp\/v2\/types\/page"}],"author":[{"embeddable":true,"href":"https:\/\/husweg.eu\/cz\/wp-json\/wp\/v2\/users\/1"}],"replies":[{"embeddable":true,"href":"https:\/\/husweg.eu\/cz\/wp-json\/wp\/v2\/comments?post=578"}],"version-history":[{"count":4,"href":"https:\/\/husweg.eu\/cz\/wp-json\/wp\/v2\/pages\/578\/revisions"}],"predecessor-version":[{"id":692,"href":"https:\/\/husweg.eu\/cz\/wp-json\/wp\/v2\/pages\/578\/revisions\/692"}],"wp:attachment":[{"href":"https:\/\/husweg.eu\/cz\/wp-json\/wp\/v2\/media?parent=578"}],"curies":[{"name":"wp","href":"https:\/\/api.w.org\/{rel}","templated":true}]}}