{"id":576,"date":"2022-12-13T22:40:03","date_gmt":"2022-12-13T21:40:03","guid":{"rendered":"https:\/\/husweg.eu\/cz\/?page_id=576"},"modified":"2023-02-22T00:00:16","modified_gmt":"2023-02-21T23:00:16","slug":"etapa-5","status":"publish","type":"page","link":"https:\/\/husweg.eu\/cz\/etapa-5\/","title":{"rendered":"Etapa 5"},"content":{"rendered":"<p><strong>Etapa 5: To\u010dn\u00edk \u2013 Zv\u00edkovec<\/strong><\/p>\n<p><strong><span style=\"color: #ff0000;\">ETAPA 5 <\/span><\/strong><span style=\"color: #ff0000;\">je sp\u00ed\u0161e nen\u00e1ro\u010dnou \u010d\u00e1st\u00ed stezky. Vede hlubok\u00fdmi <\/span><strong><span style=\"color: #ff0000;\">k\u0159ivokl\u00e1tsk\u00fdmi lesy<\/span><\/strong><span style=\"color: #ff0000;\">, pot\u00e9 kolem ka\u0148onu <\/span><strong><span style=\"color: #ff0000;\">\u0159eky Berounky<\/span><\/strong><span style=\"color: #ff0000;\">, obl\u00edben\u00e9 chata\u0159i i vod\u00e1ky. Dominuj\u00ed j\u00ed <\/span><strong><span style=\"color: #ff0000;\">hrad To\u010dn\u00edk<\/span><\/strong><span style=\"color: #ff0000;\"> se sousedn\u00ed z\u0159\u00edceninou <\/span><strong><span style=\"color: #ff0000;\">\u017debr\u00e1kem<\/span><\/strong><span style=\"color: #ff0000;\">, ale i sk\u00e1ly a nalezi\u0161t\u011b zkamen\u011blin.<br \/>\n<\/span><br \/>\n<strong><span style=\"color: #ff0000;\">SLU\u017dBY: <\/span><\/strong><span style=\"color: #ff0000;\">Pro n\u00e1kup potravin doporu\u010dujeme zaj\u00edt do m\u011bsta \u017debr\u00e1k, v letn\u00ed sez\u00f3n\u011b pak z\u00e1zem\u00ed nab\u00edz\u00ed kempy, penziony \u010di st\u00e1nky s\u00a0ob\u010derstven\u00edm kolem Berounky (Skryje, Slapnice, \u0160lovice, Zv\u00edkovec).<\/span><\/p>\n<p><strong>POPIS CESTY<br \/>\n<\/strong><br \/>\nTrasa za\u010d\u00edn\u00e1 u rozcestn\u00edku <strong>To\u010dn\u00edk<\/strong>-pod hradem. Od hradu sem lze vyu\u017e\u00edt strmou stezku zna\u010denou pro turisty \u010derven\u011b nebo pozvoln\u011bj\u0161\u00ed zpevn\u011bnou cestu. P\u0159ed odchodem se je\u0161t\u011b m\u016f\u017eeme rozhl\u00e9dnout od <strong>Port\u00e1lu Jeron\u00fdma Pra\u017esk\u00e9ho<\/strong> nebo z\u0159\u00edceny <strong>hradu \u017debr\u00e1k<\/strong>.<\/p>\n<p>Z obce To\u010dn\u00edk vych\u00e1z\u00edme po zelen\u00e9. Hned na prvn\u00ed k\u0159i\u017eovatce zahneme doprava a po 350 m p\u0159ech\u00e1z\u00edme p\u0159es potok vlevo na louku, kde se n\u00e1m naskytne kr\u00e1sn\u00fd v\u00fdhled zp\u011bt na hrad To\u010dn\u00edk. Zelen\u00e1 zna\u010dka pak soub\u011b\u017en\u011b se \u017elutou pokra\u010duje do <strong>B\u0159ezov\u00e9<\/strong>, odtud pokra\u010dujeme ji\u017e jen po zelen\u00e9. Trasa vede lesem k rozcestn\u00edku <strong>H\u0159ebeny-h\u00e1jovna<\/strong>, kolem h\u00e1jenek <strong>Janu\u0161ky a Vlastec<\/strong> a\u017e do Skryj\u00ed. Cestou m\u016f\u017eeme odbo\u010dit k r\u016fzn\u00fdm <strong>skaln\u00edm \u00fatvar\u016fm<\/strong>. N\u011bkolikr\u00e1t k\u0159\u00ed\u017e\u00edme silnici, jinak ale jdeme p\u0159\u00edjemn\u00fdmi lesn\u00edmi cestami. Po\u010d\u00e1te\u010dn\u00ed stoup\u00e1n\u00ed kon\u010d\u00ed v les\u00edch u <strong>vrcholu Vlastec<\/strong> (612.m.n.m), pot\u00e9 a\u017e do Skryj\u00ed t\u00e9m\u011b\u0159 st\u00e1le kles\u00e1me. Ve <strong>Skryj\u00edch<\/strong> m\u016f\u017eeme na chv\u00edli opustit Husovu cestu a vydat se ke z\u0159\u00edcenin\u011b <strong>hradu T\u00fd\u0159ov<\/strong> nebo po nau\u010dn\u00e9 stezce po m\u00edstn\u00edch nalezi\u0161t\u00edch <strong>trilobit\u016f<\/strong>.<\/p>\n<p>Ve Skryj\u00edch m\u011bn\u00edme zna\u010den\u00ed. Od rozcestn\u00edku u obecn\u00edho \u00fa\u0159adu jdeme po \u010derven\u00e9 zna\u010dce doleva sm\u011brem do <strong>Slapnice<\/strong>. M\u016f\u017eeme si ud\u011blat odbo\u010dku na Skryjsk\u00e1 jez\u00edrka nebo d\u00edky brodu nav\u0161t\u00edvit na druh\u00e9 stran\u011b \u0159eky <strong>elektroskanzen<\/strong> s malou vodn\u00ed elektr\u00e1rnou. Od Ml\u00fdna Slapnice pak stoup\u00e1me po m\u00e1lo frekventovan\u00e9 asfaltov\u00e9 cest\u011b do <strong>\u010cil\u00e9<\/strong>. Z n\u00ed po zpevn\u011bn\u00fdch cest\u00e1ch pokra\u010dujeme p\u0159es <strong>Hradi\u0161t\u011b<\/strong> a\u017e do <strong>Zv\u00edkovce<\/strong>, kde je u rozcestn\u00edku Kalinova Ves c\u00edl t\u00e9to etapy.<\/p>\n<p><strong>ZAJ\u00cdMAVOSTI NA TRASE<br \/>\n<\/strong><br \/>\n<strong>Hrady To\u010dn\u00edk a \u017debr\u00e1k<\/strong><br \/>\nHrad \u017debr\u00e1k byl v\u017edy d\u016fle\u017eit\u00fdm s\u00eddlem na cest\u011b z Prahy do Plzn\u011b a d\u00e1le do Bavorska. V\u00fdznamu nabyl za Karla IV., kter\u00fd jako\u017eto \u0159\u00edmsk\u00fd c\u00edsa\u0159 \u010dasto cestoval do Norimberku. Roku 1392 zde dokonce podepsal listinu, kter\u00e1 umo\u017e\u0148ovala vybudovat v Praze Betl\u00e9mskou kapli. Po po\u017e\u00e1ru na \u017debr\u00e1ku si nechal jeho n\u00e1stupce, kr\u00e1l V\u00e1clav IV., koncem 14. stolet\u00ed postavit reziden\u010dn\u00ed hrad To\u010dn\u00edk, kde pak prob\u00edhala v\u011bt\u0161ina jeho jedn\u00e1n\u00ed. Od t\u00e9 doby \u017debr\u00e1k postupn\u011b ch\u00e1tral. Jan Hus byl d\u016fv\u011brn\u00edkem kr\u00e1lovny a oba hrady proto dob\u0159e znal. Roku 1412 se na hrad\u011b \u017debr\u00e1ku dokonce mezi n\u00edm a \u0160t\u011bp\u00e1nem P\u00e1l\u010de konala disputace o odpustc\u00edch. P\u0159i tomto tzv. h\u00e1d\u00e1n\u00ed p\u0159ijel Jeron\u00fdm Pra\u017esk\u00fd na osl\u00e1tku a sehr\u00e1l p\u0159ed V\u00e1clavem IV. komedi\u00e1ln\u00ed sc\u00e9nku. I proto je tento u\u010denec, kter\u00fd byl stejn\u011b jako Hus up\u00e1len v Kostnici, v okol\u00ed hrad\u016f p\u0159ipomenut takzvan\u00fdm <strong>Port\u00e1lem Jeron\u00fdma Pra\u017esk\u00e9ho<\/strong>.<\/p>\n<p><strong>CHKO K\u0159ivokl\u00e1tsko<\/strong><br \/>\nChr\u00e1n\u011bn\u00e1 krajinn\u00e1 oblast pojmenovan\u00e1 pro hrad\u011b K\u0159ivokl\u00e1t byla vyhl\u00e1\u0161en\u00e1 ji\u017e v roce 1978. Jedn\u00e1 se t\u00e9\u017e o biosf\u00e9rickou rezervaci UNESCO. \u00dazem\u00ed v\u00e9vod\u00ed \u0159eka Berounka a jej\u00ed p\u0159\u00edtoky, jejich\u017e \u00fadol\u00ed lemuj\u00ed skalnat\u00e9 svahy, su\u0165ovit\u00e9 kopce a hlubok\u00e9 listnat\u00e9 lesy.<\/p>\n<p><span style=\"color: #ff0000;\">Skaln\u00ed \u00fatvary L\u00ed\u0161n\u00e1-Broumy<\/span><br \/>\nLesy mezi obcemi L\u00ed\u0161n\u00e1 a Broumy skr\u00fdvaj\u00ed mnoho skalisek a skal, jako nap\u0159. skaln\u00ed v\u011b\u017ee u H\u0159eben\u016f. V\u00fdrovka a Jouglovka k\u00a0tomu nav\u00edc nab\u00edz\u00ed malebn\u00e9 v\u00fdhledy do okoln\u00ed krajiny.<\/p>\n<p><strong>Skryje<\/strong><br \/>\nHezk\u00fd pohled na Skryje se n\u00e1m otev\u0159e ji\u017e p\u0159i cest\u011b z lesa u takzvan\u00e9 vyhl\u00eddky U K\u0159\u00ed\u017ee. Obec se 148 obyvateli le\u017e\u00ed u \u0159eky Berounky a je pln\u00e1 unik\u00e1tn\u00edch venkovsk\u00fdch staven\u00ed. Okol\u00ed Skryj\u00ed je vyhl\u00e1\u0161en\u00e9 nejen kr\u00e1snou krajinou, ale i nalezi\u0161ti zkamen\u011blin trilobit\u016f, kter\u00fdm se v\u011bnuje i m\u00edstn\u00ed nau\u010dn\u00e1 stezka a muzeum.<\/p>\n<p><strong>Nau\u010dn\u00e1 stezka Po stop\u011b trilobita<\/strong><br \/>\nNau\u010dn\u00e1 stezka o d\u00e9lce 1,8 km prozkoum\u00e1v\u00e1 krajinu severn\u011b od Skryj\u00ed. M\u00e1 12 zastaven\u00ed s informa\u010dn\u00edmi tabulemi v\u011bnovan\u00fdmi geologick\u00e9 minulosti a paleontologii. Za\u010d\u00edn\u00e1 u m\u00edstn\u00edho muzea, nedaleko \u0159eky Berounky je na jej\u00ed trase instalov\u00e1na socha trilobita.<\/p>\n<p><span style=\"color: #ff0000;\">Pam\u00e1tn\u00edk Joachima Barranda<\/span><strong><br \/>\n<\/strong>Ve Skryj\u00edch najdeme muzeum mapuj\u00edc\u00ed \u017eivot a d\u00edlo tohoto francouzsk\u00e9ho in\u017een\u00fdra a paleontologa, kter\u00fd v 18. stol. proslul pr\u016fzkumem geologick\u00fdch \u00fatvar\u016f a zkamen\u011blin v okol\u00ed Prahy a Berounky. Expozice se d\u00e1le v\u011bnuje i m\u00edstn\u00edm n\u00e1lez\u016fm trilobit\u016f, historii, vykop\u00e1vk\u00e1m na hrad\u011b T\u00fd\u0159ov\u011b \u010di tradi\u010dn\u00edmu \u017eivotu na venkov\u011b.<br \/>\n<strong><br \/>\nZ\u0159\u00edcenina T\u00fd\u0159ov<\/strong><br \/>\nNecel\u00e9 3 km od centra Skryj\u00ed nalezneme z\u0159\u00edceninu hradu T\u00fd\u0159ov, kter\u00fd pat\u0159\u00ed mezi nejstar\u0161\u00ed \u010desk\u00e9 hrady. Dostaneme se k n\u011bmu pod\u00e9l Berounky po \u017elut\u00e9 turistick\u00e9 zna\u010dce. Nach\u00e1z\u00ed se na ostrohu nad \u0159ekou, z\u00a0n\u011bho\u017e je mo\u017en\u00e9 sledovat kolem se vinouc\u00ed \u00fadol\u00ed.<\/p>\n<p><span style=\"color: #ff0000;\">Elektroskanzen \u010cech\u016fv ml\u00fdn ve \u0160lovic\u00edch<\/span><br \/>\nNa druh\u00e9m b\u0159ehu Berounky najdeme zaj\u00edmavou technickou pam\u00e1tku \u2013 elektroskanzen v prostor\u00e1ch p\u016fvodn\u00edho ml\u00fdna. V\u00a0objektu je v provozu i mal\u00e1 vodn\u00ed elektr\u00e1rna. Prohl\u00eddka je mo\u017en\u00e1 po domluv\u011b.<\/p>\n<p><strong>Skyjsk\u00e1 jez\u00edrka<\/strong><br \/>\nPouh\u00fd 1,5 km od na\u0161\u00ed trasy naraz\u00edme ve skalnat\u00e9m ka\u0148onu Zbiro\u017esk\u00e9ho potoku dv\u011b mal\u00e1 jez\u00edrka a vodop\u00e1d. Ten sice nen\u00ed nikterak velk\u00fd, ale d\u00edky skalnat\u00e9mu okol\u00ed pat\u0159\u00ed mezi nejvodnat\u011bj\u0161\u00ed v \u010cesku. Cel\u00e9 \u00fazem\u00ed je p\u0159\u00edrodn\u00ed rezervac\u00ed. Z trasy Husovy cesty se k n\u00ed dostaneme od Ml\u00fdna Slapnice proti proudu potoka, kter\u00fd nakonec p\u0159ekon\u00e1me po \u00fazk\u00e9 d\u0159ev\u011bn\u00e9 l\u00e1vce.<\/p>\n<p><strong>\u010cil\u00e1 a Hradi\u0161t\u011b<br \/>\n<\/strong>Ob\u011b obce pat\u0159\u00ed po\u010dtem obyvatel k nejmen\u0161\u00edm samostatn\u00fdm vesnic\u00edm v \u010cR. Py\u0161n\u00ed se v\u0161ak malebn\u00fdmi venkovsk\u00fdmi domy, a p\u0159edev\u0161\u00edm p\u0159\u00edjemnou polohou u \u0159eky Berounky.<br \/>\n<strong><br \/>\nZv\u00edkovec<\/strong><br \/>\nTento m\u011bstys le\u017e\u00ed na rozhran\u00ed CHKO K\u0159ivokl\u00e1tsko a P\u0159\u00edrodn\u00edho parku Berounka. Je obl\u00edben\u00fdm letn\u00edm c\u00edlem zejm\u00e9na pro vod\u00e1ky. Samotn\u00e9 centrum se nach\u00e1z\u00ed 1 km d\u00e1le od \u0159eky na n\u00e1vr\u0161\u00ed. Nalezneme zde n\u00e1ves s par\u010d\u00edkem, kostelem, venkovsk\u00fdmi domy a z\u00e1meck\u00fdm are\u00e1lem, kter\u00fd poskytuje z\u00e1zem\u00ed zdravotnick\u00e9mu za\u0159\u00edzen\u00ed.<\/p>\n","protected":false},"excerpt":{"rendered":"<p>Etapa 5: To\u010dn\u00edk \u2013 Zv\u00edkovec ETAPA 5 je sp\u00ed\u0161e nen\u00e1ro\u010dnou \u010d\u00e1st\u00ed stezky. Vede hlubok\u00fdmi k\u0159ivokl\u00e1tsk\u00fdmi lesy, pot\u00e9 kolem ka\u0148onu \u0159eky Berounky, obl\u00edben\u00e9 chata\u0159i i vod\u00e1ky. Dominuj\u00ed j\u00ed hrad To\u010dn\u00edk se sousedn\u00ed z\u0159\u00edceninou \u017debr\u00e1kem, ale i sk\u00e1ly a nalezi\u0161t\u011b zkamen\u011blin. SLU\u017dBY: Pro n\u00e1kup potravin doporu\u010dujeme zaj\u00edt do m\u011bsta \u017debr\u00e1k, v letn\u00ed&#8230;<\/p>\n<p> <a class=\"continue-reading-link\" href=\"https:\/\/husweg.eu\/cz\/etapa-5\/\"><span>Continue reading<\/span><i class=\"crycon-right-dir\"><\/i><\/a> <\/p>\n","protected":false},"author":1,"featured_media":0,"parent":0,"menu_order":0,"comment_status":"closed","ping_status":"closed","template":"","meta":{"ngg_post_thumbnail":0,"footnotes":""},"class_list":["post-576","page","type-page","status-publish","hentry"],"yoast_head":"<!-- This site is optimized with the Yoast SEO plugin v27.4 - https:\/\/yoast.com\/product\/yoast-seo-wordpress\/ -->\n<title>Etapa 5 - Husova cesta<\/title>\n<meta name=\"robots\" content=\"index, follow, max-snippet:-1, max-image-preview:large, max-video-preview:-1\" \/>\n<link rel=\"canonical\" href=\"https:\/\/husweg.eu\/cz\/etapa-5\/\" \/>\n<meta property=\"og:locale\" content=\"de_DE\" \/>\n<meta property=\"og:type\" content=\"article\" \/>\n<meta property=\"og:title\" content=\"Etapa 5 - Husova cesta\" \/>\n<meta property=\"og:description\" content=\"Etapa 5: To\u010dn\u00edk \u2013 Zv\u00edkovec ETAPA 5 je sp\u00ed\u0161e nen\u00e1ro\u010dnou \u010d\u00e1st\u00ed stezky. Vede hlubok\u00fdmi k\u0159ivokl\u00e1tsk\u00fdmi lesy, pot\u00e9 kolem ka\u0148onu \u0159eky Berounky, obl\u00edben\u00e9 chata\u0159i i vod\u00e1ky. Dominuj\u00ed j\u00ed hrad To\u010dn\u00edk se sousedn\u00ed z\u0159\u00edceninou \u017debr\u00e1kem, ale i sk\u00e1ly a nalezi\u0161t\u011b zkamen\u011blin. SLU\u017dBY: Pro n\u00e1kup potravin doporu\u010dujeme zaj\u00edt do m\u011bsta \u017debr\u00e1k, v letn\u00ed... Continue reading\" \/>\n<meta property=\"og:url\" content=\"https:\/\/husweg.eu\/cz\/etapa-5\/\" \/>\n<meta property=\"og:site_name\" content=\"Husova cesta\" \/>\n<meta property=\"article:modified_time\" content=\"2023-02-21T23:00:16+00:00\" \/>\n<meta name=\"twitter:card\" content=\"summary_large_image\" \/>\n<meta name=\"twitter:label1\" content=\"Gesch\u00e4tzte Lesezeit\" \/>\n\t<meta name=\"twitter:data1\" content=\"5\u00a0Minuten\" \/>\n<script type=\"application\/ld+json\" class=\"yoast-schema-graph\">{\"@context\":\"https:\\\/\\\/schema.org\",\"@graph\":[{\"@type\":\"WebPage\",\"@id\":\"https:\\\/\\\/husweg.eu\\\/cz\\\/etapa-5\\\/\",\"url\":\"https:\\\/\\\/husweg.eu\\\/cz\\\/etapa-5\\\/\",\"name\":\"Etapa 5 - Husova cesta\",\"isPartOf\":{\"@id\":\"https:\\\/\\\/husweg.eu\\\/cz\\\/#website\"},\"datePublished\":\"2022-12-13T21:40:03+00:00\",\"dateModified\":\"2023-02-21T23:00:16+00:00\",\"breadcrumb\":{\"@id\":\"https:\\\/\\\/husweg.eu\\\/cz\\\/etapa-5\\\/#breadcrumb\"},\"inLanguage\":\"de\",\"potentialAction\":[{\"@type\":\"ReadAction\",\"target\":[\"https:\\\/\\\/husweg.eu\\\/cz\\\/etapa-5\\\/\"]}]},{\"@type\":\"BreadcrumbList\",\"@id\":\"https:\\\/\\\/husweg.eu\\\/cz\\\/etapa-5\\\/#breadcrumb\",\"itemListElement\":[{\"@type\":\"ListItem\",\"position\":1,\"name\":\"Startseite\",\"item\":\"https:\\\/\\\/husweg.eu\\\/cz\\\/\"},{\"@type\":\"ListItem\",\"position\":2,\"name\":\"Etapa 5\"}]},{\"@type\":\"WebSite\",\"@id\":\"https:\\\/\\\/husweg.eu\\\/cz\\\/#website\",\"url\":\"https:\\\/\\\/husweg.eu\\\/cz\\\/\",\"name\":\"Husova cesta\",\"description\":\"Husova cesta symbolicky sleduje Husovo putov\u00e1n\u00ed z Prahy na bavorsko-\u010deskou hranici.\",\"potentialAction\":[{\"@type\":\"SearchAction\",\"target\":{\"@type\":\"EntryPoint\",\"urlTemplate\":\"https:\\\/\\\/husweg.eu\\\/cz\\\/?s={search_term_string}\"},\"query-input\":{\"@type\":\"PropertyValueSpecification\",\"valueRequired\":true,\"valueName\":\"search_term_string\"}}],\"inLanguage\":\"de\"}]}<\/script>\n<!-- \/ Yoast SEO plugin. -->","yoast_head_json":{"title":"Etapa 5 - Husova cesta","robots":{"index":"index","follow":"follow","max-snippet":"max-snippet:-1","max-image-preview":"max-image-preview:large","max-video-preview":"max-video-preview:-1"},"canonical":"https:\/\/husweg.eu\/cz\/etapa-5\/","og_locale":"de_DE","og_type":"article","og_title":"Etapa 5 - Husova cesta","og_description":"Etapa 5: To\u010dn\u00edk \u2013 Zv\u00edkovec ETAPA 5 je sp\u00ed\u0161e nen\u00e1ro\u010dnou \u010d\u00e1st\u00ed stezky. Vede hlubok\u00fdmi k\u0159ivokl\u00e1tsk\u00fdmi lesy, pot\u00e9 kolem ka\u0148onu \u0159eky Berounky, obl\u00edben\u00e9 chata\u0159i i vod\u00e1ky. Dominuj\u00ed j\u00ed hrad To\u010dn\u00edk se sousedn\u00ed z\u0159\u00edceninou \u017debr\u00e1kem, ale i sk\u00e1ly a nalezi\u0161t\u011b zkamen\u011blin. SLU\u017dBY: Pro n\u00e1kup potravin doporu\u010dujeme zaj\u00edt do m\u011bsta \u017debr\u00e1k, v letn\u00ed... Continue reading","og_url":"https:\/\/husweg.eu\/cz\/etapa-5\/","og_site_name":"Husova cesta","article_modified_time":"2023-02-21T23:00:16+00:00","twitter_card":"summary_large_image","twitter_misc":{"Gesch\u00e4tzte Lesezeit":"5\u00a0Minuten"},"schema":{"@context":"https:\/\/schema.org","@graph":[{"@type":"WebPage","@id":"https:\/\/husweg.eu\/cz\/etapa-5\/","url":"https:\/\/husweg.eu\/cz\/etapa-5\/","name":"Etapa 5 - Husova cesta","isPartOf":{"@id":"https:\/\/husweg.eu\/cz\/#website"},"datePublished":"2022-12-13T21:40:03+00:00","dateModified":"2023-02-21T23:00:16+00:00","breadcrumb":{"@id":"https:\/\/husweg.eu\/cz\/etapa-5\/#breadcrumb"},"inLanguage":"de","potentialAction":[{"@type":"ReadAction","target":["https:\/\/husweg.eu\/cz\/etapa-5\/"]}]},{"@type":"BreadcrumbList","@id":"https:\/\/husweg.eu\/cz\/etapa-5\/#breadcrumb","itemListElement":[{"@type":"ListItem","position":1,"name":"Startseite","item":"https:\/\/husweg.eu\/cz\/"},{"@type":"ListItem","position":2,"name":"Etapa 5"}]},{"@type":"WebSite","@id":"https:\/\/husweg.eu\/cz\/#website","url":"https:\/\/husweg.eu\/cz\/","name":"Husova cesta","description":"Husova cesta symbolicky sleduje Husovo putov\u00e1n\u00ed z Prahy na bavorsko-\u010deskou hranici.","potentialAction":[{"@type":"SearchAction","target":{"@type":"EntryPoint","urlTemplate":"https:\/\/husweg.eu\/cz\/?s={search_term_string}"},"query-input":{"@type":"PropertyValueSpecification","valueRequired":true,"valueName":"search_term_string"}}],"inLanguage":"de"}]}},"_links":{"self":[{"href":"https:\/\/husweg.eu\/cz\/wp-json\/wp\/v2\/pages\/576","targetHints":{"allow":["GET"]}}],"collection":[{"href":"https:\/\/husweg.eu\/cz\/wp-json\/wp\/v2\/pages"}],"about":[{"href":"https:\/\/husweg.eu\/cz\/wp-json\/wp\/v2\/types\/page"}],"author":[{"embeddable":true,"href":"https:\/\/husweg.eu\/cz\/wp-json\/wp\/v2\/users\/1"}],"replies":[{"embeddable":true,"href":"https:\/\/husweg.eu\/cz\/wp-json\/wp\/v2\/comments?post=576"}],"version-history":[{"count":6,"href":"https:\/\/husweg.eu\/cz\/wp-json\/wp\/v2\/pages\/576\/revisions"}],"predecessor-version":[{"id":689,"href":"https:\/\/husweg.eu\/cz\/wp-json\/wp\/v2\/pages\/576\/revisions\/689"}],"wp:attachment":[{"href":"https:\/\/husweg.eu\/cz\/wp-json\/wp\/v2\/media?parent=576"}],"curies":[{"name":"wp","href":"https:\/\/api.w.org\/{rel}","templated":true}]}}