{"id":574,"date":"2022-12-13T22:39:47","date_gmt":"2022-12-13T21:39:47","guid":{"rendered":"https:\/\/husweg.eu\/cz\/?page_id=574"},"modified":"2023-02-21T23:30:11","modified_gmt":"2023-02-21T22:30:11","slug":"etapa-4","status":"publish","type":"page","link":"https:\/\/husweg.eu\/cz\/etapa-4\/","title":{"rendered":"Etapa 4"},"content":{"rendered":"<p><strong>Etapa 4: Beroun &#8211; To\u010dn\u00edk<\/strong><\/p>\n<p><strong><span style=\"color: #ff0000;\">ETAPA 4 <\/span><\/strong><span style=\"color: #ff0000;\">p\u0159ekon\u00e1v\u00e1 n\u011bkolik vrchol\u016f, a je proto nejn\u00e1ro\u010dn\u011bj\u0161\u00edm \u010desk\u00fdm \u00fasekem stezky. Vede p\u0159ev\u00e1\u017en\u011b <\/span><strong><span style=\"color: #ff0000;\">k\u0159ivokl\u00e1tsk\u00fdmi lesy<\/span><\/strong><span style=\"color: #ff0000;\">, \u010d\u00e1ste\u010dn\u011b i po zpevn\u011bn\u00fdch cest\u00e1ch. Bonusem trasy je mnoho skalnat\u00fdch v\u00fdb\u011b\u017ek\u016f nab\u00edzej\u00edc\u00edch v\u00fdhled do \u0161irok\u00e9ho kraje. V okol\u00ed je dostatek p\u0159\u00edle\u017eitost\u00ed k ob\u010derstven\u00ed a ubytov\u00e1n\u00ed.<\/span><\/p>\n<p>Z centra m\u011bsta <strong>Berouna<\/strong> sledujeme modr\u00e9 zna\u010den\u00ed. Stoup\u00e1me k vyhl\u00eddce u kostela <strong>Panny Marie Bolestn\u00e9<\/strong> a <strong>rozhledn\u011b D\u011bd<\/strong>, kter\u00e1 je nejstar\u0161\u00ed rozhlednou Klubu \u010desk\u00fdch turist\u016f. Pokra\u010dujeme po zelen\u00e9 sm\u011brem na L\u00edsek, ke kter\u00e9mu z\u00e1hy odbo\u010d\u00edme vlevo na \u010dervenou. Po n\u00ed dojdeme a\u017e do <strong>Hudlic<\/strong>, p\u0159ed nimi\u017e vstupujeme do lesnat\u00e9ho \u00fazem\u00ed <strong>CHKO K\u0159ivokl\u00e1tsko<\/strong>.<\/p>\n<p>V Hudlic\u00edch s <strong>pam\u00e1tn\u00edkem Josefa Jungmanna<\/strong> m\u011bn\u00edme zna\u010den\u00ed na modrou. Pokra\u010dujeme kolem <strong>Hudlick\u00e9 sk\u00e1ly<\/strong>, skaln\u00edho \u00fatvaru v obci <strong>Svat\u00e1<\/strong> k <strong>Vran\u00ed sk\u00e1le<\/strong>, nejv\u011bt\u0161\u00edmu komplexu buli\u017en\u00edku v \u010cesku, k n\u00ed\u017e odbo\u010dujeme vpravo na \u017elutou. V\u00fdhled z vrcholu Vran\u00ed sk\u00e1ly na \u010cesk\u00fd kras, K\u0159ivokl\u00e1tsko i Brdy rozhodn\u011b stoj\u00ed za n\u00e1mahu. V obci <strong>H\u0159edle<\/strong>, odkud sledujeme op\u011bt \u010dervenou, se m\u016f\u017eeme osv\u011b\u017eit u m\u00edstn\u00ed studny s pitnou vodou. P\u0159ed v\u00fdznamn\u00fdm st\u0159edov\u011bk\u00fdm kr\u00e1lovsk\u00fdm hradem <strong>To\u010dn\u00edkem<\/strong>, kter\u00fd je c\u00edlem na\u0161\u00ed cesty, n\u00e1s v\u00edtaj\u00ed v hradn\u00edm p\u0159\u00edkopu <strong>medv\u011bdi<\/strong>. V jeho t\u011bsn\u00e9 bl\u00edzkosti se nach\u00e1z\u00ed i z\u0159\u00edcenina jeho p\u0159edch\u016fdce, hradu <strong>\u017debr\u00e1k<\/strong>, kde Jan Hus obhajoval sv\u00e9 u\u010den\u00ed p\u0159ed \u010desk\u00fdm kr\u00e1lem.<\/p>\n","protected":false},"excerpt":{"rendered":"<p>Etapa 4: Beroun &#8211; To\u010dn\u00edk ETAPA 4 p\u0159ekon\u00e1v\u00e1 n\u011bkolik vrchol\u016f, a je proto nejn\u00e1ro\u010dn\u011bj\u0161\u00edm \u010desk\u00fdm \u00fasekem stezky. Vede p\u0159ev\u00e1\u017en\u011b k\u0159ivokl\u00e1tsk\u00fdmi lesy, \u010d\u00e1ste\u010dn\u011b i po zpevn\u011bn\u00fdch cest\u00e1ch. Bonusem trasy je mnoho skalnat\u00fdch v\u00fdb\u011b\u017ek\u016f nab\u00edzej\u00edc\u00edch v\u00fdhled do \u0161irok\u00e9ho kraje. V okol\u00ed je dostatek p\u0159\u00edle\u017eitost\u00ed k ob\u010derstven\u00ed a ubytov\u00e1n\u00ed. Z centra m\u011bsta Berouna&#8230;<\/p>\n<p> <a class=\"continue-reading-link\" href=\"https:\/\/husweg.eu\/cz\/etapa-4\/\"><span>Continue reading<\/span><i class=\"crycon-right-dir\"><\/i><\/a> <\/p>\n","protected":false},"author":1,"featured_media":0,"parent":0,"menu_order":0,"comment_status":"closed","ping_status":"closed","template":"","meta":{"ngg_post_thumbnail":0,"footnotes":""},"class_list":["post-574","page","type-page","status-publish","hentry"],"yoast_head":"<!-- This site is optimized with the Yoast SEO plugin v27.4 - https:\/\/yoast.com\/product\/yoast-seo-wordpress\/ -->\n<title>Etapa 4 - Husova cesta<\/title>\n<meta name=\"robots\" content=\"index, follow, max-snippet:-1, max-image-preview:large, max-video-preview:-1\" \/>\n<link rel=\"canonical\" href=\"https:\/\/husweg.eu\/cz\/etapa-4\/\" \/>\n<meta property=\"og:locale\" content=\"de_DE\" \/>\n<meta property=\"og:type\" content=\"article\" \/>\n<meta property=\"og:title\" content=\"Etapa 4 - Husova cesta\" \/>\n<meta property=\"og:description\" content=\"Etapa 4: Beroun &#8211; To\u010dn\u00edk ETAPA 4 p\u0159ekon\u00e1v\u00e1 n\u011bkolik vrchol\u016f, a je proto nejn\u00e1ro\u010dn\u011bj\u0161\u00edm \u010desk\u00fdm \u00fasekem stezky. Vede p\u0159ev\u00e1\u017en\u011b k\u0159ivokl\u00e1tsk\u00fdmi lesy, \u010d\u00e1ste\u010dn\u011b i po zpevn\u011bn\u00fdch cest\u00e1ch. Bonusem trasy je mnoho skalnat\u00fdch v\u00fdb\u011b\u017ek\u016f nab\u00edzej\u00edc\u00edch v\u00fdhled do \u0161irok\u00e9ho kraje. V okol\u00ed je dostatek p\u0159\u00edle\u017eitost\u00ed k ob\u010derstven\u00ed a ubytov\u00e1n\u00ed. Z centra m\u011bsta Berouna... Continue reading\" \/>\n<meta property=\"og:url\" content=\"https:\/\/husweg.eu\/cz\/etapa-4\/\" \/>\n<meta property=\"og:site_name\" content=\"Husova cesta\" \/>\n<meta property=\"article:modified_time\" content=\"2023-02-21T22:30:11+00:00\" \/>\n<meta name=\"twitter:card\" content=\"summary_large_image\" \/>\n<meta name=\"twitter:label1\" content=\"Gesch\u00e4tzte Lesezeit\" \/>\n\t<meta name=\"twitter:data1\" content=\"2\u00a0Minuten\" \/>\n<script type=\"application\/ld+json\" class=\"yoast-schema-graph\">{\"@context\":\"https:\\\/\\\/schema.org\",\"@graph\":[{\"@type\":\"WebPage\",\"@id\":\"https:\\\/\\\/husweg.eu\\\/cz\\\/etapa-4\\\/\",\"url\":\"https:\\\/\\\/husweg.eu\\\/cz\\\/etapa-4\\\/\",\"name\":\"Etapa 4 - Husova cesta\",\"isPartOf\":{\"@id\":\"https:\\\/\\\/husweg.eu\\\/cz\\\/#website\"},\"datePublished\":\"2022-12-13T21:39:47+00:00\",\"dateModified\":\"2023-02-21T22:30:11+00:00\",\"breadcrumb\":{\"@id\":\"https:\\\/\\\/husweg.eu\\\/cz\\\/etapa-4\\\/#breadcrumb\"},\"inLanguage\":\"de\",\"potentialAction\":[{\"@type\":\"ReadAction\",\"target\":[\"https:\\\/\\\/husweg.eu\\\/cz\\\/etapa-4\\\/\"]}]},{\"@type\":\"BreadcrumbList\",\"@id\":\"https:\\\/\\\/husweg.eu\\\/cz\\\/etapa-4\\\/#breadcrumb\",\"itemListElement\":[{\"@type\":\"ListItem\",\"position\":1,\"name\":\"Startseite\",\"item\":\"https:\\\/\\\/husweg.eu\\\/cz\\\/\"},{\"@type\":\"ListItem\",\"position\":2,\"name\":\"Etapa 4\"}]},{\"@type\":\"WebSite\",\"@id\":\"https:\\\/\\\/husweg.eu\\\/cz\\\/#website\",\"url\":\"https:\\\/\\\/husweg.eu\\\/cz\\\/\",\"name\":\"Husova cesta\",\"description\":\"Husova cesta symbolicky sleduje Husovo putov\u00e1n\u00ed z Prahy na bavorsko-\u010deskou hranici.\",\"potentialAction\":[{\"@type\":\"SearchAction\",\"target\":{\"@type\":\"EntryPoint\",\"urlTemplate\":\"https:\\\/\\\/husweg.eu\\\/cz\\\/?s={search_term_string}\"},\"query-input\":{\"@type\":\"PropertyValueSpecification\",\"valueRequired\":true,\"valueName\":\"search_term_string\"}}],\"inLanguage\":\"de\"}]}<\/script>\n<!-- \/ Yoast SEO plugin. -->","yoast_head_json":{"title":"Etapa 4 - Husova cesta","robots":{"index":"index","follow":"follow","max-snippet":"max-snippet:-1","max-image-preview":"max-image-preview:large","max-video-preview":"max-video-preview:-1"},"canonical":"https:\/\/husweg.eu\/cz\/etapa-4\/","og_locale":"de_DE","og_type":"article","og_title":"Etapa 4 - Husova cesta","og_description":"Etapa 4: Beroun &#8211; To\u010dn\u00edk ETAPA 4 p\u0159ekon\u00e1v\u00e1 n\u011bkolik vrchol\u016f, a je proto nejn\u00e1ro\u010dn\u011bj\u0161\u00edm \u010desk\u00fdm \u00fasekem stezky. Vede p\u0159ev\u00e1\u017en\u011b k\u0159ivokl\u00e1tsk\u00fdmi lesy, \u010d\u00e1ste\u010dn\u011b i po zpevn\u011bn\u00fdch cest\u00e1ch. Bonusem trasy je mnoho skalnat\u00fdch v\u00fdb\u011b\u017ek\u016f nab\u00edzej\u00edc\u00edch v\u00fdhled do \u0161irok\u00e9ho kraje. V okol\u00ed je dostatek p\u0159\u00edle\u017eitost\u00ed k ob\u010derstven\u00ed a ubytov\u00e1n\u00ed. Z centra m\u011bsta Berouna... Continue reading","og_url":"https:\/\/husweg.eu\/cz\/etapa-4\/","og_site_name":"Husova cesta","article_modified_time":"2023-02-21T22:30:11+00:00","twitter_card":"summary_large_image","twitter_misc":{"Gesch\u00e4tzte Lesezeit":"2\u00a0Minuten"},"schema":{"@context":"https:\/\/schema.org","@graph":[{"@type":"WebPage","@id":"https:\/\/husweg.eu\/cz\/etapa-4\/","url":"https:\/\/husweg.eu\/cz\/etapa-4\/","name":"Etapa 4 - Husova cesta","isPartOf":{"@id":"https:\/\/husweg.eu\/cz\/#website"},"datePublished":"2022-12-13T21:39:47+00:00","dateModified":"2023-02-21T22:30:11+00:00","breadcrumb":{"@id":"https:\/\/husweg.eu\/cz\/etapa-4\/#breadcrumb"},"inLanguage":"de","potentialAction":[{"@type":"ReadAction","target":["https:\/\/husweg.eu\/cz\/etapa-4\/"]}]},{"@type":"BreadcrumbList","@id":"https:\/\/husweg.eu\/cz\/etapa-4\/#breadcrumb","itemListElement":[{"@type":"ListItem","position":1,"name":"Startseite","item":"https:\/\/husweg.eu\/cz\/"},{"@type":"ListItem","position":2,"name":"Etapa 4"}]},{"@type":"WebSite","@id":"https:\/\/husweg.eu\/cz\/#website","url":"https:\/\/husweg.eu\/cz\/","name":"Husova cesta","description":"Husova cesta symbolicky sleduje Husovo putov\u00e1n\u00ed z Prahy na bavorsko-\u010deskou hranici.","potentialAction":[{"@type":"SearchAction","target":{"@type":"EntryPoint","urlTemplate":"https:\/\/husweg.eu\/cz\/?s={search_term_string}"},"query-input":{"@type":"PropertyValueSpecification","valueRequired":true,"valueName":"search_term_string"}}],"inLanguage":"de"}]}},"_links":{"self":[{"href":"https:\/\/husweg.eu\/cz\/wp-json\/wp\/v2\/pages\/574","targetHints":{"allow":["GET"]}}],"collection":[{"href":"https:\/\/husweg.eu\/cz\/wp-json\/wp\/v2\/pages"}],"about":[{"href":"https:\/\/husweg.eu\/cz\/wp-json\/wp\/v2\/types\/page"}],"author":[{"embeddable":true,"href":"https:\/\/husweg.eu\/cz\/wp-json\/wp\/v2\/users\/1"}],"replies":[{"embeddable":true,"href":"https:\/\/husweg.eu\/cz\/wp-json\/wp\/v2\/comments?post=574"}],"version-history":[{"count":3,"href":"https:\/\/husweg.eu\/cz\/wp-json\/wp\/v2\/pages\/574\/revisions"}],"predecessor-version":[{"id":683,"href":"https:\/\/husweg.eu\/cz\/wp-json\/wp\/v2\/pages\/574\/revisions\/683"}],"wp:attachment":[{"href":"https:\/\/husweg.eu\/cz\/wp-json\/wp\/v2\/media?parent=574"}],"curies":[{"name":"wp","href":"https:\/\/api.w.org\/{rel}","templated":true}]}}