{"id":572,"date":"2022-12-13T22:39:30","date_gmt":"2022-12-13T21:39:30","guid":{"rendered":"https:\/\/husweg.eu\/cz\/?page_id=572"},"modified":"2023-02-21T23:25:24","modified_gmt":"2023-02-21T22:25:24","slug":"etapa-3","status":"publish","type":"page","link":"https:\/\/husweg.eu\/cz\/etapa-3\/","title":{"rendered":"Etapa 3"},"content":{"rendered":"<p><strong>Etapa 3: Karl\u0161tejn &#8211; Beroun<\/strong><\/p>\n<p><strong><span style=\"color: #ff0000;\">ETAPA 3 <\/span><\/strong><span style=\"color: #ff0000;\">vede po trase nejstar\u0161\u00ed turistick\u00e9 stezky v \u010cesku. Zna\u010den\u00e1 je \u010dervenou barvou. D\u00edky kopcovit\u00e9mu ter\u00e9nu <\/span><strong><span style=\"color: #ff0000;\">\u010cesk\u00e9ho krasu <\/span><\/strong><span style=\"color: #ff0000;\">pat\u0159\u00ed mezi n\u00e1ro\u010dn\u011bj\u0161\u00ed \u00faseky. Vede hlubok\u00fdmi lesy, okolo skal a zatopen\u00fdch lom\u016f i p\u0159es v\u00fdznamn\u00e9 kulturn\u00ed pam\u00e1tky. Nechyb\u00ed ani restaurace, penziony a kempy.<\/span><\/p>\n<p>V <strong>Karl\u0161tejn\u011b<\/strong> neopomeneme krom\u011b prohl\u00eddky hradu nav\u0161t\u00edvit tak\u00e9 samotn\u00e9 <strong>m\u011bste\u010dko<\/strong>. Od hradn\u00ed br\u00e1ny odch\u00e1z\u00edme lesn\u00ed p\u011b\u0161inou k rozcest\u00ed u Dubu sedmi brat\u0159\u00ed, kde m\u016f\u017eeme odbo\u010dit k zatopen\u00fdm\u00a0lom\u016fm <strong>Velk\u00e1 a Mal\u00e1 Amerika<\/strong> (3 km z trasy). D\u00e1le po cest\u011b, za rozcest\u00edm Kubrychtova bouda, zdol\u00e1me skalnatou sout\u011bsku s <strong>Bubovick\u00fdmi vodop\u00e1dy<\/strong>. Dal\u0161\u00edm d\u016fle\u017eit\u00fdm turistick\u00fdm centrem na trase je obec <strong>Svat\u00fd Jan pod Skalou s muzeem<\/strong> a v\u00fdznamn\u00fdm poutn\u00edm are\u00e1lem (<strong>kl\u00e1\u0161ter s kostelem Narozen\u00ed sv. Jana K\u0159titele, skaln\u00edm kostelem a jeskyn\u00ed sv. Ivana<\/strong>). Najdeme zde i Hus\u016fv balvan. Obl\u00edben\u00fdm m\u00edstem v\u00fdlet\u016f je zde <strong>vyhl\u00eddka na K\u0159\u00ed\u017eov\u00e9 st\u011bn\u011b<\/strong> nad obc\u00ed (1 km), odkud m\u016f\u017eeme doj\u00edt do Hornick\u00e9ho skanzenu <strong>Solvayovy lomy<\/strong> (2 km).<\/p>\n<p>Do <strong>Berouna<\/strong> pokra\u010dujeme st\u00e1le po \u010derven\u00e9. Av\u0161ak na za\u010d\u00e1tku m\u011bsta, za \u017eelezni\u010dn\u00ed trat\u00ed, m\u011bn\u00edme zna\u010den\u00ed a jdeme rovn\u011b po nau\u010dn\u00e9 stezce a\u017e na n\u00e1m\u011bst\u00ed. Do historick\u00e9ho j\u00e1dra p\u0159ich\u00e1z\u00edme p\u0159es \u0159eku <strong>Berounku Pra\u017eskou br\u00e1nou<\/strong>. V Beroun\u011b m\u016f\u017eeme nav\u0161t\u00edvit i <strong>Muzeum \u010cesk\u00e9ho krasu<\/strong> nebo <strong>M\u011bstskou horu<\/strong> s\u00a0rozhlednou a <strong>medv\u011bd\u00e1riem<\/strong>.<\/p>\n","protected":false},"excerpt":{"rendered":"<p>Etapa 3: Karl\u0161tejn &#8211; Beroun ETAPA 3 vede po trase nejstar\u0161\u00ed turistick\u00e9 stezky v \u010cesku. Zna\u010den\u00e1 je \u010dervenou barvou. D\u00edky kopcovit\u00e9mu ter\u00e9nu \u010cesk\u00e9ho krasu pat\u0159\u00ed mezi n\u00e1ro\u010dn\u011bj\u0161\u00ed \u00faseky. Vede hlubok\u00fdmi lesy, okolo skal a zatopen\u00fdch lom\u016f i p\u0159es v\u00fdznamn\u00e9 kulturn\u00ed pam\u00e1tky. Nechyb\u00ed ani restaurace, penziony a kempy. V Karl\u0161tejn\u011b neopomeneme&#8230;<\/p>\n<p> <a class=\"continue-reading-link\" href=\"https:\/\/husweg.eu\/cz\/etapa-3\/\"><span>Continue reading<\/span><i class=\"crycon-right-dir\"><\/i><\/a> <\/p>\n","protected":false},"author":1,"featured_media":0,"parent":0,"menu_order":0,"comment_status":"closed","ping_status":"closed","template":"","meta":{"ngg_post_thumbnail":0,"footnotes":""},"class_list":["post-572","page","type-page","status-publish","hentry"],"yoast_head":"<!-- This site is optimized with the Yoast SEO plugin v27.4 - https:\/\/yoast.com\/product\/yoast-seo-wordpress\/ -->\n<title>Etapa 3 - Husova cesta<\/title>\n<meta name=\"robots\" content=\"index, follow, max-snippet:-1, max-image-preview:large, max-video-preview:-1\" \/>\n<link rel=\"canonical\" href=\"https:\/\/husweg.eu\/cz\/etapa-3\/\" \/>\n<meta property=\"og:locale\" content=\"de_DE\" \/>\n<meta property=\"og:type\" content=\"article\" \/>\n<meta property=\"og:title\" content=\"Etapa 3 - Husova cesta\" \/>\n<meta property=\"og:description\" content=\"Etapa 3: Karl\u0161tejn &#8211; Beroun ETAPA 3 vede po trase nejstar\u0161\u00ed turistick\u00e9 stezky v \u010cesku. Zna\u010den\u00e1 je \u010dervenou barvou. D\u00edky kopcovit\u00e9mu ter\u00e9nu \u010cesk\u00e9ho krasu pat\u0159\u00ed mezi n\u00e1ro\u010dn\u011bj\u0161\u00ed \u00faseky. Vede hlubok\u00fdmi lesy, okolo skal a zatopen\u00fdch lom\u016f i p\u0159es v\u00fdznamn\u00e9 kulturn\u00ed pam\u00e1tky. Nechyb\u00ed ani restaurace, penziony a kempy. V Karl\u0161tejn\u011b neopomeneme... Continue reading\" \/>\n<meta property=\"og:url\" content=\"https:\/\/husweg.eu\/cz\/etapa-3\/\" \/>\n<meta property=\"og:site_name\" content=\"Husova cesta\" \/>\n<meta property=\"article:modified_time\" content=\"2023-02-21T22:25:24+00:00\" \/>\n<meta name=\"twitter:card\" content=\"summary_large_image\" \/>\n<meta name=\"twitter:label1\" content=\"Gesch\u00e4tzte Lesezeit\" \/>\n\t<meta name=\"twitter:data1\" content=\"2\u00a0Minuten\" \/>\n<script type=\"application\/ld+json\" class=\"yoast-schema-graph\">{\"@context\":\"https:\\\/\\\/schema.org\",\"@graph\":[{\"@type\":\"WebPage\",\"@id\":\"https:\\\/\\\/husweg.eu\\\/cz\\\/etapa-3\\\/\",\"url\":\"https:\\\/\\\/husweg.eu\\\/cz\\\/etapa-3\\\/\",\"name\":\"Etapa 3 - Husova cesta\",\"isPartOf\":{\"@id\":\"https:\\\/\\\/husweg.eu\\\/cz\\\/#website\"},\"datePublished\":\"2022-12-13T21:39:30+00:00\",\"dateModified\":\"2023-02-21T22:25:24+00:00\",\"breadcrumb\":{\"@id\":\"https:\\\/\\\/husweg.eu\\\/cz\\\/etapa-3\\\/#breadcrumb\"},\"inLanguage\":\"de\",\"potentialAction\":[{\"@type\":\"ReadAction\",\"target\":[\"https:\\\/\\\/husweg.eu\\\/cz\\\/etapa-3\\\/\"]}]},{\"@type\":\"BreadcrumbList\",\"@id\":\"https:\\\/\\\/husweg.eu\\\/cz\\\/etapa-3\\\/#breadcrumb\",\"itemListElement\":[{\"@type\":\"ListItem\",\"position\":1,\"name\":\"Startseite\",\"item\":\"https:\\\/\\\/husweg.eu\\\/cz\\\/\"},{\"@type\":\"ListItem\",\"position\":2,\"name\":\"Etapa 3\"}]},{\"@type\":\"WebSite\",\"@id\":\"https:\\\/\\\/husweg.eu\\\/cz\\\/#website\",\"url\":\"https:\\\/\\\/husweg.eu\\\/cz\\\/\",\"name\":\"Husova cesta\",\"description\":\"Husova cesta symbolicky sleduje Husovo putov\u00e1n\u00ed z Prahy na bavorsko-\u010deskou hranici.\",\"potentialAction\":[{\"@type\":\"SearchAction\",\"target\":{\"@type\":\"EntryPoint\",\"urlTemplate\":\"https:\\\/\\\/husweg.eu\\\/cz\\\/?s={search_term_string}\"},\"query-input\":{\"@type\":\"PropertyValueSpecification\",\"valueRequired\":true,\"valueName\":\"search_term_string\"}}],\"inLanguage\":\"de\"}]}<\/script>\n<!-- \/ Yoast SEO plugin. -->","yoast_head_json":{"title":"Etapa 3 - Husova cesta","robots":{"index":"index","follow":"follow","max-snippet":"max-snippet:-1","max-image-preview":"max-image-preview:large","max-video-preview":"max-video-preview:-1"},"canonical":"https:\/\/husweg.eu\/cz\/etapa-3\/","og_locale":"de_DE","og_type":"article","og_title":"Etapa 3 - Husova cesta","og_description":"Etapa 3: Karl\u0161tejn &#8211; Beroun ETAPA 3 vede po trase nejstar\u0161\u00ed turistick\u00e9 stezky v \u010cesku. Zna\u010den\u00e1 je \u010dervenou barvou. D\u00edky kopcovit\u00e9mu ter\u00e9nu \u010cesk\u00e9ho krasu pat\u0159\u00ed mezi n\u00e1ro\u010dn\u011bj\u0161\u00ed \u00faseky. Vede hlubok\u00fdmi lesy, okolo skal a zatopen\u00fdch lom\u016f i p\u0159es v\u00fdznamn\u00e9 kulturn\u00ed pam\u00e1tky. Nechyb\u00ed ani restaurace, penziony a kempy. V Karl\u0161tejn\u011b neopomeneme... Continue reading","og_url":"https:\/\/husweg.eu\/cz\/etapa-3\/","og_site_name":"Husova cesta","article_modified_time":"2023-02-21T22:25:24+00:00","twitter_card":"summary_large_image","twitter_misc":{"Gesch\u00e4tzte Lesezeit":"2\u00a0Minuten"},"schema":{"@context":"https:\/\/schema.org","@graph":[{"@type":"WebPage","@id":"https:\/\/husweg.eu\/cz\/etapa-3\/","url":"https:\/\/husweg.eu\/cz\/etapa-3\/","name":"Etapa 3 - Husova cesta","isPartOf":{"@id":"https:\/\/husweg.eu\/cz\/#website"},"datePublished":"2022-12-13T21:39:30+00:00","dateModified":"2023-02-21T22:25:24+00:00","breadcrumb":{"@id":"https:\/\/husweg.eu\/cz\/etapa-3\/#breadcrumb"},"inLanguage":"de","potentialAction":[{"@type":"ReadAction","target":["https:\/\/husweg.eu\/cz\/etapa-3\/"]}]},{"@type":"BreadcrumbList","@id":"https:\/\/husweg.eu\/cz\/etapa-3\/#breadcrumb","itemListElement":[{"@type":"ListItem","position":1,"name":"Startseite","item":"https:\/\/husweg.eu\/cz\/"},{"@type":"ListItem","position":2,"name":"Etapa 3"}]},{"@type":"WebSite","@id":"https:\/\/husweg.eu\/cz\/#website","url":"https:\/\/husweg.eu\/cz\/","name":"Husova cesta","description":"Husova cesta symbolicky sleduje Husovo putov\u00e1n\u00ed z Prahy na bavorsko-\u010deskou hranici.","potentialAction":[{"@type":"SearchAction","target":{"@type":"EntryPoint","urlTemplate":"https:\/\/husweg.eu\/cz\/?s={search_term_string}"},"query-input":{"@type":"PropertyValueSpecification","valueRequired":true,"valueName":"search_term_string"}}],"inLanguage":"de"}]}},"_links":{"self":[{"href":"https:\/\/husweg.eu\/cz\/wp-json\/wp\/v2\/pages\/572","targetHints":{"allow":["GET"]}}],"collection":[{"href":"https:\/\/husweg.eu\/cz\/wp-json\/wp\/v2\/pages"}],"about":[{"href":"https:\/\/husweg.eu\/cz\/wp-json\/wp\/v2\/types\/page"}],"author":[{"embeddable":true,"href":"https:\/\/husweg.eu\/cz\/wp-json\/wp\/v2\/users\/1"}],"replies":[{"embeddable":true,"href":"https:\/\/husweg.eu\/cz\/wp-json\/wp\/v2\/comments?post=572"}],"version-history":[{"count":6,"href":"https:\/\/husweg.eu\/cz\/wp-json\/wp\/v2\/pages\/572\/revisions"}],"predecessor-version":[{"id":681,"href":"https:\/\/husweg.eu\/cz\/wp-json\/wp\/v2\/pages\/572\/revisions\/681"}],"wp:attachment":[{"href":"https:\/\/husweg.eu\/cz\/wp-json\/wp\/v2\/media?parent=572"}],"curies":[{"name":"wp","href":"https:\/\/api.w.org\/{rel}","templated":true}]}}