{"id":570,"date":"2022-12-13T22:39:18","date_gmt":"2022-12-13T21:39:18","guid":{"rendered":"https:\/\/husweg.eu\/cz\/?page_id=570"},"modified":"2023-02-21T23:09:09","modified_gmt":"2023-02-21T22:09:09","slug":"etapa-2","status":"publish","type":"page","link":"https:\/\/husweg.eu\/cz\/etapa-2\/","title":{"rendered":"Etapa 2"},"content":{"rendered":"<p><strong>Etapa 2: Zbraslav &#8211; Karl\u0161tejn<\/strong><\/p>\n<p><strong><span style=\"color: #ff0000;\">ETAPA 2 <\/span><\/strong><span style=\"color: #ff0000;\">pat\u0159\u00ed mezi fyzicky n\u00e1ro\u010dn\u011bj\u0161\u00ed \u010d\u00e1sti. Cel\u00e1 trasa vede po \u010derven\u00e9 turistick\u00e9 zna\u010dce, p\u0159ev\u00e1\u017en\u011b <\/span><span style=\"color: #ff0000;\">p\u0159\u00edrodn\u00edmi cestami, a to lesnat\u00fdm \u00fazem\u00edm <\/span><strong><span style=\"color: #ff0000;\">CHKO \u010cesk\u00fd kras. <\/span><\/strong><span style=\"color: #ff0000;\">Nab\u00edz\u00ed i v\u00fdhledy do \u00fadol\u00ed <\/span><strong><span style=\"color: #ff0000;\">\u0159eky Berounky <\/span><\/strong><span style=\"color: #ff0000;\">a dostatek p\u0159\u00edle\u017eitost\u00ed k ob\u010derstven\u00ed nebo ubytov\u00e1n\u00ed.<\/span><\/p>\n<p>Stezka opou\u0161t\u00ed Zbraslav p\u0159es vyhl\u00eddku <strong>Karl\u016fv st\u00e1nek<\/strong> u vrchu Havl\u00edn, odkud si \u00fadajn\u011b mlad\u00fd Karel IV. p\u0159i n\u00e1vratu do \u010cech prohl\u00ed\u017eel Prahu. P\u0159ed t\u00edm m\u016f\u017eeme obdivovat samotn\u00e9 <strong>historick\u00e9 j\u00e1dro m\u011bsta \u010di z\u00e1mek<\/strong>, kter\u00fd je aktu\u00e1ln\u011b bez pravideln\u00fdch prohl\u00eddek. Stavba p\u016fvodn\u011b vznikla jako cisterci\u00e1ck\u00fd kl\u00e1\u0161ter, do barokn\u00ed podoby byl z\u00e1mek p\u0159estav\u011bn podle n\u00e1vrh\u016f architekta Santiniho. K rozs\u00e1hl\u00e9mu are\u00e1lu pat\u0159\u00ed tak\u00e9 <strong>kostel sv. Jakuba<\/strong>, v n\u011bm\u017e jsou ulo\u017eeny ostatky n\u011bkolika P\u0159emyslovc\u016f, a tak\u00e9 matky Karla IV, Eli\u0161ky.<\/p>\n<p>Ze Zbraslavi dojdeme po most\u011b p\u0159es \u0159eku Berounku p\u0159\u00edmo do centra pra\u017esk\u00e9 \u010d\u00e1sti <strong>Radot\u00edn<\/strong>. Odtud pokra\u010dujeme lesy p\u0159es <strong>Solopisky<\/strong> a <strong>Vonoklasy<\/strong> k poz\u016fstatk\u016fm hradu <strong>Karl\u00edk<\/strong>, na n\u011bj\u017e na n\u00e1vr\u0161\u00ed uprost\u0159ed les\u016f odkazuj\u00ed ji\u017e jen nepatrn\u00e9 ter\u00e9nn\u00ed nerovnosti. Za obc\u00ed <strong>Mo\u0159inkou<\/strong> s tradi\u010dn\u00edmi venkovsk\u00fdmi, pam\u00e1tkov\u011b chr\u00e1n\u011bn\u00fdmi domy, m\u016f\u017eeme nav\u0161t\u00edvit vyhl\u00eddku s <strong>menhirem<\/strong> a netypick\u00fdm <strong>k\u0159eslem<\/strong>. K na\u0161emu c\u00edli, k obci <strong>Karl\u0161tejn<\/strong>, kter\u00fd n\u00e1s p\u0159iv\u00edt\u00e1 tradi\u010dn\u00edm pohledem na jeden z nejzn\u00e1m\u011bj\u0161\u00edch \u010desk\u00fdch hrad\u016f, kles\u00e1me lesn\u00ed \u00favozovou cestou.<\/p>\n","protected":false},"excerpt":{"rendered":"<p>Etapa 2: Zbraslav &#8211; Karl\u0161tejn ETAPA 2 pat\u0159\u00ed mezi fyzicky n\u00e1ro\u010dn\u011bj\u0161\u00ed \u010d\u00e1sti. Cel\u00e1 trasa vede po \u010derven\u00e9 turistick\u00e9 zna\u010dce, p\u0159ev\u00e1\u017en\u011b p\u0159\u00edrodn\u00edmi cestami, a to lesnat\u00fdm \u00fazem\u00edm CHKO \u010cesk\u00fd kras. Nab\u00edz\u00ed i v\u00fdhledy do \u00fadol\u00ed \u0159eky Berounky a dostatek p\u0159\u00edle\u017eitost\u00ed k ob\u010derstven\u00ed nebo ubytov\u00e1n\u00ed. Stezka opou\u0161t\u00ed Zbraslav p\u0159es vyhl\u00eddku Karl\u016fv st\u00e1nek&#8230;<\/p>\n<p> <a class=\"continue-reading-link\" href=\"https:\/\/husweg.eu\/cz\/etapa-2\/\"><span>Continue reading<\/span><i class=\"crycon-right-dir\"><\/i><\/a> <\/p>\n","protected":false},"author":1,"featured_media":0,"parent":0,"menu_order":0,"comment_status":"closed","ping_status":"closed","template":"","meta":{"ngg_post_thumbnail":0,"footnotes":""},"class_list":["post-570","page","type-page","status-publish","hentry"],"yoast_head":"<!-- This site is optimized with the Yoast SEO plugin v27.4 - https:\/\/yoast.com\/product\/yoast-seo-wordpress\/ -->\n<title>Etapa 2 - Husova cesta<\/title>\n<meta name=\"robots\" content=\"index, follow, max-snippet:-1, max-image-preview:large, max-video-preview:-1\" \/>\n<link rel=\"canonical\" href=\"https:\/\/husweg.eu\/cz\/etapa-2\/\" \/>\n<meta property=\"og:locale\" content=\"de_DE\" \/>\n<meta property=\"og:type\" content=\"article\" \/>\n<meta property=\"og:title\" content=\"Etapa 2 - Husova cesta\" \/>\n<meta property=\"og:description\" content=\"Etapa 2: Zbraslav &#8211; Karl\u0161tejn ETAPA 2 pat\u0159\u00ed mezi fyzicky n\u00e1ro\u010dn\u011bj\u0161\u00ed \u010d\u00e1sti. Cel\u00e1 trasa vede po \u010derven\u00e9 turistick\u00e9 zna\u010dce, p\u0159ev\u00e1\u017en\u011b p\u0159\u00edrodn\u00edmi cestami, a to lesnat\u00fdm \u00fazem\u00edm CHKO \u010cesk\u00fd kras. Nab\u00edz\u00ed i v\u00fdhledy do \u00fadol\u00ed \u0159eky Berounky a dostatek p\u0159\u00edle\u017eitost\u00ed k ob\u010derstven\u00ed nebo ubytov\u00e1n\u00ed. Stezka opou\u0161t\u00ed Zbraslav p\u0159es vyhl\u00eddku Karl\u016fv st\u00e1nek... Continue reading\" \/>\n<meta property=\"og:url\" content=\"https:\/\/husweg.eu\/cz\/etapa-2\/\" \/>\n<meta property=\"og:site_name\" content=\"Husova cesta\" \/>\n<meta property=\"article:modified_time\" content=\"2023-02-21T22:09:09+00:00\" \/>\n<meta name=\"twitter:card\" content=\"summary_large_image\" \/>\n<meta name=\"twitter:label1\" content=\"Gesch\u00e4tzte Lesezeit\" \/>\n\t<meta name=\"twitter:data1\" content=\"2\u00a0Minuten\" \/>\n<script type=\"application\/ld+json\" class=\"yoast-schema-graph\">{\"@context\":\"https:\\\/\\\/schema.org\",\"@graph\":[{\"@type\":\"WebPage\",\"@id\":\"https:\\\/\\\/husweg.eu\\\/cz\\\/etapa-2\\\/\",\"url\":\"https:\\\/\\\/husweg.eu\\\/cz\\\/etapa-2\\\/\",\"name\":\"Etapa 2 - Husova cesta\",\"isPartOf\":{\"@id\":\"https:\\\/\\\/husweg.eu\\\/cz\\\/#website\"},\"datePublished\":\"2022-12-13T21:39:18+00:00\",\"dateModified\":\"2023-02-21T22:09:09+00:00\",\"breadcrumb\":{\"@id\":\"https:\\\/\\\/husweg.eu\\\/cz\\\/etapa-2\\\/#breadcrumb\"},\"inLanguage\":\"de\",\"potentialAction\":[{\"@type\":\"ReadAction\",\"target\":[\"https:\\\/\\\/husweg.eu\\\/cz\\\/etapa-2\\\/\"]}]},{\"@type\":\"BreadcrumbList\",\"@id\":\"https:\\\/\\\/husweg.eu\\\/cz\\\/etapa-2\\\/#breadcrumb\",\"itemListElement\":[{\"@type\":\"ListItem\",\"position\":1,\"name\":\"Startseite\",\"item\":\"https:\\\/\\\/husweg.eu\\\/cz\\\/\"},{\"@type\":\"ListItem\",\"position\":2,\"name\":\"Etapa 2\"}]},{\"@type\":\"WebSite\",\"@id\":\"https:\\\/\\\/husweg.eu\\\/cz\\\/#website\",\"url\":\"https:\\\/\\\/husweg.eu\\\/cz\\\/\",\"name\":\"Husova cesta\",\"description\":\"Husova cesta symbolicky sleduje Husovo putov\u00e1n\u00ed z Prahy na bavorsko-\u010deskou hranici.\",\"potentialAction\":[{\"@type\":\"SearchAction\",\"target\":{\"@type\":\"EntryPoint\",\"urlTemplate\":\"https:\\\/\\\/husweg.eu\\\/cz\\\/?s={search_term_string}\"},\"query-input\":{\"@type\":\"PropertyValueSpecification\",\"valueRequired\":true,\"valueName\":\"search_term_string\"}}],\"inLanguage\":\"de\"}]}<\/script>\n<!-- \/ Yoast SEO plugin. -->","yoast_head_json":{"title":"Etapa 2 - Husova cesta","robots":{"index":"index","follow":"follow","max-snippet":"max-snippet:-1","max-image-preview":"max-image-preview:large","max-video-preview":"max-video-preview:-1"},"canonical":"https:\/\/husweg.eu\/cz\/etapa-2\/","og_locale":"de_DE","og_type":"article","og_title":"Etapa 2 - Husova cesta","og_description":"Etapa 2: Zbraslav &#8211; Karl\u0161tejn ETAPA 2 pat\u0159\u00ed mezi fyzicky n\u00e1ro\u010dn\u011bj\u0161\u00ed \u010d\u00e1sti. Cel\u00e1 trasa vede po \u010derven\u00e9 turistick\u00e9 zna\u010dce, p\u0159ev\u00e1\u017en\u011b p\u0159\u00edrodn\u00edmi cestami, a to lesnat\u00fdm \u00fazem\u00edm CHKO \u010cesk\u00fd kras. Nab\u00edz\u00ed i v\u00fdhledy do \u00fadol\u00ed \u0159eky Berounky a dostatek p\u0159\u00edle\u017eitost\u00ed k ob\u010derstven\u00ed nebo ubytov\u00e1n\u00ed. Stezka opou\u0161t\u00ed Zbraslav p\u0159es vyhl\u00eddku Karl\u016fv st\u00e1nek... Continue reading","og_url":"https:\/\/husweg.eu\/cz\/etapa-2\/","og_site_name":"Husova cesta","article_modified_time":"2023-02-21T22:09:09+00:00","twitter_card":"summary_large_image","twitter_misc":{"Gesch\u00e4tzte Lesezeit":"2\u00a0Minuten"},"schema":{"@context":"https:\/\/schema.org","@graph":[{"@type":"WebPage","@id":"https:\/\/husweg.eu\/cz\/etapa-2\/","url":"https:\/\/husweg.eu\/cz\/etapa-2\/","name":"Etapa 2 - Husova cesta","isPartOf":{"@id":"https:\/\/husweg.eu\/cz\/#website"},"datePublished":"2022-12-13T21:39:18+00:00","dateModified":"2023-02-21T22:09:09+00:00","breadcrumb":{"@id":"https:\/\/husweg.eu\/cz\/etapa-2\/#breadcrumb"},"inLanguage":"de","potentialAction":[{"@type":"ReadAction","target":["https:\/\/husweg.eu\/cz\/etapa-2\/"]}]},{"@type":"BreadcrumbList","@id":"https:\/\/husweg.eu\/cz\/etapa-2\/#breadcrumb","itemListElement":[{"@type":"ListItem","position":1,"name":"Startseite","item":"https:\/\/husweg.eu\/cz\/"},{"@type":"ListItem","position":2,"name":"Etapa 2"}]},{"@type":"WebSite","@id":"https:\/\/husweg.eu\/cz\/#website","url":"https:\/\/husweg.eu\/cz\/","name":"Husova cesta","description":"Husova cesta symbolicky sleduje Husovo putov\u00e1n\u00ed z Prahy na bavorsko-\u010deskou hranici.","potentialAction":[{"@type":"SearchAction","target":{"@type":"EntryPoint","urlTemplate":"https:\/\/husweg.eu\/cz\/?s={search_term_string}"},"query-input":{"@type":"PropertyValueSpecification","valueRequired":true,"valueName":"search_term_string"}}],"inLanguage":"de"}]}},"_links":{"self":[{"href":"https:\/\/husweg.eu\/cz\/wp-json\/wp\/v2\/pages\/570","targetHints":{"allow":["GET"]}}],"collection":[{"href":"https:\/\/husweg.eu\/cz\/wp-json\/wp\/v2\/pages"}],"about":[{"href":"https:\/\/husweg.eu\/cz\/wp-json\/wp\/v2\/types\/page"}],"author":[{"embeddable":true,"href":"https:\/\/husweg.eu\/cz\/wp-json\/wp\/v2\/users\/1"}],"replies":[{"embeddable":true,"href":"https:\/\/husweg.eu\/cz\/wp-json\/wp\/v2\/comments?post=570"}],"version-history":[{"count":6,"href":"https:\/\/husweg.eu\/cz\/wp-json\/wp\/v2\/pages\/570\/revisions"}],"predecessor-version":[{"id":676,"href":"https:\/\/husweg.eu\/cz\/wp-json\/wp\/v2\/pages\/570\/revisions\/676"}],"wp:attachment":[{"href":"https:\/\/husweg.eu\/cz\/wp-json\/wp\/v2\/media?parent=570"}],"curies":[{"name":"wp","href":"https:\/\/api.w.org\/{rel}","templated":true}]}}