{"id":568,"date":"2022-12-13T22:39:06","date_gmt":"2022-12-13T21:39:06","guid":{"rendered":"https:\/\/husweg.eu\/cz\/?page_id=568"},"modified":"2023-02-21T23:32:34","modified_gmt":"2023-02-21T22:32:34","slug":"etapa-1","status":"publish","type":"page","link":"https:\/\/husweg.eu\/cz\/etapa-1\/","title":{"rendered":"Etapa 1"},"content":{"rendered":"<p><strong>Etapa 1: Praha \u2013 Zbraslav<br \/>\n<\/strong><br \/>\n<strong><span style=\"color: #ff0000;\">ETAPA 1 <\/span><\/strong><span style=\"color: #ff0000;\">je nejm\u00e9n\u011b n\u00e1ro\u010dn\u00fdm \u00fasekem \u010desk\u00e9 \u010d\u00e1sti stezky. Vede historick\u00fdmi a rekrea\u010dn\u00edmi oblastmi <\/span><strong><span style=\"color: #ff0000;\">Prahy<\/span><\/strong><span style=\"color: #ff0000;\">, \u010dasto po zpevn\u011bn\u00e9m povrchu, av\u0161ak v\u017edy na dosah p\u0159\u00edrody a <\/span><strong><span style=\"color: #ff0000;\">\u0159eky Vltavy<\/span><\/strong><span style=\"color: #ff0000;\">. V okol\u00ed trasy se nach\u00e1z\u00ed mnoho kulturn\u00edch pam\u00e1tek, obchod\u016f a restaurac\u00ed, ale i \u0159\u00ed\u010dn\u00ed p\u0159\u00edstavi\u0161t\u011b a pl\u00e1\u017ee.<\/span><\/p>\n<p>Tematickou prohl\u00eddku Prahy m\u016f\u017eeme za\u010d\u00edt na <strong>Hrad\u010danech<\/strong>. Odtud dojdeme p\u0159es <strong>Karl\u016fv most<\/strong> na <strong>Starom\u011bstsk\u00e9 n\u00e1m\u011bst\u00ed<\/strong> s nejzn\u00e1m\u011bj\u0161\u00ed <strong>sochou mistra Jana Husa<\/strong>. Nedaleko se nach\u00e1z\u00ed nejstar\u0161\u00ed \u010d\u00e1st Pra\u017esk\u00e9 univerzity, <strong>Karolinum<\/strong>, nebo <strong>kostel sv. Martina ve zdi<\/strong>, kde bylo v roce 1414 poprv\u00e9 v \u010cesk\u00fdch zem\u00edch znovuobnoveno p\u0159ij\u00edm\u00e1n\u00ed pod oboj\u00ed.<\/p>\n<p>Husova cesta za\u010d\u00edn\u00e1 p\u0159ed <strong>Betl\u00e9mskou kapl\u00ed<\/strong>, kde Hus l\u00e9ta p\u016fsobil a kde je mu v\u011bnov\u00e1na samostatn\u00e1 expozice. Odtud dojdeme Betl\u00e9mskou ulic\u00ed k <strong>Vltav\u011b<\/strong> s v\u00fdhledem na <strong>Hrad\u010dany<\/strong> a <strong>Karl\u016fv most<\/strong>. Pokra\u010dujeme po chodn\u00edku vlevo sm\u011brem od centra, sledujeme zna\u010den\u00ed cyklotrasy. Mineme <strong>St\u0159eleck\u00fd ostrov, kav\u00e1rnu Sl\u00e1vii, N\u00e1rodn\u00ed divadlo a \u017dof\u00edn<\/strong>. Zde sejdeme z hlavn\u00ed silnice na <strong>n\u00e1plavku<\/strong>, kter\u00e1 n\u00e1s dovede kolem <strong>Tan\u010d\u00edc\u00edho domu<\/strong> a\u017e pod <strong>Vy\u0161ehrad se h\u0159bitovem Slav\u00ednem<\/strong>. D\u00e1le proch\u00e1z\u00edme <strong>Podol\u00edm a Bran\u00edkem<\/strong>. V <strong>Mod\u0159anech<\/strong> se n\u00e1sledn\u011b napoj\u00edme na modrou turistickou zna\u010dku, po n\u00ed\u017e pokra\u010dujeme kolem \u0159eky a\u017e p\u0159ed zbraslavsk\u00fd most. Zde m\u011bn\u00edme na \u010dervenou. Cestu ukon\u010d\u00edme na n\u00e1m\u011bst\u00ed ve Zbraslavi.<\/p>\n","protected":false},"excerpt":{"rendered":"<p>Etapa 1: Praha \u2013 Zbraslav ETAPA 1 je nejm\u00e9n\u011b n\u00e1ro\u010dn\u00fdm \u00fasekem \u010desk\u00e9 \u010d\u00e1sti stezky. Vede historick\u00fdmi a rekrea\u010dn\u00edmi oblastmi Prahy, \u010dasto po zpevn\u011bn\u00e9m povrchu, av\u0161ak v\u017edy na dosah p\u0159\u00edrody a \u0159eky Vltavy. V okol\u00ed trasy se nach\u00e1z\u00ed mnoho kulturn\u00edch pam\u00e1tek, obchod\u016f a restaurac\u00ed, ale i \u0159\u00ed\u010dn\u00ed p\u0159\u00edstavi\u0161t\u011b a pl\u00e1\u017ee. Tematickou&#8230;<\/p>\n<p> <a class=\"continue-reading-link\" href=\"https:\/\/husweg.eu\/cz\/etapa-1\/\"><span>Continue reading<\/span><i class=\"crycon-right-dir\"><\/i><\/a> <\/p>\n","protected":false},"author":1,"featured_media":0,"parent":0,"menu_order":0,"comment_status":"closed","ping_status":"closed","template":"","meta":{"ngg_post_thumbnail":0,"footnotes":""},"class_list":["post-568","page","type-page","status-publish","hentry"],"yoast_head":"<!-- This site is optimized with the Yoast SEO plugin v27.4 - https:\/\/yoast.com\/product\/yoast-seo-wordpress\/ -->\n<title>Etapa 1 - Husova cesta<\/title>\n<meta name=\"robots\" content=\"index, follow, max-snippet:-1, max-image-preview:large, max-video-preview:-1\" \/>\n<link rel=\"canonical\" href=\"https:\/\/husweg.eu\/cz\/etapa-1\/\" \/>\n<meta property=\"og:locale\" content=\"de_DE\" \/>\n<meta property=\"og:type\" content=\"article\" \/>\n<meta property=\"og:title\" content=\"Etapa 1 - Husova cesta\" \/>\n<meta property=\"og:description\" content=\"Etapa 1: Praha \u2013 Zbraslav ETAPA 1 je nejm\u00e9n\u011b n\u00e1ro\u010dn\u00fdm \u00fasekem \u010desk\u00e9 \u010d\u00e1sti stezky. Vede historick\u00fdmi a rekrea\u010dn\u00edmi oblastmi Prahy, \u010dasto po zpevn\u011bn\u00e9m povrchu, av\u0161ak v\u017edy na dosah p\u0159\u00edrody a \u0159eky Vltavy. V okol\u00ed trasy se nach\u00e1z\u00ed mnoho kulturn\u00edch pam\u00e1tek, obchod\u016f a restaurac\u00ed, ale i \u0159\u00ed\u010dn\u00ed p\u0159\u00edstavi\u0161t\u011b a pl\u00e1\u017ee. Tematickou... Continue reading\" \/>\n<meta property=\"og:url\" content=\"https:\/\/husweg.eu\/cz\/etapa-1\/\" \/>\n<meta property=\"og:site_name\" content=\"Husova cesta\" \/>\n<meta property=\"article:modified_time\" content=\"2023-02-21T22:32:34+00:00\" \/>\n<meta name=\"twitter:card\" content=\"summary_large_image\" \/>\n<meta name=\"twitter:label1\" content=\"Gesch\u00e4tzte Lesezeit\" \/>\n\t<meta name=\"twitter:data1\" content=\"2\u00a0Minuten\" \/>\n<script type=\"application\/ld+json\" class=\"yoast-schema-graph\">{\"@context\":\"https:\\\/\\\/schema.org\",\"@graph\":[{\"@type\":\"WebPage\",\"@id\":\"https:\\\/\\\/husweg.eu\\\/cz\\\/etapa-1\\\/\",\"url\":\"https:\\\/\\\/husweg.eu\\\/cz\\\/etapa-1\\\/\",\"name\":\"Etapa 1 - Husova cesta\",\"isPartOf\":{\"@id\":\"https:\\\/\\\/husweg.eu\\\/cz\\\/#website\"},\"datePublished\":\"2022-12-13T21:39:06+00:00\",\"dateModified\":\"2023-02-21T22:32:34+00:00\",\"breadcrumb\":{\"@id\":\"https:\\\/\\\/husweg.eu\\\/cz\\\/etapa-1\\\/#breadcrumb\"},\"inLanguage\":\"de\",\"potentialAction\":[{\"@type\":\"ReadAction\",\"target\":[\"https:\\\/\\\/husweg.eu\\\/cz\\\/etapa-1\\\/\"]}]},{\"@type\":\"BreadcrumbList\",\"@id\":\"https:\\\/\\\/husweg.eu\\\/cz\\\/etapa-1\\\/#breadcrumb\",\"itemListElement\":[{\"@type\":\"ListItem\",\"position\":1,\"name\":\"Startseite\",\"item\":\"https:\\\/\\\/husweg.eu\\\/cz\\\/\"},{\"@type\":\"ListItem\",\"position\":2,\"name\":\"Etapa 1\"}]},{\"@type\":\"WebSite\",\"@id\":\"https:\\\/\\\/husweg.eu\\\/cz\\\/#website\",\"url\":\"https:\\\/\\\/husweg.eu\\\/cz\\\/\",\"name\":\"Husova cesta\",\"description\":\"Husova cesta symbolicky sleduje Husovo putov\u00e1n\u00ed z Prahy na bavorsko-\u010deskou hranici.\",\"potentialAction\":[{\"@type\":\"SearchAction\",\"target\":{\"@type\":\"EntryPoint\",\"urlTemplate\":\"https:\\\/\\\/husweg.eu\\\/cz\\\/?s={search_term_string}\"},\"query-input\":{\"@type\":\"PropertyValueSpecification\",\"valueRequired\":true,\"valueName\":\"search_term_string\"}}],\"inLanguage\":\"de\"}]}<\/script>\n<!-- \/ Yoast SEO plugin. -->","yoast_head_json":{"title":"Etapa 1 - Husova cesta","robots":{"index":"index","follow":"follow","max-snippet":"max-snippet:-1","max-image-preview":"max-image-preview:large","max-video-preview":"max-video-preview:-1"},"canonical":"https:\/\/husweg.eu\/cz\/etapa-1\/","og_locale":"de_DE","og_type":"article","og_title":"Etapa 1 - Husova cesta","og_description":"Etapa 1: Praha \u2013 Zbraslav ETAPA 1 je nejm\u00e9n\u011b n\u00e1ro\u010dn\u00fdm \u00fasekem \u010desk\u00e9 \u010d\u00e1sti stezky. Vede historick\u00fdmi a rekrea\u010dn\u00edmi oblastmi Prahy, \u010dasto po zpevn\u011bn\u00e9m povrchu, av\u0161ak v\u017edy na dosah p\u0159\u00edrody a \u0159eky Vltavy. V okol\u00ed trasy se nach\u00e1z\u00ed mnoho kulturn\u00edch pam\u00e1tek, obchod\u016f a restaurac\u00ed, ale i \u0159\u00ed\u010dn\u00ed p\u0159\u00edstavi\u0161t\u011b a pl\u00e1\u017ee. Tematickou... Continue reading","og_url":"https:\/\/husweg.eu\/cz\/etapa-1\/","og_site_name":"Husova cesta","article_modified_time":"2023-02-21T22:32:34+00:00","twitter_card":"summary_large_image","twitter_misc":{"Gesch\u00e4tzte Lesezeit":"2\u00a0Minuten"},"schema":{"@context":"https:\/\/schema.org","@graph":[{"@type":"WebPage","@id":"https:\/\/husweg.eu\/cz\/etapa-1\/","url":"https:\/\/husweg.eu\/cz\/etapa-1\/","name":"Etapa 1 - Husova cesta","isPartOf":{"@id":"https:\/\/husweg.eu\/cz\/#website"},"datePublished":"2022-12-13T21:39:06+00:00","dateModified":"2023-02-21T22:32:34+00:00","breadcrumb":{"@id":"https:\/\/husweg.eu\/cz\/etapa-1\/#breadcrumb"},"inLanguage":"de","potentialAction":[{"@type":"ReadAction","target":["https:\/\/husweg.eu\/cz\/etapa-1\/"]}]},{"@type":"BreadcrumbList","@id":"https:\/\/husweg.eu\/cz\/etapa-1\/#breadcrumb","itemListElement":[{"@type":"ListItem","position":1,"name":"Startseite","item":"https:\/\/husweg.eu\/cz\/"},{"@type":"ListItem","position":2,"name":"Etapa 1"}]},{"@type":"WebSite","@id":"https:\/\/husweg.eu\/cz\/#website","url":"https:\/\/husweg.eu\/cz\/","name":"Husova cesta","description":"Husova cesta symbolicky sleduje Husovo putov\u00e1n\u00ed z Prahy na bavorsko-\u010deskou hranici.","potentialAction":[{"@type":"SearchAction","target":{"@type":"EntryPoint","urlTemplate":"https:\/\/husweg.eu\/cz\/?s={search_term_string}"},"query-input":{"@type":"PropertyValueSpecification","valueRequired":true,"valueName":"search_term_string"}}],"inLanguage":"de"}]}},"_links":{"self":[{"href":"https:\/\/husweg.eu\/cz\/wp-json\/wp\/v2\/pages\/568","targetHints":{"allow":["GET"]}}],"collection":[{"href":"https:\/\/husweg.eu\/cz\/wp-json\/wp\/v2\/pages"}],"about":[{"href":"https:\/\/husweg.eu\/cz\/wp-json\/wp\/v2\/types\/page"}],"author":[{"embeddable":true,"href":"https:\/\/husweg.eu\/cz\/wp-json\/wp\/v2\/users\/1"}],"replies":[{"embeddable":true,"href":"https:\/\/husweg.eu\/cz\/wp-json\/wp\/v2\/comments?post=568"}],"version-history":[{"count":5,"href":"https:\/\/husweg.eu\/cz\/wp-json\/wp\/v2\/pages\/568\/revisions"}],"predecessor-version":[{"id":684,"href":"https:\/\/husweg.eu\/cz\/wp-json\/wp\/v2\/pages\/568\/revisions\/684"}],"wp:attachment":[{"href":"https:\/\/husweg.eu\/cz\/wp-json\/wp\/v2\/media?parent=568"}],"curies":[{"name":"wp","href":"https:\/\/api.w.org\/{rel}","templated":true}]}}