{"id":292,"date":"2022-11-30T23:12:47","date_gmt":"2022-11-30T22:12:47","guid":{"rendered":"https:\/\/husweg.eu\/cz\/?page_id=292"},"modified":"2023-01-08T23:06:26","modified_gmt":"2023-01-08T22:06:26","slug":"etapa-20","status":"publish","type":"page","link":"https:\/\/husweg.eu\/cz\/etapa-20\/","title":{"rendered":"Etapa 20"},"content":{"rendered":"<div id=\"metaslider-id-345\" style=\"width: 100%;\" class=\"ml-slider-3-108-0 metaslider metaslider-flex metaslider-345 ml-slider has-dots-nav ms-theme-default\" role=\"region\" aria-label=\"Etappe 20\" data-height=\"370\" data-width=\"820\">\n    <div id=\"metaslider_container_345\">\n        <div id=\"metaslider_345\">\n            <ul class='slides'>\n                <li style=\"display: block; width: 100%;\" class=\"slide-539 ms-image \" aria-roledescription=\"slide\" data-date=\"2022-12-11 00:21:37\" data-filename=\"etappe20-001.jpg\" data-slide-type=\"image\"><img loading=\"lazy\" decoding=\"async\" src=\"https:\/\/husweg.eu\/cz\/wp-content\/uploads\/2022\/12\/etappe20-001.jpg\" height=\"370\" width=\"820\" alt=\"\" class=\"slider-345 slide-539 msDefaultImage\" title=\"etapa20-001\" \/><\/li>\n                <li style=\"display: none; width: 100%;\" class=\"slide-540 ms-image \" aria-roledescription=\"slide\" data-date=\"2022-12-11 00:21:37\" data-filename=\"etappe20-002.jpg\" data-slide-type=\"image\"><img loading=\"lazy\" decoding=\"async\" src=\"https:\/\/husweg.eu\/cz\/wp-content\/uploads\/2022\/12\/etappe20-002.jpg\" height=\"370\" width=\"820\" alt=\"\" class=\"slider-345 slide-540 msDefaultImage\" title=\"etapa20-002\" \/><\/li>\n            <\/ul>\n        <\/div>\n        \n    <\/div>\n<\/div>\n<p><strong>Etapa 20: Lauf an der Pegnitz \u2013 N\u00fcrnberg (21,4 km \u2013 6.19 h)<\/strong><br \/>\n<span style=\"color: #ff0000;\">Lauf <\/span>&#8211; 4,9 km &#8211; R\u00f6thenbach &#8211; 4,2 km &#8211; Behringersdorf &#8211; 5,9 km &#8211; Erlenstegen &#8211; 6,4 km &#8211;<span style=\"color: #ff0000;\"> N\u00fcrnberg, Hauptmarkt<\/span><\/p>\n<p>Norimberk u\u017e nen\u00ed daleko. V \u010detn\u00fdch m\u011bstech na posledn\u00edch kilometrech nem\u00e1me probl\u00e9my se z\u00e1sobov\u00e1n\u00edm. Orientace je mimo\u0159\u00e1dn\u011b snadn\u00e1: sta\u010d\u00ed sledovat \u0159eku Pegnitz.<\/p>\n<p>Jakmile p\u0159ejdeme most Wassertorbr\u00fccke v Laufu, odbo\u010d\u00edme na k\u0159i\u017eovatce doprava a pokra\u010dujeme pod\u00e9l \u0159eky Pegnitz p\u0159es Wetzendorf do <strong>R\u00f6thenbachu<\/strong>. Zde se op\u011bt vyd\u00e1me p\u0159es \u0159eku Pegnitz do R\u00fcckersdorfu. Pot\u00e9, co mineme h\u0159eb\u010d\u00edn, odbo\u010d\u00edme doprava do centra <strong>Behringersdorfu<\/strong>. Nach\u00e1z\u00ed se zde tak\u00e9 \u017eelezni\u010dn\u00ed stanice a n\u00e1kupn\u00ed mo\u017enosti. Za kruhov\u00fdm objezdem odbo\u010d\u00edme vlevo a jsme na c\u00edlov\u00e9 rovince do Norimberku. Posledn\u00edch n\u011bkolik kilometr\u016f p\u0159\u00edrody je p\u0159etnuto d\u00e1lnic\u00ed A3. Za d\u00e1lnic\u00ed p\u0159ekvapiv\u011b naraz\u00edme na p\u00edse\u010dn\u00e9 duny.<\/p>\n<p>V okrajov\u00e9 \u010dtvrti <strong>Erlenstegen<\/strong> se nyn\u00ed nach\u00e1z\u00edme v Norimberku. Krom\u011b ru\u0161n\u00e9 silnice B14 n\u00e1m m\u011bstskou d\u017eungli, kter\u00e1 n\u00e1s \u010dek\u00e1, moc nep\u0159ipom\u00edn\u00e1. Pod kolejemi S-Bahn na stanici Erlenstegen se dost\u00e1v\u00e1me k z\u00e1v\u011bre\u010dn\u00e9mu \u00faseku. Husova stezka n\u00e1s vede kilometry po prav\u00e9 stran\u011b \u0159eky Pegnitz po cyklostezce do centra m\u011bsta, kolem nespo\u010dtu lid\u00ed. Zde se rozprost\u00edr\u00e1 urbanistick\u00fd styl. Kdy\u017e je hezk\u00e9 po\u010das\u00ed, vid\u00edme lidi, jak piknikuj\u00ed, jezd\u00ed na kole, chod\u00ed na proch\u00e1zky, sportuj\u00ed, koupou se nebo relaxuj\u00ed.<\/p>\n<p>Za mostem Steubenbr\u00fccke mus\u00edme \u010desk\u00e9mu lvu v\u011bnovat trochu v\u00edce pozornosti \u2013 ve velk\u00e9m m\u011bst\u011b je p\u0159ece jen snaz\u0161\u00ed ztratit ho z dohledu. Brzy spat\u0159\u00edme hlavn\u00ed n\u00e1m\u011bst\u00ed s jeho dominantami, &#8222;kostelem Panny Marie&#8220; a\u00a0 &#8222;kr\u00e1snou ka\u0161nou&#8220;. Jsme \u0161\u0165astn\u00ed, \u017ee jsme kone\u010dn\u011b dorazili do <strong>Norimberku<\/strong>, lou\u010d\u00edme se se Zlatou cestou a na sloupu ve\u0159ejn\u00e9ho osv\u011btlen\u00ed zahl\u00e9dneme modrou n\u00e1lepku: je to stylizovan\u00e1 mu\u0161le Svatojakubsk\u00e9 cesty, kter\u00e1 n\u00e1s odtud dovede a\u017e do Kostnice.<\/p>\n","protected":false},"excerpt":{"rendered":"<p>Etapa 20: Lauf an der Pegnitz \u2013 N\u00fcrnberg (21,4 km \u2013 6.19 h) Lauf &#8211; 4,9 km &#8211; R\u00f6thenbach &#8211; 4,2 km &#8211; Behringersdorf &#8211; 5,9 km &#8211; Erlenstegen &#8211; 6,4 km &#8211; N\u00fcrnberg, Hauptmarkt Norimberk u\u017e nen\u00ed daleko. V \u010detn\u00fdch m\u011bstech na posledn\u00edch kilometrech nem\u00e1me probl\u00e9my se z\u00e1sobov\u00e1n\u00edm. Orientace&#8230;<\/p>\n<p> <a class=\"continue-reading-link\" href=\"https:\/\/husweg.eu\/cz\/etapa-20\/\"><span>Continue reading<\/span><i class=\"crycon-right-dir\"><\/i><\/a> <\/p>\n","protected":false},"author":1,"featured_media":0,"parent":0,"menu_order":0,"comment_status":"closed","ping_status":"closed","template":"","meta":{"ngg_post_thumbnail":0,"footnotes":""},"class_list":["post-292","page","type-page","status-publish","hentry"],"yoast_head":"<!-- This site is optimized with the Yoast SEO plugin v27.4 - https:\/\/yoast.com\/product\/yoast-seo-wordpress\/ -->\n<title>Etapa 20 - Husova cesta<\/title>\n<meta name=\"robots\" content=\"index, follow, max-snippet:-1, max-image-preview:large, max-video-preview:-1\" \/>\n<link rel=\"canonical\" href=\"https:\/\/husweg.eu\/cz\/etapa-20\/\" \/>\n<meta property=\"og:locale\" content=\"de_DE\" \/>\n<meta property=\"og:type\" content=\"article\" \/>\n<meta property=\"og:title\" content=\"Etapa 20 - Husova cesta\" \/>\n<meta property=\"og:description\" content=\"Etapa 20: Lauf an der Pegnitz \u2013 N\u00fcrnberg (21,4 km \u2013 6.19 h) Lauf &#8211; 4,9 km &#8211; R\u00f6thenbach &#8211; 4,2 km &#8211; Behringersdorf &#8211; 5,9 km &#8211; Erlenstegen &#8211; 6,4 km &#8211; N\u00fcrnberg, Hauptmarkt Norimberk u\u017e nen\u00ed daleko. V \u010detn\u00fdch m\u011bstech na posledn\u00edch kilometrech nem\u00e1me probl\u00e9my se z\u00e1sobov\u00e1n\u00edm. Orientace... Continue reading\" \/>\n<meta property=\"og:url\" content=\"https:\/\/husweg.eu\/cz\/etapa-20\/\" \/>\n<meta property=\"og:site_name\" content=\"Husova cesta\" \/>\n<meta property=\"article:modified_time\" content=\"2023-01-08T22:06:26+00:00\" \/>\n<meta name=\"twitter:card\" content=\"summary_large_image\" \/>\n<meta name=\"twitter:label1\" content=\"Gesch\u00e4tzte Lesezeit\" \/>\n\t<meta name=\"twitter:data1\" content=\"2\u00a0Minuten\" \/>\n<script type=\"application\/ld+json\" class=\"yoast-schema-graph\">{\"@context\":\"https:\\\/\\\/schema.org\",\"@graph\":[{\"@type\":\"WebPage\",\"@id\":\"https:\\\/\\\/husweg.eu\\\/cz\\\/etapa-20\\\/\",\"url\":\"https:\\\/\\\/husweg.eu\\\/cz\\\/etapa-20\\\/\",\"name\":\"Etapa 20 - Husova cesta\",\"isPartOf\":{\"@id\":\"https:\\\/\\\/husweg.eu\\\/cz\\\/#website\"},\"datePublished\":\"2022-11-30T22:12:47+00:00\",\"dateModified\":\"2023-01-08T22:06:26+00:00\",\"breadcrumb\":{\"@id\":\"https:\\\/\\\/husweg.eu\\\/cz\\\/etapa-20\\\/#breadcrumb\"},\"inLanguage\":\"de\",\"potentialAction\":[{\"@type\":\"ReadAction\",\"target\":[\"https:\\\/\\\/husweg.eu\\\/cz\\\/etapa-20\\\/\"]}]},{\"@type\":\"BreadcrumbList\",\"@id\":\"https:\\\/\\\/husweg.eu\\\/cz\\\/etapa-20\\\/#breadcrumb\",\"itemListElement\":[{\"@type\":\"ListItem\",\"position\":1,\"name\":\"Startseite\",\"item\":\"https:\\\/\\\/husweg.eu\\\/cz\\\/\"},{\"@type\":\"ListItem\",\"position\":2,\"name\":\"Etapa 20\"}]},{\"@type\":\"WebSite\",\"@id\":\"https:\\\/\\\/husweg.eu\\\/cz\\\/#website\",\"url\":\"https:\\\/\\\/husweg.eu\\\/cz\\\/\",\"name\":\"Husova cesta\",\"description\":\"Husova cesta symbolicky sleduje Husovo putov\u00e1n\u00ed z Prahy na bavorsko-\u010deskou hranici.\",\"potentialAction\":[{\"@type\":\"SearchAction\",\"target\":{\"@type\":\"EntryPoint\",\"urlTemplate\":\"https:\\\/\\\/husweg.eu\\\/cz\\\/?s={search_term_string}\"},\"query-input\":{\"@type\":\"PropertyValueSpecification\",\"valueRequired\":true,\"valueName\":\"search_term_string\"}}],\"inLanguage\":\"de\"}]}<\/script>\n<!-- \/ Yoast SEO plugin. -->","yoast_head_json":{"title":"Etapa 20 - Husova cesta","robots":{"index":"index","follow":"follow","max-snippet":"max-snippet:-1","max-image-preview":"max-image-preview:large","max-video-preview":"max-video-preview:-1"},"canonical":"https:\/\/husweg.eu\/cz\/etapa-20\/","og_locale":"de_DE","og_type":"article","og_title":"Etapa 20 - Husova cesta","og_description":"Etapa 20: Lauf an der Pegnitz \u2013 N\u00fcrnberg (21,4 km \u2013 6.19 h) Lauf &#8211; 4,9 km &#8211; R\u00f6thenbach &#8211; 4,2 km &#8211; Behringersdorf &#8211; 5,9 km &#8211; Erlenstegen &#8211; 6,4 km &#8211; N\u00fcrnberg, Hauptmarkt Norimberk u\u017e nen\u00ed daleko. V \u010detn\u00fdch m\u011bstech na posledn\u00edch kilometrech nem\u00e1me probl\u00e9my se z\u00e1sobov\u00e1n\u00edm. Orientace... Continue reading","og_url":"https:\/\/husweg.eu\/cz\/etapa-20\/","og_site_name":"Husova cesta","article_modified_time":"2023-01-08T22:06:26+00:00","twitter_card":"summary_large_image","twitter_misc":{"Gesch\u00e4tzte Lesezeit":"2\u00a0Minuten"},"schema":{"@context":"https:\/\/schema.org","@graph":[{"@type":"WebPage","@id":"https:\/\/husweg.eu\/cz\/etapa-20\/","url":"https:\/\/husweg.eu\/cz\/etapa-20\/","name":"Etapa 20 - Husova cesta","isPartOf":{"@id":"https:\/\/husweg.eu\/cz\/#website"},"datePublished":"2022-11-30T22:12:47+00:00","dateModified":"2023-01-08T22:06:26+00:00","breadcrumb":{"@id":"https:\/\/husweg.eu\/cz\/etapa-20\/#breadcrumb"},"inLanguage":"de","potentialAction":[{"@type":"ReadAction","target":["https:\/\/husweg.eu\/cz\/etapa-20\/"]}]},{"@type":"BreadcrumbList","@id":"https:\/\/husweg.eu\/cz\/etapa-20\/#breadcrumb","itemListElement":[{"@type":"ListItem","position":1,"name":"Startseite","item":"https:\/\/husweg.eu\/cz\/"},{"@type":"ListItem","position":2,"name":"Etapa 20"}]},{"@type":"WebSite","@id":"https:\/\/husweg.eu\/cz\/#website","url":"https:\/\/husweg.eu\/cz\/","name":"Husova cesta","description":"Husova cesta symbolicky sleduje Husovo putov\u00e1n\u00ed z Prahy na bavorsko-\u010deskou hranici.","potentialAction":[{"@type":"SearchAction","target":{"@type":"EntryPoint","urlTemplate":"https:\/\/husweg.eu\/cz\/?s={search_term_string}"},"query-input":{"@type":"PropertyValueSpecification","valueRequired":true,"valueName":"search_term_string"}}],"inLanguage":"de"}]}},"_links":{"self":[{"href":"https:\/\/husweg.eu\/cz\/wp-json\/wp\/v2\/pages\/292","targetHints":{"allow":["GET"]}}],"collection":[{"href":"https:\/\/husweg.eu\/cz\/wp-json\/wp\/v2\/pages"}],"about":[{"href":"https:\/\/husweg.eu\/cz\/wp-json\/wp\/v2\/types\/page"}],"author":[{"embeddable":true,"href":"https:\/\/husweg.eu\/cz\/wp-json\/wp\/v2\/users\/1"}],"replies":[{"embeddable":true,"href":"https:\/\/husweg.eu\/cz\/wp-json\/wp\/v2\/comments?post=292"}],"version-history":[{"count":8,"href":"https:\/\/husweg.eu\/cz\/wp-json\/wp\/v2\/pages\/292\/revisions"}],"predecessor-version":[{"id":666,"href":"https:\/\/husweg.eu\/cz\/wp-json\/wp\/v2\/pages\/292\/revisions\/666"}],"wp:attachment":[{"href":"https:\/\/husweg.eu\/cz\/wp-json\/wp\/v2\/media?parent=292"}],"curies":[{"name":"wp","href":"https:\/\/api.w.org\/{rel}","templated":true}]}}