{"id":290,"date":"2022-11-30T23:10:34","date_gmt":"2022-11-30T22:10:34","guid":{"rendered":"https:\/\/husweg.eu\/cz\/?page_id=290"},"modified":"2023-01-08T23:02:15","modified_gmt":"2023-01-08T22:02:15","slug":"etapa-19","status":"publish","type":"page","link":"https:\/\/husweg.eu\/cz\/etapa-19\/","title":{"rendered":"Etapa 19"},"content":{"rendered":"<div id=\"metaslider-id-344\" style=\"width: 100%;\" class=\"ml-slider-3-109-0 metaslider metaslider-flex metaslider-344 ml-slider has-dots-nav ms-theme-default\" role=\"region\" aria-label=\"Etappe 19\" data-height=\"370\" data-width=\"820\">\n    <div id=\"metaslider_container_344\">\n        <div id=\"metaslider_344\">\n            <ul class='slides'>\n                <li style=\"display: block; width: 100%;\" class=\"slide-532 ms-image \" aria-roledescription=\"slide\" data-date=\"2022-12-11 00:17:07\" data-filename=\"etappe19-001.jpg\" data-slide-type=\"image\"><img loading=\"lazy\" decoding=\"async\" src=\"https:\/\/husweg.eu\/cz\/wp-content\/uploads\/2022\/12\/etappe19-001.jpg\" height=\"370\" width=\"820\" alt=\"\" class=\"slider-344 slide-532 msDefaultImage\" title=\"etapa19-001\" \/><\/li>\n                <li style=\"display: none; width: 100%;\" class=\"slide-533 ms-image \" aria-roledescription=\"slide\" data-date=\"2022-12-11 00:17:07\" data-filename=\"etappe19-002.jpg\" data-slide-type=\"image\"><img loading=\"lazy\" decoding=\"async\" src=\"https:\/\/husweg.eu\/cz\/wp-content\/uploads\/2022\/12\/etappe19-002.jpg\" height=\"370\" width=\"820\" alt=\"\" class=\"slider-344 slide-533 msDefaultImage\" title=\"etapa19-002\" \/><\/li>\n                <li style=\"display: none; width: 100%;\" class=\"slide-534 ms-image \" aria-roledescription=\"slide\" data-date=\"2022-12-11 00:17:07\" data-filename=\"etappe19-003.jpg\" data-slide-type=\"image\"><img loading=\"lazy\" decoding=\"async\" src=\"https:\/\/husweg.eu\/cz\/wp-content\/uploads\/2022\/12\/etappe19-003.jpg\" height=\"370\" width=\"820\" alt=\"\" class=\"slider-344 slide-534 msDefaultImage\" title=\"etapa19-003\" \/><\/li>\n                <li style=\"display: none; width: 100%;\" class=\"slide-535 ms-image \" aria-roledescription=\"slide\" data-date=\"2022-12-11 00:17:07\" data-filename=\"etappe19-004.jpg\" data-slide-type=\"image\"><img loading=\"lazy\" decoding=\"async\" src=\"https:\/\/husweg.eu\/cz\/wp-content\/uploads\/2022\/12\/etappe19-004.jpg\" height=\"370\" width=\"820\" alt=\"\" class=\"slider-344 slide-535 msDefaultImage\" title=\"etapa19-004\" \/><\/li>\n            <\/ul>\n        <\/div>\n        \n    <\/div>\n<\/div>\n<p><strong>Etapa 19: Pommelsbrunn \u2013 Lauf an der Pegnitz (25,1 km \u2013 7.50 h)<\/strong><br \/>\n<span style=\"color: #ff0000;\">Pommelsbrunn <\/span>&#8211; 10,3 km &#8211; Hersbruck &#8211; 5,9 km &#8211; Reichenschwand &#8211; 5,0 km &#8211; Neukirchen &#8211; 3,9 km &#8211; <span style=\"color: #ff0000;\">Lauf\u00a0<\/span><\/p>\n<p>\u010c\u00edm v\u00edce se bl\u00ed\u017e\u00edme k Norimberku, t\u00edm v\u00edce mus\u00ed p\u0159\u00edroda ustupovat m\u011bstsk\u00e9mu prostoru. Na p\u0159edm\u011bst\u00ed Norimberku se p\u0159edstavuj\u00ed men\u0161\u00ed i v\u011bt\u0161\u00ed m\u011bsta a najdeme zde n\u011bkolik skvost\u016f, kter\u00e9 stoj\u00ed za to objevit. V t\u00e9to etap\u011b n\u00e1s \u010dek\u00e1 tak\u00e9 ohromuj\u00edc\u00ed po\u010det v\u00fd\u0161kov\u00fdch metr\u016f.<\/p>\n<p>Z <strong>Pommelsbrunnu<\/strong> n\u00e1sledujeme \u010cesk\u00e9ho lva do kopce. Kr\u00e1tk\u00e1 odbo\u010dka ke z\u0159\u00edcenin\u011b hradu Lichtenstein n\u00e1s odm\u011bn\u00ed n\u00e1dhern\u00fdm v\u00fdhledem. Opou\u0161t\u00edme hradby Windburgu po prav\u00e9 stran\u011b a poprv\u00e9 p\u0159ekra\u010dujeme \u0159eku Pegnitz, kter\u00e1 bude na\u0161\u00edm v\u011brn\u00fdm spole\u010dn\u00edkem a\u017e do centra Norimberku. Zde se nach\u00e1z\u00ed kemp a \u017eelezni\u010dn\u00ed stanice Hohenstadt.<\/p>\n<p>Po n\u011bkolika kilometrech doraz\u00edme do <strong>Hersbrucku<\/strong>. Toto m\u011bsto um\u00ed p\u0159esv\u011bd\u010dit malebn\u00fdm star\u00fdm m\u011bstem a hradem. Nab\u00edz\u00ed se zde nespo\u010det pam\u00e1tek, muze\u00ed, kav\u00e1ren a n\u00e1kupn\u00edch mo\u017enost\u00ed. Je t\u011b\u017ek\u00e9 se rozlou\u010dit a my opou\u0161t\u00edme Hersbruck z\u00e1padn\u00edm sm\u011brem na Altensittenbach, Oberndorf a <strong>Reichenschwand<\/strong>. Cesty jsou snadno sch\u016fdn\u00e9, tak\u017ee je m\u016f\u017eete stejn\u011b dob\u0159e projet na kole. Cesta vede p\u0159es klidn\u00fd Speikern a nen\u00e1ro\u010dn\u00fd <strong>Neukirchen am Sand<\/strong> p\u0159es d\u00e1lnici A9 a\u017e do m\u011bsta<strong> Lauf an der Pegnitz<\/strong>. Samoz\u0159ejm\u011b vyhl\u00ed\u017e\u00edme Husovu pam\u011btn\u00ed desku na n\u00e1m\u011bst\u00ed. Toto m\u011bsto s malebn\u00fdm centrem na \u0159ece Pegnitz a skv\u011bl\u00fdm hradem Lauf je ide\u00e1ln\u00edm m\u00edstem pro proch\u00e1zky, hodov\u00e1n\u00ed a nocov\u00e1n\u00ed. Zasv\u011bcen\u00fdm tipem jsou skaln\u00ed sklepy pod domy na n\u00e1m\u011bst\u00ed. Prohl\u00eddky s pr\u016fvodcem se konaj\u00ed ka\u017edou t\u0159et\u00ed sobotu v m\u011bs\u00edci (sraz: Schleifm\u00fchle Reichel v 15 hodin) nebo po domluv\u011b.<\/p>\n","protected":false},"excerpt":{"rendered":"<p>Etapa 19: Pommelsbrunn \u2013 Lauf an der Pegnitz (25,1 km \u2013 7.50 h) Pommelsbrunn &#8211; 10,3 km &#8211; Hersbruck &#8211; 5,9 km &#8211; Reichenschwand &#8211; 5,0 km &#8211; Neukirchen &#8211; 3,9 km &#8211; Lauf\u00a0 \u010c\u00edm v\u00edce se bl\u00ed\u017e\u00edme k Norimberku, t\u00edm v\u00edce mus\u00ed p\u0159\u00edroda ustupovat m\u011bstsk\u00e9mu prostoru. Na p\u0159edm\u011bst\u00ed Norimberku&#8230;<\/p>\n<p> <a class=\"continue-reading-link\" href=\"https:\/\/husweg.eu\/cz\/etapa-19\/\"><span>Continue reading<\/span><i class=\"crycon-right-dir\"><\/i><\/a> <\/p>\n","protected":false},"author":1,"featured_media":0,"parent":0,"menu_order":0,"comment_status":"closed","ping_status":"closed","template":"","meta":{"ngg_post_thumbnail":0,"footnotes":""},"class_list":["post-290","page","type-page","status-publish","hentry"],"yoast_head":"<!-- This site is optimized with the Yoast SEO plugin v27.5 - https:\/\/yoast.com\/product\/yoast-seo-wordpress\/ -->\n<title>Etapa 19 - Husova cesta<\/title>\n<meta name=\"robots\" content=\"index, follow, max-snippet:-1, max-image-preview:large, max-video-preview:-1\" \/>\n<link rel=\"canonical\" href=\"https:\/\/husweg.eu\/cz\/etapa-19\/\" \/>\n<meta property=\"og:locale\" content=\"de_DE\" \/>\n<meta property=\"og:type\" content=\"article\" \/>\n<meta property=\"og:title\" content=\"Etapa 19 - Husova cesta\" \/>\n<meta property=\"og:description\" content=\"Etapa 19: Pommelsbrunn \u2013 Lauf an der Pegnitz (25,1 km \u2013 7.50 h) Pommelsbrunn &#8211; 10,3 km &#8211; Hersbruck &#8211; 5,9 km &#8211; Reichenschwand &#8211; 5,0 km &#8211; Neukirchen &#8211; 3,9 km &#8211; Lauf\u00a0 \u010c\u00edm v\u00edce se bl\u00ed\u017e\u00edme k Norimberku, t\u00edm v\u00edce mus\u00ed p\u0159\u00edroda ustupovat m\u011bstsk\u00e9mu prostoru. Na p\u0159edm\u011bst\u00ed Norimberku... Continue reading\" \/>\n<meta property=\"og:url\" content=\"https:\/\/husweg.eu\/cz\/etapa-19\/\" \/>\n<meta property=\"og:site_name\" content=\"Husova cesta\" \/>\n<meta property=\"article:modified_time\" content=\"2023-01-08T22:02:15+00:00\" \/>\n<meta name=\"twitter:card\" content=\"summary_large_image\" \/>\n<meta name=\"twitter:label1\" content=\"Gesch\u00e4tzte Lesezeit\" \/>\n\t<meta name=\"twitter:data1\" content=\"2\u00a0Minuten\" \/>\n<script type=\"application\/ld+json\" class=\"yoast-schema-graph\">{\"@context\":\"https:\\\/\\\/schema.org\",\"@graph\":[{\"@type\":\"WebPage\",\"@id\":\"https:\\\/\\\/husweg.eu\\\/cz\\\/etapa-19\\\/\",\"url\":\"https:\\\/\\\/husweg.eu\\\/cz\\\/etapa-19\\\/\",\"name\":\"Etapa 19 - Husova cesta\",\"isPartOf\":{\"@id\":\"https:\\\/\\\/husweg.eu\\\/cz\\\/#website\"},\"datePublished\":\"2022-11-30T22:10:34+00:00\",\"dateModified\":\"2023-01-08T22:02:15+00:00\",\"breadcrumb\":{\"@id\":\"https:\\\/\\\/husweg.eu\\\/cz\\\/etapa-19\\\/#breadcrumb\"},\"inLanguage\":\"de\",\"potentialAction\":[{\"@type\":\"ReadAction\",\"target\":[\"https:\\\/\\\/husweg.eu\\\/cz\\\/etapa-19\\\/\"]}]},{\"@type\":\"BreadcrumbList\",\"@id\":\"https:\\\/\\\/husweg.eu\\\/cz\\\/etapa-19\\\/#breadcrumb\",\"itemListElement\":[{\"@type\":\"ListItem\",\"position\":1,\"name\":\"Startseite\",\"item\":\"https:\\\/\\\/husweg.eu\\\/cz\\\/\"},{\"@type\":\"ListItem\",\"position\":2,\"name\":\"Etapa 19\"}]},{\"@type\":\"WebSite\",\"@id\":\"https:\\\/\\\/husweg.eu\\\/cz\\\/#website\",\"url\":\"https:\\\/\\\/husweg.eu\\\/cz\\\/\",\"name\":\"Husova cesta\",\"description\":\"Husova cesta symbolicky sleduje Husovo putov\u00e1n\u00ed z Prahy na bavorsko-\u010deskou hranici.\",\"potentialAction\":[{\"@type\":\"SearchAction\",\"target\":{\"@type\":\"EntryPoint\",\"urlTemplate\":\"https:\\\/\\\/husweg.eu\\\/cz\\\/?s={search_term_string}\"},\"query-input\":{\"@type\":\"PropertyValueSpecification\",\"valueRequired\":true,\"valueName\":\"search_term_string\"}}],\"inLanguage\":\"de\"}]}<\/script>\n<!-- \/ Yoast SEO plugin. -->","yoast_head_json":{"title":"Etapa 19 - Husova cesta","robots":{"index":"index","follow":"follow","max-snippet":"max-snippet:-1","max-image-preview":"max-image-preview:large","max-video-preview":"max-video-preview:-1"},"canonical":"https:\/\/husweg.eu\/cz\/etapa-19\/","og_locale":"de_DE","og_type":"article","og_title":"Etapa 19 - Husova cesta","og_description":"Etapa 19: Pommelsbrunn \u2013 Lauf an der Pegnitz (25,1 km \u2013 7.50 h) Pommelsbrunn &#8211; 10,3 km &#8211; Hersbruck &#8211; 5,9 km &#8211; Reichenschwand &#8211; 5,0 km &#8211; Neukirchen &#8211; 3,9 km &#8211; Lauf\u00a0 \u010c\u00edm v\u00edce se bl\u00ed\u017e\u00edme k Norimberku, t\u00edm v\u00edce mus\u00ed p\u0159\u00edroda ustupovat m\u011bstsk\u00e9mu prostoru. Na p\u0159edm\u011bst\u00ed Norimberku... Continue reading","og_url":"https:\/\/husweg.eu\/cz\/etapa-19\/","og_site_name":"Husova cesta","article_modified_time":"2023-01-08T22:02:15+00:00","twitter_card":"summary_large_image","twitter_misc":{"Gesch\u00e4tzte Lesezeit":"2\u00a0Minuten"},"schema":{"@context":"https:\/\/schema.org","@graph":[{"@type":"WebPage","@id":"https:\/\/husweg.eu\/cz\/etapa-19\/","url":"https:\/\/husweg.eu\/cz\/etapa-19\/","name":"Etapa 19 - Husova cesta","isPartOf":{"@id":"https:\/\/husweg.eu\/cz\/#website"},"datePublished":"2022-11-30T22:10:34+00:00","dateModified":"2023-01-08T22:02:15+00:00","breadcrumb":{"@id":"https:\/\/husweg.eu\/cz\/etapa-19\/#breadcrumb"},"inLanguage":"de","potentialAction":[{"@type":"ReadAction","target":["https:\/\/husweg.eu\/cz\/etapa-19\/"]}]},{"@type":"BreadcrumbList","@id":"https:\/\/husweg.eu\/cz\/etapa-19\/#breadcrumb","itemListElement":[{"@type":"ListItem","position":1,"name":"Startseite","item":"https:\/\/husweg.eu\/cz\/"},{"@type":"ListItem","position":2,"name":"Etapa 19"}]},{"@type":"WebSite","@id":"https:\/\/husweg.eu\/cz\/#website","url":"https:\/\/husweg.eu\/cz\/","name":"Husova cesta","description":"Husova cesta symbolicky sleduje Husovo putov\u00e1n\u00ed z Prahy na bavorsko-\u010deskou hranici.","potentialAction":[{"@type":"SearchAction","target":{"@type":"EntryPoint","urlTemplate":"https:\/\/husweg.eu\/cz\/?s={search_term_string}"},"query-input":{"@type":"PropertyValueSpecification","valueRequired":true,"valueName":"search_term_string"}}],"inLanguage":"de"}]}},"_links":{"self":[{"href":"https:\/\/husweg.eu\/cz\/wp-json\/wp\/v2\/pages\/290","targetHints":{"allow":["GET"]}}],"collection":[{"href":"https:\/\/husweg.eu\/cz\/wp-json\/wp\/v2\/pages"}],"about":[{"href":"https:\/\/husweg.eu\/cz\/wp-json\/wp\/v2\/types\/page"}],"author":[{"embeddable":true,"href":"https:\/\/husweg.eu\/cz\/wp-json\/wp\/v2\/users\/1"}],"replies":[{"embeddable":true,"href":"https:\/\/husweg.eu\/cz\/wp-json\/wp\/v2\/comments?post=290"}],"version-history":[{"count":8,"href":"https:\/\/husweg.eu\/cz\/wp-json\/wp\/v2\/pages\/290\/revisions"}],"predecessor-version":[{"id":665,"href":"https:\/\/husweg.eu\/cz\/wp-json\/wp\/v2\/pages\/290\/revisions\/665"}],"wp:attachment":[{"href":"https:\/\/husweg.eu\/cz\/wp-json\/wp\/v2\/media?parent=290"}],"curies":[{"name":"wp","href":"https:\/\/api.w.org\/{rel}","templated":true}]}}