{"id":288,"date":"2022-11-30T23:08:44","date_gmt":"2022-11-30T22:08:44","guid":{"rendered":"https:\/\/husweg.eu\/cz\/?page_id=288"},"modified":"2023-01-08T22:59:51","modified_gmt":"2023-01-08T21:59:51","slug":"etapa-18","status":"publish","type":"page","link":"https:\/\/husweg.eu\/cz\/etapa-18\/","title":{"rendered":"Etapa 18"},"content":{"rendered":"<div id=\"metaslider-id-343\" style=\"width: 100%;\" class=\"ml-slider-3-108-0 metaslider metaslider-flex metaslider-343 ml-slider has-dots-nav ms-theme-default\" role=\"region\" aria-label=\"Etappe 18\" data-height=\"370\" data-width=\"820\">\n    <div id=\"metaslider_container_343\">\n        <div id=\"metaslider_343\">\n            <ul class='slides'>\n                <li style=\"display: block; width: 100%;\" class=\"slide-512 ms-image \" aria-roledescription=\"slide\" data-date=\"2022-12-11 00:04:01\" data-filename=\"etappe18-001.jpg\" data-slide-type=\"image\"><img loading=\"lazy\" decoding=\"async\" src=\"https:\/\/husweg.eu\/cz\/wp-content\/uploads\/2022\/12\/etappe18-001.jpg\" height=\"370\" width=\"820\" alt=\"\" class=\"slider-343 slide-512 msDefaultImage\" title=\"etapa18-001\" \/><\/li>\n                <li style=\"display: none; width: 100%;\" class=\"slide-513 ms-image \" aria-roledescription=\"slide\" data-date=\"2022-12-11 00:04:01\" data-filename=\"etappe18-002.jpg\" data-slide-type=\"image\"><img loading=\"lazy\" decoding=\"async\" src=\"https:\/\/husweg.eu\/cz\/wp-content\/uploads\/2022\/12\/etappe18-002.jpg\" height=\"370\" width=\"820\" alt=\"\" class=\"slider-343 slide-513 msDefaultImage\" title=\"etapa18-002\" \/><\/li>\n                <li style=\"display: none; width: 100%;\" class=\"slide-514 ms-image \" aria-roledescription=\"slide\" data-date=\"2022-12-11 00:04:01\" data-filename=\"etappe18-003.jpg\" data-slide-type=\"image\"><img loading=\"lazy\" decoding=\"async\" src=\"https:\/\/husweg.eu\/cz\/wp-content\/uploads\/2022\/12\/etappe18-003.jpg\" height=\"370\" width=\"820\" alt=\"\" class=\"slider-343 slide-514 msDefaultImage\" title=\"etapa18-003\" \/><\/li>\n                <li style=\"display: none; width: 100%;\" class=\"slide-515 ms-image \" aria-roledescription=\"slide\" data-date=\"2022-12-11 00:04:01\" data-filename=\"etappe18-004.jpg\" data-slide-type=\"image\"><img loading=\"lazy\" decoding=\"async\" src=\"https:\/\/husweg.eu\/cz\/wp-content\/uploads\/2022\/12\/etappe18-004.jpg\" height=\"370\" width=\"820\" alt=\"\" class=\"slider-343 slide-515 msDefaultImage\" title=\"etapa18-004\" \/><\/li>\n                <li style=\"display: none; width: 100%;\" class=\"slide-516 ms-image \" aria-roledescription=\"slide\" data-date=\"2022-12-11 00:04:01\" data-filename=\"etappe18-005.jpg\" data-slide-type=\"image\"><img loading=\"lazy\" decoding=\"async\" src=\"https:\/\/husweg.eu\/cz\/wp-content\/uploads\/2022\/12\/etappe18-005.jpg\" height=\"370\" width=\"820\" alt=\"\" class=\"slider-343 slide-516 msDefaultImage\" title=\"etapa18-005\" \/><\/li>\n                <li style=\"display: none; width: 100%;\" class=\"slide-517 ms-image \" aria-roledescription=\"slide\" data-date=\"2022-12-11 00:04:01\" data-filename=\"etappe18-006.jpg\" data-slide-type=\"image\"><img loading=\"lazy\" decoding=\"async\" src=\"https:\/\/husweg.eu\/cz\/wp-content\/uploads\/2022\/12\/etappe18-006.jpg\" height=\"370\" width=\"820\" alt=\"\" class=\"slider-343 slide-517 msDefaultImage\" title=\"etapa18-006\" \/><\/li>\n                <li style=\"display: none; width: 100%;\" class=\"slide-518 ms-image \" aria-roledescription=\"slide\" data-date=\"2022-12-11 00:04:01\" data-filename=\"etappe18-007.jpg\" data-slide-type=\"image\"><img loading=\"lazy\" decoding=\"async\" src=\"https:\/\/husweg.eu\/cz\/wp-content\/uploads\/2022\/12\/etappe18-007.jpg\" height=\"370\" width=\"820\" alt=\"\" class=\"slider-343 slide-518 msDefaultImage\" title=\"etapa18-007\" \/><\/li>\n                <li style=\"display: none; width: 100%;\" class=\"slide-519 ms-image \" aria-roledescription=\"slide\" data-date=\"2022-12-11 00:04:01\" data-filename=\"etappe18-008.jpg\" data-slide-type=\"image\"><img loading=\"lazy\" decoding=\"async\" src=\"https:\/\/husweg.eu\/cz\/wp-content\/uploads\/2022\/12\/etappe18-008.jpg\" height=\"370\" width=\"820\" alt=\"\" class=\"slider-343 slide-519 msDefaultImage\" title=\"etapa18-008\" \/><\/li>\n                <li style=\"display: none; width: 100%;\" class=\"slide-520 ms-image \" aria-roledescription=\"slide\" data-date=\"2022-12-11 00:04:01\" data-filename=\"etappe18-009.jpg\" data-slide-type=\"image\"><img loading=\"lazy\" decoding=\"async\" src=\"https:\/\/husweg.eu\/cz\/wp-content\/uploads\/2022\/12\/etappe18-009.jpg\" height=\"370\" width=\"820\" alt=\"\" class=\"slider-343 slide-520 msDefaultImage\" title=\"etapa18-009\" \/><\/li>\n                <li style=\"display: none; width: 100%;\" class=\"slide-521 ms-image \" aria-roledescription=\"slide\" data-date=\"2022-12-11 00:04:01\" data-filename=\"etappe18-010.jpg\" data-slide-type=\"image\"><img loading=\"lazy\" decoding=\"async\" src=\"https:\/\/husweg.eu\/cz\/wp-content\/uploads\/2022\/12\/etappe18-010.jpg\" height=\"370\" width=\"820\" alt=\"\" class=\"slider-343 slide-521 msDefaultImage\" title=\"etapa18-010\" \/><\/li>\n                <li style=\"display: none; width: 100%;\" class=\"slide-522 ms-image \" aria-roledescription=\"slide\" data-date=\"2022-12-11 00:04:01\" data-filename=\"etappe18-011.jpg\" data-slide-type=\"image\"><img loading=\"lazy\" decoding=\"async\" src=\"https:\/\/husweg.eu\/cz\/wp-content\/uploads\/2022\/12\/etappe18-011.jpg\" height=\"370\" width=\"820\" alt=\"\" class=\"slider-343 slide-522 msDefaultImage\" title=\"etapa18-011\" \/><\/li>\n                <li style=\"display: none; width: 100%;\" class=\"slide-523 ms-image \" aria-roledescription=\"slide\" data-date=\"2022-12-11 00:04:01\" data-filename=\"etappe18-012.jpg\" data-slide-type=\"image\"><img loading=\"lazy\" decoding=\"async\" src=\"https:\/\/husweg.eu\/cz\/wp-content\/uploads\/2022\/12\/etappe18-012.jpg\" height=\"370\" width=\"820\" alt=\"\" class=\"slider-343 slide-523 msDefaultImage\" title=\"etapa18-012\" \/><\/li>\n                <li style=\"display: none; width: 100%;\" class=\"slide-524 ms-image \" aria-roledescription=\"slide\" data-date=\"2022-12-11 00:04:01\" data-filename=\"etappe18-013.jpg\" data-slide-type=\"image\"><img loading=\"lazy\" decoding=\"async\" src=\"https:\/\/husweg.eu\/cz\/wp-content\/uploads\/2022\/12\/etappe18-013.jpg\" height=\"370\" width=\"820\" alt=\"\" class=\"slider-343 slide-524 msDefaultImage\" title=\"etapa18-013\" \/><\/li>\n                <li style=\"display: none; width: 100%;\" class=\"slide-525 ms-image \" aria-roledescription=\"slide\" data-date=\"2022-12-11 00:04:01\" data-filename=\"etappe18-014.jpg\" data-slide-type=\"image\"><img loading=\"lazy\" decoding=\"async\" src=\"https:\/\/husweg.eu\/cz\/wp-content\/uploads\/2022\/12\/etappe18-014.jpg\" height=\"370\" width=\"820\" alt=\"\" class=\"slider-343 slide-525 msDefaultImage\" title=\"etapa18-014\" \/><\/li>\n                <li style=\"display: none; width: 100%;\" class=\"slide-526 ms-image \" aria-roledescription=\"slide\" data-date=\"2022-12-11 00:04:01\" data-filename=\"etappe18-015.jpg\" data-slide-type=\"image\"><img loading=\"lazy\" decoding=\"async\" src=\"https:\/\/husweg.eu\/cz\/wp-content\/uploads\/2022\/12\/etappe18-015.jpg\" height=\"370\" width=\"820\" alt=\"\" class=\"slider-343 slide-526 msDefaultImage\" title=\"etapa18-015\" \/><\/li>\n            <\/ul>\n        <\/div>\n        \n    <\/div>\n<\/div>\n<p><strong>Etappe 18: Sulzbach-Rosenberg &#8211; Pommelsbrunn (22,7 km \u2013 7.24 h)<\/strong><br \/>\n<span style=\"color: #ff0000;\">Sulzbach-Rosenberg<\/span> <strong>&#8211; 7,5 km &#8211; Bachetsfeld &#8211; 8,3 km &#8211; Weigendorf &#8211; 2,1 km &#8211; Hunas &#8211; 4,9 km &#8211;<\/strong> <span style=\"color: #ff0000;\">Pommelsbrunn<\/span><\/p>\n<p>Etapa ze Sulzbachu do Pommelsbrunnu je mezi hranicemi a Norimberkem pravd\u011bpodobn\u011b nejvzd\u00e1len\u011bj\u0161\u00edm venkovsk\u00fdm \u00fasekem Husovy cesty. Opakovan\u011b se st\u0159\u00eddaj\u00ed lesy a pole.<\/p>\n<p>Ne\u017e vyraz\u00edme, dopln\u00edme si v <strong>Sulzbachu-Rosenbergu<\/strong> v\u0161echny pot\u0159ebn\u00e9 v\u011bci. Na\u0161\u00edm v\u00fdchoz\u00edm bodem je Luitpoldplatz -centrum m\u011bsta. K hradu se m\u016f\u017eeme vydat bu\u010f kr\u00e1tkou proch\u00e1zkou a pokochat se v\u00fdhledem, nebo se vydat p\u0159\u00edmo z kopce p\u0159es Bergstra\u00dfe do Rosenbachu. Tangentou k m\u011bstsk\u00e9mu parku se vyd\u00e1me pod\u00e9l \u010cesk\u00e9ho lva kolem odborn\u00e9ho u\u010dili\u0161t\u011b k velk\u00e9mu kruhov\u00e9mu objezdu. Prvn\u00edm v\u00fdjezdem je ulice W.-Str\u00e4ubig-Stra\u00dfe, kter\u00e1 n\u00e1s pod silnic\u00ed B85 vyvede ze Sulzbachu zp\u011bt do p\u0159\u00edrody.<\/p>\n<p>Pot\u00e9, co mineme ceduli s v\u00fdjezdem z m\u011bsta, se vyd\u00e1me po Husov\u011b cest\u011b vlevo do lesa a m\u00edj\u00edme obec Kempfenhof. Na konci odbo\u010d\u00edme vlevo a hned vpravo \u2013 zde pokra\u010dujeme po star\u00e9 po\u0161tovn\u00ed cest\u011b (Alter Postweg). Po t\u0159ech kilometrech se na\u0161e cesta st\u00e1\u010d\u00ed doprava. P\u0159ich\u00e1z\u00edme na klidnou k\u0159i\u017eovatku s lavi\u010dkou a v\u00fdhledem na okoln\u00ed pole. Zde si m\u016f\u017eeme d\u00e1t malou p\u0159est\u00e1vku. Nyn\u00ed m\u00ed\u0159\u00edme do ospal\u00e9 vesnice <strong>Bachetsfeld<\/strong>. Na konci uvid\u00edme p\u011bkn\u00fd hr\u00e1zd\u011bn\u00fd statek a za zna\u010dkou v\u00fdjezdu z obce, kter\u00e1 ji\u017e ozna\u010duje H\u00f6gen, odbo\u010d\u00edme doprava. Projedeme zem\u011bd\u011blskou obc\u00ed B\u00fcchelberg a po Zlat\u00e9 cest\u011b dojedeme do H\u00f6genu.<\/p>\n<p>Dal\u0161\u00ed dv\u011b obce H\u00f6gen a Haunritz jsou sou\u010d\u00e1st\u00ed obce Weigendorf. Skryt\u00fd <strong>H\u00f6gen<\/strong> se pod\u00e9l Zlat\u00e9 cesty ukazuje z t\u00e9 nejlep\u0161\u00ed str\u00e1nky. Dv\u011b ob\u010derstvovac\u00ed zast\u00e1vky zvou k hodov\u00e1n\u00ed. Cestu lemuje n\u011bkolik p\u011bkn\u00fdch dom\u016f, kter\u00e9 vesnici dod\u00e1vaj\u00ed zvl\u00e1\u0161tn\u00ed kouzlo. Na konci kr\u00e1sn\u00e9 cesty M\u00fchlenweg p\u0159ejdeme silnici a potok H\u00f6genbach, chv\u00edli se dr\u017e\u00edme vlevo a pak se vyd\u00e1me po mal\u00e9 p\u011b\u0161ince, kter\u00e1 n\u00e1s vede vlevo od potoka, podle n\u011bho\u017e je pojmenov\u00e1na. Idylick\u00e9 \u00fadol\u00ed H\u00f6genbach znovu a znovu uchvacuje pohledy na p\u016fsobiv\u00e9 skaln\u00ed \u00fatvary. Pokud budete m\u00edt \u010das, ur\u010dit\u011b si ud\u011blejte odbo\u010dku ke z\u0159\u00edcenin\u011b hradu Lichtenegg. Z\u016fst\u00e1v\u00e1me v\u011brni \u010cesk\u00e9mu lvu a pokra\u010dujeme za \u0161um\u011bn\u00ed pot\u016f\u010dku a\u017e do Haunritzu.<\/p>\n<p>Prvn\u00ed, co v <strong>Haunritzu<\/strong> uvid\u00edme, je klidn\u00e9 m\u00edsto s lavi\u010dkami, stolem, houpa\u010dkou a Kneippov\u00fdmi l\u00e1zn\u011bmi. Zde se m\u016f\u017eeme proj\u00edt relaxa\u010dn\u00edm kole\u010dkem v osv\u011b\u017euj\u00edc\u00edm potoce. Pokra\u010dujeme rovn\u011b a vlevo objev\u00edme lamy. V t\u00e9to klidn\u00e9 a malebn\u00e9 obci se nach\u00e1z\u00ed tak\u00e9 hrad, atraktivn\u00ed centrum obce a venkovsk\u00e1 restaurace s \u0159eznictv\u00edm. Nyn\u00ed stezka vede prudce do kopce. Pokud chcete, m\u016f\u017eete se v nadch\u00e1zej\u00edc\u00ed levoto\u010div\u00e9 zat\u00e1\u010dce vydat po zelen\u011b zna\u010den\u00e9 cest\u011b vpravo, kter\u00e1 v\u00e1s po 300 m dovede k exponovan\u00e9 skaln\u00ed v\u011b\u017ei &#8222;Alter Fritz&#8220;. Z Husovy stezky se neust\u00e1le otev\u00edraj\u00ed n\u00e1dhern\u00e9 v\u00fdhledy na v\u0161echny strany. P\u0159es pole a po \u00fabo\u010d\u00ed hory Fallm\u00fchlberg doraz\u00edme do Weigendorfu.<\/p>\n<p>Ve <strong>Weigendorfu<\/strong> sledujeme \u010cesk\u00e9ho lva z kopce p\u0159es schody a ulice obytnou \u010dtvrt\u00ed, p\u0159es B14, kolem radnice do Etzelbachu. Zde odbo\u010d\u00edme vlevo na cyklostezku. Ta n\u00e1s vede mezi \u017eelezni\u010dn\u00edmi kolejemi a potokem k n\u00e1dra\u017e\u00ed Hartmannshof. Nad vesnic\u00ed se ty\u010d\u00ed zdaleka viditeln\u00fd lom. Pokud chcete, m\u016f\u017eete si nakoupit z\u00e1soby v pek\u00e1rn\u011b nebo obchod\u011b s potravinami v klidn\u00e9m Hartmannshofu. Jdeme prudce do kopce doprava p\u0159es \u017eelezni\u010dn\u00ed p\u0159ejezd kolem cement\u00e1rny. Cesta n\u00e1s zavede do vesnice <strong>Hunas<\/strong>, kter\u00e1 se nach\u00e1z\u00ed na ho\u0159e. \u010cas jako by se tu zastavil. Zlat\u00e1 cesta n\u00e1s vede na vrchol hory Zankelstein a d\u00e1le dol\u016f do Pommelsbrunnu &#8211; c\u00edle dne\u0161n\u00ed etapy. S <strong>Pommelsbrunnem<\/strong> jsme opustili Horn\u00ed Falc a nyn\u00ed se nach\u00e1z\u00edme ve St\u0159edn\u00edch Frank\u00e1ch. V Pommelsbrunnu najdete historick\u00e9 l\u00e1zn\u011b, impozantn\u00ed evangelick\u00fd kostel, muzeum m\u00edstn\u00ed historie, \u017eelezni\u010dn\u00ed stanici a m\u00edsta, kde se m\u016f\u017eete ob\u010derstvit a p\u0159enocovat. Zde se tak\u00e9 m\u016f\u017eeme naposledy rozlou\u010dit s potokem H\u00f6genbach.<\/p>\n","protected":false},"excerpt":{"rendered":"<p>Etappe 18: Sulzbach-Rosenberg &#8211; Pommelsbrunn (22,7 km \u2013 7.24 h) Sulzbach-Rosenberg &#8211; 7,5 km &#8211; Bachetsfeld &#8211; 8,3 km &#8211; Weigendorf &#8211; 2,1 km &#8211; Hunas &#8211; 4,9 km &#8211; Pommelsbrunn Etapa ze Sulzbachu do Pommelsbrunnu je mezi hranicemi a Norimberkem pravd\u011bpodobn\u011b nejvzd\u00e1len\u011bj\u0161\u00edm venkovsk\u00fdm \u00fasekem Husovy cesty. Opakovan\u011b se st\u0159\u00eddaj\u00ed&#8230;<\/p>\n<p> <a class=\"continue-reading-link\" href=\"https:\/\/husweg.eu\/cz\/etapa-18\/\"><span>Continue reading<\/span><i class=\"crycon-right-dir\"><\/i><\/a> <\/p>\n","protected":false},"author":1,"featured_media":0,"parent":0,"menu_order":0,"comment_status":"closed","ping_status":"closed","template":"","meta":{"ngg_post_thumbnail":0,"footnotes":""},"class_list":["post-288","page","type-page","status-publish","hentry"],"yoast_head":"<!-- This site is optimized with the Yoast SEO plugin v27.4 - https:\/\/yoast.com\/product\/yoast-seo-wordpress\/ -->\n<title>Etapa 18 - Husova cesta<\/title>\n<meta name=\"robots\" content=\"index, follow, max-snippet:-1, max-image-preview:large, max-video-preview:-1\" \/>\n<link rel=\"canonical\" href=\"https:\/\/husweg.eu\/cz\/etapa-18\/\" \/>\n<meta property=\"og:locale\" content=\"de_DE\" \/>\n<meta property=\"og:type\" content=\"article\" \/>\n<meta property=\"og:title\" content=\"Etapa 18 - Husova cesta\" \/>\n<meta property=\"og:description\" content=\"Etappe 18: Sulzbach-Rosenberg &#8211; Pommelsbrunn (22,7 km \u2013 7.24 h) Sulzbach-Rosenberg &#8211; 7,5 km &#8211; Bachetsfeld &#8211; 8,3 km &#8211; Weigendorf &#8211; 2,1 km &#8211; Hunas &#8211; 4,9 km &#8211; Pommelsbrunn Etapa ze Sulzbachu do Pommelsbrunnu je mezi hranicemi a Norimberkem pravd\u011bpodobn\u011b nejvzd\u00e1len\u011bj\u0161\u00edm venkovsk\u00fdm \u00fasekem Husovy cesty. Opakovan\u011b se st\u0159\u00eddaj\u00ed... Continue reading\" \/>\n<meta property=\"og:url\" content=\"https:\/\/husweg.eu\/cz\/etapa-18\/\" \/>\n<meta property=\"og:site_name\" content=\"Husova cesta\" \/>\n<meta property=\"article:modified_time\" content=\"2023-01-08T21:59:51+00:00\" \/>\n<meta name=\"twitter:card\" content=\"summary_large_image\" \/>\n<meta name=\"twitter:label1\" content=\"Gesch\u00e4tzte Lesezeit\" \/>\n\t<meta name=\"twitter:data1\" content=\"4\u00a0Minuten\" \/>\n<script type=\"application\/ld+json\" class=\"yoast-schema-graph\">{\"@context\":\"https:\\\/\\\/schema.org\",\"@graph\":[{\"@type\":\"WebPage\",\"@id\":\"https:\\\/\\\/husweg.eu\\\/cz\\\/etapa-18\\\/\",\"url\":\"https:\\\/\\\/husweg.eu\\\/cz\\\/etapa-18\\\/\",\"name\":\"Etapa 18 - Husova cesta\",\"isPartOf\":{\"@id\":\"https:\\\/\\\/husweg.eu\\\/cz\\\/#website\"},\"datePublished\":\"2022-11-30T22:08:44+00:00\",\"dateModified\":\"2023-01-08T21:59:51+00:00\",\"breadcrumb\":{\"@id\":\"https:\\\/\\\/husweg.eu\\\/cz\\\/etapa-18\\\/#breadcrumb\"},\"inLanguage\":\"de\",\"potentialAction\":[{\"@type\":\"ReadAction\",\"target\":[\"https:\\\/\\\/husweg.eu\\\/cz\\\/etapa-18\\\/\"]}]},{\"@type\":\"BreadcrumbList\",\"@id\":\"https:\\\/\\\/husweg.eu\\\/cz\\\/etapa-18\\\/#breadcrumb\",\"itemListElement\":[{\"@type\":\"ListItem\",\"position\":1,\"name\":\"Startseite\",\"item\":\"https:\\\/\\\/husweg.eu\\\/cz\\\/\"},{\"@type\":\"ListItem\",\"position\":2,\"name\":\"Etapa 18\"}]},{\"@type\":\"WebSite\",\"@id\":\"https:\\\/\\\/husweg.eu\\\/cz\\\/#website\",\"url\":\"https:\\\/\\\/husweg.eu\\\/cz\\\/\",\"name\":\"Husova cesta\",\"description\":\"Husova cesta symbolicky sleduje Husovo putov\u00e1n\u00ed z Prahy na bavorsko-\u010deskou hranici.\",\"potentialAction\":[{\"@type\":\"SearchAction\",\"target\":{\"@type\":\"EntryPoint\",\"urlTemplate\":\"https:\\\/\\\/husweg.eu\\\/cz\\\/?s={search_term_string}\"},\"query-input\":{\"@type\":\"PropertyValueSpecification\",\"valueRequired\":true,\"valueName\":\"search_term_string\"}}],\"inLanguage\":\"de\"}]}<\/script>\n<!-- \/ Yoast SEO plugin. -->","yoast_head_json":{"title":"Etapa 18 - Husova cesta","robots":{"index":"index","follow":"follow","max-snippet":"max-snippet:-1","max-image-preview":"max-image-preview:large","max-video-preview":"max-video-preview:-1"},"canonical":"https:\/\/husweg.eu\/cz\/etapa-18\/","og_locale":"de_DE","og_type":"article","og_title":"Etapa 18 - Husova cesta","og_description":"Etappe 18: Sulzbach-Rosenberg &#8211; Pommelsbrunn (22,7 km \u2013 7.24 h) Sulzbach-Rosenberg &#8211; 7,5 km &#8211; Bachetsfeld &#8211; 8,3 km &#8211; Weigendorf &#8211; 2,1 km &#8211; Hunas &#8211; 4,9 km &#8211; Pommelsbrunn Etapa ze Sulzbachu do Pommelsbrunnu je mezi hranicemi a Norimberkem pravd\u011bpodobn\u011b nejvzd\u00e1len\u011bj\u0161\u00edm venkovsk\u00fdm \u00fasekem Husovy cesty. Opakovan\u011b se st\u0159\u00eddaj\u00ed... Continue reading","og_url":"https:\/\/husweg.eu\/cz\/etapa-18\/","og_site_name":"Husova cesta","article_modified_time":"2023-01-08T21:59:51+00:00","twitter_card":"summary_large_image","twitter_misc":{"Gesch\u00e4tzte Lesezeit":"4\u00a0Minuten"},"schema":{"@context":"https:\/\/schema.org","@graph":[{"@type":"WebPage","@id":"https:\/\/husweg.eu\/cz\/etapa-18\/","url":"https:\/\/husweg.eu\/cz\/etapa-18\/","name":"Etapa 18 - Husova cesta","isPartOf":{"@id":"https:\/\/husweg.eu\/cz\/#website"},"datePublished":"2022-11-30T22:08:44+00:00","dateModified":"2023-01-08T21:59:51+00:00","breadcrumb":{"@id":"https:\/\/husweg.eu\/cz\/etapa-18\/#breadcrumb"},"inLanguage":"de","potentialAction":[{"@type":"ReadAction","target":["https:\/\/husweg.eu\/cz\/etapa-18\/"]}]},{"@type":"BreadcrumbList","@id":"https:\/\/husweg.eu\/cz\/etapa-18\/#breadcrumb","itemListElement":[{"@type":"ListItem","position":1,"name":"Startseite","item":"https:\/\/husweg.eu\/cz\/"},{"@type":"ListItem","position":2,"name":"Etapa 18"}]},{"@type":"WebSite","@id":"https:\/\/husweg.eu\/cz\/#website","url":"https:\/\/husweg.eu\/cz\/","name":"Husova cesta","description":"Husova cesta symbolicky sleduje Husovo putov\u00e1n\u00ed z Prahy na bavorsko-\u010deskou hranici.","potentialAction":[{"@type":"SearchAction","target":{"@type":"EntryPoint","urlTemplate":"https:\/\/husweg.eu\/cz\/?s={search_term_string}"},"query-input":{"@type":"PropertyValueSpecification","valueRequired":true,"valueName":"search_term_string"}}],"inLanguage":"de"}]}},"_links":{"self":[{"href":"https:\/\/husweg.eu\/cz\/wp-json\/wp\/v2\/pages\/288","targetHints":{"allow":["GET"]}}],"collection":[{"href":"https:\/\/husweg.eu\/cz\/wp-json\/wp\/v2\/pages"}],"about":[{"href":"https:\/\/husweg.eu\/cz\/wp-json\/wp\/v2\/types\/page"}],"author":[{"embeddable":true,"href":"https:\/\/husweg.eu\/cz\/wp-json\/wp\/v2\/users\/1"}],"replies":[{"embeddable":true,"href":"https:\/\/husweg.eu\/cz\/wp-json\/wp\/v2\/comments?post=288"}],"version-history":[{"count":8,"href":"https:\/\/husweg.eu\/cz\/wp-json\/wp\/v2\/pages\/288\/revisions"}],"predecessor-version":[{"id":664,"href":"https:\/\/husweg.eu\/cz\/wp-json\/wp\/v2\/pages\/288\/revisions\/664"}],"wp:attachment":[{"href":"https:\/\/husweg.eu\/cz\/wp-json\/wp\/v2\/media?parent=288"}],"curies":[{"name":"wp","href":"https:\/\/api.w.org\/{rel}","templated":true}]}}