{"id":286,"date":"2022-11-30T23:04:56","date_gmt":"2022-11-30T22:04:56","guid":{"rendered":"https:\/\/husweg.eu\/cz\/?page_id=286"},"modified":"2023-01-08T22:53:34","modified_gmt":"2023-01-08T21:53:34","slug":"etapa-17","status":"publish","type":"page","link":"https:\/\/husweg.eu\/cz\/etapa-17\/","title":{"rendered":"Etapa 17"},"content":{"rendered":"<div id=\"metaslider-id-342\" style=\"width: 100%;\" class=\"ml-slider-3-108-0 metaslider metaslider-flex metaslider-342 ml-slider has-dots-nav ms-theme-default\" role=\"region\" aria-label=\"Etappe 17\" data-height=\"370\" data-width=\"820\">\n    <div id=\"metaslider_container_342\">\n        <div id=\"metaslider_342\">\n            <ul class='slides'>\n                <li style=\"display: block; width: 100%;\" class=\"slide-475 ms-image \" aria-roledescription=\"slide\" data-date=\"2022-12-10 23:30:07\" data-filename=\"etappe17-001.jpg\" data-slide-type=\"image\"><img loading=\"lazy\" decoding=\"async\" src=\"https:\/\/husweg.eu\/cz\/wp-content\/uploads\/2022\/12\/etappe17-001.jpg\" height=\"370\" width=\"820\" alt=\"\" class=\"slider-342 slide-475 msDefaultImage\" title=\"etapa17-001\" \/><\/li>\n                <li style=\"display: none; width: 100%;\" class=\"slide-476 ms-image \" aria-roledescription=\"slide\" data-date=\"2022-12-10 23:30:07\" data-filename=\"etappe17-002.jpg\" data-slide-type=\"image\"><img loading=\"lazy\" decoding=\"async\" src=\"https:\/\/husweg.eu\/cz\/wp-content\/uploads\/2022\/12\/etappe17-002.jpg\" height=\"370\" width=\"820\" alt=\"\" class=\"slider-342 slide-476 msDefaultImage\" title=\"etapa17-002\" \/><\/li>\n                <li style=\"display: none; width: 100%;\" class=\"slide-477 ms-image \" aria-roledescription=\"slide\" data-date=\"2022-12-10 23:30:07\" data-filename=\"etappe17-003.jpg\" data-slide-type=\"image\"><img loading=\"lazy\" decoding=\"async\" src=\"https:\/\/husweg.eu\/cz\/wp-content\/uploads\/2022\/12\/etappe17-003.jpg\" height=\"370\" width=\"820\" alt=\"\" class=\"slider-342 slide-477 msDefaultImage\" title=\"etapa17-003\" \/><\/li>\n                <li style=\"display: none; width: 100%;\" class=\"slide-496 ms-image \" aria-roledescription=\"slide\" data-date=\"2022-12-10 23:36:18\" data-filename=\"etappe17-004.jpg\" data-slide-type=\"image\"><img loading=\"lazy\" decoding=\"async\" src=\"https:\/\/husweg.eu\/cz\/wp-content\/uploads\/2022\/12\/etappe17-004.jpg\" height=\"370\" width=\"820\" alt=\"\" class=\"slider-342 slide-496 msDefaultImage\" title=\"etapa17-004\" \/><\/li>\n                <li style=\"display: none; width: 100%;\" class=\"slide-479 ms-image \" aria-roledescription=\"slide\" data-date=\"2022-12-10 23:30:07\" data-filename=\"etappe17-005.jpg\" data-slide-type=\"image\"><img loading=\"lazy\" decoding=\"async\" src=\"https:\/\/husweg.eu\/cz\/wp-content\/uploads\/2022\/12\/etappe17-005.jpg\" height=\"370\" width=\"820\" alt=\"\" class=\"slider-342 slide-479 msDefaultImage\" title=\"etapa17-005\" \/><\/li>\n                <li style=\"display: none; width: 100%;\" class=\"slide-480 ms-image \" aria-roledescription=\"slide\" data-date=\"2022-12-10 23:30:07\" data-filename=\"etappe17-006.jpg\" data-slide-type=\"image\"><img loading=\"lazy\" decoding=\"async\" src=\"https:\/\/husweg.eu\/cz\/wp-content\/uploads\/2022\/12\/etappe17-006.jpg\" height=\"370\" width=\"820\" alt=\"\" class=\"slider-342 slide-480 msDefaultImage\" title=\"etapa17-006\" \/><\/li>\n                <li style=\"display: none; width: 100%;\" class=\"slide-481 ms-image \" aria-roledescription=\"slide\" data-date=\"2022-12-10 23:30:07\" data-filename=\"etappe17-007.jpg\" data-slide-type=\"image\"><img loading=\"lazy\" decoding=\"async\" src=\"https:\/\/husweg.eu\/cz\/wp-content\/uploads\/2022\/12\/etappe17-007.jpg\" height=\"370\" width=\"820\" alt=\"\" class=\"slider-342 slide-481 msDefaultImage\" title=\"etapa17-007\" \/><\/li>\n                <li style=\"display: none; width: 100%;\" class=\"slide-482 ms-image \" aria-roledescription=\"slide\" data-date=\"2022-12-10 23:30:07\" data-filename=\"etappe17-008.jpg\" data-slide-type=\"image\"><img loading=\"lazy\" decoding=\"async\" src=\"https:\/\/husweg.eu\/cz\/wp-content\/uploads\/2022\/12\/etappe17-008.jpg\" height=\"370\" width=\"820\" alt=\"\" class=\"slider-342 slide-482 msDefaultImage\" title=\"etapa17-008\" \/><\/li>\n                <li style=\"display: none; width: 100%;\" class=\"slide-483 ms-image \" aria-roledescription=\"slide\" data-date=\"2022-12-10 23:30:07\" data-filename=\"etappe17-009.jpg\" data-slide-type=\"image\"><img loading=\"lazy\" decoding=\"async\" src=\"https:\/\/husweg.eu\/cz\/wp-content\/uploads\/2022\/12\/etappe17-009.jpg\" height=\"370\" width=\"820\" alt=\"\" class=\"slider-342 slide-483 msDefaultImage\" title=\"etapa17-009\" \/><\/li>\n                <li style=\"display: none; width: 100%;\" class=\"slide-484 ms-image \" aria-roledescription=\"slide\" data-date=\"2022-12-10 23:30:07\" data-filename=\"etappe17-010.jpg\" data-slide-type=\"image\"><img loading=\"lazy\" decoding=\"async\" src=\"https:\/\/husweg.eu\/cz\/wp-content\/uploads\/2022\/12\/etappe17-010.jpg\" height=\"370\" width=\"820\" alt=\"\" class=\"slider-342 slide-484 msDefaultImage\" title=\"etapa17-010\" \/><\/li>\n                <li style=\"display: none; width: 100%;\" class=\"slide-485 ms-image \" aria-roledescription=\"slide\" data-date=\"2022-12-10 23:30:07\" data-filename=\"etappe17-011.jpg\" data-slide-type=\"image\"><img loading=\"lazy\" decoding=\"async\" src=\"https:\/\/husweg.eu\/cz\/wp-content\/uploads\/2022\/12\/etappe17-011.jpg\" height=\"370\" width=\"820\" alt=\"\" class=\"slider-342 slide-485 msDefaultImage\" title=\"etapa17-011\" \/><\/li>\n                <li style=\"display: none; width: 100%;\" class=\"slide-486 ms-image \" aria-roledescription=\"slide\" data-date=\"2022-12-10 23:30:07\" data-filename=\"etappe17-012.jpg\" data-slide-type=\"image\"><img loading=\"lazy\" decoding=\"async\" src=\"https:\/\/husweg.eu\/cz\/wp-content\/uploads\/2022\/12\/etappe17-012.jpg\" height=\"370\" width=\"820\" alt=\"\" class=\"slider-342 slide-486 msDefaultImage\" title=\"etapa17-012\" \/><\/li>\n                <li style=\"display: none; width: 100%;\" class=\"slide-487 ms-image \" aria-roledescription=\"slide\" data-date=\"2022-12-10 23:30:07\" data-filename=\"etappe17-013.jpg\" data-slide-type=\"image\"><img loading=\"lazy\" decoding=\"async\" src=\"https:\/\/husweg.eu\/cz\/wp-content\/uploads\/2022\/12\/etappe17-013.jpg\" height=\"370\" width=\"820\" alt=\"\" class=\"slider-342 slide-487 msDefaultImage\" title=\"etapa17-013\" \/><\/li>\n                <li style=\"display: none; width: 100%;\" class=\"slide-488 ms-image \" aria-roledescription=\"slide\" data-date=\"2022-12-10 23:30:07\" data-filename=\"etappe17-014.jpg\" data-slide-type=\"image\"><img loading=\"lazy\" decoding=\"async\" src=\"https:\/\/husweg.eu\/cz\/wp-content\/uploads\/2022\/12\/etappe17-014.jpg\" height=\"370\" width=\"820\" alt=\"\" class=\"slider-342 slide-488 msDefaultImage\" title=\"etapa17-014\" \/><\/li>\n                <li style=\"display: none; width: 100%;\" class=\"slide-489 ms-image \" aria-roledescription=\"slide\" data-date=\"2022-12-10 23:30:07\" data-filename=\"etappe17-015.jpg\" data-slide-type=\"image\"><img loading=\"lazy\" decoding=\"async\" src=\"https:\/\/husweg.eu\/cz\/wp-content\/uploads\/2022\/12\/etappe17-015.jpg\" height=\"370\" width=\"820\" alt=\"\" class=\"slider-342 slide-489 msDefaultImage\" title=\"etapa17-015\" \/><\/li>\n                <li style=\"display: none; width: 100%;\" class=\"slide-490 ms-image \" aria-roledescription=\"slide\" data-date=\"2022-12-10 23:30:07\" data-filename=\"etappe17-016.jpg\" data-slide-type=\"image\"><img loading=\"lazy\" decoding=\"async\" src=\"https:\/\/husweg.eu\/cz\/wp-content\/uploads\/2022\/12\/etappe17-016.jpg\" height=\"370\" width=\"820\" alt=\"\" class=\"slider-342 slide-490 msDefaultImage\" title=\"etapa17-016\" \/><\/li>\n                <li style=\"display: none; width: 100%;\" class=\"slide-491 ms-image \" aria-roledescription=\"slide\" data-date=\"2022-12-10 23:30:07\" data-filename=\"etappe17-017.jpg\" data-slide-type=\"image\"><img loading=\"lazy\" decoding=\"async\" src=\"https:\/\/husweg.eu\/cz\/wp-content\/uploads\/2022\/12\/etappe17-017.jpg\" height=\"370\" width=\"820\" alt=\"\" class=\"slider-342 slide-491 msDefaultImage\" title=\"etapa17-017\" \/><\/li>\n                <li style=\"display: none; width: 100%;\" class=\"slide-492 ms-image \" aria-roledescription=\"slide\" data-date=\"2022-12-10 23:30:07\" data-filename=\"etappe17-018.jpg\" data-slide-type=\"image\"><img loading=\"lazy\" decoding=\"async\" src=\"https:\/\/husweg.eu\/cz\/wp-content\/uploads\/2022\/12\/etappe17-018.jpg\" height=\"370\" width=\"820\" alt=\"\" class=\"slider-342 slide-492 msDefaultImage\" title=\"etapa17-018\" \/><\/li>\n                <li style=\"display: none; width: 100%;\" class=\"slide-493 ms-image \" aria-roledescription=\"slide\" data-date=\"2022-12-10 23:30:07\" data-filename=\"etappe17-019.jpg\" data-slide-type=\"image\"><img loading=\"lazy\" decoding=\"async\" src=\"https:\/\/husweg.eu\/cz\/wp-content\/uploads\/2022\/12\/etappe17-019.jpg\" height=\"370\" width=\"820\" alt=\"\" class=\"slider-342 slide-493 msDefaultImage\" title=\"etapa17-019\" \/><\/li>\n            <\/ul>\n        <\/div>\n        \n    <\/div>\n<\/div>\n<p><strong>Etapa 17: Hirschau \u2013 Sulzbach-Rosenberg (19,6 km \u2013 5.42 h)<\/strong><br \/>\n<span style=\"color: #ff0000;\">Hirschau <\/span>&#8211; 6,2 km &#8211; Gebenbach &#8211; 6,8 km &#8211; Hahnbach &#8211; 8,7 km &#8211; Sulzbach-<span style=\"color: #ff0000;\">Rosenberg<\/span><\/p>\n<p>Cesta z Hirschau do Sulzbachu je nen\u00e1ro\u010dn\u00e1 a vede p\u0159ev\u00e1\u017en\u011b p\u0159es pole. Po cest\u011b najdeme ob\u010derstvovac\u00ed a z\u00e1sobovac\u00ed za\u0159\u00edzen\u00ed. N\u011bkolikr\u00e1t n\u00e1s p\u0159ekvap\u00ed mal\u00e9 zaj\u00edmavosti vlevo a vpravo od Husovy cesty.<\/p>\n<p>Na\u0161e dne\u0161n\u00ed etapa za\u010d\u00edn\u00e1 na n\u00e1m\u011bst\u00ed v <strong>Hirschau<\/strong>. Opou\u0161t\u00edme jej z\u00e1padn\u00edm sm\u011brem kolem m\u011bstsk\u00e9 knihovny a p\u0159ich\u00e1z\u00edme na ulici Sch\u00f6nbrunner Stra\u00dfe. Jdeme kousek za m\u011bsto a pak odbo\u010d\u00edme v obytn\u00e9 \u010dtvrti doleva do ulice Moosweiher Stra\u00dfe. Cesta do Gebenbachu vede lesem. Na konci najdeme k\u0159\u00ed\u017e a mysliveck\u00fd posed, kde odbo\u010d\u00edme doleva.<\/p>\n<p>Nyn\u00ed se vyd\u00e1me p\u0159es pole do <strong>Gebenbachu<\/strong>. Nejd\u0159\u00edve vid\u00edme p\u00e1rek labut\u00ed v p\u00edse\u010dn\u00e9m jez\u00edrku a brzy pot\u00e9 velkou ceduli ozna\u010duj\u00edc\u00ed za\u010d\u00e1tek obce. Pokra\u010dujeme po ru\u0161n\u00e9 silnici kolem miln\u00edku \u010dasu, radnice a kostela sv. Martina. Kr\u00e1tce pot\u00e9 v\u00e1s hostinec specializuj\u00edc\u00ed se na p\u011b\u0161\u00ed turistiku pozve k odpo\u010dinku. Za budovou hasi\u010dsk\u00e9ho sboru odbo\u010d\u00edme vpravo na vedlej\u0161\u00ed silnici. Hluk silnice se zti\u0161\u00ed, okol\u00ed se op\u011bt zazelen\u00e1. P\u016fjdeme pod silnic\u00ed B229 do Kainsrichtu. P\u0159ed vjezdem do vesnice n\u00e1s ukazatele nasm\u011bruj\u00ed doleva, d\u00e1le p\u0159es pole. Zde nen\u00ed snadn\u00e9 naj\u00edt ka\u017edou zna\u010dku. Na jihoz\u00e1pad\u011b, kde les sv\u00edr\u00e1 prav\u00fd \u00fahel, n\u00e1s vede Husova cesta d\u00e1l. Jakmile vyjdeme z lesa, sj\u00ed\u017ed\u00edme z kopce p\u0159es pole k rybn\u00edk\u016fm. Po jejich p\u0159ekon\u00e1n\u00ed mus\u00edme op\u011bt p\u0159ej\u00edt v t\u011bchto m\u00edstech \u0161irokou, a ne zcela bezpe\u010dnou silnici B14.<\/p>\n<p>Kdy\u017e doraz\u00edme ke sportovn\u00edmu h\u0159i\u0161ti, jsme v <strong>Hahnbachu<\/strong>. M\u00edj\u00edme fotbalov\u00e1 a volejbalov\u00e1 h\u0159i\u0161t\u011b a h\u0159i\u0161t\u011b m\u00edstn\u00edho fotbalov\u00e9ho klubu. Napravo odtud se nach\u00e1z\u00ed jeden ze dvou supermarket\u016f v obci. O kousek d\u00e1l vid\u00edme po lev\u00e9 stran\u011b p\u0159\u00edjemn\u00e9 m\u00edsto k odpo\u010dinku u obecn\u00edho rybn\u00edka, pak odbo\u010d\u00edme doprava a op\u011bt doleva a projdeme v\u00fdchodn\u00ed branou Hahnbachu. Za n\u00edm n\u00e1s na mal\u00e9m kousku dla\u017eby \u010dek\u00e1 zvl\u00e1\u0161tn\u00ed socha: mu\u017e s kloboukem nesouc\u00ed kolo. Na hlavn\u00ed ulici nen\u00ed t\u00e9m\u011b\u0159 nic k vid\u011bn\u00ed: bankomaty, ob\u010derstven\u00ed, hostince, autobusov\u00e9 zast\u00e1vky i l\u00e9k\u00e1rny. Velmi p\u016fsobiv\u00fd je kostel svat\u00e9ho Jakuba na konci po prav\u00e9 stran\u011b. Takov\u00e9 m\u00edsto bohoslu\u017eeb jsme v mal\u00e9 obci ne\u010dekali. Jdeme d\u00e1l, p\u0159ech\u00e1z\u00edme \u0159eku Vils a vid\u00edme p\u016fj\u010dovnu k\u00e1no\u00ed. Odtud m\u016f\u017eete bu\u010f p\u00e1dlovat na jih, nebo j\u00edt na sever po turistick\u00e9 stezce Vilstal do Vilsecku. Za mostem odbo\u010dte vlevo do ulice Frohnbergstra\u00dfe a po prav\u00e9 stran\u011b uvid\u00edte druh\u00fd obchod. Po samostatn\u00e9 asfaltov\u00e9 cest\u011b pokra\u010dujeme po silnici za konec m\u011bsta a na \u00farovni sb\u011brn\u00e9ho dvora odbo\u010d\u00edme vpravo na poln\u00ed cestu.<\/p>\n<p>Po 500 m se z Husovy cesty odpojuje vlevo p\u0159\u00ed\u010dn\u00e1 cesta, kter\u00e1 vede na kopec <strong>Frohnberg<\/strong> s \u010detn\u00fdmi kapli\u010dkami. Na Frohnbergu se nach\u00e1z\u00ed poutn\u00ed kostel, kaple a celoro\u010dn\u011b otev\u0159en\u00fd hostinec. Pokud nechcete j\u00edt po k\u0159\u00ed\u017eov\u00e9 cest\u011b, m\u016f\u017eete pokra\u010dovat rovn\u011b a odpo\u010dinout si u rybn\u00edku Zuckerweiher vpravo. Zlat\u00e1 cesta n\u00e1s d\u00e1le vede po p\u0159\u00edjemn\u00fdch turistick\u00fdch stezk\u00e1ch sm\u011brem na Sulzbach-Rosenberg.<\/p>\n<p>Ne\u017e doraz\u00edme do c\u00edle, ocitneme se p\u0159ed Annabergem. Tady m\u016f\u017eeme j\u00edt bu\u010f rovnou do m\u011bsta, nebo se nechat zl\u00e1kat dal\u0161\u00ed k\u0159\u00ed\u017eovou cestou a ud\u011blat si malou odbo\u010dku. Ta n\u00e1s zavede na kopec k poutn\u00edmu kostelu svat\u00e9 Anny, odkud je n\u00e1dhern\u00fd v\u00fdhled na m\u011bsto. Zap\u00e1l\u00edme je\u0161t\u011b sv\u00ed\u010dku a jdeme op\u011bt z kopce dol\u016f k aleji Annabergweg. Na konci cesty vid\u00edme sv\u011btelnou k\u0159i\u017eovatku, kterou m\u016f\u017eeme p\u0159ej\u00edt a pono\u0159it se do ruchu. Centrum <strong>Sulzbachu<\/strong> vypad\u00e1 velmi l\u00e1kav\u011b a ru\u0161n\u011b. Naraz\u00edme na n\u011bkolik obchod\u016f a kav\u00e1ren, kter\u00e9 n\u00e1s l\u00e1kaj\u00ed k mal\u00e9 proch\u00e1zce star\u00fdm m\u011bstem. Siluet\u011b m\u011bsta dominuje evangelick\u00fd Krist\u016fv kostel a katolick\u00fd kostel sv. Marie. Mezi ob\u011bma kostely na druh\u00e9 stran\u011b ulice najdeme na \u010derven\u00e9 budov\u011b (Luitpoldplatz 24) nen\u00e1padnou pam\u011btn\u00ed desku, kter\u00e1 p\u0159ipom\u00edn\u00e1, \u017ee zde p\u0159enocoval Jan Hus.<\/p>\n","protected":false},"excerpt":{"rendered":"<p>Etapa 17: Hirschau \u2013 Sulzbach-Rosenberg (19,6 km \u2013 5.42 h) Hirschau &#8211; 6,2 km &#8211; Gebenbach &#8211; 6,8 km &#8211; Hahnbach &#8211; 8,7 km &#8211; Sulzbach-Rosenberg Cesta z Hirschau do Sulzbachu je nen\u00e1ro\u010dn\u00e1 a vede p\u0159ev\u00e1\u017en\u011b p\u0159es pole. Po cest\u011b najdeme ob\u010derstvovac\u00ed a z\u00e1sobovac\u00ed za\u0159\u00edzen\u00ed. N\u011bkolikr\u00e1t n\u00e1s p\u0159ekvap\u00ed mal\u00e9 zaj\u00edmavosti&#8230;<\/p>\n<p> <a class=\"continue-reading-link\" href=\"https:\/\/husweg.eu\/cz\/etapa-17\/\"><span>Continue reading<\/span><i class=\"crycon-right-dir\"><\/i><\/a> <\/p>\n","protected":false},"author":1,"featured_media":0,"parent":0,"menu_order":0,"comment_status":"closed","ping_status":"closed","template":"","meta":{"ngg_post_thumbnail":0,"footnotes":""},"class_list":["post-286","page","type-page","status-publish","hentry"],"yoast_head":"<!-- This site is optimized with the Yoast SEO plugin v27.4 - https:\/\/yoast.com\/product\/yoast-seo-wordpress\/ -->\n<title>Etapa 17 - Husova cesta<\/title>\n<meta name=\"robots\" content=\"index, follow, max-snippet:-1, max-image-preview:large, max-video-preview:-1\" \/>\n<link rel=\"canonical\" href=\"https:\/\/husweg.eu\/cz\/etapa-17\/\" \/>\n<meta property=\"og:locale\" content=\"de_DE\" \/>\n<meta property=\"og:type\" content=\"article\" \/>\n<meta property=\"og:title\" content=\"Etapa 17 - Husova cesta\" \/>\n<meta property=\"og:description\" content=\"Etapa 17: Hirschau \u2013 Sulzbach-Rosenberg (19,6 km \u2013 5.42 h) Hirschau &#8211; 6,2 km &#8211; Gebenbach &#8211; 6,8 km &#8211; Hahnbach &#8211; 8,7 km &#8211; Sulzbach-Rosenberg Cesta z Hirschau do Sulzbachu je nen\u00e1ro\u010dn\u00e1 a vede p\u0159ev\u00e1\u017en\u011b p\u0159es pole. Po cest\u011b najdeme ob\u010derstvovac\u00ed a z\u00e1sobovac\u00ed za\u0159\u00edzen\u00ed. N\u011bkolikr\u00e1t n\u00e1s p\u0159ekvap\u00ed mal\u00e9 zaj\u00edmavosti... Continue reading\" \/>\n<meta property=\"og:url\" content=\"https:\/\/husweg.eu\/cz\/etapa-17\/\" \/>\n<meta property=\"og:site_name\" content=\"Husova cesta\" \/>\n<meta property=\"article:modified_time\" content=\"2023-01-08T21:53:34+00:00\" \/>\n<meta name=\"twitter:card\" content=\"summary_large_image\" \/>\n<meta name=\"twitter:label1\" content=\"Gesch\u00e4tzte Lesezeit\" \/>\n\t<meta name=\"twitter:data1\" content=\"4\u00a0Minuten\" \/>\n<script type=\"application\/ld+json\" class=\"yoast-schema-graph\">{\"@context\":\"https:\\\/\\\/schema.org\",\"@graph\":[{\"@type\":\"WebPage\",\"@id\":\"https:\\\/\\\/husweg.eu\\\/cz\\\/etapa-17\\\/\",\"url\":\"https:\\\/\\\/husweg.eu\\\/cz\\\/etapa-17\\\/\",\"name\":\"Etapa 17 - Husova cesta\",\"isPartOf\":{\"@id\":\"https:\\\/\\\/husweg.eu\\\/cz\\\/#website\"},\"datePublished\":\"2022-11-30T22:04:56+00:00\",\"dateModified\":\"2023-01-08T21:53:34+00:00\",\"breadcrumb\":{\"@id\":\"https:\\\/\\\/husweg.eu\\\/cz\\\/etapa-17\\\/#breadcrumb\"},\"inLanguage\":\"de\",\"potentialAction\":[{\"@type\":\"ReadAction\",\"target\":[\"https:\\\/\\\/husweg.eu\\\/cz\\\/etapa-17\\\/\"]}]},{\"@type\":\"BreadcrumbList\",\"@id\":\"https:\\\/\\\/husweg.eu\\\/cz\\\/etapa-17\\\/#breadcrumb\",\"itemListElement\":[{\"@type\":\"ListItem\",\"position\":1,\"name\":\"Startseite\",\"item\":\"https:\\\/\\\/husweg.eu\\\/cz\\\/\"},{\"@type\":\"ListItem\",\"position\":2,\"name\":\"Etapa 17\"}]},{\"@type\":\"WebSite\",\"@id\":\"https:\\\/\\\/husweg.eu\\\/cz\\\/#website\",\"url\":\"https:\\\/\\\/husweg.eu\\\/cz\\\/\",\"name\":\"Husova cesta\",\"description\":\"Husova cesta symbolicky sleduje Husovo putov\u00e1n\u00ed z Prahy na bavorsko-\u010deskou hranici.\",\"potentialAction\":[{\"@type\":\"SearchAction\",\"target\":{\"@type\":\"EntryPoint\",\"urlTemplate\":\"https:\\\/\\\/husweg.eu\\\/cz\\\/?s={search_term_string}\"},\"query-input\":{\"@type\":\"PropertyValueSpecification\",\"valueRequired\":true,\"valueName\":\"search_term_string\"}}],\"inLanguage\":\"de\"}]}<\/script>\n<!-- \/ Yoast SEO plugin. -->","yoast_head_json":{"title":"Etapa 17 - Husova cesta","robots":{"index":"index","follow":"follow","max-snippet":"max-snippet:-1","max-image-preview":"max-image-preview:large","max-video-preview":"max-video-preview:-1"},"canonical":"https:\/\/husweg.eu\/cz\/etapa-17\/","og_locale":"de_DE","og_type":"article","og_title":"Etapa 17 - Husova cesta","og_description":"Etapa 17: Hirschau \u2013 Sulzbach-Rosenberg (19,6 km \u2013 5.42 h) Hirschau &#8211; 6,2 km &#8211; Gebenbach &#8211; 6,8 km &#8211; Hahnbach &#8211; 8,7 km &#8211; Sulzbach-Rosenberg Cesta z Hirschau do Sulzbachu je nen\u00e1ro\u010dn\u00e1 a vede p\u0159ev\u00e1\u017en\u011b p\u0159es pole. Po cest\u011b najdeme ob\u010derstvovac\u00ed a z\u00e1sobovac\u00ed za\u0159\u00edzen\u00ed. N\u011bkolikr\u00e1t n\u00e1s p\u0159ekvap\u00ed mal\u00e9 zaj\u00edmavosti... Continue reading","og_url":"https:\/\/husweg.eu\/cz\/etapa-17\/","og_site_name":"Husova cesta","article_modified_time":"2023-01-08T21:53:34+00:00","twitter_card":"summary_large_image","twitter_misc":{"Gesch\u00e4tzte Lesezeit":"4\u00a0Minuten"},"schema":{"@context":"https:\/\/schema.org","@graph":[{"@type":"WebPage","@id":"https:\/\/husweg.eu\/cz\/etapa-17\/","url":"https:\/\/husweg.eu\/cz\/etapa-17\/","name":"Etapa 17 - Husova cesta","isPartOf":{"@id":"https:\/\/husweg.eu\/cz\/#website"},"datePublished":"2022-11-30T22:04:56+00:00","dateModified":"2023-01-08T21:53:34+00:00","breadcrumb":{"@id":"https:\/\/husweg.eu\/cz\/etapa-17\/#breadcrumb"},"inLanguage":"de","potentialAction":[{"@type":"ReadAction","target":["https:\/\/husweg.eu\/cz\/etapa-17\/"]}]},{"@type":"BreadcrumbList","@id":"https:\/\/husweg.eu\/cz\/etapa-17\/#breadcrumb","itemListElement":[{"@type":"ListItem","position":1,"name":"Startseite","item":"https:\/\/husweg.eu\/cz\/"},{"@type":"ListItem","position":2,"name":"Etapa 17"}]},{"@type":"WebSite","@id":"https:\/\/husweg.eu\/cz\/#website","url":"https:\/\/husweg.eu\/cz\/","name":"Husova cesta","description":"Husova cesta symbolicky sleduje Husovo putov\u00e1n\u00ed z Prahy na bavorsko-\u010deskou hranici.","potentialAction":[{"@type":"SearchAction","target":{"@type":"EntryPoint","urlTemplate":"https:\/\/husweg.eu\/cz\/?s={search_term_string}"},"query-input":{"@type":"PropertyValueSpecification","valueRequired":true,"valueName":"search_term_string"}}],"inLanguage":"de"}]}},"_links":{"self":[{"href":"https:\/\/husweg.eu\/cz\/wp-json\/wp\/v2\/pages\/286","targetHints":{"allow":["GET"]}}],"collection":[{"href":"https:\/\/husweg.eu\/cz\/wp-json\/wp\/v2\/pages"}],"about":[{"href":"https:\/\/husweg.eu\/cz\/wp-json\/wp\/v2\/types\/page"}],"author":[{"embeddable":true,"href":"https:\/\/husweg.eu\/cz\/wp-json\/wp\/v2\/users\/1"}],"replies":[{"embeddable":true,"href":"https:\/\/husweg.eu\/cz\/wp-json\/wp\/v2\/comments?post=286"}],"version-history":[{"count":8,"href":"https:\/\/husweg.eu\/cz\/wp-json\/wp\/v2\/pages\/286\/revisions"}],"predecessor-version":[{"id":663,"href":"https:\/\/husweg.eu\/cz\/wp-json\/wp\/v2\/pages\/286\/revisions\/663"}],"wp:attachment":[{"href":"https:\/\/husweg.eu\/cz\/wp-json\/wp\/v2\/media?parent=286"}],"curies":[{"name":"wp","href":"https:\/\/api.w.org\/{rel}","templated":true}]}}