{"id":284,"date":"2022-11-30T23:01:35","date_gmt":"2022-11-30T22:01:35","guid":{"rendered":"https:\/\/husweg.eu\/cz\/?page_id=284"},"modified":"2023-01-08T23:06:45","modified_gmt":"2023-01-08T22:06:45","slug":"etapa-16","status":"publish","type":"page","link":"https:\/\/husweg.eu\/cz\/etapa-16\/","title":{"rendered":"Etapa 16"},"content":{"rendered":"<div id=\"metaslider-id-341\" style=\"width: 100%;\" class=\"ml-slider-3-108-0 metaslider metaslider-flex metaslider-341 ml-slider has-dots-nav ms-theme-default\" role=\"region\" aria-label=\"Etappe 16\" data-height=\"370\" data-width=\"820\">\n    <div id=\"metaslider_container_341\">\n        <div id=\"metaslider_341\">\n            <ul class='slides'>\n                <li style=\"display: block; width: 100%;\" class=\"slide-402 ms-image \" aria-roledescription=\"slide\" data-date=\"2022-12-10 22:09:32\" data-filename=\"etappe16-002.jpg\" data-slide-type=\"image\"><img loading=\"lazy\" decoding=\"async\" src=\"https:\/\/husweg.eu\/cz\/wp-content\/uploads\/2022\/12\/etappe16-002.jpg\" height=\"370\" width=\"820\" alt=\"\" class=\"slider-341 slide-402 msDefaultImage\" title=\"etapa16-002\" \/><\/li>\n                <li style=\"display: none; width: 100%;\" class=\"slide-403 ms-image \" aria-roledescription=\"slide\" data-date=\"2022-12-10 22:09:32\" data-filename=\"etappe16-003.jpg\" data-slide-type=\"image\"><img loading=\"lazy\" decoding=\"async\" src=\"https:\/\/husweg.eu\/cz\/wp-content\/uploads\/2022\/12\/etappe16-003.jpg\" height=\"370\" width=\"820\" alt=\"\" class=\"slider-341 slide-403 msDefaultImage\" title=\"etapa16-003\" \/><\/li>\n                <li style=\"display: none; width: 100%;\" class=\"slide-401 ms-image \" aria-roledescription=\"slide\" data-date=\"2022-12-10 22:09:32\" data-filename=\"etappe16-001.jpg\" data-slide-type=\"image\"><img loading=\"lazy\" decoding=\"async\" src=\"https:\/\/husweg.eu\/cz\/wp-content\/uploads\/2022\/12\/etappe16-001.jpg\" height=\"370\" width=\"820\" alt=\"\" class=\"slider-341 slide-401 msDefaultImage\" title=\"etapa16-001\" \/><\/li>\n                <li style=\"display: none; width: 100%;\" class=\"slide-404 ms-image \" aria-roledescription=\"slide\" data-date=\"2022-12-10 22:09:32\" data-filename=\"etappe16-004.jpg\" data-slide-type=\"image\"><img loading=\"lazy\" decoding=\"async\" src=\"https:\/\/husweg.eu\/cz\/wp-content\/uploads\/2022\/12\/etappe16-004.jpg\" height=\"370\" width=\"820\" alt=\"\" class=\"slider-341 slide-404 msDefaultImage\" title=\"etapa16-004\" \/><\/li>\n                <li style=\"display: none; width: 100%;\" class=\"slide-405 ms-image \" aria-roledescription=\"slide\" data-date=\"2022-12-10 22:09:32\" data-filename=\"etappe16-005.jpg\" data-slide-type=\"image\"><img loading=\"lazy\" decoding=\"async\" src=\"https:\/\/husweg.eu\/cz\/wp-content\/uploads\/2022\/12\/etappe16-005.jpg\" height=\"370\" width=\"820\" alt=\"\" class=\"slider-341 slide-405 msDefaultImage\" title=\"etapa16-005\" \/><\/li>\n                <li style=\"display: none; width: 100%;\" class=\"slide-406 ms-image \" aria-roledescription=\"slide\" data-date=\"2022-12-10 22:09:32\" data-filename=\"etappe16-006.jpg\" data-slide-type=\"image\"><img loading=\"lazy\" decoding=\"async\" src=\"https:\/\/husweg.eu\/cz\/wp-content\/uploads\/2022\/12\/etappe16-006.jpg\" height=\"370\" width=\"820\" alt=\"\" class=\"slider-341 slide-406 msDefaultImage\" title=\"etapa16-006\" \/><\/li>\n                <li style=\"display: none; width: 100%;\" class=\"slide-407 ms-image \" aria-roledescription=\"slide\" data-date=\"2022-12-10 22:09:32\" data-filename=\"etappe16-008.jpg\" data-slide-type=\"image\"><img loading=\"lazy\" decoding=\"async\" src=\"https:\/\/husweg.eu\/cz\/wp-content\/uploads\/2022\/12\/etappe16-008.jpg\" height=\"370\" width=\"820\" alt=\"\" class=\"slider-341 slide-407 msDefaultImage\" title=\"etapa16-008\" \/><\/li>\n                <li style=\"display: none; width: 100%;\" class=\"slide-408 ms-image \" aria-roledescription=\"slide\" data-date=\"2022-12-10 22:09:32\" data-filename=\"etappe16-009.jpg\" data-slide-type=\"image\"><img loading=\"lazy\" decoding=\"async\" src=\"https:\/\/husweg.eu\/cz\/wp-content\/uploads\/2022\/12\/etappe16-009.jpg\" height=\"370\" width=\"820\" alt=\"\" class=\"slider-341 slide-408 msDefaultImage\" title=\"etapa16-009\" \/><\/li>\n                <li style=\"display: none; width: 100%;\" class=\"slide-409 ms-image \" aria-roledescription=\"slide\" data-date=\"2022-12-10 22:09:32\" data-filename=\"etappe16-010.jpg\" data-slide-type=\"image\"><img loading=\"lazy\" decoding=\"async\" src=\"https:\/\/husweg.eu\/cz\/wp-content\/uploads\/2022\/12\/etappe16-010.jpg\" height=\"370\" width=\"820\" alt=\"\" class=\"slider-341 slide-409 msDefaultImage\" title=\"etapa16-010\" \/><\/li>\n                <li style=\"display: none; width: 100%;\" class=\"slide-410 ms-image \" aria-roledescription=\"slide\" data-date=\"2022-12-10 22:09:32\" data-filename=\"etappe16-011.jpg\" data-slide-type=\"image\"><img loading=\"lazy\" decoding=\"async\" src=\"https:\/\/husweg.eu\/cz\/wp-content\/uploads\/2022\/12\/etappe16-011.jpg\" height=\"370\" width=\"820\" alt=\"\" class=\"slider-341 slide-410 msDefaultImage\" title=\"etapa16-011\" \/><\/li>\n                <li style=\"display: none; width: 100%;\" class=\"slide-411 ms-image \" aria-roledescription=\"slide\" data-date=\"2022-12-10 22:09:32\" data-filename=\"etappe16-012.jpg\" data-slide-type=\"image\"><img loading=\"lazy\" decoding=\"async\" src=\"https:\/\/husweg.eu\/cz\/wp-content\/uploads\/2022\/12\/etappe16-012.jpg\" height=\"370\" width=\"820\" alt=\"\" class=\"slider-341 slide-411 msDefaultImage\" title=\"etapa16-012\" \/><\/li>\n                <li style=\"display: none; width: 100%;\" class=\"slide-412 ms-image \" aria-roledescription=\"slide\" data-date=\"2022-12-10 22:09:32\" data-filename=\"etappe16-013.jpg\" data-slide-type=\"image\"><img loading=\"lazy\" decoding=\"async\" src=\"https:\/\/husweg.eu\/cz\/wp-content\/uploads\/2022\/12\/etappe16-013.jpg\" height=\"370\" width=\"820\" alt=\"\" class=\"slider-341 slide-412 msDefaultImage\" title=\"etapa16-013\" \/><\/li>\n                <li style=\"display: none; width: 100%;\" class=\"slide-413 ms-image \" aria-roledescription=\"slide\" data-date=\"2022-12-10 22:09:32\" data-filename=\"etappe16-014.jpg\" data-slide-type=\"image\"><img loading=\"lazy\" decoding=\"async\" src=\"https:\/\/husweg.eu\/cz\/wp-content\/uploads\/2022\/12\/etappe16-014.jpg\" height=\"370\" width=\"820\" alt=\"\" class=\"slider-341 slide-413 msDefaultImage\" title=\"etapa16-014\" \/><\/li>\n                <li style=\"display: none; width: 100%;\" class=\"slide-414 ms-image \" aria-roledescription=\"slide\" data-date=\"2022-12-10 22:09:32\" data-filename=\"etappe16-015.jpg\" data-slide-type=\"image\"><img loading=\"lazy\" decoding=\"async\" src=\"https:\/\/husweg.eu\/cz\/wp-content\/uploads\/2022\/12\/etappe16-015.jpg\" height=\"370\" width=\"820\" alt=\"\" class=\"slider-341 slide-414 msDefaultImage\" title=\"etapa16-015\" \/><\/li>\n                <li style=\"display: none; width: 100%;\" class=\"slide-415 ms-image \" aria-roledescription=\"slide\" data-date=\"2022-12-10 22:09:32\" data-filename=\"etappe16-016.jpg\" data-slide-type=\"image\"><img loading=\"lazy\" decoding=\"async\" src=\"https:\/\/husweg.eu\/cz\/wp-content\/uploads\/2022\/12\/etappe16-016.jpg\" height=\"370\" width=\"820\" alt=\"\" class=\"slider-341 slide-415 msDefaultImage\" title=\"etapa16-016\" \/><\/li>\n                <li style=\"display: none; width: 100%;\" class=\"slide-416 ms-image \" aria-roledescription=\"slide\" data-date=\"2022-12-10 22:09:32\" data-filename=\"etappe16-017.jpg\" data-slide-type=\"image\"><img loading=\"lazy\" decoding=\"async\" src=\"https:\/\/husweg.eu\/cz\/wp-content\/uploads\/2022\/12\/etappe16-017.jpg\" height=\"370\" width=\"820\" alt=\"\" class=\"slider-341 slide-416 msDefaultImage\" title=\"etapa16-017\" \/><\/li>\n            <\/ul>\n        <\/div>\n        \n    <\/div>\n<\/div>\n<p><strong>Etapa 16: Etzenricht &#8211; Hirschau (18,1 km \u2013 5.27 h)<\/strong><br \/>\n<span style=\"color: #ff0000;\">Etzenricht <\/span>&#8211; 8,0 km &#8211; Kohlberg &#8211; 10,1 km &#8211; <span style=\"color: #ff0000;\">Hirschau<\/span><\/p>\n<p>Dne\u0161n\u00ed etapa z Etzenrichtu do Hirschau je pestr\u00e1 a vede v\u011bt\u0161inou skryt\u011b fascinuj\u00edc\u00edmi lesy. Jakmile nech\u00e1me Kohlb\u00fchl za sebou, u\u017e to bude t\u00e9m\u011b\u0159 jen z kopce.<\/p>\n<p>Za\u010d\u00edn\u00e1me dnes v <strong>Etzenrichtu<\/strong> a opou\u0161t\u00edme m\u011bsto sm\u011brem na jih. P\u0159ejdeme most, kter\u00fd n\u00e1m poskytuje kr\u00e1sn\u00fd v\u00fdhled na \u0159eku Haidenaab po obou stran\u00e1ch. Za mostem se m\u016f\u017eeme vydat bu\u010f po Husov\u011b cest\u011b vpravo, nebo odbo\u010dit k supermarketu vlevo, proto\u017ee a\u017e do Hirschau nejsou \u017e\u00e1dn\u00e9 dal\u0161\u00ed n\u00e1kupn\u00ed mo\u017enosti. Pod\u00e9l s\u00eddli\u0161t\u011b n\u00e1s \u010cesk\u00fd lev vede p\u0159es potok Eichelbach a pak doleva. Cesta vede pod\u00e9l Eichelbachu lesem po d\u00e9lce 4 km, a\u017e se ocitneme na frekventovan\u00e9 st\u00e1tn\u00ed silnici. P\u0159ejdeme ji a vyd\u00e1me se do vesnice Hannersgr\u00fcn, kter\u00e1 je sou\u010d\u00e1st\u00ed Kohlbergu, a pak odbo\u010d\u00edme doprava.<\/p>\n<p>Asi po 1,5 km po asfaltov\u00e9, ale klidn\u00e9 cest\u011b n\u00e1s \u010dek\u00e1 p\u016fvabn\u00e9 tr\u017en\u00ed m\u011bste\u010dko <strong>Kohlberg<\/strong>. Ve st\u0159edu vesnice u\u017e vid\u00edme kostel svat\u00e9ho Mikul\u00e1\u0161e, malebn\u011b or\u00e1movan\u00fd prstencem hradeb. Vedle kostela jsou um\u00edst\u011bny v\u00edcejazy\u010dn\u00e9 informa\u010dn\u00ed tabule o Janu Husovi a Zlat\u00e9 cest\u011b. Jdeme kousek d\u00e1l, objevujeme modern\u00ed radnici a za n\u00ed dlouh\u00e9, odlehl\u00e9 a klidn\u00e9 tr\u017ei\u0161t\u011b. Zde si v\u0161imneme zvl\u00e1\u0161tn\u00edch detail\u016f: mu\u017e\u00ed\u010dka vykukuj\u00edc\u00edho z poklopu \u0161achty, zaj\u00edmav\u00e9 a pou\u010dn\u00e9 ka\u0161ny a dal\u0161\u00edho ukazatele cesty. Hned vedle je tak\u00e9 m\u00edsto, kde se m\u016f\u017eete zastavit, pokud v\u00e1m kru\u010d\u00ed v b\u0159i\u0161e. Pokra\u010dujeme pod\u00e9l trhu a po prav\u00e9 stran\u011b m\u00edj\u00edme farn\u00ed kostel Nejsv\u011bt\u011bj\u0161\u00edho srdce P\u00e1n\u011b. Cesta pokra\u010duje do kopce. U h\u0159bitova odbo\u010d\u00edme ze silnice doprava. Po 350 m op\u011bt p\u0159ejdeme silnici a pokra\u010dujeme do kopce na druh\u00e9 stran\u011b. Vchod ozna\u010duje lavi\u010dka a p\u0159\u00edcestn\u00fd k\u0159\u00ed\u017e. Asi po 500 metrech stoup\u00e1n\u00ed se objev\u00ed n\u00e1dhern\u00e9 m\u00edsto, kter\u00e9 vyb\u00edz\u00ed k posezen\u00ed. M\u00e1me lavi\u010dku, p\u0159\u00edst\u0159e\u0161ek p\u0159ipom\u00ednaj\u00edc\u00ed houbu a neuv\u011b\u0159iteln\u011b kr\u00e1sn\u00fd v\u00fdhled. Po p\u0159est\u00e1vce pokra\u010dujeme je\u0161t\u011b kousek vzh\u016fru, a\u017e se dostaneme na vrchol Kohlb\u00fchlu. Od Etzenrichtu a\u017e sem jsme nastoupali 215 v\u00fd\u0161kov\u00fdch metr\u016f. Od t\u00e9to chv\u00edle se v\u0161ak nemus\u00edme ob\u00e1vat dal\u0161\u00edch v\u00fdstup\u016f.<\/p>\n<p>Sestupujeme asi 90 metr\u016f z kopce, dokud op\u011bt nep\u0159ekro\u010d\u00edme st\u00e1tn\u00ed silnici a mus\u00edme za n\u00ed odbo\u010dit doleva. Odtud mus\u00edme pozorn\u011b sledovat zna\u010den\u00ed, proto\u017ee cesta se bude znovu a znovu v\u011btvit. \u010cek\u00e1 n\u00e1s sestup po st\u00e1tn\u00ed silnici. Zde mus\u00edme b\u00fdt velmi opatrn\u00ed, proto\u017ee mus\u00edme j\u00edt kousek po silnici. Na velk\u00e9 k\u0159i\u017eovatce se vyd\u00e1me rovn\u011b do lesa. Zna\u010dka n\u00e1s informuje, \u017ee p\u016fjdeme po zachoval\u00e9m syst\u00e9mu <strong>\u00favozov\u00fdch cest Zlat\u00e9 cesty ze st\u0159edov\u011bku<\/strong>. Zpo\u010d\u00e1tku si toho moc nev\u0161\u00edm\u00e1me, ale zaujmou n\u00e1s mal\u00e9 kouzeln\u00e9 cesti\u010dky pod\u00e9l bor\u016fvkov\u00fdch ke\u0159\u016f, po kter\u00fdch se tu proch\u00e1z\u00edme. \u010c\u00edm d\u00e1le v\u0161ak po cest\u011b jdeme, t\u00edm \u010dast\u011bji vid\u00edme vlevo a vpravo propadl\u00e9 cesty jako sv\u011bdky tehdej\u0161\u00ed &amp;quot;st\u0159edov\u011bk\u00e9 d\u00e1lnice&amp;quot;. Pot\u00e9, co p\u0159ek\u0159\u00ed\u017e\u00edme \u017elutou turistickou zna\u010dku, n\u00e1s Husova stezka vede p\u0159\u00edmo p\u0159es \u00favozov\u00e9 cesty. Opakovan\u011b jdeme nahoru a dol\u016f. Na konci t\u00e9to dobrodru\u017en\u00e9 cesty se ocit\u00e1me na asfaltov\u00e9 silnici, kter\u00e1 jako by zde kon\u010dila v pustin\u011b. Jdeme po t\u00e9to mal\u00e9 cest\u011b a u\u017e odtud vid\u00edme Monte Kaolino. Ne\u017e se vpravo objev\u00ed lesn\u00ed rybn\u00edk, odbo\u010duje Zlat\u00e1 cesta doprava do lesa. Po 750 m odbo\u010d\u00edme vlevo a p\u0159ejdeme potok Ehenbach \u2013 bu\u010f p\u0159\u00edmo p\u0159es n\u011bj, nebo p\u0159es most. Zde m\u016f\u017eeme nav\u0161t\u00edvit mal\u00fd rybn\u00edk po prav\u00e9 stran\u011b nebo pokra\u010dovat v t\u00fa\u0159e sm\u011brem na Hirschau. Po \u00faseku lesem se naposledy sto\u010d\u00edme ke st\u00e1tn\u00ed silnici, ani\u017e bychom ji p\u0159ekro\u010dili. P\u016fjdeme po Kohlberger Stra\u00dfe p\u0159\u00edmo do Hirschau.<\/p>\n<p>Ve m\u011bst\u011b <strong>Hirschau<\/strong> nechyb\u00ed nic \u2013 supermarkety, m\u00edsta k ubytov\u00e1n\u00ed a stravov\u00e1n\u00ed a tak d\u00e1l. Proto se z\u00e1sobujeme a hled\u00e1me m\u00edsto k p\u0159esp\u00e1n\u00ed. Hned vedle radnice se nap\u0159\u00edklad nach\u00e1z\u00ed \u00fatuln\u00fd hostinec s \u0159eznictv\u00edm a ubytov\u00e1n\u00edm. Zde si m\u016f\u017eeme posed\u011bt venku, vychutnat si m\u00edstn\u00ed pivo a pozorovat lidi proch\u00e1zej\u00edc\u00ed se kolem. Absolutn\u00ed vrchol \u010dek\u00e1 n\u00e1v\u0161t\u011bvn\u00edky Hirschau 2 km ji\u017en\u011b od centra: 120 metr\u016f vysok\u00e1 hora Monte Kaolino. P\u0159esn\u011bji \u0159e\u010deno se jedn\u00e1 o haldu k\u0159emenn\u00e9ho p\u00edsku, jej\u00ed\u017e velk\u00e1 \u010d\u00e1st byla od 50. let 20. stolet\u00ed p\u0159em\u011bn\u011bna na rekrea\u010dn\u00ed oblast. Dnes zde najdeme kemp, p\u00edse\u010dnou sjezdovku, koupali\u0161t\u011b pod \u0161ir\u00fdm nebem, d\u011btsk\u00e9 h\u0159i\u0161t\u011b, lanov\u00e9 centrum, letn\u00ed s\u00e1\u0148ka\u0159skou dr\u00e1hu, golfov\u00e9 h\u0159i\u0161t\u011b, dr\u00e1hu pro inline bruslen\u00ed a geopark.<\/p>\n","protected":false},"excerpt":{"rendered":"<p>Etapa 16: Etzenricht &#8211; Hirschau (18,1 km \u2013 5.27 h) Etzenricht &#8211; 8,0 km &#8211; Kohlberg &#8211; 10,1 km &#8211; Hirschau Dne\u0161n\u00ed etapa z Etzenrichtu do Hirschau je pestr\u00e1 a vede v\u011bt\u0161inou skryt\u011b fascinuj\u00edc\u00edmi lesy. Jakmile nech\u00e1me Kohlb\u00fchl za sebou, u\u017e to bude t\u00e9m\u011b\u0159 jen z kopce. Za\u010d\u00edn\u00e1me dnes v&#8230;<\/p>\n<p> <a class=\"continue-reading-link\" href=\"https:\/\/husweg.eu\/cz\/etapa-16\/\"><span>Continue reading<\/span><i class=\"crycon-right-dir\"><\/i><\/a> <\/p>\n","protected":false},"author":1,"featured_media":0,"parent":0,"menu_order":0,"comment_status":"closed","ping_status":"closed","template":"","meta":{"ngg_post_thumbnail":0,"footnotes":""},"class_list":["post-284","page","type-page","status-publish","hentry"],"yoast_head":"<!-- This site is optimized with the Yoast SEO plugin v27.4 - https:\/\/yoast.com\/product\/yoast-seo-wordpress\/ -->\n<title>Etapa 16 - Husova cesta<\/title>\n<meta name=\"robots\" content=\"index, follow, max-snippet:-1, max-image-preview:large, max-video-preview:-1\" \/>\n<link rel=\"canonical\" href=\"https:\/\/husweg.eu\/cz\/etapa-16\/\" \/>\n<meta property=\"og:locale\" content=\"de_DE\" \/>\n<meta property=\"og:type\" content=\"article\" \/>\n<meta property=\"og:title\" content=\"Etapa 16 - Husova cesta\" \/>\n<meta property=\"og:description\" content=\"Etapa 16: Etzenricht &#8211; Hirschau (18,1 km \u2013 5.27 h) Etzenricht &#8211; 8,0 km &#8211; Kohlberg &#8211; 10,1 km &#8211; Hirschau Dne\u0161n\u00ed etapa z Etzenrichtu do Hirschau je pestr\u00e1 a vede v\u011bt\u0161inou skryt\u011b fascinuj\u00edc\u00edmi lesy. Jakmile nech\u00e1me Kohlb\u00fchl za sebou, u\u017e to bude t\u00e9m\u011b\u0159 jen z kopce. Za\u010d\u00edn\u00e1me dnes v... Continue reading\" \/>\n<meta property=\"og:url\" content=\"https:\/\/husweg.eu\/cz\/etapa-16\/\" \/>\n<meta property=\"og:site_name\" content=\"Husova cesta\" \/>\n<meta property=\"article:modified_time\" content=\"2023-01-08T22:06:45+00:00\" \/>\n<meta name=\"twitter:card\" content=\"summary_large_image\" \/>\n<meta name=\"twitter:label1\" content=\"Gesch\u00e4tzte Lesezeit\" \/>\n\t<meta name=\"twitter:data1\" content=\"4\u00a0Minuten\" \/>\n<script type=\"application\/ld+json\" class=\"yoast-schema-graph\">{\"@context\":\"https:\\\/\\\/schema.org\",\"@graph\":[{\"@type\":\"WebPage\",\"@id\":\"https:\\\/\\\/husweg.eu\\\/cz\\\/etapa-16\\\/\",\"url\":\"https:\\\/\\\/husweg.eu\\\/cz\\\/etapa-16\\\/\",\"name\":\"Etapa 16 - Husova cesta\",\"isPartOf\":{\"@id\":\"https:\\\/\\\/husweg.eu\\\/cz\\\/#website\"},\"datePublished\":\"2022-11-30T22:01:35+00:00\",\"dateModified\":\"2023-01-08T22:06:45+00:00\",\"breadcrumb\":{\"@id\":\"https:\\\/\\\/husweg.eu\\\/cz\\\/etapa-16\\\/#breadcrumb\"},\"inLanguage\":\"de\",\"potentialAction\":[{\"@type\":\"ReadAction\",\"target\":[\"https:\\\/\\\/husweg.eu\\\/cz\\\/etapa-16\\\/\"]}]},{\"@type\":\"BreadcrumbList\",\"@id\":\"https:\\\/\\\/husweg.eu\\\/cz\\\/etapa-16\\\/#breadcrumb\",\"itemListElement\":[{\"@type\":\"ListItem\",\"position\":1,\"name\":\"Startseite\",\"item\":\"https:\\\/\\\/husweg.eu\\\/cz\\\/\"},{\"@type\":\"ListItem\",\"position\":2,\"name\":\"Etapa 16\"}]},{\"@type\":\"WebSite\",\"@id\":\"https:\\\/\\\/husweg.eu\\\/cz\\\/#website\",\"url\":\"https:\\\/\\\/husweg.eu\\\/cz\\\/\",\"name\":\"Husova cesta\",\"description\":\"Husova cesta symbolicky sleduje Husovo putov\u00e1n\u00ed z Prahy na bavorsko-\u010deskou hranici.\",\"potentialAction\":[{\"@type\":\"SearchAction\",\"target\":{\"@type\":\"EntryPoint\",\"urlTemplate\":\"https:\\\/\\\/husweg.eu\\\/cz\\\/?s={search_term_string}\"},\"query-input\":{\"@type\":\"PropertyValueSpecification\",\"valueRequired\":true,\"valueName\":\"search_term_string\"}}],\"inLanguage\":\"de\"}]}<\/script>\n<!-- \/ Yoast SEO plugin. -->","yoast_head_json":{"title":"Etapa 16 - Husova cesta","robots":{"index":"index","follow":"follow","max-snippet":"max-snippet:-1","max-image-preview":"max-image-preview:large","max-video-preview":"max-video-preview:-1"},"canonical":"https:\/\/husweg.eu\/cz\/etapa-16\/","og_locale":"de_DE","og_type":"article","og_title":"Etapa 16 - Husova cesta","og_description":"Etapa 16: Etzenricht &#8211; Hirschau (18,1 km \u2013 5.27 h) Etzenricht &#8211; 8,0 km &#8211; Kohlberg &#8211; 10,1 km &#8211; Hirschau Dne\u0161n\u00ed etapa z Etzenrichtu do Hirschau je pestr\u00e1 a vede v\u011bt\u0161inou skryt\u011b fascinuj\u00edc\u00edmi lesy. Jakmile nech\u00e1me Kohlb\u00fchl za sebou, u\u017e to bude t\u00e9m\u011b\u0159 jen z kopce. Za\u010d\u00edn\u00e1me dnes v... Continue reading","og_url":"https:\/\/husweg.eu\/cz\/etapa-16\/","og_site_name":"Husova cesta","article_modified_time":"2023-01-08T22:06:45+00:00","twitter_card":"summary_large_image","twitter_misc":{"Gesch\u00e4tzte Lesezeit":"4\u00a0Minuten"},"schema":{"@context":"https:\/\/schema.org","@graph":[{"@type":"WebPage","@id":"https:\/\/husweg.eu\/cz\/etapa-16\/","url":"https:\/\/husweg.eu\/cz\/etapa-16\/","name":"Etapa 16 - Husova cesta","isPartOf":{"@id":"https:\/\/husweg.eu\/cz\/#website"},"datePublished":"2022-11-30T22:01:35+00:00","dateModified":"2023-01-08T22:06:45+00:00","breadcrumb":{"@id":"https:\/\/husweg.eu\/cz\/etapa-16\/#breadcrumb"},"inLanguage":"de","potentialAction":[{"@type":"ReadAction","target":["https:\/\/husweg.eu\/cz\/etapa-16\/"]}]},{"@type":"BreadcrumbList","@id":"https:\/\/husweg.eu\/cz\/etapa-16\/#breadcrumb","itemListElement":[{"@type":"ListItem","position":1,"name":"Startseite","item":"https:\/\/husweg.eu\/cz\/"},{"@type":"ListItem","position":2,"name":"Etapa 16"}]},{"@type":"WebSite","@id":"https:\/\/husweg.eu\/cz\/#website","url":"https:\/\/husweg.eu\/cz\/","name":"Husova cesta","description":"Husova cesta symbolicky sleduje Husovo putov\u00e1n\u00ed z Prahy na bavorsko-\u010deskou hranici.","potentialAction":[{"@type":"SearchAction","target":{"@type":"EntryPoint","urlTemplate":"https:\/\/husweg.eu\/cz\/?s={search_term_string}"},"query-input":{"@type":"PropertyValueSpecification","valueRequired":true,"valueName":"search_term_string"}}],"inLanguage":"de"}]}},"_links":{"self":[{"href":"https:\/\/husweg.eu\/cz\/wp-json\/wp\/v2\/pages\/284","targetHints":{"allow":["GET"]}}],"collection":[{"href":"https:\/\/husweg.eu\/cz\/wp-json\/wp\/v2\/pages"}],"about":[{"href":"https:\/\/husweg.eu\/cz\/wp-json\/wp\/v2\/types\/page"}],"author":[{"embeddable":true,"href":"https:\/\/husweg.eu\/cz\/wp-json\/wp\/v2\/users\/1"}],"replies":[{"embeddable":true,"href":"https:\/\/husweg.eu\/cz\/wp-json\/wp\/v2\/comments?post=284"}],"version-history":[{"count":9,"href":"https:\/\/husweg.eu\/cz\/wp-json\/wp\/v2\/pages\/284\/revisions"}],"predecessor-version":[{"id":667,"href":"https:\/\/husweg.eu\/cz\/wp-json\/wp\/v2\/pages\/284\/revisions\/667"}],"wp:attachment":[{"href":"https:\/\/husweg.eu\/cz\/wp-json\/wp\/v2\/media?parent=284"}],"curies":[{"name":"wp","href":"https:\/\/api.w.org\/{rel}","templated":true}]}}