{"id":281,"date":"2022-11-30T22:49:46","date_gmt":"2022-11-30T21:49:46","guid":{"rendered":"https:\/\/husweg.eu\/cz\/?page_id=281"},"modified":"2023-01-08T01:36:46","modified_gmt":"2023-01-08T00:36:46","slug":"etapa-15","status":"publish","type":"page","link":"https:\/\/husweg.eu\/cz\/etapa-15\/","title":{"rendered":"Etapa 15"},"content":{"rendered":"<div id=\"metaslider-id-340\" style=\"width: 100%;\" class=\"ml-slider-3-108-0 metaslider metaslider-flex metaslider-340 ml-slider has-dots-nav ms-theme-default\" role=\"region\" aria-label=\"Etappe 15\" data-height=\"370\" data-width=\"820\">\n    <div id=\"metaslider_container_340\">\n        <div id=\"metaslider_340\">\n            <ul class='slides'>\n                <li style=\"display: block; width: 100%;\" class=\"slide-365 ms-image \" aria-roledescription=\"slide\" data-date=\"2022-12-10 21:40:49\" data-filename=\"etappe15-001.jpg\" data-slide-type=\"image\"><img loading=\"lazy\" decoding=\"async\" src=\"https:\/\/husweg.eu\/cz\/wp-content\/uploads\/2022\/12\/etappe15-001.jpg\" height=\"370\" width=\"820\" alt=\"\" class=\"slider-340 slide-365 msDefaultImage\" title=\"etapa15-001\" \/><\/li>\n                <li style=\"display: none; width: 100%;\" class=\"slide-366 ms-image \" aria-roledescription=\"slide\" data-date=\"2022-12-10 21:40:49\" data-filename=\"etappe15-002.jpg\" data-slide-type=\"image\"><img loading=\"lazy\" decoding=\"async\" src=\"https:\/\/husweg.eu\/cz\/wp-content\/uploads\/2022\/12\/etappe15-002.jpg\" height=\"370\" width=\"820\" alt=\"\" class=\"slider-340 slide-366 msDefaultImage\" title=\"etapa15-002\" \/><\/li>\n                <li style=\"display: none; width: 100%;\" class=\"slide-367 ms-image \" aria-roledescription=\"slide\" data-date=\"2022-12-10 21:40:49\" data-filename=\"etappe15-003.jpg\" data-slide-type=\"image\"><img loading=\"lazy\" decoding=\"async\" src=\"https:\/\/husweg.eu\/cz\/wp-content\/uploads\/2022\/12\/etappe15-003.jpg\" height=\"370\" width=\"820\" alt=\"\" class=\"slider-340 slide-367 msDefaultImage\" title=\"etapa15-003\" \/><\/li>\n                <li style=\"display: none; width: 100%;\" class=\"slide-368 ms-image \" aria-roledescription=\"slide\" data-date=\"2022-12-10 21:40:49\" data-filename=\"etappe15-004.jpg\" data-slide-type=\"image\"><img loading=\"lazy\" decoding=\"async\" src=\"https:\/\/husweg.eu\/cz\/wp-content\/uploads\/2022\/12\/etappe15-004.jpg\" height=\"370\" width=\"820\" alt=\"\" class=\"slider-340 slide-368 msDefaultImage\" title=\"etapa15-004\" \/><\/li>\n                <li style=\"display: none; width: 100%;\" class=\"slide-369 ms-image \" aria-roledescription=\"slide\" data-date=\"2022-12-10 21:40:49\" data-filename=\"etappe15-005.jpg\" data-slide-type=\"image\"><img loading=\"lazy\" decoding=\"async\" src=\"https:\/\/husweg.eu\/cz\/wp-content\/uploads\/2022\/12\/etappe15-005.jpg\" height=\"370\" width=\"820\" alt=\"\" class=\"slider-340 slide-369 msDefaultImage\" title=\"etapa15-005\" \/><\/li>\n                <li style=\"display: none; width: 100%;\" class=\"slide-370 ms-image \" aria-roledescription=\"slide\" data-date=\"2022-12-10 21:40:49\" data-filename=\"etappe15-006.jpg\" data-slide-type=\"image\"><img loading=\"lazy\" decoding=\"async\" src=\"https:\/\/husweg.eu\/cz\/wp-content\/uploads\/2022\/12\/etappe15-006.jpg\" height=\"370\" width=\"820\" alt=\"\" class=\"slider-340 slide-370 msDefaultImage\" title=\"etapa15-006\" \/><\/li>\n                <li style=\"display: none; width: 100%;\" class=\"slide-371 ms-image \" aria-roledescription=\"slide\" data-date=\"2022-12-10 21:40:49\" data-filename=\"etappe15-007.jpg\" data-slide-type=\"image\"><img loading=\"lazy\" decoding=\"async\" src=\"https:\/\/husweg.eu\/cz\/wp-content\/uploads\/2022\/12\/etappe15-007.jpg\" height=\"370\" width=\"820\" alt=\"\" class=\"slider-340 slide-371 msDefaultImage\" title=\"etapa15-007\" \/><\/li>\n                <li style=\"display: none; width: 100%;\" class=\"slide-372 ms-image \" aria-roledescription=\"slide\" data-date=\"2022-12-10 21:40:49\" data-filename=\"etappe15-008.jpg\" data-slide-type=\"image\"><img loading=\"lazy\" decoding=\"async\" src=\"https:\/\/husweg.eu\/cz\/wp-content\/uploads\/2022\/12\/etappe15-008.jpg\" height=\"370\" width=\"820\" alt=\"\" class=\"slider-340 slide-372 msDefaultImage\" title=\"etapa15-008\" \/><\/li>\n                <li style=\"display: none; width: 100%;\" class=\"slide-373 ms-image \" aria-roledescription=\"slide\" data-date=\"2022-12-10 21:40:49\" data-filename=\"etappe15-009.jpg\" data-slide-type=\"image\"><img loading=\"lazy\" decoding=\"async\" src=\"https:\/\/husweg.eu\/cz\/wp-content\/uploads\/2022\/12\/etappe15-009.jpg\" height=\"370\" width=\"820\" alt=\"\" class=\"slider-340 slide-373 msDefaultImage\" title=\"etapa15-009\" \/><\/li>\n                <li style=\"display: none; width: 100%;\" class=\"slide-374 ms-image \" aria-roledescription=\"slide\" data-date=\"2022-12-10 21:40:49\" data-filename=\"etappe15-010.jpg\" data-slide-type=\"image\"><img loading=\"lazy\" decoding=\"async\" src=\"https:\/\/husweg.eu\/cz\/wp-content\/uploads\/2022\/12\/etappe15-010.jpg\" height=\"370\" width=\"820\" alt=\"\" class=\"slider-340 slide-374 msDefaultImage\" title=\"etapa15-010\" \/><\/li>\n                <li style=\"display: none; width: 100%;\" class=\"slide-375 ms-image \" aria-roledescription=\"slide\" data-date=\"2022-12-10 21:40:49\" data-filename=\"etappe15-011.jpg\" data-slide-type=\"image\"><img loading=\"lazy\" decoding=\"async\" src=\"https:\/\/husweg.eu\/cz\/wp-content\/uploads\/2022\/12\/etappe15-011.jpg\" height=\"370\" width=\"820\" alt=\"\" class=\"slider-340 slide-375 msDefaultImage\" title=\"etapa15-011\" \/><\/li>\n                <li style=\"display: none; width: 100%;\" class=\"slide-376 ms-image \" aria-roledescription=\"slide\" data-date=\"2022-12-10 21:40:49\" data-filename=\"etappe15-012.jpg\" data-slide-type=\"image\"><img loading=\"lazy\" decoding=\"async\" src=\"https:\/\/husweg.eu\/cz\/wp-content\/uploads\/2022\/12\/etappe15-012.jpg\" height=\"370\" width=\"820\" alt=\"\" class=\"slider-340 slide-376 msDefaultImage\" title=\"etapa15-012\" \/><\/li>\n                <li style=\"display: none; width: 100%;\" class=\"slide-377 ms-image \" aria-roledescription=\"slide\" data-date=\"2022-12-10 21:40:49\" data-filename=\"etappe15-013.jpg\" data-slide-type=\"image\"><img loading=\"lazy\" decoding=\"async\" src=\"https:\/\/husweg.eu\/cz\/wp-content\/uploads\/2022\/12\/etappe15-013.jpg\" height=\"370\" width=\"820\" alt=\"\" class=\"slider-340 slide-377 msDefaultImage\" title=\"etapa15-013\" \/><\/li>\n                <li style=\"display: none; width: 100%;\" class=\"slide-378 ms-image \" aria-roledescription=\"slide\" data-date=\"2022-12-10 21:40:49\" data-filename=\"etappe15-014.jpg\" data-slide-type=\"image\"><img loading=\"lazy\" decoding=\"async\" src=\"https:\/\/husweg.eu\/cz\/wp-content\/uploads\/2022\/12\/etappe15-014.jpg\" height=\"370\" width=\"820\" alt=\"\" class=\"slider-340 slide-378 msDefaultImage\" title=\"etapa15-014\" \/><\/li>\n                <li style=\"display: none; width: 100%;\" class=\"slide-379 ms-image \" aria-roledescription=\"slide\" data-date=\"2022-12-10 21:40:50\" data-filename=\"etappe15-015.jpg\" data-slide-type=\"image\"><img loading=\"lazy\" decoding=\"async\" src=\"https:\/\/husweg.eu\/cz\/wp-content\/uploads\/2022\/12\/etappe15-015.jpg\" height=\"370\" width=\"820\" alt=\"\" class=\"slider-340 slide-379 msDefaultImage\" title=\"etapa15-015\" \/><\/li>\n                <li style=\"display: none; width: 100%;\" class=\"slide-380 ms-image \" aria-roledescription=\"slide\" data-date=\"2022-12-10 21:40:50\" data-filename=\"etappe15-016.jpg\" data-slide-type=\"image\"><img loading=\"lazy\" decoding=\"async\" src=\"https:\/\/husweg.eu\/cz\/wp-content\/uploads\/2022\/12\/etappe15-016.jpg\" height=\"370\" width=\"820\" alt=\"\" class=\"slider-340 slide-380 msDefaultImage\" title=\"etapa15-016\" \/><\/li>\n                <li style=\"display: none; width: 100%;\" class=\"slide-381 ms-image \" aria-roledescription=\"slide\" data-date=\"2022-12-10 21:40:50\" data-filename=\"etappe15-017.jpg\" data-slide-type=\"image\"><img loading=\"lazy\" decoding=\"async\" src=\"https:\/\/husweg.eu\/cz\/wp-content\/uploads\/2022\/12\/etappe15-017.jpg\" height=\"370\" width=\"820\" alt=\"\" class=\"slider-340 slide-381 msDefaultImage\" title=\"etapa15-017\" \/><\/li>\n                <li style=\"display: none; width: 100%;\" class=\"slide-382 ms-image \" aria-roledescription=\"slide\" data-date=\"2022-12-10 21:40:50\" data-filename=\"etappe15-018.jpg\" data-slide-type=\"image\"><img loading=\"lazy\" decoding=\"async\" src=\"https:\/\/husweg.eu\/cz\/wp-content\/uploads\/2022\/12\/etappe15-018.jpg\" height=\"370\" width=\"820\" alt=\"\" class=\"slider-340 slide-382 msDefaultImage\" title=\"etapa15-018\" \/><\/li>\n                <li style=\"display: none; width: 100%;\" class=\"slide-383 ms-image \" aria-roledescription=\"slide\" data-date=\"2022-12-10 21:40:50\" data-filename=\"etappe15-019.jpg\" data-slide-type=\"image\"><img loading=\"lazy\" decoding=\"async\" src=\"https:\/\/husweg.eu\/cz\/wp-content\/uploads\/2022\/12\/etappe15-019.jpg\" height=\"370\" width=\"820\" alt=\"\" class=\"slider-340 slide-383 msDefaultImage\" title=\"etapa15-019\" \/><\/li>\n            <\/ul>\n        <\/div>\n        \n    <\/div>\n<\/div>\n<p><strong>Etapa 15: Neustadt an der Waldnaab \u2013 Etzenricht (18,1 km \u2013 5.31 h)<\/strong><br \/>\n<span style=\"color: #ff0000;\">Neustadt <span style=\"color: #000000;\">&#8211; 1,9 km &#8211; Altenstadt &#8211; 6,5 km &#8211; Weiden &#8211; 9,7 km &#8211;<\/span> Etzenricht<\/span><\/p>\n<p>M\u00e1lokter\u00e1 jin\u00e1 etapa na Husov\u011b cest\u011b je tak m\u011bstsk\u00e1 jako ta dne\u0161n\u00ed. Trasa vede z centra Neustadtu p\u0159es Altenstadt na okraj Weidenu m\u011bstsk\u00fdmi oblastmi v d\u00e9lce 11 km. Nem\u011bly by tedy nastat \u017e\u00e1dn\u00e9 probl\u00e9my se z\u00e1sobami nebo nudou.<\/p>\n<p>Dnes za\u010d\u00edn\u00e1me na n\u00e1m\u011bst\u00ed v <strong>Neustadtu an der Waldnaab<\/strong>. Srdcem centra Neustadtu jsou Star\u00fd a Nov\u00fd z\u00e1mek. P\u0159ipom\u00ednaj\u00ed t\u00e9m\u011b\u0159 250 let vl\u00e1dy Lobkovic\u016f a dodnes jsou ob\u011b budovy vyu\u017e\u00edv\u00e1ny jako administrativn\u00ed budovy. Prohl\u00eddka je mo\u017en\u00e1 pouze v \u00fa\u0159edn\u00edch hodin\u00e1ch okresn\u00edho \u00fa\u0159adu. Stejn\u011b jako Pl\u00f6\u00dfberg m\u00e1 i Neustadt historickou tradici v\u00fdroby skla. M\u011bstsk\u00e9 a skl\u00e1\u0159sk\u00e9 muzeum se nach\u00e1z\u00ed hned vedle farn\u00edho k ostela svat\u00e9ho Ji\u0159\u00ed. 900 m jihov\u00fdchodn\u011b od centra, za nemocnic\u00ed, bd\u00ed nad m\u011bstem kl\u00e1\u0161tern\u00ed kostel svat\u00e9ho Felixe z 18. stolet\u00ed. Stoj\u00ed za to se zde zastavit, odpo\u010dinout si a pokochat se v\u00fdhledem do okol\u00ed.<\/p>\n<p>Zp\u011bt na Bahnhofstra\u00dfe vid\u00edme za \u010derpac\u00ed stanic\u00ed most. P\u0159es n\u011bj p\u0159ech\u00e1z\u00edme p\u0159es \u0159eku Waldnaab, kter\u00e1 odd\u011bluje Neustadt od sousedn\u00edho Altenstadtu. \u0158eka zde vypad\u00e1 o n\u011bco p\u016fsobiv\u011bji ne\u017e v historick\u00e9m parku v B\u00e4rnau. Odbo\u010d\u00edme vlevo do ulice Bahnhofstra\u00dfe a mineme ceduli <strong>Altenstadt an der Waldnaab<\/strong>. Po 200 m hled\u00e1me po prav\u00e9 stran\u011b podchod, kde Husova stezka pokra\u010duje pod \u017eelezni\u010dn\u00ed trat\u00ed a navazuje na hlavn\u00ed silnici. Vlevo vid\u00edme n\u00e1m\u011bst\u00ed Pfarrplatz s farn\u00edm kostelem Nanebevzet\u00ed Panny Marie, postaven\u00fdm ve 12. stolet\u00ed. Nenechte si uj\u00edt hlavn\u00ed olt\u00e1\u0159 ze 17. stolet\u00ed. Na druh\u00e9 stran\u011b h\u0159bitova pokra\u010duje cesta v &#8222;Goldene Gasse&#8220; mezi mate\u0159skou \u0161kolou a \u0161kolou. Zlat\u00e1 uli\u010dka se zde v miniatu\u0159e odr\u00e1\u017e\u00ed na 50 metr\u016f dlouh\u00e9 \u0161koln\u00ed zdi a zve k bli\u017e\u0161\u00edmu sezn\u00e1men\u00ed na 14 panelech s fotografiemi v\u00fdznamn\u00fdch m\u00edst a kr\u00e1tk\u00fdmi informa\u010dn\u00edmi texty.<br \/>\nPokra\u010dujeme kousek rovn\u011b a odbo\u010d\u00edme na Karl-Hofbauer-Stra\u00dfe. Jakmile p\u0159ekro\u010d\u00edme \u017eelezni\u010dn\u00ed tra\u0165, sejdeme po schodech vpravo dol\u016f a dostaneme se p\u0159\u00edmo na m\u00edstn\u00ed n\u00e1dra\u017e\u00ed. Husova stezka zde vede asi kilometr po lev\u00e9 stran\u011b \u017eelezni\u010dn\u00ed trati lesem a pak se st\u00e1\u010d\u00ed doleva, tak\u017ee se zat\u00edm jen zlehka dot\u00fdk\u00e1me m\u011bstsk\u00e9 \u010d\u00e1sti Weidenu.<\/p>\n<p>Na trase z Prahy do Norimberku je <strong>Weiden in der Oberpfalz<\/strong> nejv\u011bt\u0161\u00edm m\u011bstem a po Regensburgu druh\u00fdm nejv\u011bt\u0161\u00edm m\u011bstem Horn\u00ed Falce. Ne\u017e v\u0161ak doraz\u00edme k bran\u00e1m malebn\u00e9ho star\u00e9ho m\u011bsta, p\u0159ekon\u00e1me dal\u0161\u00ed 4 km m\u011bstsk\u00e9 \u010d\u00e1sti. Pod\u00e9l \u0159eky Herbstaugraben se vyd\u00e1me po stezk\u00e1ch vhodn\u00fdch pro cyklistiku a\u017e do Waldnaabu. Zde pokra\u010dujeme po prav\u00e9 stran\u011b protipovod\u0148ov\u00e9ho kan\u00e1lu. Mezi dv\u011bma velk\u00fdmi parkovi\u0161ti se nach\u00e1z\u00ed &#8222;dlouh\u00e1 l\u00e1vka&#8220;, kter\u00e1 n\u00e1s zavede kolem v\u00edce\u00fa\u010delov\u00e9 haly, r\u016fzn\u00fdch vl\u00e1dn\u00edch budov a weidensk\u00e9 nemocnice p\u0159\u00edmo do star\u00e9ho m\u011bsta. U kostela svat\u00e9ho \u0160ebesti\u00e1na odbo\u010d\u00edme vlevo a brzy se ocitneme u &#8222;Doln\u00ed br\u00e1ny&#8220; &#8211; vchodu do star\u00e9ho m\u011bsta Weidenu. Kdo chce, m\u016f\u017ee odbo\u010dit doprava a nav\u0161t\u00edvit Mezin\u00e1rodn\u00ed muzeum keramiky ve Weidenu.<\/p>\n<p>Centrum star\u00e9ho m\u011bsta tvo\u0159\u00ed horn\u00ed a doln\u00ed trh. Fascinov\u00e1ni malebnou architekturou se proch\u00e1z\u00edme do srdce tohoto velk\u00e9ho a impozantn\u00edho are\u00e1lu. Star\u00e1 radnice, kde s\u00eddl\u00ed tak\u00e9 turistick\u00e1 informa\u010dn\u00ed kancel\u00e1\u0159, jej rozd\u011bluje na dv\u011b \u010d\u00e1sti. Za budovou jsou um\u00edst\u011bny kamenn\u00e9 koule z husitsk\u00fdch v\u00e1lek. Cel\u00e1 kulisa je obklopena \u010detn\u00fdmi uli\u010dkami a v\u0161e je ohrani\u010deno ochrann\u00fdm valem. Za n\u00e1v\u0161t\u011bvu stoj\u00ed tak\u00e9 M\u011bstsk\u00e9 muzeum a Vlastiv\u011bdn\u00e9 muzeum Tachova (ob\u011b se nach\u00e1zej\u00ed v kulturn\u00edm centru) a sousedn\u00ed kostel sv. Michala.<\/p>\n<p>Nyn\u00ed vyhled\u00e1me cestu od &#8222;Horn\u00ed br\u00e1ny&#8220; k ulici Bahnhofstra\u00dfe a projdeme pod \u017eelezni\u010dn\u00ed trat\u00ed, kolem kostela Nejsv\u011bt\u011bj\u0161\u00edho Srdce P\u00e1n\u011b odbo\u010d\u00edme doleva a po ulici Esperantostra\u00dfe se vyd\u00e1me jihoz\u00e1padn\u00edm sm\u011brem. Podejdeme d\u00e1lnici A 93 a sledujeme na\u0161i zna\u010dku kolem obce Ermersricht. Odtud n\u00e1s \u010dek\u00e1 je\u0161t\u011b 6,5 km, ne\u017e doraz\u00edme do Etzenrichtu. Tato stezka n\u00e1s po v\u0161em tom m\u011bstsk\u00e9m hluku op\u011bt provede tichem p\u0159\u00edrody. Z\u00e1v\u011br etapy tvo\u0159\u00ed prudk\u00fd sestup z kopce Weinberg do vesnice <strong>Etzenricht<\/strong>.<\/p>\n","protected":false},"excerpt":{"rendered":"<p>Etapa 15: Neustadt an der Waldnaab \u2013 Etzenricht (18,1 km \u2013 5.31 h) Neustadt &#8211; 1,9 km &#8211; Altenstadt &#8211; 6,5 km &#8211; Weiden &#8211; 9,7 km &#8211; Etzenricht M\u00e1lokter\u00e1 jin\u00e1 etapa na Husov\u011b cest\u011b je tak m\u011bstsk\u00e1 jako ta dne\u0161n\u00ed. Trasa vede z centra Neustadtu p\u0159es Altenstadt na okraj&#8230;<\/p>\n<p> <a class=\"continue-reading-link\" href=\"https:\/\/husweg.eu\/cz\/etapa-15\/\"><span>Continue reading<\/span><i class=\"crycon-right-dir\"><\/i><\/a> <\/p>\n","protected":false},"author":1,"featured_media":0,"parent":0,"menu_order":0,"comment_status":"closed","ping_status":"closed","template":"","meta":{"ngg_post_thumbnail":0,"footnotes":""},"class_list":["post-281","page","type-page","status-publish","hentry"],"yoast_head":"<!-- This site is optimized with the Yoast SEO plugin v27.4 - https:\/\/yoast.com\/product\/yoast-seo-wordpress\/ -->\n<title>Etapa 15 - Husova cesta<\/title>\n<meta name=\"robots\" content=\"index, follow, max-snippet:-1, max-image-preview:large, max-video-preview:-1\" \/>\n<link rel=\"canonical\" href=\"https:\/\/husweg.eu\/cz\/etapa-15\/\" \/>\n<meta property=\"og:locale\" content=\"de_DE\" \/>\n<meta property=\"og:type\" content=\"article\" \/>\n<meta property=\"og:title\" content=\"Etapa 15 - Husova cesta\" \/>\n<meta property=\"og:description\" content=\"Etapa 15: Neustadt an der Waldnaab \u2013 Etzenricht (18,1 km \u2013 5.31 h) Neustadt &#8211; 1,9 km &#8211; Altenstadt &#8211; 6,5 km &#8211; Weiden &#8211; 9,7 km &#8211; Etzenricht M\u00e1lokter\u00e1 jin\u00e1 etapa na Husov\u011b cest\u011b je tak m\u011bstsk\u00e1 jako ta dne\u0161n\u00ed. Trasa vede z centra Neustadtu p\u0159es Altenstadt na okraj... Continue reading\" \/>\n<meta property=\"og:url\" content=\"https:\/\/husweg.eu\/cz\/etapa-15\/\" \/>\n<meta property=\"og:site_name\" content=\"Husova cesta\" \/>\n<meta property=\"article:modified_time\" content=\"2023-01-08T00:36:46+00:00\" \/>\n<meta name=\"twitter:card\" content=\"summary_large_image\" \/>\n<meta name=\"twitter:label1\" content=\"Gesch\u00e4tzte Lesezeit\" \/>\n\t<meta name=\"twitter:data1\" content=\"4\u00a0Minuten\" \/>\n<script type=\"application\/ld+json\" class=\"yoast-schema-graph\">{\"@context\":\"https:\\\/\\\/schema.org\",\"@graph\":[{\"@type\":\"WebPage\",\"@id\":\"https:\\\/\\\/husweg.eu\\\/cz\\\/etapa-15\\\/\",\"url\":\"https:\\\/\\\/husweg.eu\\\/cz\\\/etapa-15\\\/\",\"name\":\"Etapa 15 - Husova cesta\",\"isPartOf\":{\"@id\":\"https:\\\/\\\/husweg.eu\\\/cz\\\/#website\"},\"datePublished\":\"2022-11-30T21:49:46+00:00\",\"dateModified\":\"2023-01-08T00:36:46+00:00\",\"breadcrumb\":{\"@id\":\"https:\\\/\\\/husweg.eu\\\/cz\\\/etapa-15\\\/#breadcrumb\"},\"inLanguage\":\"de\",\"potentialAction\":[{\"@type\":\"ReadAction\",\"target\":[\"https:\\\/\\\/husweg.eu\\\/cz\\\/etapa-15\\\/\"]}]},{\"@type\":\"BreadcrumbList\",\"@id\":\"https:\\\/\\\/husweg.eu\\\/cz\\\/etapa-15\\\/#breadcrumb\",\"itemListElement\":[{\"@type\":\"ListItem\",\"position\":1,\"name\":\"Startseite\",\"item\":\"https:\\\/\\\/husweg.eu\\\/cz\\\/\"},{\"@type\":\"ListItem\",\"position\":2,\"name\":\"Etapa 15\"}]},{\"@type\":\"WebSite\",\"@id\":\"https:\\\/\\\/husweg.eu\\\/cz\\\/#website\",\"url\":\"https:\\\/\\\/husweg.eu\\\/cz\\\/\",\"name\":\"Husova cesta\",\"description\":\"Husova cesta symbolicky sleduje Husovo putov\u00e1n\u00ed z Prahy na bavorsko-\u010deskou hranici.\",\"potentialAction\":[{\"@type\":\"SearchAction\",\"target\":{\"@type\":\"EntryPoint\",\"urlTemplate\":\"https:\\\/\\\/husweg.eu\\\/cz\\\/?s={search_term_string}\"},\"query-input\":{\"@type\":\"PropertyValueSpecification\",\"valueRequired\":true,\"valueName\":\"search_term_string\"}}],\"inLanguage\":\"de\"}]}<\/script>\n<!-- \/ Yoast SEO plugin. -->","yoast_head_json":{"title":"Etapa 15 - Husova cesta","robots":{"index":"index","follow":"follow","max-snippet":"max-snippet:-1","max-image-preview":"max-image-preview:large","max-video-preview":"max-video-preview:-1"},"canonical":"https:\/\/husweg.eu\/cz\/etapa-15\/","og_locale":"de_DE","og_type":"article","og_title":"Etapa 15 - Husova cesta","og_description":"Etapa 15: Neustadt an der Waldnaab \u2013 Etzenricht (18,1 km \u2013 5.31 h) Neustadt &#8211; 1,9 km &#8211; Altenstadt &#8211; 6,5 km &#8211; Weiden &#8211; 9,7 km &#8211; Etzenricht M\u00e1lokter\u00e1 jin\u00e1 etapa na Husov\u011b cest\u011b je tak m\u011bstsk\u00e1 jako ta dne\u0161n\u00ed. Trasa vede z centra Neustadtu p\u0159es Altenstadt na okraj... Continue reading","og_url":"https:\/\/husweg.eu\/cz\/etapa-15\/","og_site_name":"Husova cesta","article_modified_time":"2023-01-08T00:36:46+00:00","twitter_card":"summary_large_image","twitter_misc":{"Gesch\u00e4tzte Lesezeit":"4\u00a0Minuten"},"schema":{"@context":"https:\/\/schema.org","@graph":[{"@type":"WebPage","@id":"https:\/\/husweg.eu\/cz\/etapa-15\/","url":"https:\/\/husweg.eu\/cz\/etapa-15\/","name":"Etapa 15 - Husova cesta","isPartOf":{"@id":"https:\/\/husweg.eu\/cz\/#website"},"datePublished":"2022-11-30T21:49:46+00:00","dateModified":"2023-01-08T00:36:46+00:00","breadcrumb":{"@id":"https:\/\/husweg.eu\/cz\/etapa-15\/#breadcrumb"},"inLanguage":"de","potentialAction":[{"@type":"ReadAction","target":["https:\/\/husweg.eu\/cz\/etapa-15\/"]}]},{"@type":"BreadcrumbList","@id":"https:\/\/husweg.eu\/cz\/etapa-15\/#breadcrumb","itemListElement":[{"@type":"ListItem","position":1,"name":"Startseite","item":"https:\/\/husweg.eu\/cz\/"},{"@type":"ListItem","position":2,"name":"Etapa 15"}]},{"@type":"WebSite","@id":"https:\/\/husweg.eu\/cz\/#website","url":"https:\/\/husweg.eu\/cz\/","name":"Husova cesta","description":"Husova cesta symbolicky sleduje Husovo putov\u00e1n\u00ed z Prahy na bavorsko-\u010deskou hranici.","potentialAction":[{"@type":"SearchAction","target":{"@type":"EntryPoint","urlTemplate":"https:\/\/husweg.eu\/cz\/?s={search_term_string}"},"query-input":{"@type":"PropertyValueSpecification","valueRequired":true,"valueName":"search_term_string"}}],"inLanguage":"de"}]}},"_links":{"self":[{"href":"https:\/\/husweg.eu\/cz\/wp-json\/wp\/v2\/pages\/281","targetHints":{"allow":["GET"]}}],"collection":[{"href":"https:\/\/husweg.eu\/cz\/wp-json\/wp\/v2\/pages"}],"about":[{"href":"https:\/\/husweg.eu\/cz\/wp-json\/wp\/v2\/types\/page"}],"author":[{"embeddable":true,"href":"https:\/\/husweg.eu\/cz\/wp-json\/wp\/v2\/users\/1"}],"replies":[{"embeddable":true,"href":"https:\/\/husweg.eu\/cz\/wp-json\/wp\/v2\/comments?post=281"}],"version-history":[{"count":8,"href":"https:\/\/husweg.eu\/cz\/wp-json\/wp\/v2\/pages\/281\/revisions"}],"predecessor-version":[{"id":661,"href":"https:\/\/husweg.eu\/cz\/wp-json\/wp\/v2\/pages\/281\/revisions\/661"}],"wp:attachment":[{"href":"https:\/\/husweg.eu\/cz\/wp-json\/wp\/v2\/media?parent=281"}],"curies":[{"name":"wp","href":"https:\/\/api.w.org\/{rel}","templated":true}]}}