{"id":276,"date":"2022-11-30T22:39:01","date_gmt":"2022-11-30T21:39:01","guid":{"rendered":"https:\/\/husweg.eu\/cz\/?page_id=276"},"modified":"2023-01-08T01:32:08","modified_gmt":"2023-01-08T00:32:08","slug":"etapa-14","status":"publish","type":"page","link":"https:\/\/husweg.eu\/cz\/etapa-14\/","title":{"rendered":"Etapa 14"},"content":{"rendered":"<div id=\"metaslider-id-307\" style=\"width: 100%;\" class=\"ml-slider-3-108-0 metaslider metaslider-flex metaslider-307 ml-slider has-dots-nav ms-theme-default\" role=\"region\" aria-label=\"Etappe 14\" data-height=\"370\" data-width=\"820\">\n    <div id=\"metaslider_container_307\">\n        <div id=\"metaslider_307\">\n            <ul class='slides'>\n                <li style=\"display: block; width: 100%;\" class=\"slide-308 ms-image \" aria-roledescription=\"slide\" data-date=\"2022-12-09 20:18:15\" data-filename=\"etappe14-002.jpg\" data-slide-type=\"image\"><img loading=\"lazy\" decoding=\"async\" src=\"https:\/\/husweg.eu\/cz\/wp-content\/uploads\/2022\/12\/etappe14-002.jpg\" height=\"370\" width=\"820\" alt=\"\" class=\"slider-307 slide-308 msDefaultImage\" title=\"etapa14-002\" \/><\/li>\n                <li style=\"display: none; width: 100%;\" class=\"slide-309 ms-image \" aria-roledescription=\"slide\" data-date=\"2022-12-09 20:18:15\" data-filename=\"etappe14-001.jpg\" data-slide-type=\"image\"><img loading=\"lazy\" decoding=\"async\" src=\"https:\/\/husweg.eu\/cz\/wp-content\/uploads\/2022\/12\/etappe14-001.jpg\" height=\"370\" width=\"820\" alt=\"\" class=\"slider-307 slide-309 msDefaultImage\" title=\"etapa14-001\" \/><\/li>\n                <li style=\"display: none; width: 100%;\" class=\"slide-332 ms-image \" aria-roledescription=\"slide\" data-date=\"2022-12-10 21:00:57\" data-filename=\"etappe14-003.jpg\" data-slide-type=\"image\"><img loading=\"lazy\" decoding=\"async\" src=\"https:\/\/husweg.eu\/cz\/wp-content\/uploads\/2022\/12\/etappe14-003.jpg\" height=\"370\" width=\"820\" alt=\"\" class=\"slider-307 slide-332 msDefaultImage\" title=\"etapa14-003\" \/><\/li>\n                <li style=\"display: none; width: 100%;\" class=\"slide-333 ms-image \" aria-roledescription=\"slide\" data-date=\"2022-12-10 21:00:57\" data-filename=\"etappe14-004.jpg\" data-slide-type=\"image\"><img loading=\"lazy\" decoding=\"async\" src=\"https:\/\/husweg.eu\/cz\/wp-content\/uploads\/2022\/12\/etappe14-004.jpg\" height=\"370\" width=\"820\" alt=\"\" class=\"slider-307 slide-333 msDefaultImage\" title=\"etapa14-004\" \/><\/li>\n                <li style=\"display: none; width: 100%;\" class=\"slide-334 ms-image \" aria-roledescription=\"slide\" data-date=\"2022-12-10 21:00:57\" data-filename=\"etappe14-005.jpg\" data-slide-type=\"image\"><img loading=\"lazy\" decoding=\"async\" src=\"https:\/\/husweg.eu\/cz\/wp-content\/uploads\/2022\/12\/etappe14-005.jpg\" height=\"370\" width=\"820\" alt=\"\" class=\"slider-307 slide-334 msDefaultImage\" title=\"etapa14-005\" \/><\/li>\n                <li style=\"display: none; width: 100%;\" class=\"slide-335 ms-image \" aria-roledescription=\"slide\" data-date=\"2022-12-10 21:00:57\" data-filename=\"etappe14-006.jpg\" data-slide-type=\"image\"><img loading=\"lazy\" decoding=\"async\" src=\"https:\/\/husweg.eu\/cz\/wp-content\/uploads\/2022\/12\/etappe14-006.jpg\" height=\"370\" width=\"820\" alt=\"\" class=\"slider-307 slide-335 msDefaultImage\" title=\"etapa14-006\" \/><\/li>\n                <li style=\"display: none; width: 100%;\" class=\"slide-336 ms-image \" aria-roledescription=\"slide\" data-date=\"2022-12-10 21:00:57\" data-filename=\"etappe14-007.jpg\" data-slide-type=\"image\"><img loading=\"lazy\" decoding=\"async\" src=\"https:\/\/husweg.eu\/cz\/wp-content\/uploads\/2022\/12\/etappe14-007.jpg\" height=\"370\" width=\"820\" alt=\"\" class=\"slider-307 slide-336 msDefaultImage\" title=\"etapa14-007\" \/><\/li>\n                <li style=\"display: none; width: 100%;\" class=\"slide-337 ms-image \" aria-roledescription=\"slide\" data-date=\"2022-12-10 21:00:57\" data-filename=\"etappe14-008.jpg\" data-slide-type=\"image\"><img loading=\"lazy\" decoding=\"async\" src=\"https:\/\/husweg.eu\/cz\/wp-content\/uploads\/2022\/12\/etappe14-008.jpg\" height=\"370\" width=\"820\" alt=\"\" class=\"slider-307 slide-337 msDefaultImage\" title=\"etapa14-008\" \/><\/li>\n                <li style=\"display: none; width: 100%;\" class=\"slide-338 ms-image \" aria-roledescription=\"slide\" data-date=\"2022-12-10 21:00:57\" data-filename=\"etappe14-009.jpg\" data-slide-type=\"image\"><img loading=\"lazy\" decoding=\"async\" src=\"https:\/\/husweg.eu\/cz\/wp-content\/uploads\/2022\/12\/etappe14-009.jpg\" height=\"370\" width=\"820\" alt=\"\" class=\"slider-307 slide-338 msDefaultImage\" title=\"etapa14-009\" \/><\/li>\n                <li style=\"display: none; width: 100%;\" class=\"slide-339 ms-image \" aria-roledescription=\"slide\" data-date=\"2022-12-10 21:00:57\" data-filename=\"etappe14-010.jpg\" data-slide-type=\"image\"><img loading=\"lazy\" decoding=\"async\" src=\"https:\/\/husweg.eu\/cz\/wp-content\/uploads\/2022\/12\/etappe14-010.jpg\" height=\"370\" width=\"820\" alt=\"\" class=\"slider-307 slide-339 msDefaultImage\" title=\"etapa14-010\" \/><\/li>\n            <\/ul>\n        <\/div>\n        \n    <\/div>\n<\/div>\n<p><strong>Etapa 14: B\u00e4rnau &#8211; Neustadt an der Waldnaab (25,3 km \u2013 7.29 hod.)<\/strong><br \/>\n<span style=\"color: #ff0000;\">B\u00e4rnau <span style=\"color: #000000;\">&#8211; 4,4 km &#8211; Hohenthan &#8211; 6,7 km &#8211; Pl\u00f6\u00dfberg &#8211; 4,5 km &#8211; Wildenau &#8211; 3,8 km &#8211; P\u00fcchersreuth &#8211; 5,9 km &#8211;<\/span> Neustadt<\/span><\/p>\n<p><strong>B\u00e4rnau<br \/>\n<\/strong><br \/>\nDne\u0161n\u00ed etapa za\u010d\u00edn\u00e1 na parkovi\u0161ti historick\u00e9ho parku v B\u00e4rnau a vede po r\u016fzn\u00fdch cest\u00e1ch do Neustadtu an der Waldnaab. Obchody s potravinami jsou pouze v Pl\u00f6\u00dfbergu, ale i v ostatn\u00edch obc\u00edch pod\u00e9l cesty najdeme peka\u0159e, \u0159ezn\u00edky a sem tam n\u011bjak\u00fd hostinec.<\/p>\n<p>Z parkovi\u0161t\u011b vyjdeme po d\u0159ev\u011bn\u00e9m most\u011b kolem &amp;quot;zelen\u00e9ho p\u00e1su&amp;quot; a historicko-geologick\u00e9 nau\u010dn\u00e9 stezky. Naposledy se m\u016f\u017eeme nechat un\u00e1\u0161et pohledem na hrad na pahorku historick\u00e9ho parku. Zat\u00edm se nevrac\u00edme na hlavn\u00ed silnici, ale od bo\u017e\u00edho muka (v Horn\u00ed Falci se j\u00ed tak\u00e9 \u0159\u00edk\u00e1 &#8222;Marterl&#8220;) odbo\u010d\u00edme je\u0161t\u011b doleva na vedlej\u0161\u00ed silnici. D\u016fvod najdeme v pravoto\u010div\u00e9 zat\u00e1\u010dce u budovy \u2013 zde m\u016f\u017eeme objevit poz\u016fstatky Zlat\u00e9 cesty v podob\u011b propadl\u00e9 p\u011b\u0161iny. Ta vede zp\u011bt na hlavn\u00ed silnici. Zde nalezneme vlevo na k\u0159i\u017eovatce pam\u011btn\u00ed k\u00e1men Jana Husa. Pokud chcete, m\u016f\u017eete se vydat po kapli\u010dkov\u00e9 stezce do kopce ke kostelu sv. Al\u017eb\u011bty (v B\u00e4rnau se mu tak\u00e9 \u0159\u00edk\u00e1 &#8222;Kappl&#8220;). My v\u0161ak odbo\u010d\u00edme doleva a vyjdeme z m\u011bsta po ulici Naaber Stra\u00dfe. Trafostanice na prav\u00e9 stran\u011b ulice Naaber Stra\u00dfe ozna\u010duje k\u0159i\u017eovatku, kde m\u016f\u017eete odbo\u010dit doleva do idylick\u00e9 obce Moorweiher. My v\u0161ak odbo\u010d\u00edme doprava na poln\u00ed cestu a opust\u00edme tak B\u00e4rnau.<\/p>\n<p>Z cesty do <strong>Thanhausenu<\/strong> se otev\u00edraj\u00ed p\u016fsobiv\u00e9 v\u00fdhledy do okol\u00ed. Naposledy se m\u016f\u017eeme rozlou\u010dit s m\u011bste\u010dkem B\u00e4rnau \u2013 nejstar\u0161\u00edm a nejmen\u0161\u00edm m\u011bstem ve Stiftlandu \u2013 a s \u010desko-bavorsk\u00fdm hrani\u010dn\u00edm h\u0159ebenem a vydat se kolem pol\u00ed do obce Thanhausen, kter\u00e1 u\u017e na n\u00e1s \u2013 posazen\u00e1 na vrcholu kopce \u2013 \u010dek\u00e1. Z kopce m\u00edj\u00edme poln\u00ed pam\u00e1tn\u00edk u cesty. Tyto k\u0159\u00ed\u017ee u cest obvykle p\u0159ipom\u00ednaj\u00ed ud\u00e1losti z minul\u00fdch stolet\u00ed a v p\u0159ev\u00e1\u017en\u011b katolick\u00e9 Horn\u00ed Falci je najdeme \u010dast\u011bji. Zat\u00edmco se silnice st\u00e1\u010d\u00ed doprava, my se vyd\u00e1me po cest\u011b vlevo p\u0159es louku a\u017e do Thanhausenu. P\u0159itom si s \u00fadivem prot\u0159eme o\u010di: na lev\u00e9 stran\u011b se na n\u00e1s zpoza plotu d\u00edvaj\u00ed zub\u0159i. Prohl\u00e9dneme si centrum obce a vyd\u00e1me se po zn\u00e1m\u00e9m zna\u010den\u00ed na z\u00e1pad. Za cedul\u00ed na konci obce odbo\u010d\u00edme doprava p\u0159es louky do <strong>Kaltenm\u00fchle<\/strong>, kter\u00e1 na konci t\u00e9m\u011b\u0159 spl\u00fdv\u00e1 s Hohenthanem. <strong>Hohenthan<\/strong> je posledn\u00ed z m\u011bstsk\u00fdch \u010d\u00e1st\u00ed B\u00e4rnau. Najdeme zde nepravideln\u011b otev\u0159enou hosp\u016fdku Zoigl a pek\u00e1rnu. P\u0159ejdeme Hohenthan a pak jdeme chv\u00edli po silnici (sm\u011brem na Flossenb\u00fcrg). Na\u0161e cesta se st\u00e1\u010d\u00ed doleva, ale pak se vrac\u00ed na silnici, kterou p\u0159ech\u00e1z\u00edme. P\u016fjdeme po klidn\u00fdch poln\u00edch cest\u00e1ch k velk\u00e9mu k\u0159\u00ed\u017ei s odpo\u010d\u00edvadlem a pak odbo\u010d\u00edme doleva.<\/p>\n<p>Zat\u00edmco nab\u00edr\u00e1me kurz na Pl\u00f6\u00dfberg, m\u00edj\u00edme <strong>Rothhof a Gei\u00dfleithen<\/strong>. Stezky mezi Hohenthanem a Pl\u00f6\u00dfbergem se zna\u010dn\u011b li\u0161\u00ed sv\u00fdm stavem: asfaltov\u00e9 cesty, lesn\u00ed cesty, pevn\u00e9 poln\u00ed cesty nebo divoce zarostl\u00e9 louky. V <strong>Pl\u00f6\u00dfbergu<\/strong> se nach\u00e1z\u00ed v\u0161e, co je pot\u0159eba k z\u00e1sobov\u00e1n\u00ed \u2013 dva obchody s potravinami, bankomaty, pek\u00e1rna, \u0159eznictv\u00ed a malebn\u00fd hostinec. Krom\u011b toho najdeme na radnici t\u0159i p\u016fsobiv\u00e9 v\u00fdstavy (sklo, stavba kamen, betl\u00e9msk\u00e9 um\u011bn\u00ed). Z Pl\u00f6\u00dfbergu vyjedeme po stezce Pointweg a n\u00e1sledujeme \u010cesk\u00e9ho lva do pl\u00f6\u00dfbersk\u00e9 \u010dtvrti Wildenau. <strong>Wildenau<\/strong> se prezentuje idylickou polohou s majest\u00e1tn\u00edm hradem. Po opu\u0161t\u011bn\u00ed obce vede stezka 3 km do kopce kolem kaple Marienkapelle do <strong>P\u00fcchersreuthu<\/strong>. Stezka je rozmanit\u00e1 a st\u00e1le znovu nab\u00edz\u00ed zaj\u00edmav\u00e9 v\u00fdhledy. V mal\u00e9 obci P\u00fcchersreuth se p\u0159ekvapiv\u011b nach\u00e1zej\u00ed dva z\u00e1mky, dva kostely a dva h\u0159bitovy. Ve vesnici je tak\u00e9 \u0159eznictv\u00ed s vlastn\u00ed por\u00e1\u017ekou, kter\u00e9 provozuje m\u00edstn\u00ed rod\u00e1k (otev\u0159eno ve \u010dtvrtek, p\u00e1tek a sobotu). Z P\u00fcchersreuth pokra\u010duje stezka 4,5 km po p\u0159\u00edjemn\u00fdch cest\u00e1ch v pom\u011brn\u011b odlehl\u00e9 oblasti. Znovu a znovu m\u011bn\u00edme cesty, proto bychom m\u011bli v\u017edy dob\u0159e sledovat \u010derven\u00e9 zna\u010den\u00ed. Nyn\u00ed proj\u00ed\u017ed\u00edme \u00fazem\u00edm obce St\u00f6rnstein. Na\u0161e turistick\u00e1 trasa vede mezi obcemi Lanz a St\u00f6rnstein a vede oklikou p\u0159es <strong>Rastenhof<\/strong>. Odtud pokra\u010dujeme p\u0159es horsk\u00fd h\u0159eben. Kr\u00e1tk\u00e1 p\u0159est\u00e1vka na obdivov\u00e1n\u00ed n\u00e1dhern\u00fdch v\u00fdhled\u016f je t\u00e9m\u011b\u0159 povinn\u00e1. Jakmile vstoup\u00edme na most p\u0159es d\u00e1lnici, u\u017e n\u00e1s \u010dek\u00e1 <strong>Neustadt an der Waldnaab<\/strong> \u2013 okresn\u00ed m\u011bsto stejnojmenn\u00e9ho okresu a c\u00edl dne\u0161n\u00ed etapy.<\/p>\n","protected":false},"excerpt":{"rendered":"<p>Etapa 14: B\u00e4rnau &#8211; Neustadt an der Waldnaab (25,3 km \u2013 7.29 hod.) B\u00e4rnau &#8211; 4,4 km &#8211; Hohenthan &#8211; 6,7 km &#8211; Pl\u00f6\u00dfberg &#8211; 4,5 km &#8211; Wildenau &#8211; 3,8 km &#8211; P\u00fcchersreuth &#8211; 5,9 km &#8211; Neustadt B\u00e4rnau Dne\u0161n\u00ed etapa za\u010d\u00edn\u00e1 na parkovi\u0161ti historick\u00e9ho parku v B\u00e4rnau a&#8230;<\/p>\n<p> <a class=\"continue-reading-link\" href=\"https:\/\/husweg.eu\/cz\/etapa-14\/\"><span>Continue reading<\/span><i class=\"crycon-right-dir\"><\/i><\/a> <\/p>\n","protected":false},"author":1,"featured_media":0,"parent":0,"menu_order":0,"comment_status":"closed","ping_status":"closed","template":"","meta":{"ngg_post_thumbnail":0,"footnotes":""},"class_list":["post-276","page","type-page","status-publish","hentry"],"yoast_head":"<!-- This site is optimized with the Yoast SEO plugin v27.4 - https:\/\/yoast.com\/product\/yoast-seo-wordpress\/ -->\n<title>Etapa 14 - Husova cesta<\/title>\n<meta name=\"robots\" content=\"index, follow, max-snippet:-1, max-image-preview:large, max-video-preview:-1\" \/>\n<link rel=\"canonical\" href=\"https:\/\/husweg.eu\/cz\/etapa-14\/\" \/>\n<meta property=\"og:locale\" content=\"de_DE\" \/>\n<meta property=\"og:type\" content=\"article\" \/>\n<meta property=\"og:title\" content=\"Etapa 14 - Husova cesta\" \/>\n<meta property=\"og:description\" content=\"Etapa 14: B\u00e4rnau &#8211; Neustadt an der Waldnaab (25,3 km \u2013 7.29 hod.) B\u00e4rnau &#8211; 4,4 km &#8211; Hohenthan &#8211; 6,7 km &#8211; Pl\u00f6\u00dfberg &#8211; 4,5 km &#8211; Wildenau &#8211; 3,8 km &#8211; P\u00fcchersreuth &#8211; 5,9 km &#8211; Neustadt B\u00e4rnau Dne\u0161n\u00ed etapa za\u010d\u00edn\u00e1 na parkovi\u0161ti historick\u00e9ho parku v B\u00e4rnau a... Continue reading\" \/>\n<meta property=\"og:url\" content=\"https:\/\/husweg.eu\/cz\/etapa-14\/\" \/>\n<meta property=\"og:site_name\" content=\"Husova cesta\" \/>\n<meta property=\"article:modified_time\" content=\"2023-01-08T00:32:08+00:00\" \/>\n<meta name=\"twitter:card\" content=\"summary_large_image\" \/>\n<meta name=\"twitter:label1\" content=\"Gesch\u00e4tzte Lesezeit\" \/>\n\t<meta name=\"twitter:data1\" content=\"4\u00a0Minuten\" \/>\n<script type=\"application\/ld+json\" class=\"yoast-schema-graph\">{\"@context\":\"https:\\\/\\\/schema.org\",\"@graph\":[{\"@type\":\"WebPage\",\"@id\":\"https:\\\/\\\/husweg.eu\\\/cz\\\/etapa-14\\\/\",\"url\":\"https:\\\/\\\/husweg.eu\\\/cz\\\/etapa-14\\\/\",\"name\":\"Etapa 14 - Husova cesta\",\"isPartOf\":{\"@id\":\"https:\\\/\\\/husweg.eu\\\/cz\\\/#website\"},\"datePublished\":\"2022-11-30T21:39:01+00:00\",\"dateModified\":\"2023-01-08T00:32:08+00:00\",\"breadcrumb\":{\"@id\":\"https:\\\/\\\/husweg.eu\\\/cz\\\/etapa-14\\\/#breadcrumb\"},\"inLanguage\":\"de\",\"potentialAction\":[{\"@type\":\"ReadAction\",\"target\":[\"https:\\\/\\\/husweg.eu\\\/cz\\\/etapa-14\\\/\"]}]},{\"@type\":\"BreadcrumbList\",\"@id\":\"https:\\\/\\\/husweg.eu\\\/cz\\\/etapa-14\\\/#breadcrumb\",\"itemListElement\":[{\"@type\":\"ListItem\",\"position\":1,\"name\":\"Startseite\",\"item\":\"https:\\\/\\\/husweg.eu\\\/cz\\\/\"},{\"@type\":\"ListItem\",\"position\":2,\"name\":\"Etapa 14\"}]},{\"@type\":\"WebSite\",\"@id\":\"https:\\\/\\\/husweg.eu\\\/cz\\\/#website\",\"url\":\"https:\\\/\\\/husweg.eu\\\/cz\\\/\",\"name\":\"Husova cesta\",\"description\":\"Husova cesta symbolicky sleduje Husovo putov\u00e1n\u00ed z Prahy na bavorsko-\u010deskou hranici.\",\"potentialAction\":[{\"@type\":\"SearchAction\",\"target\":{\"@type\":\"EntryPoint\",\"urlTemplate\":\"https:\\\/\\\/husweg.eu\\\/cz\\\/?s={search_term_string}\"},\"query-input\":{\"@type\":\"PropertyValueSpecification\",\"valueRequired\":true,\"valueName\":\"search_term_string\"}}],\"inLanguage\":\"de\"}]}<\/script>\n<!-- \/ Yoast SEO plugin. -->","yoast_head_json":{"title":"Etapa 14 - Husova cesta","robots":{"index":"index","follow":"follow","max-snippet":"max-snippet:-1","max-image-preview":"max-image-preview:large","max-video-preview":"max-video-preview:-1"},"canonical":"https:\/\/husweg.eu\/cz\/etapa-14\/","og_locale":"de_DE","og_type":"article","og_title":"Etapa 14 - Husova cesta","og_description":"Etapa 14: B\u00e4rnau &#8211; Neustadt an der Waldnaab (25,3 km \u2013 7.29 hod.) B\u00e4rnau &#8211; 4,4 km &#8211; Hohenthan &#8211; 6,7 km &#8211; Pl\u00f6\u00dfberg &#8211; 4,5 km &#8211; Wildenau &#8211; 3,8 km &#8211; P\u00fcchersreuth &#8211; 5,9 km &#8211; Neustadt B\u00e4rnau Dne\u0161n\u00ed etapa za\u010d\u00edn\u00e1 na parkovi\u0161ti historick\u00e9ho parku v B\u00e4rnau a... Continue reading","og_url":"https:\/\/husweg.eu\/cz\/etapa-14\/","og_site_name":"Husova cesta","article_modified_time":"2023-01-08T00:32:08+00:00","twitter_card":"summary_large_image","twitter_misc":{"Gesch\u00e4tzte Lesezeit":"4\u00a0Minuten"},"schema":{"@context":"https:\/\/schema.org","@graph":[{"@type":"WebPage","@id":"https:\/\/husweg.eu\/cz\/etapa-14\/","url":"https:\/\/husweg.eu\/cz\/etapa-14\/","name":"Etapa 14 - Husova cesta","isPartOf":{"@id":"https:\/\/husweg.eu\/cz\/#website"},"datePublished":"2022-11-30T21:39:01+00:00","dateModified":"2023-01-08T00:32:08+00:00","breadcrumb":{"@id":"https:\/\/husweg.eu\/cz\/etapa-14\/#breadcrumb"},"inLanguage":"de","potentialAction":[{"@type":"ReadAction","target":["https:\/\/husweg.eu\/cz\/etapa-14\/"]}]},{"@type":"BreadcrumbList","@id":"https:\/\/husweg.eu\/cz\/etapa-14\/#breadcrumb","itemListElement":[{"@type":"ListItem","position":1,"name":"Startseite","item":"https:\/\/husweg.eu\/cz\/"},{"@type":"ListItem","position":2,"name":"Etapa 14"}]},{"@type":"WebSite","@id":"https:\/\/husweg.eu\/cz\/#website","url":"https:\/\/husweg.eu\/cz\/","name":"Husova cesta","description":"Husova cesta symbolicky sleduje Husovo putov\u00e1n\u00ed z Prahy na bavorsko-\u010deskou hranici.","potentialAction":[{"@type":"SearchAction","target":{"@type":"EntryPoint","urlTemplate":"https:\/\/husweg.eu\/cz\/?s={search_term_string}"},"query-input":{"@type":"PropertyValueSpecification","valueRequired":true,"valueName":"search_term_string"}}],"inLanguage":"de"}]}},"_links":{"self":[{"href":"https:\/\/husweg.eu\/cz\/wp-json\/wp\/v2\/pages\/276","targetHints":{"allow":["GET"]}}],"collection":[{"href":"https:\/\/husweg.eu\/cz\/wp-json\/wp\/v2\/pages"}],"about":[{"href":"https:\/\/husweg.eu\/cz\/wp-json\/wp\/v2\/types\/page"}],"author":[{"embeddable":true,"href":"https:\/\/husweg.eu\/cz\/wp-json\/wp\/v2\/users\/1"}],"replies":[{"embeddable":true,"href":"https:\/\/husweg.eu\/cz\/wp-json\/wp\/v2\/comments?post=276"}],"version-history":[{"count":11,"href":"https:\/\/husweg.eu\/cz\/wp-json\/wp\/v2\/pages\/276\/revisions"}],"predecessor-version":[{"id":660,"href":"https:\/\/husweg.eu\/cz\/wp-json\/wp\/v2\/pages\/276\/revisions\/660"}],"wp:attachment":[{"href":"https:\/\/husweg.eu\/cz\/wp-json\/wp\/v2\/media?parent=276"}],"curies":[{"name":"wp","href":"https:\/\/api.w.org\/{rel}","templated":true}]}}