{"id":271,"date":"2022-11-30T22:14:40","date_gmt":"2022-11-30T21:14:40","guid":{"rendered":"https:\/\/husweg.eu\/cz\/?page_id=271"},"modified":"2022-12-15T00:32:25","modified_gmt":"2022-12-14T23:32:25","slug":"tiraz","status":"publish","type":"page","link":"https:\/\/husweg.eu\/cz\/tiraz\/","title":{"rendered":"Tir\u00e1\u017e"},"content":{"rendered":"<p>Podle \u00a7 5 TMG:<\/p>\n<p>Sdru\u017een\u00ed Via Carolina \u2013 Goldene Stra\u00dfe e. PROTI<br \/>\nNaaber Strasse 5 b<br \/>\n95671 Baernau<\/p>\n<p>Zastoupen\u00e1 p\u0159edstavenstvem Via Carolina \u2013 Goldene Stra\u00dfe e. V.: Pan Alfr\u00e9d Wolf<\/p>\n<p>V\u011bdeck\u00fd \u0159editel Historick\u00fd park B\u00e4rnau-Tachov: pan Stefan Wolters<\/p>\n<p>Telefon: 09635 9249975<br \/>\nFax: 09635 9249995<br \/>\nE-mail: info@geschichtspark.de<\/p>\n<p>Z\u00e1pis do rejst\u0159\u00edku spolk\u016f.<br \/>\nRejst\u0159\u00edkov\u00fd soud: okresn\u00ed soud ve Weidenu<br \/>\nRegistra\u010dn\u00ed \u010d\u00edslo: VR200039<\/p>\n<p>Da\u0148ov\u00e9 identifika\u010dn\u00ed \u010d\u00edslo podle \u00a7 27 z\u00e1kona o dani z obratu:<br \/>\nUK 274952112<\/p>\n<p>Za obsah odpov\u00edd\u00e1 podle \u00a7 55 odst. 2 RStV:<\/p>\n<p>Sdru\u017een\u00ed Via Carolina \u2013 Goldene Stra\u00dfe e. PROTI<br \/>\nHistorick\u00fd park B\u00e4rnau-Tachov<br \/>\nNaaber Strasse 5 b<br \/>\n95671 Baernau<\/p>\n<p>Tel: 09635 9249975<br \/>\nFax: 09635 9249995<br \/>\nE-mail: info@geschichtspark.de<br \/>\nwww.geschichtspark.de<\/p>\n<p>Sdru\u017een\u00ed p\u0159edstavenstva Via Carolina \u2013 Goldene Stra\u00dfe e. V.: Pan Alfr\u00e9d Wolf<\/p>\n<p>V\u011bdeck\u00fd \u0159editel Historick\u00fd park B\u00e4rnau-Tachov: pan Stefan Wolters<\/p>\n<p>\u0158e\u0161en\u00ed spor\u016f<\/p>\n<p>Evropsk\u00e1 komise poskytuje platformu pro online \u0159e\u0161en\u00ed spor\u016f (OS): https:\/\/ec.europa.eu\/consumers\/odr.<br \/>\nNa\u0161i e-mailovou adresu naleznete v\u00fd\u0161e v tir\u00e1\u017ei.<\/p>\n<p>Nejsme ochotni ani povinni se \u00fa\u010dastnit postup\u016f urovn\u00e1n\u00ed spor\u016f p\u0159ed spot\u0159ebitelsk\u00fdm rozhod\u010d\u00edm v\u00fdborem.<\/p>\n<p>Odpov\u011bdnost za obsah<\/p>\n<p>Jako poskytovatel slu\u017eeb odpov\u00edd\u00e1me za vlastn\u00ed obsah na t\u011bchto str\u00e1nk\u00e1ch podle \u00a7 7 odst. 1 n\u011bmeck\u00e9ho z\u00e1kona o telem\u00e9di\u00edch (TMG). Podle \u00a7\u00a7 8 a\u017e 10 TMG v\u0161ak nejsme jako poskytovatel slu\u017eeb povinni sledovat p\u0159en\u00e1\u0161en\u00e9 nebo uchov\u00e1van\u00e9 informace t\u0159et\u00edch stran nebo prov\u011b\u0159ovat okolnosti, kter\u00e9 nazna\u010duj\u00ed nez\u00e1konnou \u010dinnost.<\/p>\n<p>Povinnosti odstranit nebo zablokovat pou\u017eit\u00ed informac\u00ed podle obecn\u00fdch z\u00e1kon\u016f z\u016fst\u00e1vaj\u00ed nedot\u010deny. Odpov\u011bdnost v tomto ohledu je v\u0161ak mo\u017en\u00e1 a\u017e od okam\u017eiku, kdy je zn\u00e1ma znalost konkr\u00e9tn\u00edho poru\u0161en\u00ed z\u00e1kona. Jakmile se dozv\u00edme o jak\u00e9mkoli poru\u0161en\u00ed z\u00e1kona, okam\u017eit\u011b tento obsah odstran\u00edme.<\/p>\n<p>Odpov\u011bdnost za odkazy<\/p>\n<p>Na\u0161e nab\u00eddka obsahuje odkazy na extern\u00ed webov\u00e9 str\u00e1nky, na kter\u00e9 nem\u00e1me \u017e\u00e1dn\u00fd vliv. Proto nem\u016f\u017eeme p\u0159evz\u00edt \u017e\u00e1dnou odpov\u011bdnost za tento extern\u00ed obsah. Za obsah odkazovan\u00fdch str\u00e1nek je v\u017edy odpov\u011bdn\u00fd p\u0159\u00edslu\u0161n\u00fd poskytovatel nebo provozovatel str\u00e1nek. Odkazovan\u00e9 str\u00e1nky byly v dob\u011b propojen\u00ed zkontrolov\u00e1ny z hlediska mo\u017en\u00e9ho poru\u0161en\u00ed z\u00e1kona. Neleg\u00e1ln\u00ed obsah nebyl v dob\u011b propojen\u00ed rozpoznateln\u00fd.<\/p>\n<p>Trval\u00e1 kontrola obsahu odkazovan\u00fdch str\u00e1nek v\u0161ak nen\u00ed rozumn\u00e1 bez konkr\u00e9tn\u00edch d\u016fkaz\u016f o poru\u0161en\u00ed. Jakmile se dozv\u00edme o poru\u0161en\u00ed z\u00e1kona, takov\u00e9 odkazy okam\u017eit\u011b odstran\u00edme.<\/p>\n<p>autorsk\u00e1 pr\u00e1va<\/p>\n<p>Obsah a d\u00edla na t\u011bchto str\u00e1nk\u00e1ch vytvo\u0159en\u00e1 provozovateli str\u00e1nek podl\u00e9haj\u00ed n\u011bmeck\u00e9mu autorsk\u00e9mu pr\u00e1vu. Kop\u00edrov\u00e1n\u00ed, \u00fapravy, distribuce a jak\u00fdkoli druh vyu\u017eit\u00ed mimo limity autorsk\u00fdch pr\u00e1v vy\u017eaduj\u00ed p\u00edsemn\u00fd souhlas p\u0159\u00edslu\u0161n\u00e9ho autora nebo tv\u016frce. Stahov\u00e1n\u00ed a kopie tohoto webu jsou povoleny pouze pro soukrom\u00e9, nekomer\u010dn\u00ed pou\u017eit\u00ed.<\/p>\n<p>Pokud obsah t\u011bchto str\u00e1nek nebyl vytvo\u0159en provozovatelem, jsou dodr\u017eov\u00e1na autorsk\u00e1 pr\u00e1va t\u0159et\u00edch osob. Zejm\u00e9na obsahy t\u0159et\u00edch stran jsou takto ozna\u010deny. Pokud byste se p\u0159esto dozv\u011bd\u011bli o poru\u0161en\u00ed autorsk\u00fdch pr\u00e1v, \u017e\u00e1d\u00e1me v\u00e1s, abyste n\u00e1s o tom informovali. Jakmile se dozv\u00edme o poru\u0161en\u00ed z\u00e1kona, okam\u017eit\u011b takov\u00fd obsah odstran\u00edme.<\/p>\n<p>Fotografick\u00fd kredit:<\/p>\n<p>Pou\u017e\u00edv\u00e1me grafiku z n\u00e1sleduj\u00edc\u00edch zdroj\u016f:<\/p>\n<p>fotografov\u00e9:<\/p>\n","protected":false},"excerpt":{"rendered":"<p>Podle \u00a7 5 TMG: Sdru\u017een\u00ed Via Carolina \u2013 Goldene Stra\u00dfe e. PROTI Naaber Strasse 5 b 95671 Baernau Zastoupen\u00e1 p\u0159edstavenstvem Via Carolina \u2013 Goldene Stra\u00dfe e. V.: Pan Alfr\u00e9d Wolf V\u011bdeck\u00fd \u0159editel Historick\u00fd park B\u00e4rnau-Tachov: pan Stefan Wolters Telefon: 09635 9249975 Fax: 09635 9249995 E-mail: info@geschichtspark.de Z\u00e1pis do rejst\u0159\u00edku spolk\u016f&#8230;.<\/p>\n<p> <a class=\"continue-reading-link\" href=\"https:\/\/husweg.eu\/cz\/tiraz\/\"><span>Continue reading<\/span><i class=\"crycon-right-dir\"><\/i><\/a> <\/p>\n","protected":false},"author":1,"featured_media":0,"parent":0,"menu_order":0,"comment_status":"closed","ping_status":"closed","template":"","meta":{"ngg_post_thumbnail":0,"footnotes":""},"class_list":["post-271","page","type-page","status-publish","hentry"],"yoast_head":"<!-- This site is optimized with the Yoast SEO plugin v27.4 - https:\/\/yoast.com\/product\/yoast-seo-wordpress\/ -->\n<title>Tir\u00e1\u017e - Husova cesta<\/title>\n<meta name=\"robots\" content=\"index, follow, max-snippet:-1, max-image-preview:large, max-video-preview:-1\" \/>\n<link rel=\"canonical\" href=\"https:\/\/husweg.eu\/cz\/tiraz\/\" \/>\n<meta property=\"og:locale\" content=\"de_DE\" \/>\n<meta property=\"og:type\" content=\"article\" \/>\n<meta property=\"og:title\" content=\"Tir\u00e1\u017e - Husova cesta\" \/>\n<meta property=\"og:description\" content=\"Podle \u00a7 5 TMG: Sdru\u017een\u00ed Via Carolina \u2013 Goldene Stra\u00dfe e. PROTI Naaber Strasse 5 b 95671 Baernau Zastoupen\u00e1 p\u0159edstavenstvem Via Carolina \u2013 Goldene Stra\u00dfe e. V.: Pan Alfr\u00e9d Wolf V\u011bdeck\u00fd \u0159editel Historick\u00fd park B\u00e4rnau-Tachov: pan Stefan Wolters Telefon: 09635 9249975 Fax: 09635 9249995 E-mail: info@geschichtspark.de Z\u00e1pis do rejst\u0159\u00edku spolk\u016f.... Continue reading\" \/>\n<meta property=\"og:url\" content=\"https:\/\/husweg.eu\/cz\/tiraz\/\" \/>\n<meta property=\"og:site_name\" content=\"Husova cesta\" \/>\n<meta property=\"article:modified_time\" content=\"2022-12-14T23:32:25+00:00\" \/>\n<meta name=\"twitter:card\" content=\"summary_large_image\" \/>\n<meta name=\"twitter:label1\" content=\"Gesch\u00e4tzte Lesezeit\" \/>\n\t<meta name=\"twitter:data1\" content=\"3\u00a0Minuten\" \/>\n<script type=\"application\/ld+json\" class=\"yoast-schema-graph\">{\"@context\":\"https:\\\/\\\/schema.org\",\"@graph\":[{\"@type\":\"WebPage\",\"@id\":\"https:\\\/\\\/husweg.eu\\\/cz\\\/tiraz\\\/\",\"url\":\"https:\\\/\\\/husweg.eu\\\/cz\\\/tiraz\\\/\",\"name\":\"Tir\u00e1\u017e - Husova cesta\",\"isPartOf\":{\"@id\":\"https:\\\/\\\/husweg.eu\\\/cz\\\/#website\"},\"datePublished\":\"2022-11-30T21:14:40+00:00\",\"dateModified\":\"2022-12-14T23:32:25+00:00\",\"breadcrumb\":{\"@id\":\"https:\\\/\\\/husweg.eu\\\/cz\\\/tiraz\\\/#breadcrumb\"},\"inLanguage\":\"de\",\"potentialAction\":[{\"@type\":\"ReadAction\",\"target\":[\"https:\\\/\\\/husweg.eu\\\/cz\\\/tiraz\\\/\"]}]},{\"@type\":\"BreadcrumbList\",\"@id\":\"https:\\\/\\\/husweg.eu\\\/cz\\\/tiraz\\\/#breadcrumb\",\"itemListElement\":[{\"@type\":\"ListItem\",\"position\":1,\"name\":\"Startseite\",\"item\":\"https:\\\/\\\/husweg.eu\\\/cz\\\/\"},{\"@type\":\"ListItem\",\"position\":2,\"name\":\"Tir\u00e1\u017e\"}]},{\"@type\":\"WebSite\",\"@id\":\"https:\\\/\\\/husweg.eu\\\/cz\\\/#website\",\"url\":\"https:\\\/\\\/husweg.eu\\\/cz\\\/\",\"name\":\"Husova cesta\",\"description\":\"Husova cesta symbolicky sleduje Husovo putov\u00e1n\u00ed z Prahy na bavorsko-\u010deskou hranici.\",\"potentialAction\":[{\"@type\":\"SearchAction\",\"target\":{\"@type\":\"EntryPoint\",\"urlTemplate\":\"https:\\\/\\\/husweg.eu\\\/cz\\\/?s={search_term_string}\"},\"query-input\":{\"@type\":\"PropertyValueSpecification\",\"valueRequired\":true,\"valueName\":\"search_term_string\"}}],\"inLanguage\":\"de\"}]}<\/script>\n<!-- \/ Yoast SEO plugin. -->","yoast_head_json":{"title":"Tir\u00e1\u017e - Husova cesta","robots":{"index":"index","follow":"follow","max-snippet":"max-snippet:-1","max-image-preview":"max-image-preview:large","max-video-preview":"max-video-preview:-1"},"canonical":"https:\/\/husweg.eu\/cz\/tiraz\/","og_locale":"de_DE","og_type":"article","og_title":"Tir\u00e1\u017e - Husova cesta","og_description":"Podle \u00a7 5 TMG: Sdru\u017een\u00ed Via Carolina \u2013 Goldene Stra\u00dfe e. PROTI Naaber Strasse 5 b 95671 Baernau Zastoupen\u00e1 p\u0159edstavenstvem Via Carolina \u2013 Goldene Stra\u00dfe e. V.: Pan Alfr\u00e9d Wolf V\u011bdeck\u00fd \u0159editel Historick\u00fd park B\u00e4rnau-Tachov: pan Stefan Wolters Telefon: 09635 9249975 Fax: 09635 9249995 E-mail: info@geschichtspark.de Z\u00e1pis do rejst\u0159\u00edku spolk\u016f.... Continue reading","og_url":"https:\/\/husweg.eu\/cz\/tiraz\/","og_site_name":"Husova cesta","article_modified_time":"2022-12-14T23:32:25+00:00","twitter_card":"summary_large_image","twitter_misc":{"Gesch\u00e4tzte Lesezeit":"3\u00a0Minuten"},"schema":{"@context":"https:\/\/schema.org","@graph":[{"@type":"WebPage","@id":"https:\/\/husweg.eu\/cz\/tiraz\/","url":"https:\/\/husweg.eu\/cz\/tiraz\/","name":"Tir\u00e1\u017e - Husova cesta","isPartOf":{"@id":"https:\/\/husweg.eu\/cz\/#website"},"datePublished":"2022-11-30T21:14:40+00:00","dateModified":"2022-12-14T23:32:25+00:00","breadcrumb":{"@id":"https:\/\/husweg.eu\/cz\/tiraz\/#breadcrumb"},"inLanguage":"de","potentialAction":[{"@type":"ReadAction","target":["https:\/\/husweg.eu\/cz\/tiraz\/"]}]},{"@type":"BreadcrumbList","@id":"https:\/\/husweg.eu\/cz\/tiraz\/#breadcrumb","itemListElement":[{"@type":"ListItem","position":1,"name":"Startseite","item":"https:\/\/husweg.eu\/cz\/"},{"@type":"ListItem","position":2,"name":"Tir\u00e1\u017e"}]},{"@type":"WebSite","@id":"https:\/\/husweg.eu\/cz\/#website","url":"https:\/\/husweg.eu\/cz\/","name":"Husova cesta","description":"Husova cesta symbolicky sleduje Husovo putov\u00e1n\u00ed z Prahy na bavorsko-\u010deskou hranici.","potentialAction":[{"@type":"SearchAction","target":{"@type":"EntryPoint","urlTemplate":"https:\/\/husweg.eu\/cz\/?s={search_term_string}"},"query-input":{"@type":"PropertyValueSpecification","valueRequired":true,"valueName":"search_term_string"}}],"inLanguage":"de"}]}},"_links":{"self":[{"href":"https:\/\/husweg.eu\/cz\/wp-json\/wp\/v2\/pages\/271","targetHints":{"allow":["GET"]}}],"collection":[{"href":"https:\/\/husweg.eu\/cz\/wp-json\/wp\/v2\/pages"}],"about":[{"href":"https:\/\/husweg.eu\/cz\/wp-json\/wp\/v2\/types\/page"}],"author":[{"embeddable":true,"href":"https:\/\/husweg.eu\/cz\/wp-json\/wp\/v2\/users\/1"}],"replies":[{"embeddable":true,"href":"https:\/\/husweg.eu\/cz\/wp-json\/wp\/v2\/comments?post=271"}],"version-history":[{"count":3,"href":"https:\/\/husweg.eu\/cz\/wp-json\/wp\/v2\/pages\/271\/revisions"}],"predecessor-version":[{"id":634,"href":"https:\/\/husweg.eu\/cz\/wp-json\/wp\/v2\/pages\/271\/revisions\/634"}],"wp:attachment":[{"href":"https:\/\/husweg.eu\/cz\/wp-json\/wp\/v2\/media?parent=271"}],"curies":[{"name":"wp","href":"https:\/\/api.w.org\/{rel}","templated":true}]}}