{"id":19,"date":"2022-10-20T21:49:41","date_gmt":"2022-10-20T19:49:41","guid":{"rendered":"https:\/\/husweg.eu\/cz\/?page_id=19"},"modified":"2022-12-15T00:22:26","modified_gmt":"2022-12-14T23:22:26","slug":"zlata-cesta","status":"publish","type":"page","link":"https:\/\/husweg.eu\/cz\/zlata-cesta\/","title":{"rendered":"Zlat\u00e1 cesta"},"content":{"rendered":"\r\n<p>Zlat\u00e1 cesta je \u00fasek st\u0159edov\u011bk\u00e9 silni\u010dn\u00ed s\u00edt\u011b, kter\u00e1 se t\u00e1hne st\u0159edn\u00ed Evropou jako pavu\u010dina. Zlat\u00e1 cesta m\u00e1 d\u00e9lku asi 300 kilometr\u016f z Prahy do Norimberku a pokra\u010duje na z\u00e1pad\u011b p\u0159es Frankfurt do Lucemburku a na v\u00fdchod\u011b p\u0159es Hradec Kr\u00e1lov\u00e9 do Vratislavi. S rostouc\u00edm v\u00fdznamem Zlat\u00e9 cesty se v odpov\u00eddaj\u00edc\u00edch denn\u00edch \u00fasec\u00edch d\u00e1le roz\u0161i\u0159ovala &#8222;s\u00ed\u0165 slu\u017eeb&#8220; pro cestuj\u00edc\u00ed (ubytov\u00e1n\u00ed, celn\u00ed stanice, trhy atd.). <br \/><br \/>Ji\u017en\u00ed trasa p\u0159es Waidhaus byla krat\u0161\u00ed, ale vedla p\u0159es oblast, kter\u00e1 nebyla pod\u0159\u00edzena c\u00edsa\u0159i. Dnes trasa t\u00e9to &#8222;zak\u00e1zan\u00e9 cesty&#8220; odpov\u00edd\u00e1 zhruba d\u00e1lnici A6\/D5. <br \/><br \/>\u010cesko-bavorsk\u00e1 hranice z\u016fstala od st\u0159edov\u011bku a\u017e do sou\u010dasnosti nem\u011bnnou hranic\u00ed, kter\u00e1 se zachovala po v\u00edce ne\u017e 1000 let. Jako jedna z nejstar\u0161\u00edch hranic v Evrop\u011b m\u00e1 tak\u00e9 bohatou historii. D\u011bjiny hrani\u010dn\u00edch oblast\u00ed Horn\u00ed Falce a \u010cech byly po dlouhou dobu jedn\u00edm celkem, kter\u00fd pat\u0159il k jedn\u00e9 zemi &#8211; &#8222;Svat\u00e9 \u0159\u00ed\u0161i \u0159\u00edmsk\u00e9 n\u00e1roda n\u011bmeck\u00e9ho&#8220;. Bavorsko a \u010cechy byly dv\u011b zem\u011b, mezi nimi\u017e ji\u017e ve st\u0159edov\u011bku prob\u00edhala \u010dil\u00e1 v\u00fdm\u011bna lid\u00ed a zbo\u017e\u00ed. Na \u010desk\u00e9 stran\u011b byla Praha hlavn\u00edm c\u00edlem obchodn\u00edk\u016f. V Bavorsku lid\u00e9 cestovali do Norimberku, Regensburgu a dal\u0161\u00edch velk\u00fdch m\u011bst. Jednou z\u00a0 nejd\u016fle\u017eit\u011bj\u0161\u00edch tras byla v\u00fdchodoz\u00e1padn\u00ed obchodn\u00ed stezka mezi Prahou a Norimberkem. Tato cesta, dnes tradi\u010dn\u011b naz\u00fdvan\u00e1 &#8222;Zlat\u00e1 cesta&#8220; (n\u011bkdy tak\u00e9 &#8222;Norimbersk\u00e1 cesta&#8220; nebo &#8222;Via Carolina&#8220;), z\u00edskala na v\u00fdznamu zejm\u00e9na za vl\u00e1dy Karla IV. ve 14. stolet\u00ed. <br \/><br \/>Karel IV. prohl\u00e1sil tuto cestu za c\u00edsa\u0159skou a na\u0159\u00eddil, \u017ee pouze po n\u00ed maj\u00ed \u010de\u0161t\u00ed kr\u00e1lov\u00e9 jezdit na \u0159\u00ed\u0161sk\u00e9 sn\u011bmy a \u0159\u00ed\u0161sk\u00e9 volby. S\u00e1m se po Zlat\u00e9 cest\u011b vydal 52kr\u00e1t. Hrady zabezpe\u010dovaly cestu. Osady a m\u011bsta pod\u00e9l Zlat\u00e9 cesty umo\u017e\u0148ovaly d\u00edky r\u016fzn\u00fdm privilegi\u00edm efektivn\u00ed a bezpe\u010dn\u00fd obchod mezi Norimberkem a \u010cesk\u00fdm kr\u00e1lovstv\u00edm.<\/p>\r\n<p>Karel IV. naz\u00fdval &#8222;Nov\u00fdmi \u010cechami&#8220; (nebo &#8222;\u010cechy za lesem&#8220;) \u00fazemn\u00ed spojen\u00ed mezi c\u00edsa\u0159sk\u00fdm m\u011bstem Norimberkem a B\u00e4rnau. V roce 1351 ud\u011blil tomuto pohrani\u010dn\u00edmu m\u011bstu tak\u00e9 m\u011bstsk\u00e1 pr\u00e1va. \u017divot lid\u00ed se vyzna\u010doval prosperitou, bezpe\u010dnost\u00ed a dobr\u00fdm sou\u017eit\u00edm. Sulzbach ozna\u010dil za hlavn\u00ed m\u011bsto Nov\u00fdch \u010cech a dodnes jsou zde patrn\u00e9 stopy t\u011bchto \u010das\u016f.<\/p>\r\n","protected":false},"excerpt":{"rendered":"<p>Zlat\u00e1 cesta je \u00fasek st\u0159edov\u011bk\u00e9 silni\u010dn\u00ed s\u00edt\u011b, kter\u00e1 se t\u00e1hne st\u0159edn\u00ed Evropou jako pavu\u010dina. Zlat\u00e1 cesta m\u00e1 d\u00e9lku asi 300 kilometr\u016f z Prahy do Norimberku a pokra\u010duje na z\u00e1pad\u011b p\u0159es Frankfurt do Lucemburku a na v\u00fdchod\u011b p\u0159es Hradec Kr\u00e1lov\u00e9 do Vratislavi. S rostouc\u00edm v\u00fdznamem Zlat\u00e9 cesty se v odpov\u00eddaj\u00edc\u00edch denn\u00edch&#8230;<\/p>\n<p> <a class=\"continue-reading-link\" href=\"https:\/\/husweg.eu\/cz\/zlata-cesta\/\"><span>Continue reading<\/span><i class=\"crycon-right-dir\"><\/i><\/a> <\/p>\n","protected":false},"author":1,"featured_media":0,"parent":0,"menu_order":0,"comment_status":"closed","ping_status":"closed","template":"","meta":{"ngg_post_thumbnail":0,"footnotes":""},"class_list":["post-19","page","type-page","status-publish","hentry"],"yoast_head":"<!-- This site is optimized with the Yoast SEO plugin v27.4 - https:\/\/yoast.com\/product\/yoast-seo-wordpress\/ -->\n<title>Zlat\u00e1 cesta - Husova cesta<\/title>\n<meta name=\"robots\" content=\"index, follow, max-snippet:-1, max-image-preview:large, max-video-preview:-1\" \/>\n<link rel=\"canonical\" href=\"https:\/\/husweg.eu\/cz\/zlata-cesta\/\" \/>\n<meta property=\"og:locale\" content=\"de_DE\" \/>\n<meta property=\"og:type\" content=\"article\" \/>\n<meta property=\"og:title\" content=\"Zlat\u00e1 cesta - Husova cesta\" \/>\n<meta property=\"og:description\" content=\"Zlat\u00e1 cesta je \u00fasek st\u0159edov\u011bk\u00e9 silni\u010dn\u00ed s\u00edt\u011b, kter\u00e1 se t\u00e1hne st\u0159edn\u00ed Evropou jako pavu\u010dina. Zlat\u00e1 cesta m\u00e1 d\u00e9lku asi 300 kilometr\u016f z Prahy do Norimberku a pokra\u010duje na z\u00e1pad\u011b p\u0159es Frankfurt do Lucemburku a na v\u00fdchod\u011b p\u0159es Hradec Kr\u00e1lov\u00e9 do Vratislavi. S rostouc\u00edm v\u00fdznamem Zlat\u00e9 cesty se v odpov\u00eddaj\u00edc\u00edch denn\u00edch... Continue reading\" \/>\n<meta property=\"og:url\" content=\"https:\/\/husweg.eu\/cz\/zlata-cesta\/\" \/>\n<meta property=\"og:site_name\" content=\"Husova cesta\" \/>\n<meta property=\"article:modified_time\" content=\"2022-12-14T23:22:26+00:00\" \/>\n<meta name=\"twitter:card\" content=\"summary_large_image\" \/>\n<meta name=\"twitter:label1\" content=\"Gesch\u00e4tzte Lesezeit\" \/>\n\t<meta name=\"twitter:data1\" content=\"2\u00a0Minuten\" \/>\n<script type=\"application\/ld+json\" class=\"yoast-schema-graph\">{\"@context\":\"https:\\\/\\\/schema.org\",\"@graph\":[{\"@type\":\"WebPage\",\"@id\":\"https:\\\/\\\/husweg.eu\\\/cz\\\/zlata-cesta\\\/\",\"url\":\"https:\\\/\\\/husweg.eu\\\/cz\\\/zlata-cesta\\\/\",\"name\":\"Zlat\u00e1 cesta - Husova cesta\",\"isPartOf\":{\"@id\":\"https:\\\/\\\/husweg.eu\\\/cz\\\/#website\"},\"datePublished\":\"2022-10-20T19:49:41+00:00\",\"dateModified\":\"2022-12-14T23:22:26+00:00\",\"breadcrumb\":{\"@id\":\"https:\\\/\\\/husweg.eu\\\/cz\\\/zlata-cesta\\\/#breadcrumb\"},\"inLanguage\":\"de\",\"potentialAction\":[{\"@type\":\"ReadAction\",\"target\":[\"https:\\\/\\\/husweg.eu\\\/cz\\\/zlata-cesta\\\/\"]}]},{\"@type\":\"BreadcrumbList\",\"@id\":\"https:\\\/\\\/husweg.eu\\\/cz\\\/zlata-cesta\\\/#breadcrumb\",\"itemListElement\":[{\"@type\":\"ListItem\",\"position\":1,\"name\":\"Startseite\",\"item\":\"https:\\\/\\\/husweg.eu\\\/cz\\\/\"},{\"@type\":\"ListItem\",\"position\":2,\"name\":\"Zlat\u00e1 cesta\"}]},{\"@type\":\"WebSite\",\"@id\":\"https:\\\/\\\/husweg.eu\\\/cz\\\/#website\",\"url\":\"https:\\\/\\\/husweg.eu\\\/cz\\\/\",\"name\":\"Husova cesta\",\"description\":\"Husova cesta symbolicky sleduje Husovo putov\u00e1n\u00ed z Prahy na bavorsko-\u010deskou hranici.\",\"potentialAction\":[{\"@type\":\"SearchAction\",\"target\":{\"@type\":\"EntryPoint\",\"urlTemplate\":\"https:\\\/\\\/husweg.eu\\\/cz\\\/?s={search_term_string}\"},\"query-input\":{\"@type\":\"PropertyValueSpecification\",\"valueRequired\":true,\"valueName\":\"search_term_string\"}}],\"inLanguage\":\"de\"}]}<\/script>\n<!-- \/ Yoast SEO plugin. -->","yoast_head_json":{"title":"Zlat\u00e1 cesta - Husova cesta","robots":{"index":"index","follow":"follow","max-snippet":"max-snippet:-1","max-image-preview":"max-image-preview:large","max-video-preview":"max-video-preview:-1"},"canonical":"https:\/\/husweg.eu\/cz\/zlata-cesta\/","og_locale":"de_DE","og_type":"article","og_title":"Zlat\u00e1 cesta - Husova cesta","og_description":"Zlat\u00e1 cesta je \u00fasek st\u0159edov\u011bk\u00e9 silni\u010dn\u00ed s\u00edt\u011b, kter\u00e1 se t\u00e1hne st\u0159edn\u00ed Evropou jako pavu\u010dina. Zlat\u00e1 cesta m\u00e1 d\u00e9lku asi 300 kilometr\u016f z Prahy do Norimberku a pokra\u010duje na z\u00e1pad\u011b p\u0159es Frankfurt do Lucemburku a na v\u00fdchod\u011b p\u0159es Hradec Kr\u00e1lov\u00e9 do Vratislavi. S rostouc\u00edm v\u00fdznamem Zlat\u00e9 cesty se v odpov\u00eddaj\u00edc\u00edch denn\u00edch... Continue reading","og_url":"https:\/\/husweg.eu\/cz\/zlata-cesta\/","og_site_name":"Husova cesta","article_modified_time":"2022-12-14T23:22:26+00:00","twitter_card":"summary_large_image","twitter_misc":{"Gesch\u00e4tzte Lesezeit":"2\u00a0Minuten"},"schema":{"@context":"https:\/\/schema.org","@graph":[{"@type":"WebPage","@id":"https:\/\/husweg.eu\/cz\/zlata-cesta\/","url":"https:\/\/husweg.eu\/cz\/zlata-cesta\/","name":"Zlat\u00e1 cesta - Husova cesta","isPartOf":{"@id":"https:\/\/husweg.eu\/cz\/#website"},"datePublished":"2022-10-20T19:49:41+00:00","dateModified":"2022-12-14T23:22:26+00:00","breadcrumb":{"@id":"https:\/\/husweg.eu\/cz\/zlata-cesta\/#breadcrumb"},"inLanguage":"de","potentialAction":[{"@type":"ReadAction","target":["https:\/\/husweg.eu\/cz\/zlata-cesta\/"]}]},{"@type":"BreadcrumbList","@id":"https:\/\/husweg.eu\/cz\/zlata-cesta\/#breadcrumb","itemListElement":[{"@type":"ListItem","position":1,"name":"Startseite","item":"https:\/\/husweg.eu\/cz\/"},{"@type":"ListItem","position":2,"name":"Zlat\u00e1 cesta"}]},{"@type":"WebSite","@id":"https:\/\/husweg.eu\/cz\/#website","url":"https:\/\/husweg.eu\/cz\/","name":"Husova cesta","description":"Husova cesta symbolicky sleduje Husovo putov\u00e1n\u00ed z Prahy na bavorsko-\u010deskou hranici.","potentialAction":[{"@type":"SearchAction","target":{"@type":"EntryPoint","urlTemplate":"https:\/\/husweg.eu\/cz\/?s={search_term_string}"},"query-input":{"@type":"PropertyValueSpecification","valueRequired":true,"valueName":"search_term_string"}}],"inLanguage":"de"}]}},"_links":{"self":[{"href":"https:\/\/husweg.eu\/cz\/wp-json\/wp\/v2\/pages\/19","targetHints":{"allow":["GET"]}}],"collection":[{"href":"https:\/\/husweg.eu\/cz\/wp-json\/wp\/v2\/pages"}],"about":[{"href":"https:\/\/husweg.eu\/cz\/wp-json\/wp\/v2\/types\/page"}],"author":[{"embeddable":true,"href":"https:\/\/husweg.eu\/cz\/wp-json\/wp\/v2\/users\/1"}],"replies":[{"embeddable":true,"href":"https:\/\/husweg.eu\/cz\/wp-json\/wp\/v2\/comments?post=19"}],"version-history":[{"count":5,"href":"https:\/\/husweg.eu\/cz\/wp-json\/wp\/v2\/pages\/19\/revisions"}],"predecessor-version":[{"id":633,"href":"https:\/\/husweg.eu\/cz\/wp-json\/wp\/v2\/pages\/19\/revisions\/633"}],"wp:attachment":[{"href":"https:\/\/husweg.eu\/cz\/wp-json\/wp\/v2\/media?parent=19"}],"curies":[{"name":"wp","href":"https:\/\/api.w.org\/{rel}","templated":true}]}}