{"id":17,"date":"2022-10-20T21:49:14","date_gmt":"2022-10-20T19:49:14","guid":{"rendered":"https:\/\/husweg.eu\/cz\/?page_id=17"},"modified":"2022-12-15T00:10:44","modified_gmt":"2022-12-14T23:10:44","slug":"mistr-jan-hus","status":"publish","type":"page","link":"https:\/\/husweg.eu\/cz\/mistr-jan-hus\/","title":{"rendered":"Mistr Jan Hus"},"content":{"rendered":"\r\n<div id=\"metaslider-id-140\" style=\"width: 100%;\" class=\"ml-slider-3-108-0 metaslider metaslider-flex metaslider-140 ml-slider has-dots-nav ms-theme-default\" role=\"region\" aria-label=\"Meister Jan Hus\" data-height=\"370\" data-width=\"820\">\n    <div id=\"metaslider_container_140\">\n        <div id=\"metaslider_140\">\n            <ul class='slides'>\n                <li style=\"display: block; width: 100%;\" class=\"slide-158 ms-image \" aria-roledescription=\"slide\" data-date=\"2022-11-11 22:32:42\" data-filename=\"meister-jan-hus-03.jpg\" data-slide-type=\"image\"><img loading=\"lazy\" decoding=\"async\" src=\"https:\/\/husweg.eu\/cz\/wp-content\/uploads\/2022\/11\/meister-jan-hus-03.jpg\" height=\"370\" width=\"820\" alt=\"\" class=\"slider-140 slide-158 msDefaultImage\" title=\"Mistr Jan Hus\" \/><div class=\"caption-wrap\"><div class=\"caption\">Husova socha v Krakovci<\/div><\/div><\/li>\n                <li style=\"display: none; width: 100%;\" class=\"slide-160 ms-image \" aria-roledescription=\"slide\" data-date=\"2022-11-11 22:32:42\" data-filename=\"meister-jan-hus-01.jpg\" data-slide-type=\"image\"><img loading=\"lazy\" decoding=\"async\" src=\"https:\/\/husweg.eu\/cz\/wp-content\/uploads\/2022\/11\/meister-jan-hus-01.jpg\" height=\"370\" width=\"820\" alt=\"\" class=\"slider-140 slide-160 msDefaultImage\" title=\"Mistr Jan Hus\" \/><div class=\"caption-wrap\"><div class=\"caption\">Miln\u00edk k Janu Husovi v B\u00e4rnau<\/div><\/div><\/li>\n                <li style=\"display: none; width: 100%;\" class=\"slide-155 ms-image \" aria-roledescription=\"slide\" data-date=\"2022-11-11 22:32:42\" data-filename=\"meister-jan-hus-05.jpg\" data-slide-type=\"image\"><img loading=\"lazy\" decoding=\"async\" src=\"https:\/\/husweg.eu\/cz\/wp-content\/uploads\/2022\/11\/meister-jan-hus-05.jpg\" height=\"370\" width=\"820\" alt=\"\" class=\"slider-140 slide-155 msDefaultImage\" title=\"Mistr Jan Hus\" \/><div class=\"caption-wrap\"><div class=\"caption\">Vzpom\u00ednka na Jana Husa v Lauf a.d. Pegnitz<\/div><\/div><\/li>\n                <li style=\"display: none; width: 100%;\" class=\"slide-156 ms-image \" aria-roledescription=\"slide\" data-date=\"2022-11-11 22:32:42\" data-filename=\"meister-jan-hus-06.jpg\" data-slide-type=\"image\"><img loading=\"lazy\" decoding=\"async\" src=\"https:\/\/husweg.eu\/cz\/wp-content\/uploads\/2022\/11\/meister-jan-hus-06.jpg\" height=\"370\" width=\"820\" alt=\"\" class=\"slider-140 slide-156 msDefaultImage\" title=\"Mistr Jan Hus\" \/><div class=\"caption-wrap\"><div class=\"caption\">\u010cerven\u00fd kalich je symbolem husit\u016f.<\/div><\/div><\/li>\n                <li style=\"display: none; width: 100%;\" class=\"slide-157 ms-image \" aria-roledescription=\"slide\" data-date=\"2022-11-11 22:32:42\" data-filename=\"meister-jan-hus-04.jpg\" data-slide-type=\"image\"><img loading=\"lazy\" decoding=\"async\" src=\"https:\/\/husweg.eu\/cz\/wp-content\/uploads\/2022\/11\/meister-jan-hus-04.jpg\" height=\"370\" width=\"820\" alt=\"\" class=\"slider-140 slide-157 msDefaultImage\" title=\"Mistr Jan Hus\" \/><div class=\"caption-wrap\"><div class=\"caption\">Pam\u011btn\u00ed deska v Sulzbach-Rosenberg<\/div><\/div><\/li>\n                <li style=\"display: none; width: 100%;\" class=\"slide-159 ms-image \" aria-roledescription=\"slide\" data-date=\"2022-11-11 22:32:42\" data-filename=\"meister-jan-hus-02.jpg\" data-slide-type=\"image\"><img loading=\"lazy\" decoding=\"async\" src=\"https:\/\/husweg.eu\/cz\/wp-content\/uploads\/2022\/11\/meister-jan-hus-02.jpg\" height=\"370\" width=\"820\" alt=\"\" class=\"slider-140 slide-159 msDefaultImage\" title=\"Mistr Jan Hus\" \/><div class=\"caption-wrap\"><div class=\"caption\">Informace o Husovi v Kohlberg<\/div><\/div><\/li>\n                <li style=\"display: none; width: 100%;\" class=\"slide-209 ms-image \" aria-roledescription=\"slide\" data-date=\"2022-11-12 22:50:53\" data-filename=\"meister-jan-hus-07.jpg\" data-slide-type=\"image\"><img loading=\"lazy\" decoding=\"async\" src=\"https:\/\/husweg.eu\/cz\/wp-content\/uploads\/2022\/11\/meister-jan-hus-07.jpg\" height=\"370\" width=\"820\" alt=\"\" class=\"slider-140 slide-209 msDefaultImage\" title=\"Mistr Jan Hus-07\" \/><div class=\"caption-wrap\"><div class=\"caption\">Historick\u00fd portr\u00e9t Jana Husa<\/div><\/div><\/li>\n            <\/ul>\n        <\/div>\n        \n    <\/div>\n<\/div>\r\n<p>Jednou z v\u00fdznamn\u00fdch osobnost\u00ed, kter\u00e9 zanechaly svou stopu v prachu \u010desko-bavorsk\u00e9 zemsk\u00e9 cesty (Zlat\u00e9 cesty) vedouc\u00ed z Prahy do Norimberka, je \u010desk\u00fd st\u0159edov\u011bk\u00fd k\u0159es\u0165ansk\u00fd u\u010denec Jan Hus. Jan Hus kritizoval zka\u017eenost c\u00edrkve v 15. stolet\u00ed, ve kter\u00e9m se vyst\u0159\u00eddali t\u0159i pape\u017eov\u00e9. P\u0159esto\u017ee vyz\u00fdval pouze k n\u00e1prav\u011b a neusiloval o vytvo\u0159en\u00ed nov\u00e9 c\u00edrkve, je dnes pova\u017eov\u00e1n za jednoho z prvn\u00edch reform\u00e1tor\u016f, kter\u00fd o sto let p\u0159edb\u011bhl sv\u00e9 evropsk\u00e9 n\u00e1sledovn\u00edky. Hus\u016fv \u017eivot je spojen p\u0159edev\u0161\u00edm s Prahou, kde p\u016fsobil jako pedagog a po ur\u010ditou dobu byl rektorem Karlovy univerzity. Byl tedy velmi v\u00e1\u017eenou osobou, kter\u00e1 m\u011bla bl\u00edzk\u00fd vztah i ke kr\u00e1lovsk\u00e9 rodin\u011b. Jako \u0159\u00edmskokatolick\u00fd kn\u011bz a n\u00e1bo\u017eensk\u00fd myslitel proslul zejm\u00e9na sv\u00fdmi \u010desk\u00fdmi k\u00e1z\u00e1n\u00edmi v Betl\u00e9msk\u00e9 kapli. Sv\u00fdmi n\u00e1zory si v\u0161ak znep\u0159\u00e1telil nejvy\u0161\u0161\u00ed p\u0159edstavitele c\u00edrkve natolik, \u017ee byl zapov\u011bzen\u00fd. V roce 1414 byl Hus vyzv\u00e1n, aby sv\u00e9 n\u00e1zory obh\u00e1jil na koncilu v Kostnici. Na tento koncil se vydal dobrovoln\u011b a \u0159\u00edmsk\u00fd kr\u00e1l Zikmund Lucembursk\u00fd mu dokonce sl\u00edbil ochrann\u00fd doprovod. P\u0159esto byl prohl\u00e1\u0161en za kac\u00ed\u0159e a bylo mu vyhro\u017eov\u00e1no smrt\u00ed, pokud sv\u00e9 u\u010den\u00ed neodvol\u00e1. Jan Hus z\u016fstal v\u011brn\u00fd sv\u00e9mu p\u0159esv\u011bd\u010den\u00ed i p\u0159es velk\u00fd tlak, kter\u00fd na n\u011bj byl vyv\u00edjen. Sv\u00e9 u\u010den\u00ed necht\u011bl odvolat, a proto byl nakonec v roce 1415 v Kostnici up\u00e1len. Mezi stoupenci Jana Husa v \u010cech\u00e1ch vyvolala zpr\u00e1va o jeho smrti obrovsk\u00fd hn\u011bv, kter\u00fd je\u0161t\u011b vzrostl, kdy\u017e o rok pozd\u011bji kostnick\u00fd koncil odsoudil a up\u00e1lil i bl\u00edzk\u00e9ho p\u0159\u00edtele Jana Husa Jeron\u00fdma Pra\u017esk\u00e9ho. Smrt obou \u010desk\u00fdch kazatel\u016f zp\u016fsobila takovou eskalaci nap\u011bt\u00ed v \u010desk\u00fdch zem\u00edch, kter\u00e1 n\u00e1sledn\u011b vedla k husitsk\u00e9 revoluci.<br \/><br \/>Od konce 19. stolet\u00ed spravuj\u00ed \u010de\u0161t\u00ed ob\u010dan\u00e9 Hus\u016fv d\u016fm v Kostnici, kde Hus pob\u00fdval. Postupn\u011b zde bylo vybudov\u00e1no muzeum, kde byla v roce 2015 otev\u0159ena zcela nov\u00e1 expozice, rovn\u011b\u017e v \u010de\u0161tin\u011b. Pobl\u00ed\u017e n\u011bj, na m\u00edst\u011b jeho popravy, stoj\u00ed pomn\u00edk. Kostnice se tak postupem \u010dasu stala pro \u010cechy v\u00fdznamn\u00fdm poutn\u00edm m\u00edstem a turistick\u00fdm c\u00edlem. (Dobovou pohlednici poskytlo Husitsk\u00e9 muzeum v T\u00e1bo\u0159e ze sv\u00fdch sb\u00edrek).<br \/><br \/>Proto\u017ee m\u00edsta, kde Hus p\u016fsobil, byla c\u00edrkv\u00ed zapov\u011bzena, zdr\u017eoval se Hus v posledn\u00edch letech sv\u00e9ho \u017eivota p\u0159ev\u00e1\u017en\u011b na venkov\u011b. Na cest\u011b do Kostnice se tak\u00e9 vyh\u00fdbal v\u011bt\u0161\u00edm m\u011bst\u016fm a d\u016fle\u017eit\u00fdm obchodn\u00edm cest\u00e1m v \u010cech\u00e1ch. Proto je dnes obt\u00ed\u017en\u00e9 s jistotou ur\u010dit, kudy p\u0159esn\u011b vedly jeho kroky na za\u010d\u00e1tku cesty. Z \u010desko-bavorsk\u00e9 hranice se jeho stoupenci jist\u011b vydali po takzvan\u00e9 Zlat\u00e9 cest\u011b do Norimberku a pot\u00e9 p\u0159es Ulm nap\u0159\u00ed\u010d N\u011bmeckem po obchodn\u00ed stezce vedouc\u00ed do Kostnice na dne\u0161n\u00ed hranici se \u0160v\u00fdcarskem.<\/p>\r\n","protected":false},"excerpt":{"rendered":"<p>Jednou z v\u00fdznamn\u00fdch osobnost\u00ed, kter\u00e9 zanechaly svou stopu v prachu \u010desko-bavorsk\u00e9 zemsk\u00e9 cesty (Zlat\u00e9 cesty) vedouc\u00ed z Prahy do Norimberka, je \u010desk\u00fd st\u0159edov\u011bk\u00fd k\u0159es\u0165ansk\u00fd u\u010denec Jan Hus. Jan Hus kritizoval zka\u017eenost c\u00edrkve v 15. stolet\u00ed, ve kter\u00e9m se vyst\u0159\u00eddali t\u0159i pape\u017eov\u00e9. P\u0159esto\u017ee vyz\u00fdval pouze k n\u00e1prav\u011b a neusiloval o vytvo\u0159en\u00ed&#8230;<\/p>\n<p> <a class=\"continue-reading-link\" href=\"https:\/\/husweg.eu\/cz\/mistr-jan-hus\/\"><span>Continue reading<\/span><i class=\"crycon-right-dir\"><\/i><\/a> <\/p>\n","protected":false},"author":1,"featured_media":0,"parent":0,"menu_order":0,"comment_status":"closed","ping_status":"closed","template":"","meta":{"ngg_post_thumbnail":0,"footnotes":""},"class_list":["post-17","page","type-page","status-publish","hentry"],"yoast_head":"<!-- This site is optimized with the Yoast SEO plugin v27.4 - https:\/\/yoast.com\/product\/yoast-seo-wordpress\/ -->\n<title>Mistr Jan Hus - Husova cesta<\/title>\n<meta name=\"robots\" content=\"index, follow, max-snippet:-1, max-image-preview:large, max-video-preview:-1\" \/>\n<link rel=\"canonical\" href=\"https:\/\/husweg.eu\/cz\/mistr-jan-hus\/\" \/>\n<meta property=\"og:locale\" content=\"de_DE\" \/>\n<meta property=\"og:type\" content=\"article\" \/>\n<meta property=\"og:title\" content=\"Mistr Jan Hus - Husova cesta\" \/>\n<meta property=\"og:description\" content=\"Jednou z v\u00fdznamn\u00fdch osobnost\u00ed, kter\u00e9 zanechaly svou stopu v prachu \u010desko-bavorsk\u00e9 zemsk\u00e9 cesty (Zlat\u00e9 cesty) vedouc\u00ed z Prahy do Norimberka, je \u010desk\u00fd st\u0159edov\u011bk\u00fd k\u0159es\u0165ansk\u00fd u\u010denec Jan Hus. Jan Hus kritizoval zka\u017eenost c\u00edrkve v 15. stolet\u00ed, ve kter\u00e9m se vyst\u0159\u00eddali t\u0159i pape\u017eov\u00e9. P\u0159esto\u017ee vyz\u00fdval pouze k n\u00e1prav\u011b a neusiloval o vytvo\u0159en\u00ed... Continue reading\" \/>\n<meta property=\"og:url\" content=\"https:\/\/husweg.eu\/cz\/mistr-jan-hus\/\" \/>\n<meta property=\"og:site_name\" content=\"Husova cesta\" \/>\n<meta property=\"article:modified_time\" content=\"2022-12-14T23:10:44+00:00\" \/>\n<meta name=\"twitter:card\" content=\"summary_large_image\" \/>\n<meta name=\"twitter:label1\" content=\"Gesch\u00e4tzte Lesezeit\" \/>\n\t<meta name=\"twitter:data1\" content=\"3\u00a0Minuten\" \/>\n<script type=\"application\/ld+json\" class=\"yoast-schema-graph\">{\"@context\":\"https:\\\/\\\/schema.org\",\"@graph\":[{\"@type\":\"WebPage\",\"@id\":\"https:\\\/\\\/husweg.eu\\\/cz\\\/mistr-jan-hus\\\/\",\"url\":\"https:\\\/\\\/husweg.eu\\\/cz\\\/mistr-jan-hus\\\/\",\"name\":\"Mistr Jan Hus - Husova cesta\",\"isPartOf\":{\"@id\":\"https:\\\/\\\/husweg.eu\\\/cz\\\/#website\"},\"datePublished\":\"2022-10-20T19:49:14+00:00\",\"dateModified\":\"2022-12-14T23:10:44+00:00\",\"breadcrumb\":{\"@id\":\"https:\\\/\\\/husweg.eu\\\/cz\\\/mistr-jan-hus\\\/#breadcrumb\"},\"inLanguage\":\"de\",\"potentialAction\":[{\"@type\":\"ReadAction\",\"target\":[\"https:\\\/\\\/husweg.eu\\\/cz\\\/mistr-jan-hus\\\/\"]}]},{\"@type\":\"BreadcrumbList\",\"@id\":\"https:\\\/\\\/husweg.eu\\\/cz\\\/mistr-jan-hus\\\/#breadcrumb\",\"itemListElement\":[{\"@type\":\"ListItem\",\"position\":1,\"name\":\"Startseite\",\"item\":\"https:\\\/\\\/husweg.eu\\\/cz\\\/\"},{\"@type\":\"ListItem\",\"position\":2,\"name\":\"Mistr Jan Hus\"}]},{\"@type\":\"WebSite\",\"@id\":\"https:\\\/\\\/husweg.eu\\\/cz\\\/#website\",\"url\":\"https:\\\/\\\/husweg.eu\\\/cz\\\/\",\"name\":\"Husova cesta\",\"description\":\"Husova cesta symbolicky sleduje Husovo putov\u00e1n\u00ed z Prahy na bavorsko-\u010deskou hranici.\",\"potentialAction\":[{\"@type\":\"SearchAction\",\"target\":{\"@type\":\"EntryPoint\",\"urlTemplate\":\"https:\\\/\\\/husweg.eu\\\/cz\\\/?s={search_term_string}\"},\"query-input\":{\"@type\":\"PropertyValueSpecification\",\"valueRequired\":true,\"valueName\":\"search_term_string\"}}],\"inLanguage\":\"de\"}]}<\/script>\n<!-- \/ Yoast SEO plugin. -->","yoast_head_json":{"title":"Mistr Jan Hus - Husova cesta","robots":{"index":"index","follow":"follow","max-snippet":"max-snippet:-1","max-image-preview":"max-image-preview:large","max-video-preview":"max-video-preview:-1"},"canonical":"https:\/\/husweg.eu\/cz\/mistr-jan-hus\/","og_locale":"de_DE","og_type":"article","og_title":"Mistr Jan Hus - Husova cesta","og_description":"Jednou z v\u00fdznamn\u00fdch osobnost\u00ed, kter\u00e9 zanechaly svou stopu v prachu \u010desko-bavorsk\u00e9 zemsk\u00e9 cesty (Zlat\u00e9 cesty) vedouc\u00ed z Prahy do Norimberka, je \u010desk\u00fd st\u0159edov\u011bk\u00fd k\u0159es\u0165ansk\u00fd u\u010denec Jan Hus. Jan Hus kritizoval zka\u017eenost c\u00edrkve v 15. stolet\u00ed, ve kter\u00e9m se vyst\u0159\u00eddali t\u0159i pape\u017eov\u00e9. P\u0159esto\u017ee vyz\u00fdval pouze k n\u00e1prav\u011b a neusiloval o vytvo\u0159en\u00ed... Continue reading","og_url":"https:\/\/husweg.eu\/cz\/mistr-jan-hus\/","og_site_name":"Husova cesta","article_modified_time":"2022-12-14T23:10:44+00:00","twitter_card":"summary_large_image","twitter_misc":{"Gesch\u00e4tzte Lesezeit":"3\u00a0Minuten"},"schema":{"@context":"https:\/\/schema.org","@graph":[{"@type":"WebPage","@id":"https:\/\/husweg.eu\/cz\/mistr-jan-hus\/","url":"https:\/\/husweg.eu\/cz\/mistr-jan-hus\/","name":"Mistr Jan Hus - Husova cesta","isPartOf":{"@id":"https:\/\/husweg.eu\/cz\/#website"},"datePublished":"2022-10-20T19:49:14+00:00","dateModified":"2022-12-14T23:10:44+00:00","breadcrumb":{"@id":"https:\/\/husweg.eu\/cz\/mistr-jan-hus\/#breadcrumb"},"inLanguage":"de","potentialAction":[{"@type":"ReadAction","target":["https:\/\/husweg.eu\/cz\/mistr-jan-hus\/"]}]},{"@type":"BreadcrumbList","@id":"https:\/\/husweg.eu\/cz\/mistr-jan-hus\/#breadcrumb","itemListElement":[{"@type":"ListItem","position":1,"name":"Startseite","item":"https:\/\/husweg.eu\/cz\/"},{"@type":"ListItem","position":2,"name":"Mistr Jan Hus"}]},{"@type":"WebSite","@id":"https:\/\/husweg.eu\/cz\/#website","url":"https:\/\/husweg.eu\/cz\/","name":"Husova cesta","description":"Husova cesta symbolicky sleduje Husovo putov\u00e1n\u00ed z Prahy na bavorsko-\u010deskou hranici.","potentialAction":[{"@type":"SearchAction","target":{"@type":"EntryPoint","urlTemplate":"https:\/\/husweg.eu\/cz\/?s={search_term_string}"},"query-input":{"@type":"PropertyValueSpecification","valueRequired":true,"valueName":"search_term_string"}}],"inLanguage":"de"}]}},"_links":{"self":[{"href":"https:\/\/husweg.eu\/cz\/wp-json\/wp\/v2\/pages\/17","targetHints":{"allow":["GET"]}}],"collection":[{"href":"https:\/\/husweg.eu\/cz\/wp-json\/wp\/v2\/pages"}],"about":[{"href":"https:\/\/husweg.eu\/cz\/wp-json\/wp\/v2\/types\/page"}],"author":[{"embeddable":true,"href":"https:\/\/husweg.eu\/cz\/wp-json\/wp\/v2\/users\/1"}],"replies":[{"embeddable":true,"href":"https:\/\/husweg.eu\/cz\/wp-json\/wp\/v2\/comments?post=17"}],"version-history":[{"count":5,"href":"https:\/\/husweg.eu\/cz\/wp-json\/wp\/v2\/pages\/17\/revisions"}],"predecessor-version":[{"id":545,"href":"https:\/\/husweg.eu\/cz\/wp-json\/wp\/v2\/pages\/17\/revisions\/545"}],"wp:attachment":[{"href":"https:\/\/husweg.eu\/cz\/wp-json\/wp\/v2\/media?parent=17"}],"curies":[{"name":"wp","href":"https:\/\/api.w.org\/{rel}","templated":true}]}}