{"id":13,"date":"2022-10-20T21:48:13","date_gmt":"2022-10-20T19:48:13","guid":{"rendered":"https:\/\/husweg.eu\/cz\/?page_id=13"},"modified":"2022-12-15T00:04:03","modified_gmt":"2022-12-14T23:04:03","slug":"myslenka-projektu","status":"publish","type":"page","link":"https:\/\/husweg.eu\/cz\/myslenka-projektu\/","title":{"rendered":"My\u0161lenka projektu"},"content":{"rendered":"\r\n<div id=\"metaslider-id-112\" style=\"width: 100%;\" class=\"ml-slider-3-108-0 metaslider metaslider-flex metaslider-112 ml-slider has-dots-nav ms-theme-default\" role=\"region\" aria-label=\"Projektidee\" data-height=\"370\" data-width=\"820\">\n    <div id=\"metaslider_container_112\">\n        <div id=\"metaslider_112\">\n            <ul class='slides'>\n                <li style=\"display: block; width: 100%;\" class=\"slide-134 ms-image \" aria-roledescription=\"slide\" data-date=\"2022-11-11 22:13:41\" data-filename=\"projektidee-03.jpg\" data-slide-type=\"image\"><img loading=\"lazy\" decoding=\"async\" src=\"https:\/\/husweg.eu\/cz\/wp-content\/uploads\/2022\/11\/projektidee-03.jpg\" height=\"370\" width=\"820\" alt=\"\" class=\"slider-112 slide-134 msDefaultImage\" title=\"My\u0161lenka projektu\" \/><div class=\"caption-wrap\"><div class=\"caption\">RRA Plze\u0148 na n\u00e1v\u0161t\u011bv\u011b Historick\u00e9ho parku B\u00e4rnau-Tachov.<\/div><\/div><\/li>\n                <li style=\"display: none; width: 100%;\" class=\"slide-136 ms-image \" aria-roledescription=\"slide\" data-date=\"2022-11-11 22:13:41\" data-filename=\"projektidee-01.jpg\" data-slide-type=\"image\"><img loading=\"lazy\" decoding=\"async\" src=\"https:\/\/husweg.eu\/cz\/wp-content\/uploads\/2022\/11\/projektidee-01.jpg\" height=\"370\" width=\"820\" alt=\"\" class=\"slider-112 slide-136 msDefaultImage\" title=\"My\u0161lenka projektu\" \/><div class=\"caption-wrap\"><div class=\"caption\">P\u0159ehledovou mapu p\u0159edstavuj\u00ed n\u011bme\u010dt\u00ed projektov\u00ed mana\u017ee\u0159i Zuzana Vere\u0161ov\u00e1 a Charles Herold (Via Carolina - Goldene Stra\u00dfe e.V.).<\/div><\/div><\/li>\n                <li style=\"display: none; width: 100%;\" class=\"slide-135 ms-image \" aria-roledescription=\"slide\" data-date=\"2022-11-11 22:13:41\" data-filename=\"projektidee-02.jpg\" data-slide-type=\"image\"><img loading=\"lazy\" decoding=\"async\" src=\"https:\/\/husweg.eu\/cz\/wp-content\/uploads\/2022\/11\/projektidee-02.jpg\" height=\"370\" width=\"820\" alt=\"\" class=\"slider-112 slide-135 msDefaultImage\" title=\"My\u0161lenka projektu\" \/><div class=\"caption-wrap\"><div class=\"caption\">Pro n\u011bmecko-\u010desk\u00e1 projektov\u00e1 setk\u00e1n\u00ed jsou b\u011bhem pandemie typick\u00e9 videohovory.<\/div><\/div><\/li>\n                <li style=\"display: none; width: 100%;\" class=\"slide-129 ms-image \" aria-roledescription=\"slide\" data-date=\"2022-11-11 22:13:41\" data-filename=\"projektidee-08.jpg\" data-slide-type=\"image\"><img loading=\"lazy\" decoding=\"async\" src=\"https:\/\/husweg.eu\/cz\/wp-content\/uploads\/2022\/11\/projektidee-08.jpg\" height=\"370\" width=\"820\" alt=\"\" class=\"slider-112 slide-129 msDefaultImage\" title=\"My\u0161lenka projektu\" \/><div class=\"caption-wrap\"><div class=\"caption\">Setk\u00e1n\u00ed bavorsk\u00fdch a \u010desk\u00fdch partner\u016f projektu a dal\u0161\u00edch z\u00e1jemc\u016f na hranic\u00edch.<\/div><\/div><\/li>\n                <li style=\"display: none; width: 100%;\" class=\"slide-130 ms-image \" aria-roledescription=\"slide\" data-date=\"2022-11-11 22:13:41\" data-filename=\"projektidee-07.jpg\" data-slide-type=\"image\"><img loading=\"lazy\" decoding=\"async\" src=\"https:\/\/husweg.eu\/cz\/wp-content\/uploads\/2022\/11\/projektidee-07.jpg\" height=\"370\" width=\"820\" alt=\"Gemeinsame Studienfahrt nach Paulusbrunn (Pavluv Studenec).\" class=\"slider-112 slide-130 msDefaultImage\" title=\"My\u0161lenka projektu\" \/><div class=\"caption-wrap\"><div class=\"caption\">Study-Visit v Paulusbrunn<\/div><\/div><\/li>\n                <li style=\"display: none; width: 100%;\" class=\"slide-131 ms-image \" aria-roledescription=\"slide\" data-date=\"2022-11-11 22:13:41\" data-filename=\"projektidee-06.jpg\" data-slide-type=\"image\"><img loading=\"lazy\" decoding=\"async\" src=\"https:\/\/husweg.eu\/cz\/wp-content\/uploads\/2022\/11\/projektidee-06.jpg\" height=\"370\" width=\"820\" alt=\"\" class=\"slider-112 slide-131 msDefaultImage\" title=\"My\u0161lenka projektu\" \/><div class=\"caption-wrap\"><div class=\"caption\">Prvn\u00ed prezentace putovn\u00ed v\u00fdstavy o projektu v B\u00e4rnau.<\/div><\/div><\/li>\n                <li style=\"display: none; width: 100%;\" class=\"slide-132 ms-image \" aria-roledescription=\"slide\" data-date=\"2022-11-11 22:13:41\" data-filename=\"projektidee-05.jpg\" data-slide-type=\"image\"><img loading=\"lazy\" decoding=\"async\" src=\"https:\/\/husweg.eu\/cz\/wp-content\/uploads\/2022\/11\/projektidee-05.jpg\" height=\"370\" width=\"820\" alt=\"\" class=\"slider-112 slide-132 msDefaultImage\" title=\"My\u0161lenka projektu\" \/><div class=\"caption-wrap\"><div class=\"caption\">Nat\u00e1\u010den\u00ed Imagefilmu k Husov\u011b cest\u011b.<\/div><\/div><\/li>\n                <li style=\"display: none; width: 100%;\" class=\"slide-133 ms-image \" aria-roledescription=\"slide\" data-date=\"2022-11-11 22:13:41\" data-filename=\"projektidee-04.jpg\" data-slide-type=\"image\"><img loading=\"lazy\" decoding=\"async\" src=\"https:\/\/husweg.eu\/cz\/wp-content\/uploads\/2022\/11\/projektidee-04.jpg\" height=\"370\" width=\"820\" alt=\"\" class=\"slider-112 slide-133 msDefaultImage\" title=\"My\u0161lenka projektu\" \/><div class=\"caption-wrap\"><div class=\"caption\">Projekt p\u0159edstavuje \u010desk\u00e1 projektov\u00e1 mana\u017eerka Lenka K\u0159\u00ed\u017ekov\u00e1 (RRA Plze\u0148).<\/div><\/div><\/li>\n            <\/ul>\n        <\/div>\n        \n    <\/div>\n<\/div>\r\n<p>Hlavn\u00edm c\u00edlem projektu je rozv\u00edjet kulturn\u011b osv\u011btov\u00e9 aktivity v \u010desko-bavorsk\u00e9m p\u0159\u00edhrani\u010d\u00ed a vytvo\u0159it z nich nov\u00fd produkt d\u00e1lkov\u00e9 turistiky s odkazem na v\u00fdznamn\u00fd historicko-spole\u010densk\u00fd fenom\u00e9n: osudy evropsk\u00e9ho st\u0159edov\u011bk\u00e9ho u\u010dence Jana Husa v souvislosti s historick\u00fdm kontextem (husitsk\u00e9 v\u00e1lky), kter\u00fd jeho u\u010den\u00ed p\u0159ineslo. Projekt se tedy zam\u011b\u0159uje na spole\u010dn\u00e9 nehmotn\u00e9 kulturn\u00ed d\u011bdictv\u00ed.<br \/><br \/>Cest\u011b Jana Husa z \u010cech do Kostnice, kde byl v roce 1415 up\u00e1len na hranici, se v minulosti v\u011bnoval \u010cesko-n\u011bmeck\u00fd svaz m\u011bst s husitskou histori\u00ed a tradic\u00ed. Toto sdru\u017een\u00ed vytvo\u0159ilo virtu\u00e1ln\u00ed nau\u010dnou stezku tolerance ve stop\u00e1ch Jana Husa, kter\u00e1 p\u0159edstavuje v\u00fdzvu k obhajob\u011b tolerance jako z\u00e1kladn\u00ed hodnoty m\u00edrov\u00e9ho sou\u017eit\u00ed a zab\u00fdv\u00e1 se p\u0159edsudky, kter\u00e9 zanechaly husitsk\u00e9 v\u00e1lky.<br \/><br \/>Bavor\u0161t\u00ed akt\u00e9\u0159i se ji\u017e na po\u010d\u00e1tku sna\u017eili o vytvo\u0159en\u00ed nov\u00e9ho p\u0159eshrani\u010dn\u00edho turistick\u00e9ho produktu (Husova cesta) na toto t\u00e9ma. Husitsk\u00e1 historie je v Bavorsku dodnes \u017eiv\u00fdm t\u00e9matem. \u010c\u00e1st stezky na bavorsk\u00e9m \u00fazem\u00ed je nav\u00edc dob\u0159e historicky zpracovan\u00e1 a odpov\u00edd\u00e1 trase Zlat\u00e9 cesty (B\u00e4rnau \u2013 Sulzbach \u2013 Norimberk).<br \/><br \/>Na \u010desk\u00e9 stran\u011b k tomuto \u00fasil\u00ed p\u0159isp\u00edv\u00e1 iniciativa, kterou zah\u00e1jil vedouc\u00ed partner projektu. V jej\u00edm r\u00e1mci byla zpracov\u00e1na koncepce rozvoje trasy a m\u00edstn\u00edmi odborn\u00edky a historiky byl stanoven konkr\u00e9tn\u00ed pr\u016fb\u011bh trasy na \u00fazem\u00ed Plze\u0148sk\u00e9ho kraje (Ko\u017elany \u2013 Kralovice \u2013 Rab\u0161tejn \u2013 Man\u011bt\u00edn \u2013 Bezdru\u017eice \u2013 Tachov).<br \/><br \/>Projekt tak vych\u00e1z\u00ed z ji\u017e definovan\u00fdch pot\u0159eb. Mezi hlavn\u00ed v\u00fdstupy projektu pat\u0159\u00ed: funk\u010dn\u00ed propojen\u00ed bavorsk\u00fdch a \u010desk\u00fdch subjekt\u016f na trase Husovy cesty, \u00fa\u010deln\u00e9 a symbolick\u00e9 zna\u010den\u00ed stezky v p\u0159\u00edhrani\u010dn\u00ed oblasti. Stezka bude koncipov\u00e1na jako historicko-turistick\u00fd a jednotn\u011b prod\u00e1van\u00fd produkt s mezin\u00e1rodn\u00edmi vazbami. Projekt je v\u0161ak zam\u011b\u0159en tak\u00e9 na vzd\u011bl\u00e1vac\u00ed aktivity v p\u0159\u00edhrani\u010dn\u00ed oblasti a soust\u0159ed\u00ed se na efektivn\u00ed komunikaci s m\u00edstn\u00edm obyvatelstvem, v n\u011bm\u017e m\u00e1 b\u00fdt budov\u00e1na hrdost na svou vlast a spole\u010dn\u00e9 kulturn\u00ed d\u011bdictv\u00ed.<\/p>\r\n","protected":false},"excerpt":{"rendered":"<p>Hlavn\u00edm c\u00edlem projektu je rozv\u00edjet kulturn\u011b osv\u011btov\u00e9 aktivity v \u010desko-bavorsk\u00e9m p\u0159\u00edhrani\u010d\u00ed a vytvo\u0159it z nich nov\u00fd produkt d\u00e1lkov\u00e9 turistiky s odkazem na v\u00fdznamn\u00fd historicko-spole\u010densk\u00fd fenom\u00e9n: osudy evropsk\u00e9ho st\u0159edov\u011bk\u00e9ho u\u010dence Jana Husa v souvislosti s historick\u00fdm kontextem (husitsk\u00e9 v\u00e1lky), kter\u00fd jeho u\u010den\u00ed p\u0159ineslo. Projekt se tedy zam\u011b\u0159uje na spole\u010dn\u00e9 nehmotn\u00e9 kulturn\u00ed&#8230;<\/p>\n<p> <a class=\"continue-reading-link\" href=\"https:\/\/husweg.eu\/cz\/myslenka-projektu\/\"><span>Continue reading<\/span><i class=\"crycon-right-dir\"><\/i><\/a> <\/p>\n","protected":false},"author":1,"featured_media":0,"parent":0,"menu_order":0,"comment_status":"closed","ping_status":"closed","template":"","meta":{"ngg_post_thumbnail":0,"footnotes":""},"class_list":["post-13","page","type-page","status-publish","hentry"],"yoast_head":"<!-- This site is optimized with the Yoast SEO plugin v27.4 - https:\/\/yoast.com\/product\/yoast-seo-wordpress\/ -->\n<title>My\u0161lenka projektu - Husova cesta<\/title>\n<meta name=\"robots\" content=\"index, follow, max-snippet:-1, max-image-preview:large, max-video-preview:-1\" \/>\n<link rel=\"canonical\" href=\"https:\/\/husweg.eu\/cz\/myslenka-projektu\/\" \/>\n<meta property=\"og:locale\" content=\"de_DE\" \/>\n<meta property=\"og:type\" content=\"article\" \/>\n<meta property=\"og:title\" content=\"My\u0161lenka projektu - Husova cesta\" \/>\n<meta property=\"og:description\" content=\"Hlavn\u00edm c\u00edlem projektu je rozv\u00edjet kulturn\u011b osv\u011btov\u00e9 aktivity v \u010desko-bavorsk\u00e9m p\u0159\u00edhrani\u010d\u00ed a vytvo\u0159it z nich nov\u00fd produkt d\u00e1lkov\u00e9 turistiky s odkazem na v\u00fdznamn\u00fd historicko-spole\u010densk\u00fd fenom\u00e9n: osudy evropsk\u00e9ho st\u0159edov\u011bk\u00e9ho u\u010dence Jana Husa v souvislosti s historick\u00fdm kontextem (husitsk\u00e9 v\u00e1lky), kter\u00fd jeho u\u010den\u00ed p\u0159ineslo. Projekt se tedy zam\u011b\u0159uje na spole\u010dn\u00e9 nehmotn\u00e9 kulturn\u00ed... Continue reading\" \/>\n<meta property=\"og:url\" content=\"https:\/\/husweg.eu\/cz\/myslenka-projektu\/\" \/>\n<meta property=\"og:site_name\" content=\"Husova cesta\" \/>\n<meta property=\"article:modified_time\" content=\"2022-12-14T23:04:03+00:00\" \/>\n<meta name=\"twitter:card\" content=\"summary_large_image\" \/>\n<meta name=\"twitter:label1\" content=\"Gesch\u00e4tzte Lesezeit\" \/>\n\t<meta name=\"twitter:data1\" content=\"2\u00a0Minuten\" \/>\n<script type=\"application\/ld+json\" class=\"yoast-schema-graph\">{\"@context\":\"https:\\\/\\\/schema.org\",\"@graph\":[{\"@type\":\"WebPage\",\"@id\":\"https:\\\/\\\/husweg.eu\\\/cz\\\/myslenka-projektu\\\/\",\"url\":\"https:\\\/\\\/husweg.eu\\\/cz\\\/myslenka-projektu\\\/\",\"name\":\"My\u0161lenka projektu - Husova cesta\",\"isPartOf\":{\"@id\":\"https:\\\/\\\/husweg.eu\\\/cz\\\/#website\"},\"datePublished\":\"2022-10-20T19:48:13+00:00\",\"dateModified\":\"2022-12-14T23:04:03+00:00\",\"breadcrumb\":{\"@id\":\"https:\\\/\\\/husweg.eu\\\/cz\\\/myslenka-projektu\\\/#breadcrumb\"},\"inLanguage\":\"de\",\"potentialAction\":[{\"@type\":\"ReadAction\",\"target\":[\"https:\\\/\\\/husweg.eu\\\/cz\\\/myslenka-projektu\\\/\"]}]},{\"@type\":\"BreadcrumbList\",\"@id\":\"https:\\\/\\\/husweg.eu\\\/cz\\\/myslenka-projektu\\\/#breadcrumb\",\"itemListElement\":[{\"@type\":\"ListItem\",\"position\":1,\"name\":\"Startseite\",\"item\":\"https:\\\/\\\/husweg.eu\\\/cz\\\/\"},{\"@type\":\"ListItem\",\"position\":2,\"name\":\"My\u0161lenka projektu\"}]},{\"@type\":\"WebSite\",\"@id\":\"https:\\\/\\\/husweg.eu\\\/cz\\\/#website\",\"url\":\"https:\\\/\\\/husweg.eu\\\/cz\\\/\",\"name\":\"Husova cesta\",\"description\":\"Husova cesta symbolicky sleduje Husovo putov\u00e1n\u00ed z Prahy na bavorsko-\u010deskou hranici.\",\"potentialAction\":[{\"@type\":\"SearchAction\",\"target\":{\"@type\":\"EntryPoint\",\"urlTemplate\":\"https:\\\/\\\/husweg.eu\\\/cz\\\/?s={search_term_string}\"},\"query-input\":{\"@type\":\"PropertyValueSpecification\",\"valueRequired\":true,\"valueName\":\"search_term_string\"}}],\"inLanguage\":\"de\"}]}<\/script>\n<!-- \/ Yoast SEO plugin. -->","yoast_head_json":{"title":"My\u0161lenka projektu - Husova cesta","robots":{"index":"index","follow":"follow","max-snippet":"max-snippet:-1","max-image-preview":"max-image-preview:large","max-video-preview":"max-video-preview:-1"},"canonical":"https:\/\/husweg.eu\/cz\/myslenka-projektu\/","og_locale":"de_DE","og_type":"article","og_title":"My\u0161lenka projektu - Husova cesta","og_description":"Hlavn\u00edm c\u00edlem projektu je rozv\u00edjet kulturn\u011b osv\u011btov\u00e9 aktivity v \u010desko-bavorsk\u00e9m p\u0159\u00edhrani\u010d\u00ed a vytvo\u0159it z nich nov\u00fd produkt d\u00e1lkov\u00e9 turistiky s odkazem na v\u00fdznamn\u00fd historicko-spole\u010densk\u00fd fenom\u00e9n: osudy evropsk\u00e9ho st\u0159edov\u011bk\u00e9ho u\u010dence Jana Husa v souvislosti s historick\u00fdm kontextem (husitsk\u00e9 v\u00e1lky), kter\u00fd jeho u\u010den\u00ed p\u0159ineslo. Projekt se tedy zam\u011b\u0159uje na spole\u010dn\u00e9 nehmotn\u00e9 kulturn\u00ed... Continue reading","og_url":"https:\/\/husweg.eu\/cz\/myslenka-projektu\/","og_site_name":"Husova cesta","article_modified_time":"2022-12-14T23:04:03+00:00","twitter_card":"summary_large_image","twitter_misc":{"Gesch\u00e4tzte Lesezeit":"2\u00a0Minuten"},"schema":{"@context":"https:\/\/schema.org","@graph":[{"@type":"WebPage","@id":"https:\/\/husweg.eu\/cz\/myslenka-projektu\/","url":"https:\/\/husweg.eu\/cz\/myslenka-projektu\/","name":"My\u0161lenka projektu - Husova cesta","isPartOf":{"@id":"https:\/\/husweg.eu\/cz\/#website"},"datePublished":"2022-10-20T19:48:13+00:00","dateModified":"2022-12-14T23:04:03+00:00","breadcrumb":{"@id":"https:\/\/husweg.eu\/cz\/myslenka-projektu\/#breadcrumb"},"inLanguage":"de","potentialAction":[{"@type":"ReadAction","target":["https:\/\/husweg.eu\/cz\/myslenka-projektu\/"]}]},{"@type":"BreadcrumbList","@id":"https:\/\/husweg.eu\/cz\/myslenka-projektu\/#breadcrumb","itemListElement":[{"@type":"ListItem","position":1,"name":"Startseite","item":"https:\/\/husweg.eu\/cz\/"},{"@type":"ListItem","position":2,"name":"My\u0161lenka projektu"}]},{"@type":"WebSite","@id":"https:\/\/husweg.eu\/cz\/#website","url":"https:\/\/husweg.eu\/cz\/","name":"Husova cesta","description":"Husova cesta symbolicky sleduje Husovo putov\u00e1n\u00ed z Prahy na bavorsko-\u010deskou hranici.","potentialAction":[{"@type":"SearchAction","target":{"@type":"EntryPoint","urlTemplate":"https:\/\/husweg.eu\/cz\/?s={search_term_string}"},"query-input":{"@type":"PropertyValueSpecification","valueRequired":true,"valueName":"search_term_string"}}],"inLanguage":"de"}]}},"_links":{"self":[{"href":"https:\/\/husweg.eu\/cz\/wp-json\/wp\/v2\/pages\/13","targetHints":{"allow":["GET"]}}],"collection":[{"href":"https:\/\/husweg.eu\/cz\/wp-json\/wp\/v2\/pages"}],"about":[{"href":"https:\/\/husweg.eu\/cz\/wp-json\/wp\/v2\/types\/page"}],"author":[{"embeddable":true,"href":"https:\/\/husweg.eu\/cz\/wp-json\/wp\/v2\/users\/1"}],"replies":[{"embeddable":true,"href":"https:\/\/husweg.eu\/cz\/wp-json\/wp\/v2\/comments?post=13"}],"version-history":[{"count":7,"href":"https:\/\/husweg.eu\/cz\/wp-json\/wp\/v2\/pages\/13\/revisions"}],"predecessor-version":[{"id":567,"href":"https:\/\/husweg.eu\/cz\/wp-json\/wp\/v2\/pages\/13\/revisions\/567"}],"wp:attachment":[{"href":"https:\/\/husweg.eu\/cz\/wp-json\/wp\/v2\/media?parent=13"}],"curies":[{"name":"wp","href":"https:\/\/api.w.org\/{rel}","templated":true}]}}