{"id":11,"date":"2022-10-20T21:47:57","date_gmt":"2022-10-20T19:47:57","guid":{"rendered":"https:\/\/husweg.eu\/cz\/?page_id=11"},"modified":"2022-12-14T22:27:34","modified_gmt":"2022-12-14T21:27:34","slug":"cesta-jana-husa","status":"publish","type":"page","link":"https:\/\/husweg.eu\/cz\/cesta-jana-husa\/","title":{"rendered":"Cesta Jana Husa"},"content":{"rendered":"\r\n<div id=\"metaslider-id-92\" style=\"width: 100%;\" class=\"ml-slider-3-109-0 metaslider metaslider-flex metaslider-92 ml-slider has-dots-nav ms-theme-default\" role=\"region\" aria-label=\"Der Weg des Jan Hus\" data-height=\"370\" data-width=\"820\">\n    <div id=\"metaslider_container_92\">\n        <div id=\"metaslider_92\">\n            <ul class='slides'>\n                <li style=\"display: block; width: 100%;\" class=\"slide-110 ms-image \" aria-roledescription=\"slide\" data-date=\"2022-11-11 21:50:34\" data-filename=\"der-weg-des-jan-hus-01.jpg\" data-slide-type=\"image\"><img loading=\"lazy\" decoding=\"async\" src=\"https:\/\/husweg.eu\/cz\/wp-content\/uploads\/2022\/11\/der-weg-des-jan-hus-01.jpg\" height=\"370\" width=\"820\" alt=\"\" class=\"slider-92 slide-110 msDefaultImage\" title=\"Cesta Jana Husa\" \/><div class=\"caption-wrap\"><div class=\"caption\">Pohlednicov\u00e9 motivy najdeme na mnoha m\u00edstech.<\/div><\/div><\/li>\n                <li style=\"display: none; width: 100%;\" class=\"slide-105 ms-image \" aria-roledescription=\"slide\" data-date=\"2022-11-11 21:50:34\" data-filename=\"der-weg-des-jan-hus-07.jpg\" data-slide-type=\"image\"><img loading=\"lazy\" decoding=\"async\" src=\"https:\/\/husweg.eu\/cz\/wp-content\/uploads\/2022\/11\/der-weg-des-jan-hus-07.jpg\" height=\"370\" width=\"820\" alt=\"\" class=\"slider-92 slide-105 msDefaultImage\" title=\"Cesta Jana Husa\" \/><div class=\"caption-wrap\"><div class=\"caption\">V\u00fdhled na Berounku u Zv\u00edkovce<\/div><\/div><\/li>\n                <li style=\"display: none; width: 100%;\" class=\"slide-104 ms-image \" aria-roledescription=\"slide\" data-date=\"2022-11-11 21:50:34\" data-filename=\"der-weg-des-jan-hus-06.jpg\" data-slide-type=\"image\"><img loading=\"lazy\" decoding=\"async\" src=\"https:\/\/husweg.eu\/cz\/wp-content\/uploads\/2022\/11\/der-weg-des-jan-hus-06.jpg\" height=\"370\" width=\"820\" alt=\"\" class=\"slider-92 slide-104 msDefaultImage\" title=\"Cesta Jana Husa\" \/><div class=\"caption-wrap\"><div class=\"caption\">Husova cesta vede mnoha historicky v\u00fdznamn\u00fdmi m\u00edsty.<\/div><\/div><\/li>\n                <li style=\"display: none; width: 100%;\" class=\"slide-106 ms-image \" aria-roledescription=\"slide\" data-date=\"2022-11-11 21:50:34\" data-filename=\"der-weg-des-jan-hus-05.jpg\" data-slide-type=\"image\"><img loading=\"lazy\" decoding=\"async\" src=\"https:\/\/husweg.eu\/cz\/wp-content\/uploads\/2022\/11\/der-weg-des-jan-hus-05.jpg\" height=\"370\" width=\"820\" alt=\"\" class=\"slider-92 slide-106 msDefaultImage\" title=\"Cesta Jana Husa\" \/><div class=\"caption-wrap\"><div class=\"caption\">Husova cesta na ja\u0159e<\/div><\/div><\/li>\n                <li style=\"display: none; width: 100%;\" class=\"slide-107 ms-image \" aria-roledescription=\"slide\" data-date=\"2022-11-11 21:50:34\" data-filename=\"der-weg-des-jan-hus-04.jpg\" data-slide-type=\"image\"><img loading=\"lazy\" decoding=\"async\" src=\"https:\/\/husweg.eu\/cz\/wp-content\/uploads\/2022\/11\/der-weg-des-jan-hus-04.jpg\" height=\"370\" width=\"820\" alt=\"\" class=\"slider-92 slide-107 msDefaultImage\" title=\"Cesta Jana Husa\" \/><div class=\"caption-wrap\"><div class=\"caption\">Husova cesta v podzimn\u00ed atmosf\u00e9\u0159e<\/div><\/div><\/li>\n                <li style=\"display: none; width: 100%;\" class=\"slide-103 ms-image \" aria-roledescription=\"slide\" data-date=\"2022-11-11 21:50:34\" data-filename=\"der-weg-des-jan-hus-08.jpg\" data-slide-type=\"image\"><img loading=\"lazy\" decoding=\"async\" src=\"https:\/\/husweg.eu\/cz\/wp-content\/uploads\/2022\/11\/der-weg-des-jan-hus-08.jpg\" height=\"370\" width=\"820\" alt=\"\" class=\"slider-92 slide-103 msDefaultImage\" title=\"Cesta Jana Husa\" \/><div class=\"caption-wrap\"><div class=\"caption\">Po cest\u011b lze potkat mal\u00e1 i velk\u00e1 p\u0159ekvapen\u00ed.<\/div><\/div><\/li>\n                <li style=\"display: none; width: 100%;\" class=\"slide-108 ms-image \" aria-roledescription=\"slide\" data-date=\"2022-11-11 21:50:34\" data-filename=\"der-weg-des-jan-hus-03.jpg\" data-slide-type=\"image\"><img loading=\"lazy\" decoding=\"async\" src=\"https:\/\/husweg.eu\/cz\/wp-content\/uploads\/2022\/11\/der-weg-des-jan-hus-03.jpg\" height=\"370\" width=\"820\" alt=\"\" class=\"slider-92 slide-108 msDefaultImage\" title=\"Cesta Jana Husa\" \/><div class=\"caption-wrap\"><div class=\"caption\">Cesta je v\u011bt\u0161inou nen\u00e1ro\u010dn\u00e1.<\/div><\/div><\/li>\n                <li style=\"display: none; width: 100%;\" class=\"slide-109 ms-image \" aria-roledescription=\"slide\" data-date=\"2022-11-11 21:50:34\" data-filename=\"der-weg-des-jan-hus-02.jpg\" data-slide-type=\"image\"><img loading=\"lazy\" decoding=\"async\" src=\"https:\/\/husweg.eu\/cz\/wp-content\/uploads\/2022\/11\/der-weg-des-jan-hus-02.jpg\" height=\"370\" width=\"820\" alt=\"\" class=\"slider-92 slide-109 msDefaultImage\" title=\"Cesta Jana Husa\" \/><div class=\"caption-wrap\"><div class=\"caption\">D\u011blat si p\u0159est\u00e1vky je stejn\u011b tak sou\u010d\u00e1st\u00ed cesty jako j\u00edt po\u0159\u00e1dn\u011b vp\u0159ed.<\/div><\/div><\/li>\n            <\/ul>\n        <\/div>\n        \n    <\/div>\n<\/div>\r\n<p>Husova cesta je rozd\u011blena na t\u0159i hlavn\u00ed \u00faseky: prvn\u00ed symbolicky sleduje Husovo putov\u00e1n\u00ed z Prahy p\u0159es z\u00e1padn\u00ed \u010cechy a\u017e na \u010desko-bavorskou hranici (cca 250 km). N\u00e1sleduje bavorsk\u00e1 trasa, kter\u00e1 kop\u00edruje trasu historick\u00e9 Zlat\u00e9 cesty do Norimberka (cca 150 km). Cesta d\u00e1le pokra\u010duje p\u0159es Ulm do Kostnice u Bodamsk\u00e9ho jezera na n\u011bmecko-\u0161v\u00fdcarsk\u00e9 hranici (cca 390 km). Husova cesta je modern\u00ed d\u00e1lkov\u00e1 turistick\u00e1 stezka, kter\u00e1 vych\u00e1z\u00ed z tradice c\u00edrkevn\u00edch pout\u00ed a z my\u0161lenek, kter\u00e9 Hus prosazoval. Je v\u00fdzvou k toleranci, vypr\u00e1v\u00ed o na\u0161\u00ed historii a krajin\u011b, ale tak\u00e9 n\u00e1m p\u0159ipom\u00edn\u00e1, jak d\u016fle\u017eit\u00e9 je v \u017eivot\u011b odhodl\u00e1n\u00ed, odvaha a pokora.<\/p>\r\n<p>Husova cesta nab\u00edz\u00ed v\u00fdjime\u010dnou p\u0159\u00edle\u017eitost poznat Horn\u00ed Falc a Plze\u0148sko s jeho historick\u00fdmi ko\u0159eny na vlastn\u00ed o\u010di nebo se s n\u00edm sezn\u00e1mit znovu uprost\u0159ed kr\u00e1sn\u00e9 p\u0159\u00edrody. Cestou p\u0159es st\u00e1tn\u00ed hranici V\u00e1s bude prov\u00e1zet rozmanit\u00e1 krajina. Cesta vede p\u0159ev\u00e1\u017en\u011b rovinat\u00fdm ter\u00e9nem po v\u011bt\u0161inou snadno sch\u016fdn\u00fdch cest\u00e1ch, a je tak vhodn\u00e1 i pro za\u010d\u00e1te\u010dn\u00edky. Husova cesta je nad\u010dasov\u00e1 a vhodn\u00e1 t\u00e9m\u011b\u0159 pro ka\u017ed\u00e9ho. Tak na co \u010dek\u00e1te? Sbalte si batoh a vyrazte!<\/p>\r\n","protected":false},"excerpt":{"rendered":"<p>Husova cesta je rozd\u011blena na t\u0159i hlavn\u00ed \u00faseky: prvn\u00ed symbolicky sleduje Husovo putov\u00e1n\u00ed z Prahy p\u0159es z\u00e1padn\u00ed \u010cechy a\u017e na \u010desko-bavorskou hranici (cca 250 km). N\u00e1sleduje bavorsk\u00e1 trasa, kter\u00e1 kop\u00edruje trasu historick\u00e9 Zlat\u00e9 cesty do Norimberka (cca 150 km). Cesta d\u00e1le pokra\u010duje p\u0159es Ulm do Kostnice u Bodamsk\u00e9ho jezera na&#8230;<\/p>\n<p> <a class=\"continue-reading-link\" href=\"https:\/\/husweg.eu\/cz\/cesta-jana-husa\/\"><span>Continue reading<\/span><i class=\"crycon-right-dir\"><\/i><\/a> <\/p>\n","protected":false},"author":1,"featured_media":0,"parent":0,"menu_order":0,"comment_status":"closed","ping_status":"closed","template":"","meta":{"ngg_post_thumbnail":0,"footnotes":""},"class_list":["post-11","page","type-page","status-publish","hentry"],"yoast_head":"<!-- This site is optimized with the Yoast SEO plugin v27.6 - https:\/\/yoast.com\/product\/yoast-seo-wordpress\/ -->\n<title>Cesta Jana Husa - Husova cesta<\/title>\n<meta name=\"robots\" content=\"index, follow, max-snippet:-1, max-image-preview:large, max-video-preview:-1\" \/>\n<link rel=\"canonical\" href=\"https:\/\/husweg.eu\/cz\/cesta-jana-husa\/\" \/>\n<meta property=\"og:locale\" content=\"de_DE\" \/>\n<meta property=\"og:type\" content=\"article\" \/>\n<meta property=\"og:title\" content=\"Cesta Jana Husa - Husova cesta\" \/>\n<meta property=\"og:description\" content=\"Husova cesta je rozd\u011blena na t\u0159i hlavn\u00ed \u00faseky: prvn\u00ed symbolicky sleduje Husovo putov\u00e1n\u00ed z Prahy p\u0159es z\u00e1padn\u00ed \u010cechy a\u017e na \u010desko-bavorskou hranici (cca 250 km). N\u00e1sleduje bavorsk\u00e1 trasa, kter\u00e1 kop\u00edruje trasu historick\u00e9 Zlat\u00e9 cesty do Norimberka (cca 150 km). Cesta d\u00e1le pokra\u010duje p\u0159es Ulm do Kostnice u Bodamsk\u00e9ho jezera na... Continue reading\" \/>\n<meta property=\"og:url\" content=\"https:\/\/husweg.eu\/cz\/cesta-jana-husa\/\" \/>\n<meta property=\"og:site_name\" content=\"Husova cesta\" \/>\n<meta property=\"article:modified_time\" content=\"2022-12-14T21:27:34+00:00\" \/>\n<meta name=\"twitter:card\" content=\"summary_large_image\" \/>\n<meta name=\"twitter:label1\" content=\"Gesch\u00e4tzte Lesezeit\" \/>\n\t<meta name=\"twitter:data1\" content=\"1\u00a0Minute\" \/>\n<script type=\"application\/ld+json\" class=\"yoast-schema-graph\">{\"@context\":\"https:\\\/\\\/schema.org\",\"@graph\":[{\"@type\":\"WebPage\",\"@id\":\"https:\\\/\\\/husweg.eu\\\/cz\\\/cesta-jana-husa\\\/\",\"url\":\"https:\\\/\\\/husweg.eu\\\/cz\\\/cesta-jana-husa\\\/\",\"name\":\"Cesta Jana Husa - Husova cesta\",\"isPartOf\":{\"@id\":\"https:\\\/\\\/husweg.eu\\\/cz\\\/#website\"},\"datePublished\":\"2022-10-20T19:47:57+00:00\",\"dateModified\":\"2022-12-14T21:27:34+00:00\",\"breadcrumb\":{\"@id\":\"https:\\\/\\\/husweg.eu\\\/cz\\\/cesta-jana-husa\\\/#breadcrumb\"},\"inLanguage\":\"de\",\"potentialAction\":[{\"@type\":\"ReadAction\",\"target\":[\"https:\\\/\\\/husweg.eu\\\/cz\\\/cesta-jana-husa\\\/\"]}]},{\"@type\":\"BreadcrumbList\",\"@id\":\"https:\\\/\\\/husweg.eu\\\/cz\\\/cesta-jana-husa\\\/#breadcrumb\",\"itemListElement\":[{\"@type\":\"ListItem\",\"position\":1,\"name\":\"Startseite\",\"item\":\"https:\\\/\\\/husweg.eu\\\/cz\\\/\"},{\"@type\":\"ListItem\",\"position\":2,\"name\":\"Cesta Jana Husa\"}]},{\"@type\":\"WebSite\",\"@id\":\"https:\\\/\\\/husweg.eu\\\/cz\\\/#website\",\"url\":\"https:\\\/\\\/husweg.eu\\\/cz\\\/\",\"name\":\"Husova cesta\",\"description\":\"Husova cesta symbolicky sleduje Husovo putov\u00e1n\u00ed z Prahy na bavorsko-\u010deskou hranici.\",\"potentialAction\":[{\"@type\":\"SearchAction\",\"target\":{\"@type\":\"EntryPoint\",\"urlTemplate\":\"https:\\\/\\\/husweg.eu\\\/cz\\\/?s={search_term_string}\"},\"query-input\":{\"@type\":\"PropertyValueSpecification\",\"valueRequired\":true,\"valueName\":\"search_term_string\"}}],\"inLanguage\":\"de\"}]}<\/script>\n<!-- \/ Yoast SEO plugin. -->","yoast_head_json":{"title":"Cesta Jana Husa - Husova cesta","robots":{"index":"index","follow":"follow","max-snippet":"max-snippet:-1","max-image-preview":"max-image-preview:large","max-video-preview":"max-video-preview:-1"},"canonical":"https:\/\/husweg.eu\/cz\/cesta-jana-husa\/","og_locale":"de_DE","og_type":"article","og_title":"Cesta Jana Husa - Husova cesta","og_description":"Husova cesta je rozd\u011blena na t\u0159i hlavn\u00ed \u00faseky: prvn\u00ed symbolicky sleduje Husovo putov\u00e1n\u00ed z Prahy p\u0159es z\u00e1padn\u00ed \u010cechy a\u017e na \u010desko-bavorskou hranici (cca 250 km). N\u00e1sleduje bavorsk\u00e1 trasa, kter\u00e1 kop\u00edruje trasu historick\u00e9 Zlat\u00e9 cesty do Norimberka (cca 150 km). Cesta d\u00e1le pokra\u010duje p\u0159es Ulm do Kostnice u Bodamsk\u00e9ho jezera na... Continue reading","og_url":"https:\/\/husweg.eu\/cz\/cesta-jana-husa\/","og_site_name":"Husova cesta","article_modified_time":"2022-12-14T21:27:34+00:00","twitter_card":"summary_large_image","twitter_misc":{"Gesch\u00e4tzte Lesezeit":"1\u00a0Minute"},"schema":{"@context":"https:\/\/schema.org","@graph":[{"@type":"WebPage","@id":"https:\/\/husweg.eu\/cz\/cesta-jana-husa\/","url":"https:\/\/husweg.eu\/cz\/cesta-jana-husa\/","name":"Cesta Jana Husa - Husova cesta","isPartOf":{"@id":"https:\/\/husweg.eu\/cz\/#website"},"datePublished":"2022-10-20T19:47:57+00:00","dateModified":"2022-12-14T21:27:34+00:00","breadcrumb":{"@id":"https:\/\/husweg.eu\/cz\/cesta-jana-husa\/#breadcrumb"},"inLanguage":"de","potentialAction":[{"@type":"ReadAction","target":["https:\/\/husweg.eu\/cz\/cesta-jana-husa\/"]}]},{"@type":"BreadcrumbList","@id":"https:\/\/husweg.eu\/cz\/cesta-jana-husa\/#breadcrumb","itemListElement":[{"@type":"ListItem","position":1,"name":"Startseite","item":"https:\/\/husweg.eu\/cz\/"},{"@type":"ListItem","position":2,"name":"Cesta Jana Husa"}]},{"@type":"WebSite","@id":"https:\/\/husweg.eu\/cz\/#website","url":"https:\/\/husweg.eu\/cz\/","name":"Husova cesta","description":"Husova cesta symbolicky sleduje Husovo putov\u00e1n\u00ed z Prahy na bavorsko-\u010deskou hranici.","potentialAction":[{"@type":"SearchAction","target":{"@type":"EntryPoint","urlTemplate":"https:\/\/husweg.eu\/cz\/?s={search_term_string}"},"query-input":{"@type":"PropertyValueSpecification","valueRequired":true,"valueName":"search_term_string"}}],"inLanguage":"de"}]}},"_links":{"self":[{"href":"https:\/\/husweg.eu\/cz\/wp-json\/wp\/v2\/pages\/11","targetHints":{"allow":["GET"]}}],"collection":[{"href":"https:\/\/husweg.eu\/cz\/wp-json\/wp\/v2\/pages"}],"about":[{"href":"https:\/\/husweg.eu\/cz\/wp-json\/wp\/v2\/types\/page"}],"author":[{"embeddable":true,"href":"https:\/\/husweg.eu\/cz\/wp-json\/wp\/v2\/users\/1"}],"replies":[{"embeddable":true,"href":"https:\/\/husweg.eu\/cz\/wp-json\/wp\/v2\/comments?post=11"}],"version-history":[{"count":5,"href":"https:\/\/husweg.eu\/cz\/wp-json\/wp\/v2\/pages\/11\/revisions"}],"predecessor-version":[{"id":542,"href":"https:\/\/husweg.eu\/cz\/wp-json\/wp\/v2\/pages\/11\/revisions\/542"}],"wp:attachment":[{"href":"https:\/\/husweg.eu\/cz\/wp-json\/wp\/v2\/media?parent=11"}],"curies":[{"name":"wp","href":"https:\/\/api.w.org\/{rel}","templated":true}]}}